{"id":1867,"date":"2023-10-31T14:09:23","date_gmt":"2023-10-31T13:09:23","guid":{"rendered":"https:\/\/nologo.wordpress.rzeszow.pl\/datenschutzrichtlinie\/"},"modified":"2024-04-19T11:09:39","modified_gmt":"2024-04-19T10:09:39","slug":"datenschutzrichtlinie","status":"publish","type":"page","link":"https:\/\/nologo.cc\/de\/datenschutzrichtlinie\/","title":{"rendered":"Datenschutzrichtlinie"},"content":{"rendered":"<div class=\"wpb-content-wrapper\"><p>[vc_row type=&#8221;boxed&#8221;][vc_column][vc_empty_space height=&#8221;47px&#8221;][vc_column_text]<\/p>\n<h1>Datenschutzrichtlinie<\/h1>\n<p>[\/vc_column_text][vc_empty_space height=&#8221;47px&#8221;][\/vc_column][\/vc_row][vc_row type=&#8221;boxed&#8221;][vc_column][vc_column_text]<\/p>\n<h2>I. Schutz personenbezogener Daten<\/h2>\n<ol>\n<li>Gem\u00e4\u00df dem Gesetz vom 29. August 1997. Schutz personenbezogener Daten (<em>Dz. U. Nr. 133, Pos. 883 pro Monat. zm.<\/em>) Der Verk\u00e4ufer teilt mit, dass die personenbezogenen Daten des Kunden in der Datenbank des Verk\u00e4ufers gespeichert werden.<\/li>\n<li>Personenbezogene Daten werden gem\u00e4\u00df den Sicherheitsanforderungen des Gesetzes zum Schutz personenbezogener Daten vom 29. August 1997 und gem\u00e4\u00df der Verordnung (EU) 2016\/679 des Europ\u00e4ischen Parlaments und des Rates vom 27. April 2016 zum Schutz erhoben von Einzelpersonen bei der Verarbeitung personenbezogener Daten und zum freien Datenverkehr (\u201eDSGVO\u201c).<\/li>\n<li>Der \u201eVerantwortliche\u201c der personenbezogenen Daten ist der Verk\u00e4ufer, Michal Mas\u0142owski, der unter dem Namen Orso Micha\u0142 Mas\u0142owski, eingetragen in der ul. Hetmanska 43 m. 105, 35-045 Rzesz\u00f3w, Polen, vorbehaltlich der Eintragung in das Zentralregister der Wirtschaftst\u00e4tigkeiten unter der Steueridentifikationsnummer (NIP): 8133598880, der nationalen offiziellen Unternehmensregisternummer (REGON): 380053134. Sie k\u00f6nnen den Verantwortlichen unter <a href=\"mailto:shop@nologo.cc\">shop@nologo.cc<\/a> kontaktieren <\/li>\n<li>Die Angabe der Daten durch den Kunden zum Zeitpunkt der Bestellung ist freiwillig, aber f\u00fcr den Einkauf im Gesch\u00e4ft erforderlich.<\/li>\n<li>Die personenbezogenen Daten des Kunden werden ausschlie\u00dflich zum Zweck der Bestellung im Gesch\u00e4ft, des Vertragsabschlusses und der Vertragsabwicklung sowie des Warenverkaufs durch den Verk\u00e4ufer erhoben und verarbeitet.<\/li>\n<li>Transaktionsdaten, einschlie\u00dflich personenbezogener Daten, k\u00f6nnen an <em>PayPal<\/em> (Europe) S.\u00e0 rl et Cie, SCA mit Sitz in <span class=\"VIiyi\" lang=\"en\"><span class=\"JLqJ4b ChMk0b\" data-language-for-alternatives=\"en\" data-language-to-translate-into=\"pl\" data-phrase-index=\"0\">L-1150, Luxemburg,<\/span><\/span> \u00fcbermittelt werden<\/li>\n<li>Der Kunde hat das Recht, die Datenverarbeitung zu verlangen und einzustellen. Ein solcher Antrag ist schriftlich an die unter Punkt I.2 genannte Adresse des Verk\u00e4ufers zu richten. Definitionen oder per Post an folgende E-Mail: <a href=\"mailto:shop@nologo.cc\">shop@nologo.cc<\/a> <\/li>\n<li>Zum Schutz personenbezogener Daten verwenden der Verk\u00e4ufer und seine Gesch\u00e4ftspartner (dhosting.pl Sp. z oo) Computersysteme wie Firewall, 256-Bit-AES-i-SSL\/TLS-Dateiverschl\u00fcsselung, Passw\u00f6rter sowie physische Kontrollen den Zugang zu unseren Geb\u00e4uden und Dateien, um die Sicherheit der personenbezogenen Daten zu gew\u00e4hrleisten. Zugriff auf die personenbezogenen Daten erhalten nur diejenigen Personen, die diese im Rahmen ihrer dienstlichen T\u00e4tigkeit ben\u00f6tigen.<\/li>\n<li>Der Kunde hat das Recht auf Auskunft \u00fcber seine vom Verk\u00e4ufer gespeicherten personenbezogenen Daten. Wenn der Kunde Auskunft \u00fcber seine pers\u00f6nlichen Daten, \u00fcber die der Verk\u00e4ufer verf\u00fcgt, oder Kopien der pers\u00f6nlichen Daten oder Informationen \u00fcber den Zweck und die Mittel der Verarbeitung der pers\u00f6nlichen Daten erhalten m\u00f6chte, sollte er sich an den wenden Verk\u00e4ufer unter shop@nologo.cc.<\/li>\n<li>Der Kunde hat in Bezug auf seine personenbezogenen Daten mehrere Rechte, wie z. B. das Recht auf Berichtigung (wenn der Verk\u00e4ufer \u00fcber unvollst\u00e4ndige, veraltete oder falsche Daten verf\u00fcgt, werden diese berichtigt), das Recht, der Verarbeitung seiner Daten zu widersprechen personenbezogener Daten, das Recht auf Einschr\u00e4nkung der Verarbeitung seiner\/ihrer personenbezogenen Daten, das Recht, die L\u00f6schung seiner\/ihrer personenbezogenen Daten zu verlangen, das Recht auf L\u00f6schung, das Recht auf Daten\u00fcbertragbarkeit, das Recht auf Beschwerde bei der Aufsichtsbeh\u00f6rde (bitte beachten). dass der Verk\u00e4ufer alle Ihre Anspr\u00fcche g\u00fctlich kl\u00e4ren m\u00f6chte) \u2013 Prezes Urz\u0119du Ochrony Danych Osobowych.<\/li>\n<li>Die vom Verantwortlichen des Online-Shops erhobenen personenbezogenen Daten werden gem\u00e4\u00df den Bestimmungen der Verordnung des Europ\u00e4ischen Parlaments und des Rates (EU) 2016\/679 vom 27.04.2016 zum Schutz nat\u00fcrlicher Personen bei der Verarbeitung personenbezogener Daten verarbeitet , zum freien Datenverkehr und zur Aufhebung der Richtlinie 95\/46\/EG (Datenschutz-Grundverordnung) (Amtsblatt der EU L 119, S. 1), im Folgenden: DSGVO.<\/li>\n<\/ol>\n<h2>II. Kennzahlen zur Benutzererfahrung<\/h2>\n<p>Wir k\u00f6nnen Hotjar verwenden, um die Bed\u00fcrfnisse unserer Benutzer besser zu verstehen und diesen Service und dieses Erlebnis zu optimieren. Hotjar ist ein Technologiedienst, der uns hilft, die Erfahrungen unserer Benutzer besser zu verstehen (z. B. wie viel Zeit sie auf welchen Seiten verbringen, auf welche Links sie klicken, was Benutzer tun und was nicht usw.), und dies erm\u00f6glicht uns, dies zu verbessern und pflegen Sie unseren Service mit Benutzer-Feedback. Hotjar verwendet Cookies und andere Technologien, um Daten \u00fcber das Verhalten unserer Nutzer und deren Ger\u00e4te zu sammeln. Dazu geh\u00f6ren die IP-Adresse eines Ger\u00e4ts (wird w\u00e4hrend Ihrer Sitzung verarbeitet und in anonymisierter Form gespeichert), die Bildschirmgr\u00f6\u00dfe des Ger\u00e4ts, der Ger\u00e4tetyp (eindeutige Ger\u00e4tekennungen), Browserinformationen, der geografische Standort (nur Land) und die f\u00fcr die Anzeige bevorzugte Sprache unsere Internetseite. Hotjar speichert diese Informationen in unserem Auftrag in einem pseudonymisierten Nutzerprofil. Hotjar ist es vertraglich untersagt, die in unserem Auftrag erfassten Daten zu verkaufen. Weitere Einzelheiten finden Sie im Abschnitt \u201e\u00dcber Hotjar\u201c auf der Support-Website von Hotjar.<\/p>\n<h2>III. Cookie-Richtlinie<\/h2>\n<p>Verwendung von Cookies durch <strong>no<\/strong> logo.cc.<\/p>\n<p>Ein Cookie ist eine kurze Textinformation, die an Ihr Ger\u00e4t gesendet und dort installiert wird, wenn Sie unsere Website besuchen. Cookies liefern uns statistische Daten \u00fcber den Benutzerverkehr und die Nutzung von Websites durch Benutzer. Der Inhalt dieser Dateien l\u00e4sst jedoch keine R\u00fcckschl\u00fcsse auf den Nutzer zu. Cookies verarbeiten oder speichern Ihre personenbezogenen Daten nicht. Die von uns verwendeten Cookies verursachen keine Konfigurations\u00e4nderungen am Ger\u00e4t des Benutzers oder seiner Software und haben auch keine negativen Auswirkungen auf dessen Funktion.<\/p>\n<h3>Erlaubnis\/Keine Erlaubnis zum Speichern von Cookie-Dateien.<\/h3>\n<p>Das Speichern von Cookies auf dem Ger\u00e4t des Benutzers kann durch die Konfiguration der vom Benutzer verwendeten Browsereinstellungen blockiert werden. Einzelne Browser bieten die M\u00f6glichkeit, die Speicherung von Cookies auf dem Ger\u00e4t des Nutzers ganz oder teilweise zu deaktivieren. Allerdings kann es dazu kommen, dass nicht alle Anwendungen unserer Website ordnungsgem\u00e4\u00df funktionieren.<\/p>\n<p><strong>no<\/strong> logo bietet Benutzern die M\u00f6glichkeit, Cookies von unserer Website zu verwalten, diese Option befindet sich jedoch noch in der Entwicklung. Als Teil der vor\u00fcbergehenden L\u00f6sung pr\u00e4sentieren wir nachfolgend eine Liste der von unseren Websites verwendeten Cookies, ihren Zweck und Einzelheiten zur m\u00f6glichen Einstellung ihrer Speicherung. Bitte kontaktieren Sie uns bei Unregelm\u00e4\u00dfigkeiten.<\/p>\n<p>Sitzungscookies: werden auf Ihrem Ger\u00e4t gespeichert und aufbewahrt, bis der Webbrowser geschlossen wird. Die gespeicherten Informationen werden dann dauerhaft aus dem Speicher Ihres Ger\u00e4ts gel\u00f6scht. Dieser Mechanismus erm\u00f6glicht keine Erfassung personenbezogener Daten oder vertraulicher Informationen von Ihrem Ger\u00e4t.<\/p>\n<p>Permanente Cookies: werden auf Ihrem Ger\u00e4t gespeichert und bis zur L\u00f6schung gespeichert. Das Schlie\u00dfen des Webbrowsers oder das Ausschalten des Ger\u00e4ts f\u00fchrt nicht dazu, dass sie von Ihrem Ger\u00e4t entfernt werden. Dieser Mechanismus erm\u00f6glicht keine Erfassung personenbezogener Daten oder vertraulicher Informationen von Ihrem Ger\u00e4t.<\/p>\n<p>Diese Arten von Cookies werden von unserem E-Shop-System zu Zwecken wie der Verwaltung der vom Kunden in den Warenkorb gelegten Artikel oder der Aufrechterhaltung der Anmeldung im Shop generiert.<\/p>\n<p>Wir verwenden Cookies externer Stellen auch f\u00fcr folgende Zwecke:<\/p>\n<ul>\n<li>um Statistiken zu erstellen, die es uns erm\u00f6glichen, zu verstehen, wie Kunden den Online-Shop nutzen, und um seine Struktur und seinen Inhalt mit Analysetools zu verbessern: Google Analytics \u2013 \u00fcber Google Inc., registriert in den USA,<\/li>\n<li>um Kunden zu profilieren und auf sie zugeschnittene Inhalte in Werbenetzwerken mit Online-Werbetools anzuzeigen: Google AdSense und Google Adwords \u2013 \u00fcber Google Inc., registriert in den USA,<\/li>\n<li>um das Verhalten der Kunden zu analysieren \u2013 um angezeigte Inhalte an ihre Profile anzupassen, was die Verwaltung von Werbekampagnen mit Analysetools erleichtert: DoubleClick \u2013 \u00fcber Google Inc., registriert in den USA,<\/li>\n<li>um den Online-Shop mit sozialen Medien zu bewerben: Facebook.com \u2013 \u00fcber Facebook Inc., registriert in den USA oder Facebook Ireland, registriert in Irland,<\/li>\n<li>Zur Bewerbung des Online-Shops mit sozialen Medien: Instagram \u2013 \u00fcber Instagram LLC., registriert in den USA<\/li>\n<li>um die Bed\u00fcrfnisse unserer Benutzer besser zu verstehen und diesen Service und dieses Erlebnis zu optimieren \u2013 \u00fcber Hotjar Limited, registriert in Malta<\/li>\n<\/ul>\n<p>Diese Website ist durch reCAPTCHA gesch\u00fctzt und es gelten die <a href=\"https:\/\/policies.google.com\/privacy\" target=\"_blank\" rel=\"noopener\">Datenschutzbestimmungen<\/a> und <a href=\"https:\/\/policies.google.com\/terms\" target=\"_blank\" rel=\"noopener\">Nutzungsbedingungen<\/a> von Google.[\/vc_column_text][\/vc_column][\/vc_row]<\/p>\n<\/div>","protected":false},"excerpt":{"rendered":"<p>[vc_row type=&#8221;boxed&#8221;][vc_column][vc_empty_space height=&#8221;47px&#8221;][vc_column_text] Datenschutzrichtlinie [\/vc_column_text][vc_empty_space height=&#8221;47px&#8221;][\/vc_column][\/vc_row][vc_row type=&#8221;boxed&#8221;][vc_column][vc_column_text] I. Schutz personenbezogener Daten Gem\u00e4\u00df dem Gesetz vom 29. August 1997. Schutz personenbezogener Daten (Dz. U. Nr. 133, Pos. 883 pro Monat. zm.) Der Verk\u00e4ufer teilt mit, dass die personenbezogenen Daten des Kunden in der Datenbank des Verk\u00e4ufers gespeichert werden. Personenbezogene Daten werden gem\u00e4\u00df den Sicherheitsanforderungen des Gesetzes &hellip;<\/p>\n","protected":false},"author":1,"featured_media":0,"parent":0,"menu_order":0,"comment_status":"closed","ping_status":"closed","template":"","meta":{"footnotes":""},"class_list":["post-1867","page","type-page","status-publish","hentry"],"_links":{"self":[{"href":"https:\/\/nologo.cc\/de\/wp-json\/wp\/v2\/pages\/1867","targetHints":{"allow":["GET"]}}],"collection":[{"href":"https:\/\/nologo.cc\/de\/wp-json\/wp\/v2\/pages"}],"about":[{"href":"https:\/\/nologo.cc\/de\/wp-json\/wp\/v2\/types\/page"}],"author":[{"embeddable":true,"href":"https:\/\/nologo.cc\/de\/wp-json\/wp\/v2\/users\/1"}],"replies":[{"embeddable":true,"href":"https:\/\/nologo.cc\/de\/wp-json\/wp\/v2\/comments?post=1867"}],"version-history":[{"count":0,"href":"https:\/\/nologo.cc\/de\/wp-json\/wp\/v2\/pages\/1867\/revisions"}],"wp:attachment":[{"href":"https:\/\/nologo.cc\/de\/wp-json\/wp\/v2\/media?parent=1867"}],"curies":[{"name":"wp","href":"https:\/\/api.w.org\/{rel}","templated":true}]}}