{"id":1869,"date":"2023-11-14T17:43:33","date_gmt":"2023-11-14T16:43:33","guid":{"rendered":"https:\/\/nologo.wordpress.rzeszow.pl\/um\/"},"modified":"2026-01-05T23:55:19","modified_gmt":"2026-01-05T22:55:19","slug":"um","status":"publish","type":"page","link":"https:\/\/nologo.cc\/de\/um\/","title":{"rendered":"Um"},"content":{"rendered":"<div class=\"wpb-content-wrapper\"><p>[vc_row type=&#8221;boxed&#8221;][vc_column width=&#8221;5\/6&#8243; offset=&#8221;vc_col-sm-offset-1&#8243;][vc_empty_space height=&#8221;48px&#8221;][vc_column_text]<\/p>\n<h1>Unsere bisherige Geschichte.<\/h1>\n<p>[\/vc_column_text][vc_empty_space height=&#8221;48px&#8221;][\/vc_column][\/vc_row][vc_row type=&#8221;boxed&#8221;][vc_column]\r\n\t\t\t<div class=\"nm-banner content-full image-type-fluid text-color-dark subtitle-below\" style=\"\"><img loading=\"lazy\" decoding=\"async\" src=\"https:\/\/nologo.cc\/wp-content\/uploads\/2023\/12\/socks_production_banner.jpg.webp\" width=\"1920\" height=\"939\" alt=\"cycling socks manufacturer\" \/>\r\n\t\t\t<\/div>[vc_empty_space height=&#8221;48px&#8221;][\/vc_column][\/vc_row][vc_row type=&#8221;boxed&#8221;][vc_column width=&#8221;1\/4&#8243; offset=&#8221;vc_col-sm-offset-1&#8243;][vc_column_text]<\/p>\n<h4>Die Marke<\/h4>\n<p>[\/vc_column_text][vc_empty_space height=&#8221;17px&#8221;][\/vc_column][vc_column width=&#8221;7\/12&#8243;][vc_column_text css=&#8221;&#8221;]nologo wurde 2018 gegr\u00fcndet und ist eine in der EU ans\u00e4ssige Marke, die sich durch die Herstellung feinster Radsocken einen Namen gemacht hat. Unsere einzigartige Identit\u00e4t dreht sich um die Verpflichtung zu dezenter Eleganz in einer Branche, die von lebendigen Designs dominiert wird.<\/p>\n<p>In einer Welt, in der viele ihre Individualit\u00e4t mit auff\u00e4lligen, gemusterten Socken betonen, bieten wir eine Alternative, die sich f\u00fcr den Reiz zeitloser Klassiker einsetzt. Unsere Spezialit\u00e4t liegt in der Herstellung einfarbiger, minimalistischer Radsocken, die anspruchsvollen Radfahrern eine einfache, aber raffinierte Wahl bieten<\/p>\n<p>Wir sind fest davon \u00fcberzeugt, dass unsere Socken Ihre Erwartungen in Bezug auf Komfort, Stil und Haltbarkeit erf\u00fcllen.<\/p>\n<p>Und ja, <a href=\"https:\/\/nologo.cc\/de\/nologo-die-umweltfreundlichen-radsocken\/\">wir sind auch umweltfreundlich<\/a> ! :)[\/vc_column_text][\/vc_column][\/vc_row][vc_row][vc_column][vc_empty_space height=&#8221;40&#8243;][\/vc_column][\/vc_row][vc_row type=&#8221;boxed&#8221;][vc_column width=&#8221;1\/4&#8243; offset=&#8221;vc_col-sm-offset-1&#8243;][vc_column_text]<\/p>\n<h4>Kontaktiere uns<\/h4>\n<p>[\/vc_column_text][vc_empty_space height=&#8221;17px&#8221;][\/vc_column][vc_column width=&#8221;7\/12&#8243;][vc_column_text]<a href=\"#\">shop@nologo.cc<\/a><\/p>\n<p> Firmensitz in Rzeszow, Polen<br \/>\n Ausschlie\u00dflich Online-Shopping.[\/vc_column_text][vc_empty_space height=&#8221;17px&#8221;]<ul class=\"nm-social-profiles icon-size-medium align-left\"><li><a href=\"https:\/\/www.facebook.com\/nologo.cc\" target=\"_blank\" title=\"Facebook\" class=\"dark\" rel=\"nofollow\"><i class=\"nm-font nm-font-nm-font nm-font-facebook\"><\/i><\/a><\/li><li><a href=\"https:\/\/www.instagram.com\/nologo.cc\" target=\"_blank\" title=\"Instagram\" class=\"dark\" rel=\"nofollow\"><i class=\"nm-font nm-font-nm-font nm-font-instagram-filled\"><\/i><\/a><\/li><li><a href=\"https:\/\/www.pinterest.com\/nologo_cc\" target=\"_blank\" title=\"Pinterest\" class=\"dark\" rel=\"nofollow noopener\"><i class=\"nm-font nm-font-nm-font nm-font-pinterest\"><\/i><\/a><\/li><li><a href=\"mailto:mailto:shop@nologo.cc\" target=\"_blank\" title=\"Email\" class=\"dark\" rel=\"nofollow\"><i class=\"nm-font nm-font-nm-font nm-font-envelope\"><\/i><\/a><\/li><\/ul>[\/vc_column][\/vc_row][vc_row][vc_column][vc_empty_space height=&#8221;46&#8243;][\/vc_column][\/vc_row][vc_row type=&#8221;boxed&#8221; disable_element=&#8221;yes&#8221; css=&#8221;.vc_custom_1646922403743{padding-bottom: 39px !important;}&#8221;][vc_column width=&#8221;1\/4&#8243; offset=&#8221;vc_col-sm-offset-1&#8243;][vc_column_text]<\/p>\n<h4>Unser Team<\/h4>\n<p>[\/vc_column_text][vc_empty_space height=&#8221;23px&#8221;][\/vc_column][vc_column width=&#8221;7\/12&#8243;][vc_column_text][nm_team columns=&#8221;3&#8243; items=&#8221;3&#8243;][\/vc_column_text][\/vc_column][\/vc_row]<\/p>\n<\/div>","protected":false},"excerpt":{"rendered":"<p>[vc_row type=&#8221;boxed&#8221;][vc_column width=&#8221;5\/6&#8243; offset=&#8221;vc_col-sm-offset-1&#8243;][vc_empty_space height=&#8221;48px&#8221;][vc_column_text] Unsere bisherige Geschichte. [\/vc_column_text][vc_empty_space height=&#8221;48px&#8221;][\/vc_column][\/vc_row][vc_row type=&#8221;boxed&#8221;][vc_column][vc_empty_space height=&#8221;48px&#8221;][\/vc_column][\/vc_row][vc_row type=&#8221;boxed&#8221;][vc_column width=&#8221;1\/4&#8243; offset=&#8221;vc_col-sm-offset-1&#8243;][vc_column_text] Die Marke [\/vc_column_text][vc_empty_space height=&#8221;17px&#8221;][\/vc_column][vc_column width=&#8221;7\/12&#8243;][vc_column_text css=&#8221;&#8221;]nologo wurde 2018 gegr\u00fcndet und ist eine in der EU ans\u00e4ssige Marke, die sich durch die Herstellung feinster Radsocken einen Namen gemacht hat. Unsere einzigartige Identit\u00e4t dreht sich um die Verpflichtung zu dezenter Eleganz in &hellip;<\/p>\n","protected":false},"author":1,"featured_media":0,"parent":0,"menu_order":0,"comment_status":"closed","ping_status":"closed","template":"","meta":{"footnotes":""},"class_list":["post-1869","page","type-page","status-publish","hentry"],"_links":{"self":[{"href":"https:\/\/nologo.cc\/de\/wp-json\/wp\/v2\/pages\/1869","targetHints":{"allow":["GET"]}}],"collection":[{"href":"https:\/\/nologo.cc\/de\/wp-json\/wp\/v2\/pages"}],"about":[{"href":"https:\/\/nologo.cc\/de\/wp-json\/wp\/v2\/types\/page"}],"author":[{"embeddable":true,"href":"https:\/\/nologo.cc\/de\/wp-json\/wp\/v2\/users\/1"}],"replies":[{"embeddable":true,"href":"https:\/\/nologo.cc\/de\/wp-json\/wp\/v2\/comments?post=1869"}],"version-history":[{"count":0,"href":"https:\/\/nologo.cc\/de\/wp-json\/wp\/v2\/pages\/1869\/revisions"}],"wp:attachment":[{"href":"https:\/\/nologo.cc\/de\/wp-json\/wp\/v2\/media?parent=1869"}],"curies":[{"name":"wp","href":"https:\/\/api.w.org\/{rel}","templated":true}]}}