{"id":1878,"date":"2023-11-14T17:54:21","date_gmt":"2023-11-14T16:54:21","guid":{"rendered":"https:\/\/nologo.wordpress.rzeszow.pl\/entdecken-sie-umweltfreundliche-radsocken-fuer-den-bewussten-radfahrer\/"},"modified":"2024-02-29T19:06:08","modified_gmt":"2024-02-29T18:06:08","slug":"entdecken-sie-umweltfreundliche-radsocken-fuer-den-bewussten-radfahrer","status":"publish","type":"page","link":"https:\/\/nologo.cc\/de\/entdecken-sie-umweltfreundliche-radsocken-fuer-den-bewussten-radfahrer\/","title":{"rendered":"Entdecken Sie umweltfreundliche Radsocken f\u00fcr den bewussten Radfahrer"},"content":{"rendered":"<div class=\"wpb-content-wrapper\"><p>[vc_row type=&#8221;boxed&#8221;][vc_column][vc_empty_space height=&#8221;48px&#8221;][vc_column_text]<\/p>\n<h1>Entdecken Sie umweltfreundliche Radsocken f\u00fcr den bewussten Radfahrer<\/h1>\n<p>[\/vc_column_text][vc_empty_space height=&#8221;48px&#8221;][\/vc_column][\/vc_row][vc_row type=&#8221;boxed&#8221;][vc_column][vc_column_text]Wir bei nologo sind stolz darauf, Radsocken aus 100 % recycelbarem Garn anbieten zu k\u00f6nnen. Unsere nachhaltigen Socken werden aus umweltfreundlichen Materialien hergestellt und stellen eine bedenkenlose Erg\u00e4nzung Ihrer Bekleidungskollektion dar. Aber wir h\u00f6ren hier nicht auf \u2013 unser Engagement f\u00fcr Nachhaltigkeit erstreckt sich auch auf unsere Verpackungen. Sie werden feststellen, dass unsere Socken in einer nachhaltigen, recycelten und umweltfreundlichen Verpackung geliefert werden, da wir bestrebt sind, unsere Auswirkungen auf die Umwelt zu minimieren. Dar\u00fcber hinaus vermeidet nologo wiederholte Verpackungen, reduziert unn\u00f6tigen Abfall und unterstreicht unser Engagement f\u00fcr nachhaltige Praktiken.<\/p>\n<p>W\u00e4hlen Sie nologo f\u00fcr Radsocken, die sowohl Ihre F\u00fc\u00dfe als auch den Planeten sch\u00fctzen. Unsere Socken sind aus recycelbaren Stoffen gefertigt und sorgen f\u00fcr ein atmungsaktives und gepolstertes Erlebnis. Dar\u00fcber hinaus basiert unsere Lieferkette auf ethischen und fairen Handelsprinzipien und stellt sicher, dass jedes Paar Socken ethisch hergestellt wird. Unser Garn ist BLUESIGN\u00ae-zertifiziert und gibt Ihnen die Gewissheit, dass unsere Produkte nicht nur bequem, sondern auch \u00f6kologisch verantwortungsvoll sind. Entdecken Sie mit nologo den bewussten Schritt zu umweltfreundlichen und nachhaltigen Socken.<\/p>\n<p>Bei der Gr\u00fcndung unserer Marke haben wir darauf geachtet, uns nicht nur auf die Entwicklung einzigartiger Produkte zu konzentrieren, die sich sowohl durch Leistung als auch durch Stil auszeichnen, sondern auch darauf, Wege zu finden, um Abfall zu minimieren und Materialien zu verwenden, die sich leicht recyceln lassen. Unser Engagement f\u00fcr Umweltverantwortung treibt uns dazu, dem Thema der Reduzierung von Plastikm\u00fcll in unseren Gesch\u00e4ftspraktiken Priorit\u00e4t einzur\u00e4umen.<\/p>\n<h2>100 % recycelbares Garn aus Nologo-Radsocken<\/h2>\n<p>Unsere Radsocken bestehen zu 100 % aus recycelbarem Garn und spiegeln unser Engagement f\u00fcr Nachhaltigkeit wider. Wir haben Partnerschaften mit gleichgesinnten Organisationen gesucht und sichergestellt, dass unsere Produkte den strengen BLUESIGN\u00ae-Zertifizierungsstandards entsprechen, was durch umweltfreundliche Produktionsmethoden erm\u00f6glicht wird.<\/p>\n<p>Das Garn, aus dem wir unsere Socken herstellen, hat einen au\u00dfergew\u00f6hnlich geringen Wasser- und Stromverbrauch und belastet weder Luft, Wasser noch Boden. Dar\u00fcber hinaus ist das fertige Garnprodukt zu 100 % recycelbar, was uns hilft, das \u00f6kologische Gleichgewicht in unserem Gesch\u00e4ftsbereich aufrechtzuerhalten.<\/p>\n<p>Bitte beachten Sie die detaillierten Informationen zu den Garnen, die in unserer Sockenproduktion verwendet werden.<\/p>\n<h2>Umweltfreundliche Verpackung aus recycelten Materialien<\/h2>\n<p>Unser n\u00e4chster Schritt in Richtung Umweltfreundlichkeit betrifft die Verpackung. Seit Juni 2020 verzichten wir erfolgreich auf Folienverpackungen. Stattdessen arbeiten wir mit Verpackungslieferanten zusammen, die uns umweltfreundliche Umschl\u00e4ge und Beutel aus Recyclingpapier liefern.<\/p>\n<h2>nologo setzt sich daf\u00fcr ein, sich wiederholende Verpackungen zu reduzieren.<\/h2>\n<p>Jede Bestellung wird in gro\u00dfen Mengen verpackt, sodass wir die Umweltbelastung minimieren k\u00f6nnen, indem wir pro Sendung nur einen Umschlag und eine Papiert\u00fcte verwenden. Wir haben Luftpolsterumschl\u00e4ge durch langlebige, dicke Umschl\u00e4ge aus Recyclingpapier ersetzt und so die Verpackungsst\u00e4rke beibehalten und gleichzeitig auf den Einsatz von Kunststoffmaterialien verzichtet.<\/p>\n<p>Machen Sie mit uns den bewussten Schritt hin zu umweltfreundlicher Fahrradausr\u00fcstung. Entdecken Sie noch heute unser Sortiment an nachhaltigen Socken und radeln Sie mit nologo in eine gr\u00fcnere Zukunft.[\/vc_column_text][vc_empty_space height=&#8221;48px&#8221;][\/vc_column][\/vc_row][vc_row type=&#8221;boxed&#8221;][vc_column][vc_single_image image=&#8221;1551&#8243; img_size=&#8221;full&#8221; add_caption=&#8221;yes&#8221; alignment=&#8221;center&#8221;][vc_column_text]Das atemberaubende Panorama der Tatra, wo das umweltfreundliche Garn f\u00fcr unsere Radsocken, PROLEN, sorgf\u00e4ltig verarbeitet wird.[\/vc_column_text][vc_empty_space height=&#8221;48px&#8221;][\/vc_column][\/vc_row]<\/p>\n<\/div>","protected":false},"excerpt":{"rendered":"<p>[vc_row type=&#8221;boxed&#8221;][vc_column][vc_empty_space height=&#8221;48px&#8221;][vc_column_text] Entdecken Sie umweltfreundliche Radsocken f\u00fcr den bewussten Radfahrer [\/vc_column_text][vc_empty_space height=&#8221;48px&#8221;][\/vc_column][\/vc_row][vc_row type=&#8221;boxed&#8221;][vc_column][vc_column_text]Wir bei nologo sind stolz darauf, Radsocken aus 100 % recycelbarem Garn anbieten zu k\u00f6nnen. Unsere nachhaltigen Socken werden aus umweltfreundlichen Materialien hergestellt und stellen eine bedenkenlose Erg\u00e4nzung Ihrer Bekleidungskollektion dar. Aber wir h\u00f6ren hier nicht auf \u2013 unser Engagement f\u00fcr Nachhaltigkeit &hellip;<\/p>\n","protected":false},"author":1,"featured_media":0,"parent":0,"menu_order":0,"comment_status":"closed","ping_status":"closed","template":"","meta":{"footnotes":""},"class_list":["post-1878","page","type-page","status-publish","hentry"],"_links":{"self":[{"href":"https:\/\/nologo.cc\/de\/wp-json\/wp\/v2\/pages\/1878","targetHints":{"allow":["GET"]}}],"collection":[{"href":"https:\/\/nologo.cc\/de\/wp-json\/wp\/v2\/pages"}],"about":[{"href":"https:\/\/nologo.cc\/de\/wp-json\/wp\/v2\/types\/page"}],"author":[{"embeddable":true,"href":"https:\/\/nologo.cc\/de\/wp-json\/wp\/v2\/users\/1"}],"replies":[{"embeddable":true,"href":"https:\/\/nologo.cc\/de\/wp-json\/wp\/v2\/comments?post=1878"}],"version-history":[{"count":0,"href":"https:\/\/nologo.cc\/de\/wp-json\/wp\/v2\/pages\/1878\/revisions"}],"wp:attachment":[{"href":"https:\/\/nologo.cc\/de\/wp-json\/wp\/v2\/media?parent=1878"}],"curies":[{"name":"wp","href":"https:\/\/api.w.org\/{rel}","templated":true}]}}