{"id":1889,"date":"2023-11-14T18:49:25","date_gmt":"2023-11-14T17:49:25","guid":{"rendered":"https:\/\/nologo.wordpress.rzeszow.pl\/groessentabelle\/"},"modified":"2026-01-19T14:52:57","modified_gmt":"2026-01-19T13:52:57","slug":"groessentabelle","status":"publish","type":"page","link":"https:\/\/nologo.cc\/de\/groessentabelle\/","title":{"rendered":"Gr\u00f6\u00dfentabelle"},"content":{"rendered":"<div class=\"wpb-content-wrapper\"><p>[vc_row][vc_column][vc_custom_heading text=&#8221;Gr\u00f6\u00dfentabelle f\u00fcr nologo-Produkte&#8221; font_container=&#8221;tag:h1|text_align:center&#8221; use_theme_fonts=&#8221;yes&#8221;][vc_empty_space height=&#8221;24px&#8221;][vc_column_text css=&#8221;&#8221;]Anhand der folgenden Tabellen finden Sie die richtige Gr\u00f6\u00dfe f\u00fcr Socken, Funktionsunterw\u00e4sche und T-Shirts von nologo. Jede Tabelle orientiert sich an Standardma\u00dfen und bietet eine Kurzanleitung f\u00fcr Zwischengr\u00f6\u00dfen, bevorzugte Passformen (eng anliegend vs. locker) und wie die einzelnen Produkte am K\u00f6rper sitzen sollen.[\/vc_column_text][\/vc_column][\/vc_row][vc_row equal_height=&#8221;yes&#8221; content_placement=&#8221;middle&#8221;][vc_column][vc_row_inner][vc_column_inner][vc_empty_space height=&#8221;48px&#8221;][vc_custom_heading text=&#8221;Klassische Radsocken&#8221; font_container=&#8221;tag:h3|text_align:center&#8221; use_theme_fonts=&#8221;yes&#8221;][\/vc_column_inner][\/vc_row_inner][vc_row_inner content_placement=&#8221;middle&#8221; css=&#8221;.vc_custom_1708282304180{padding-top: 36px !important;padding-bottom: 36px !important;background-color: #ffffff !important;}&#8221; el_id=&#8221;classic-size&#8221;][vc_column_inner width=&#8221;1\/6&#8243;][vc_empty_space][vc_single_image image=&#8221;1728&#8243; img_size=&#8221;full&#8221; alignment=&#8221;center&#8221;][vc_empty_space][\/vc_column_inner][vc_column_inner width=&#8221;5\/6&#8243;][vc_raw_html]PGRpdiBjbGFzcz0iZGl2VGFibGUiPgo8ZGl2IGNsYXNzPSJkaXZUYWJsZUhlYWRpbmciPgo8ZGl2IGNsYXNzPSJkaXZUYWJsZVJvdyI+CjxkaXYgY2xhc3M9ImRpdlRhYmxlSGVhZCI+IDwvZGl2Pgo8ZGl2IGNsYXNzPSJkaXZUYWJsZUhlYWQiPlhTPC9kaXY+CjxkaXYgY2xhc3M9ImRpdlRhYmxlSGVhZCI+UzwvZGl2Pgo8ZGl2IGNsYXNzPSJkaXZUYWJsZUhlYWQiPk08L2Rpdj4KPGRpdiBjbGFzcz0iZGl2VGFibGVIZWFkIj5MPC9kaXY+CjwvZGl2Pgo8L2Rpdj4KPGRpdiBjbGFzcz0iZGl2VGFibGVCb2R5Ij4KPGRpdiBjbGFzcz0iZGl2VGFibGVSb3ciPgo8ZGl2IGNsYXNzPSJkaXZUYWJsZUNlbGxIZWFkIj5FVTwvZGl2Pgo8ZGl2IGNsYXNzPSJkaXZUYWJsZUNlbGwiPjM2IC0gMzg8L2Rpdj4KPGRpdiBjbGFzcz0iZGl2VGFibGVDZWxsIj4zOSAtIDQxPC9kaXY+CjxkaXYgY2xhc3M9ImRpdlRhYmxlQ2VsbCI+NDIgLSA0NDwvZGl2Pgo8ZGl2IGNsYXNzPSJkaXZUYWJsZUNlbGwiPjQ1IC0gNDc8L2Rpdj4KPC9kaXY+CjxkaXYgY2xhc3M9ImRpdlRhYmxlUm93Ij4KPGRpdiBjbGFzcz0iZGl2VGFibGVDZWxsSGVhZCI+Q008L2Rpdj4KPGRpdiBjbGFzcz0iZGl2VGFibGVDZWxsIj4yMyAtIDI0LjU8L2Rpdj4KPGRpdiBjbGFzcz0iZGl2VGFibGVDZWxsIj4yNSAtIDI2LjU8L2Rpdj4KPGRpdiBjbGFzcz0iZGl2VGFibGVDZWxsIj4yNyAtIDI4LjU8L2Rpdj4KPGRpdiBjbGFzcz0iZGl2VGFibGVDZWxsIj4yOSAtIDMwLjU8L2Rpdj4KPC9kaXY+CjxkaXYgY2xhc3M9ImRpdlRhYmxlUm93Ij4KPGRpdiBjbGFzcz0iZGl2VGFibGVDZWxsSGVhZCI+VmVyZWluaWd0ZXMgS8O2bmlncmVpY2g8L2Rpdj4KPGRpdiBjbGFzcz0iZGl2VGFibGVDZWxsIj4zLjUgLSA1LjU8L2Rpdj4KPGRpdiBjbGFzcz0iZGl2VGFibGVDZWxsIj42IC0gNy41PC9kaXY+CjxkaXYgY2xhc3M9ImRpdlRhYmxlQ2VsbCI+OCAtIDkuNTwvZGl2Pgo8ZGl2IGNsYXNzPSJkaXZUYWJsZUNlbGwiPjEwIC0gMTEuNTwvZGl2Pgo8L2Rpdj4KPGRpdiBjbGFzcz0iZGl2VGFibGVSb3ciPgo8ZGl2IGNsYXNzPSJkaXZUYWJsZUNlbGxIZWFkIj5VUyBXTU48L2Rpdj4KPGRpdiBjbGFzcz0iZGl2VGFibGVDZWxsIj41LjUgLSA3LjU8L2Rpdj4KPGRpdiBjbGFzcz0iZGl2VGFibGVDZWxsIj44IC0gOS41PC9kaXY+CjxkaXYgY2xhc3M9ImRpdlRhYmxlQ2VsbCI+MTAgLSAxMS41PC9kaXY+CjxkaXYgY2xhc3M9ImRpdlRhYmxlQ2VsbCI+MTIgLSAxMy41PC9kaXY+CjwvZGl2Pgo8ZGl2IGNsYXNzPSJkaXZUYWJsZVJvdyI+CjxkaXYgY2xhc3M9ImRpdlRhYmxlQ2VsbEhlYWQiPlVTLU3DhE5ORVI8L2Rpdj4KPGRpdiBjbGFzcz0iZGl2VGFibGVDZWxsIj4zLjUgLSA1LjU8L2Rpdj4KPGRpdiBjbGFzcz0iZGl2VGFibGVDZWxsIj42IC0gNy41PC9kaXY+CjxkaXYgY2xhc3M9ImRpdlRhYmxlQ2VsbCI+OCAtIDkuNTwvZGl2Pgo8ZGl2IGNsYXNzPSJkaXZUYWJsZUNlbGwiPjEwIC0gMTEuNTwvZGl2Pgo8L2Rpdj4KPGRpdiBjbGFzcz0iZGl2VGFibGVSb3ciPgo8ZGl2IGNsYXNzPSJkaXZUYWJsZUNlbGxIZWFkIj5Iw5ZIRTwvZGl2Pgo8ZGl2IGNsYXNzPSJkaXZUYWJsZUNlbGwiPjIzICsvLSAxLDUgY208L2Rpdj4KPGRpdiBjbGFzcz0iZGl2VGFibGVDZWxsIj4yNSArLy0gMSw1IGNtPC9kaXY+CjxkaXYgY2xhc3M9ImRpdlRhYmxlQ2VsbCI+MjcgKy8tIDEsNSBjbTwvZGl2Pgo8ZGl2IGNsYXNzPSJkaXZUYWJsZUNlbGwiPjI5ICsvLSAxLDUgY208L2Rpdj4KPC9kaXY+CjwvZGl2Pgo8L2Rpdj4=[\/vc_raw_html][\/vc_column_inner][\/vc_row_inner][\/vc_column][\/vc_row][vc_row][vc_column][vc_row_inner][vc_column_inner][vc_empty_space height=&#8221;48px&#8221;][vc_custom_heading text=&#8221;Merino-Radsocken&#8221; font_container=&#8221;tag:h3|text_align:center&#8221; use_theme_fonts=&#8221;yes&#8221;][\/vc_column_inner][\/vc_row_inner][vc_row_inner content_placement=&#8221;middle&#8221; el_id=&#8221;merino-size&#8221; css=&#8221;.vc_custom_1708284058656{padding-top: 32px !important;padding-bottom: 32px !important;background-color: #ffffff !important;}&#8221;][vc_column_inner width=&#8221;1\/6&#8243;][vc_empty_space][vc_single_image image=&#8221;1731&#8243; img_size=&#8221;full&#8221; alignment=&#8221;center&#8221;][vc_empty_space][\/vc_column_inner][vc_column_inner width=&#8221;5\/6&#8243;][vc_raw_html]PGRpdiBjbGFzcz0iZGl2VGFibGUiPgo8ZGl2IGNsYXNzPSJkaXZUYWJsZUhlYWRpbmciPgo8ZGl2IGNsYXNzPSJkaXZUYWJsZVJvdyI+CjxkaXYgY2xhc3M9ImRpdlRhYmxlSGVhZCI+IDwvZGl2Pgo8ZGl2IGNsYXNzPSJkaXZUYWJsZUhlYWQiPlhTPC9kaXY+CjxkaXYgY2xhc3M9ImRpdlRhYmxlSGVhZCI+UzwvZGl2Pgo8ZGl2IGNsYXNzPSJkaXZUYWJsZUhlYWQiPk08L2Rpdj4KPGRpdiBjbGFzcz0iZGl2VGFibGVIZWFkIj5MPC9kaXY+CjwvZGl2Pgo8L2Rpdj4KPGRpdiBjbGFzcz0iZGl2VGFibGVCb2R5Ij4KPGRpdiBjbGFzcz0iZGl2VGFibGVSb3ciPgo8ZGl2IGNsYXNzPSJkaXZUYWJsZUNlbGxIZWFkIj5FVTwvZGl2Pgo8ZGl2IGNsYXNzPSJkaXZUYWJsZUNlbGwiPjM2IC0gMzg8L2Rpdj4KPGRpdiBjbGFzcz0iZGl2VGFibGVDZWxsIj4zOSAtIDQxPC9kaXY+CjxkaXYgY2xhc3M9ImRpdlRhYmxlQ2VsbCI+NDIgLSA0NDwvZGl2Pgo8ZGl2IGNsYXNzPSJkaXZUYWJsZUNlbGwiPjQ1IC0gNDc8L2Rpdj4KPC9kaXY+CjxkaXYgY2xhc3M9ImRpdlRhYmxlUm93Ij4KPGRpdiBjbGFzcz0iZGl2VGFibGVDZWxsSGVhZCI+Q008L2Rpdj4KPGRpdiBjbGFzcz0iZGl2VGFibGVDZWxsIj4yMyAtIDI0LjU8L2Rpdj4KPGRpdiBjbGFzcz0iZGl2VGFibGVDZWxsIj4yNSAtIDI2LjU8L2Rpdj4KPGRpdiBjbGFzcz0iZGl2VGFibGVDZWxsIj4yNyAtIDI4LjU8L2Rpdj4KPGRpdiBjbGFzcz0iZGl2VGFibGVDZWxsIj4yOSAtIDMwLjU8L2Rpdj4KPC9kaXY+CjxkaXYgY2xhc3M9ImRpdlRhYmxlUm93Ij4KPGRpdiBjbGFzcz0iZGl2VGFibGVDZWxsSGVhZCI+VmVyZWluaWd0ZXMgS8O2bmlncmVpY2g8L2Rpdj4KPGRpdiBjbGFzcz0iZGl2VGFibGVDZWxsIj4zLjUgLSA1LjU8L2Rpdj4KPGRpdiBjbGFzcz0iZGl2VGFibGVDZWxsIj42IC0gNy41PC9kaXY+CjxkaXYgY2xhc3M9ImRpdlRhYmxlQ2VsbCI+OCAtIDkuNTwvZGl2Pgo8ZGl2IGNsYXNzPSJkaXZUYWJsZUNlbGwiPjEwIC0gMTEuNTwvZGl2Pgo8L2Rpdj4KPGRpdiBjbGFzcz0iZGl2VGFibGVSb3ciPgo8ZGl2IGNsYXNzPSJkaXZUYWJsZUNlbGxIZWFkIj5VUyBXTU48L2Rpdj4KPGRpdiBjbGFzcz0iZGl2VGFibGVDZWxsIj41LjUgLSA3LjU8L2Rpdj4KPGRpdiBjbGFzcz0iZGl2VGFibGVDZWxsIj44IC0gOS41PC9kaXY+CjxkaXYgY2xhc3M9ImRpdlRhYmxlQ2VsbCI+MTAgLSAxMS41PC9kaXY+CjxkaXYgY2xhc3M9ImRpdlRhYmxlQ2VsbCI+MTIgLSAxMy41PC9kaXY+CjwvZGl2Pgo8ZGl2IGNsYXNzPSJkaXZUYWJsZVJvdyI+CjxkaXYgY2xhc3M9ImRpdlRhYmxlQ2VsbEhlYWQiPlVTLU3DhE5ORVI8L2Rpdj4KPGRpdiBjbGFzcz0iZGl2VGFibGVDZWxsIj4zLjUgLSA1LjU8L2Rpdj4KPGRpdiBjbGFzcz0iZGl2VGFibGVDZWxsIj42IC0gNy41PC9kaXY+CjxkaXYgY2xhc3M9ImRpdlRhYmxlQ2VsbCI+OCAtIDkuNTwvZGl2Pgo8ZGl2IGNsYXNzPSJkaXZUYWJsZUNlbGwiPjEwIC0gMTEuNTwvZGl2Pgo8L2Rpdj4KPGRpdiBjbGFzcz0iZGl2VGFibGVSb3ciPgo8ZGl2IGNsYXNzPSJkaXZUYWJsZUNlbGxIZWFkIj5Iw5ZIRTwvZGl2Pgo8ZGl2IGNsYXNzPSJkaXZUYWJsZUNlbGwiPjIzICsvLSAxLDUgY208L2Rpdj4KPGRpdiBjbGFzcz0iZGl2VGFibGVDZWxsIj4yNSArLy0gMSw1IGNtPC9kaXY+CjxkaXYgY2xhc3M9ImRpdlRhYmxlQ2VsbCI+MjcgKy8tIDEsNSBjbTwvZGl2Pgo8ZGl2IGNsYXNzPSJkaXZUYWJsZUNlbGwiPjI5ICsvLSAxLDUgY208L2Rpdj4KPC9kaXY+CjwvZGl2Pgo8L2Rpdj4=[\/vc_raw_html][\/vc_column_inner][\/vc_row_inner][\/vc_column][\/vc_row][vc_row equal_height=&#8221;yes&#8221; content_placement=&#8221;middle&#8221;][vc_column][vc_row_inner][vc_column_inner][vc_empty_space height=&#8221;48px&#8221;][vc_custom_heading text=&#8221;Gravel-Radsocken&#8221; font_container=&#8221;tag:h3|text_align:center&#8221; use_theme_fonts=&#8221;yes&#8221;][\/vc_column_inner][\/vc_row_inner][vc_row_inner content_placement=&#8221;middle&#8221; el_id=&#8221;gravel-size&#8221; css=&#8221;.vc_custom_1708284228275{padding-top: 32px !important;padding-bottom: 32px !important;background-color: #ffffff !important;}&#8221;][vc_column_inner width=&#8221;1\/6&#8243;][vc_empty_space][vc_single_image image=&#8221;1734&#8243; img_size=&#8221;full&#8221; alignment=&#8221;center&#8221;][vc_empty_space][\/vc_column_inner][vc_column_inner width=&#8221;5\/6&#8243;][vc_raw_html]PGRpdiBjbGFzcz0iZGl2VGFibGUiPgo8ZGl2IGNsYXNzPSJkaXZUYWJsZUhlYWRpbmciPgo8ZGl2IGNsYXNzPSJkaXZUYWJsZVJvdyI+CjxkaXYgY2xhc3M9ImRpdlRhYmxlSGVhZCI+IDwvZGl2Pgo8ZGl2IGNsYXNzPSJkaXZUYWJsZUhlYWQiPlM8L2Rpdj4KPGRpdiBjbGFzcz0iZGl2VGFibGVIZWFkIj5NPC9kaXY+CjxkaXYgY2xhc3M9ImRpdlRhYmxlSGVhZCI+TDwvZGl2Pgo8L2Rpdj4KPC9kaXY+CjxkaXYgY2xhc3M9ImRpdlRhYmxlQm9keSI+CjxkaXYgY2xhc3M9ImRpdlRhYmxlUm93Ij4KPGRpdiBjbGFzcz0iZGl2VGFibGVDZWxsSGVhZCI+RVU8L2Rpdj4KPGRpdiBjbGFzcz0iZGl2VGFibGVDZWxsIj4zNiAtIDM5PC9kaXY+CjxkaXYgY2xhc3M9ImRpdlRhYmxlQ2VsbCI+NDAgLSA0MzwvZGl2Pgo8ZGl2IGNsYXNzPSJkaXZUYWJsZUNlbGwiPjQ0IC0gNDc8L2Rpdj4KPC9kaXY+CjxkaXYgY2xhc3M9ImRpdlRhYmxlUm93Ij4KPGRpdiBjbGFzcz0iZGl2VGFibGVDZWxsSGVhZCI+Q008L2Rpdj4KPGRpdiBjbGFzcz0iZGl2VGFibGVDZWxsIj4yMyAtIDI1PC9kaXY+CjxkaXYgY2xhc3M9ImRpdlRhYmxlQ2VsbCI+MjUuNSAtIDI4PC9kaXY+CjxkaXYgY2xhc3M9ImRpdlRhYmxlQ2VsbCI+MjguNSAtIDMwLjU8L2Rpdj4KPC9kaXY+CjxkaXYgY2xhc3M9ImRpdlRhYmxlUm93Ij4KPGRpdiBjbGFzcz0iZGl2VGFibGVDZWxsSGVhZCI+VmVyZWluaWd0ZXMgS8O2bmlncmVpY2g8L2Rpdj4KPGRpdiBjbGFzcz0iZGl2VGFibGVDZWxsIj4zLjUgLSA2PC9kaXY+CjxkaXYgY2xhc3M9ImRpdlRhYmxlQ2VsbCI+Ni41IC0gOTwvZGl2Pgo8ZGl2IGNsYXNzPSJkaXZUYWJsZUNlbGwiPjkuNSAtIDExLjU8L2Rpdj4KPC9kaXY+CjxkaXYgY2xhc3M9ImRpdlRhYmxlUm93Ij4KPGRpdiBjbGFzcz0iZGl2VGFibGVDZWxsSGVhZCI+VVMgV01OPC9kaXY+CjxkaXYgY2xhc3M9ImRpdlRhYmxlQ2VsbCI+NS41IC0gODwvZGl2Pgo8ZGl2IGNsYXNzPSJkaXZUYWJsZUNlbGwiPjguNSAtIDExPC9kaXY+CjxkaXYgY2xhc3M9ImRpdlRhYmxlQ2VsbCI+MTEuNSAtIDEzLjU8L2Rpdj4KPC9kaXY+CjxkaXYgY2xhc3M9ImRpdlRhYmxlUm93Ij4KPGRpdiBjbGFzcz0iZGl2VGFibGVDZWxsSGVhZCI+VVMtTcOETk5FUjwvZGl2Pgo8ZGl2IGNsYXNzPSJkaXZUYWJsZUNlbGwiPjMuNSAtIDY8L2Rpdj4KPGRpdiBjbGFzcz0iZGl2VGFibGVDZWxsIj42LjUgLSA5PC9kaXY+CjxkaXYgY2xhc3M9ImRpdlRhYmxlQ2VsbCI+OS41IC0gMTEuNTwvZGl2Pgo8L2Rpdj4KPGRpdiBjbGFzcz0iZGl2VGFibGVSb3ciPgo8ZGl2IGNsYXNzPSJkaXZUYWJsZUNlbGxIZWFkIj5Iw5ZIRTwvZGl2Pgo8ZGl2IGNsYXNzPSJkaXZUYWJsZUNlbGwiPjI1ICsvLSAxLDUgY208L2Rpdj4KPGRpdiBjbGFzcz0iZGl2VGFibGVDZWxsIj4yNyArLy0gMSw1IGNtPC9kaXY+CjxkaXYgY2xhc3M9ImRpdlRhYmxlQ2VsbCI+MjkgKy8tIDEsNSBjbTwvZGl2Pgo8L2Rpdj4KPC9kaXY+CjwvZGl2Pg==[\/vc_raw_html][\/vc_column_inner][\/vc_row_inner][\/vc_column][\/vc_row][vc_row][vc_column][vc_row_inner][vc_column_inner][vc_empty_space height=&#8221;48px&#8221;][vc_custom_heading text=&#8221;Radunterw\u00e4sche&#8221; font_container=&#8221;tag:h3|text_align:center&#8221; use_theme_fonts=&#8221;yes&#8221;][\/vc_column_inner][\/vc_row_inner][vc_row_inner content_placement=&#8221;middle&#8221; el_id=&#8221;baselayer-size&#8221; css=&#8221;.vc_custom_1712084525232{padding-top: 32px !important;padding-bottom: 32px !important;background-color: #ffffff !important;}&#8221;][vc_column_inner width=&#8221;1\/6&#8243;][vc_empty_space][vc_single_image image=&#8221;1750&#8243; img_size=&#8221;full&#8221; alignment=&#8221;center&#8221;][vc_empty_space][\/vc_column_inner][vc_column_inner width=&#8221;5\/6&#8243;][vc_raw_html]PGRpdiBjbGFzcz0iZGl2VGFibGUiPgo8ZGl2IGNsYXNzPSJkaXZUYWJsZUhlYWRpbmciPgo8ZGl2IGNsYXNzPSJkaXZUYWJsZVJvdyI+CjxkaXYgY2xhc3M9ImRpdlRhYmxlSGVhZCI+IDwvZGl2Pgo8ZGl2IGNsYXNzPSJkaXZUYWJsZUhlYWQiPlhYUy1YUzwvZGl2Pgo8ZGl2IGNsYXNzPSJkaXZUYWJsZUhlYWQiPlNNPC9kaXY+CjxkaXYgY2xhc3M9ImRpdlRhYmxlSGVhZCI+TC1YTDwvZGl2Pgo8L2Rpdj4KPC9kaXY+CjxkaXYgY2xhc3M9ImRpdlRhYmxlQm9keSI+CjxkaXYgY2xhc3M9ImRpdlRhYmxlUm93Ij4KPGRpdiBjbGFzcz0iZGl2VGFibGVDZWxsSGVhZCI+QlJVU1RVTUZBTkcgW2NtXTwvZGl2Pgo8ZGl2IGNsYXNzPSJkaXZUYWJsZUNlbGwiPjcwIC0gODg8L2Rpdj4KPGRpdiBjbGFzcz0iZGl2VGFibGVDZWxsIj44NiAtIDEwMTwvZGl2Pgo8ZGl2IGNsYXNzPSJkaXZUYWJsZUNlbGwiPjk4IC0gMTIwPC9kaXY+CjwvZGl2Pgo8ZGl2IGNsYXNzPSJkaXZUYWJsZVJvdyI+CjxkaXYgY2xhc3M9ImRpdlRhYmxlQ2VsbEhlYWQiPlRBSUxMRSBbY21dPC9kaXY+CjxkaXYgY2xhc3M9ImRpdlRhYmxlQ2VsbCI+NjUgLSA3NTwvZGl2Pgo8ZGl2IGNsYXNzPSJkaXZUYWJsZUNlbGwiPjc0IC0gODU8L2Rpdj4KPGRpdiBjbGFzcz0iZGl2VGFibGVDZWxsIj44NiAtIDExMDwvZGl2Pgo8L2Rpdj4KPGRpdiBjbGFzcz0iZGl2VGFibGVSb3ciPgo8ZGl2IGNsYXNzPSJkaXZUYWJsZUNlbGxIZWFkIj5HUsOWU1NFIFtjbV08L2Rpdj4KPGRpdiBjbGFzcz0iZGl2VGFibGVDZWxsIj4xNTQgLSAxNjg8L2Rpdj4KPGRpdiBjbGFzcz0iZGl2VGFibGVDZWxsIj4xNjYgLSAxNzg8L2Rpdj4KPGRpdiBjbGFzcz0iZGl2VGFibGVDZWxsIj4xNzYgLSAyMDU8L2Rpdj4KPC9kaXY+CjwvZGl2Pgo8L2Rpdj4=[\/vc_raw_html][\/vc_column_inner][\/vc_row_inner][\/vc_column][\/vc_row][vc_row][vc_column][vc_row_inner][vc_column_inner][vc_empty_space height=&#8221;48px&#8221;][vc_custom_heading text=&#8221;Radsport-Klassiker-T-Shirts&#8221; font_container=&#8221;tag:h3|text_align:center&#8221; use_theme_fonts=&#8221;yes&#8221;][\/vc_column_inner][\/vc_row_inner][vc_row_inner content_placement=&#8221;middle&#8221; css=&#8221;.vc_custom_1712084727128{padding-top: 32px !important;padding-bottom: 32px !important;background-color: #ffffff !important;}&#8221; el_id=&#8221;tshirt-size&#8221;][vc_column_inner width=&#8221;1\/6&#8243;][vc_empty_space][vc_single_image image=&#8221;3597&#8243; img_size=&#8221;full&#8221; alignment=&#8221;center&#8221;][vc_empty_space][\/vc_column_inner][vc_column_inner width=&#8221;5\/6&#8243;][vc_raw_html]PGRpdiBjbGFzcz0iZGl2VGFibGUiPgo8ZGl2IGNsYXNzPSJkaXZUYWJsZUhlYWRpbmciPgo8ZGl2IGNsYXNzPSJkaXZUYWJsZVJvdyI+CjxkaXYgY2xhc3M9ImRpdlRhYmxlSGVhZCI+IDwvZGl2Pgo8ZGl2IGNsYXNzPSJkaXZUYWJsZUhlYWQiPlM8L2Rpdj4KPGRpdiBjbGFzcz0iZGl2VGFibGVIZWFkIj5NPC9kaXY+CjxkaXYgY2xhc3M9ImRpdlRhYmxlSGVhZCI+TDwvZGl2Pgo8ZGl2IGNsYXNzPSJkaXZUYWJsZUhlYWQiPlhMPC9kaXY+CjwvZGl2Pgo8L2Rpdj4KPGRpdiBjbGFzcz0iZGl2VGFibGVCb2R5Ij4KPGRpdiBjbGFzcz0iZGl2VGFibGVSb3ciPgo8ZGl2IGNsYXNzPSJkaXZUYWJsZUNlbGxIZWFkIj5JaHIgQnJ1c3R1bWZhbmcgW2NtXTwvZGl2Pgo8ZGl2IGNsYXNzPSJkaXZUYWJsZUNlbGwiPjkyLTk3PC9kaXY+CjxkaXYgY2xhc3M9ImRpdlRhYmxlQ2VsbCI+OTctMTAyPC9kaXY+CjxkaXYgY2xhc3M9ImRpdlRhYmxlQ2VsbCI+MTAyLTEwNzwvZGl2Pgo8ZGl2IGNsYXNzPSJkaXZUYWJsZUNlbGwiPjEwNy0xMTI8L2Rpdj4KPC9kaXY+CjxkaXYgY2xhc3M9ImRpdlRhYmxlUm93Ij4KPGRpdiBjbGFzcz0iZGl2VGFibGVDZWxsSGVhZCI+SWhyZSBCcnVzdCBbaW5dPC9kaXY+CjxkaXYgY2xhc3M9ImRpdlRhYmxlQ2VsbCI+MzYtMzg8L2Rpdj4KPGRpdiBjbGFzcz0iZGl2VGFibGVDZWxsIj4zOC00MDwvZGl2Pgo8ZGl2IGNsYXNzPSJkaXZUYWJsZUNlbGwiPjQwLTQyPC9kaXY+CjxkaXYgY2xhc3M9ImRpdlRhYmxlQ2VsbCI+NDItNDQ8L2Rpdj4KPC9kaXY+CjxkaXYgY2xhc3M9ImRpdlRhYmxlUm93Ij4KPGRpdiBjbGFzcz0iZGl2VGFibGVDZWxsSGVhZCI+QnJ1c3R1bWZhbmcgZGVzIFQtU2hpcnRzIFtjbV08L2Rpdj4KPGRpdiBjbGFzcz0iZGl2VGFibGVDZWxsIj4xMDI8L2Rpdj4KPGRpdiBjbGFzcz0iZGl2VGFibGVDZWxsIj4xMDg8L2Rpdj4KPGRpdiBjbGFzcz0iZGl2VGFibGVDZWxsIj4xMTQ8L2Rpdj4KPGRpdiBjbGFzcz0iZGl2VGFibGVDZWxsIj4xMjA8L2Rpdj4KPC9kaXY+CjxkaXYgY2xhc3M9ImRpdlRhYmxlUm93Ij4KPGRpdiBjbGFzcz0iZGl2VGFibGVDZWxsSGVhZCI+TMOkbmdlIGRlcyBULVNoaXJ0cyBbY21dPC9kaXY+CjxkaXYgY2xhc3M9ImRpdlRhYmxlQ2VsbCI+NzAsNTwvZGl2Pgo8ZGl2IGNsYXNzPSJkaXZUYWJsZUNlbGwiPjczPC9kaXY+CjxkaXYgY2xhc3M9ImRpdlRhYmxlQ2VsbCI+NzUsNTwvZGl2Pgo8ZGl2IGNsYXNzPSJkaXZUYWJsZUNlbGwiPjc4PC9kaXY+CjwvZGl2Pgo8L2Rpdj4KPC9kaXY+CjwhLS0gRGl2VGFibGUuY29tIC0tPg==[\/vc_raw_html][\/vc_column_inner][\/vc_row_inner][\/vc_column][\/vc_row][vc_row][vc_column][vc_empty_space height=&#8221;48px&#8221;][\/vc_column][\/vc_row]<\/p>\n<\/div>","protected":false},"excerpt":{"rendered":"<p>[vc_row][vc_column][vc_custom_heading text=&#8221;Gr\u00f6\u00dfentabelle f\u00fcr nologo-Produkte&#8221; font_container=&#8221;tag:h1|text_align:center&#8221; use_theme_fonts=&#8221;yes&#8221;][vc_empty_space height=&#8221;24px&#8221;][vc_column_text css=&#8221;&#8221;]Anhand der folgenden Tabellen finden Sie die richtige Gr\u00f6\u00dfe f\u00fcr Socken, Funktionsunterw\u00e4sche und T-Shirts von nologo. Jede Tabelle orientiert sich an Standardma\u00dfen und bietet eine Kurzanleitung f\u00fcr Zwischengr\u00f6\u00dfen, bevorzugte Passformen (eng anliegend vs. locker) und wie die einzelnen Produkte am K\u00f6rper sitzen sollen.[\/vc_column_text][\/vc_column][\/vc_row][vc_row equal_height=&#8221;yes&#8221; content_placement=&#8221;middle&#8221;][vc_column][vc_row_inner][vc_column_inner][vc_empty_space height=&#8221;48px&#8221;][vc_custom_heading text=&#8221;Klassische Radsocken&#8221; &hellip;<\/p>\n","protected":false},"author":1,"featured_media":0,"parent":0,"menu_order":0,"comment_status":"closed","ping_status":"closed","template":"","meta":{"footnotes":""},"class_list":["post-1889","page","type-page","status-publish","hentry"],"_links":{"self":[{"href":"https:\/\/nologo.cc\/de\/wp-json\/wp\/v2\/pages\/1889","targetHints":{"allow":["GET"]}}],"collection":[{"href":"https:\/\/nologo.cc\/de\/wp-json\/wp\/v2\/pages"}],"about":[{"href":"https:\/\/nologo.cc\/de\/wp-json\/wp\/v2\/types\/page"}],"author":[{"embeddable":true,"href":"https:\/\/nologo.cc\/de\/wp-json\/wp\/v2\/users\/1"}],"replies":[{"embeddable":true,"href":"https:\/\/nologo.cc\/de\/wp-json\/wp\/v2\/comments?post=1889"}],"version-history":[{"count":0,"href":"https:\/\/nologo.cc\/de\/wp-json\/wp\/v2\/pages\/1889\/revisions"}],"wp:attachment":[{"href":"https:\/\/nologo.cc\/de\/wp-json\/wp\/v2\/media?parent=1889"}],"curies":[{"name":"wp","href":"https:\/\/api.w.org\/{rel}","templated":true}]}}