{"id":1890,"date":"2023-11-14T18:49:45","date_gmt":"2023-11-14T17:49:45","guid":{"rendered":"https:\/\/nologo.wordpress.rzeszow.pl\/versandinformationen\/"},"modified":"2025-01-11T17:44:53","modified_gmt":"2025-01-11T16:44:53","slug":"versandinformationen","status":"publish","type":"page","link":"https:\/\/nologo.cc\/de\/versandinformationen\/","title":{"rendered":"Versandinformationen"},"content":{"rendered":"<div class=\"wpb-content-wrapper\"><p>[vc_row type=&#8221;boxed&#8221;][vc_column][vc_empty_space height=&#8221;48px&#8221;][vc_column_text]<\/p>\n<h1>Versandinformationen<\/h1>\n<p>[\/vc_column_text][vc_empty_space height=&#8221;48px&#8221;][\/vc_column][\/vc_row][vc_row type=&#8221;boxed&#8221;][vc_column][vc_column_text]<strong>Wir versenden derzeit nach:<\/strong><br \/>\n Weltweiter Versand m\u00f6glich. Eventuelle Ausschl\u00fcsse werden auf der Checkout-Seite angezeigt.<\/p>\n<p>Wenn beim Bezahlvorgang f\u00fcr eine angegebene Adresse keine Versandart angezeigt wird, bedeutet das, dass wir die Ware zu diesem Zeitpunkt leider nicht an Sie versenden k\u00f6nnen.[\/vc_column_text][vc_empty_space]\r\n\t\t\t<div class=\"nm_btn_align_center\">\r\n\t\t\t\t<a href=\"https:\/\/nologo.cc\/order-tracking\/\" class=\"nm_btn nm_btn_md nm_btn_filled_rounded\" title=\"Shipment Tracking\">\r\n\t\t\t\t\t<span class=\"nm_btn_title\">Sendungsverfolgung<\/span>\r\n\t\t\t\t\t<span class=\"nm_btn_bg\" style=\"background-color:#3a3a3a;\"><\/span>\r\n\t\t\t\t<\/a>\r\n\t\t\t<\/div>[\/vc_column][\/vc_row][vc_row type=&#8221;boxed&#8221;][vc_column][vc_empty_space][vc_separator title=&#8221;Shipping Methods&#8221; title_tag=&#8221;h2&#8243;][vc_empty_space][vc_column_text]Ab M\u00e4rz 2020 f\u00fchren wir den Versand auf zwei Arten durch:<\/p>\n<ol>\n<li><strong>UPS-Kurierzustellung<\/strong> \u2013 vollst\u00e4ndig r\u00fcckverfolgbarer, registrierter Kurierdienst mit gesch\u00e4tzter Lieferzeit f\u00fcr jedes Paket einzeln<\/li>\n<li><strong>Internationaler Priority-Postdienst<\/strong> \u2013 vollst\u00e4ndig r\u00fcckverfolgbarer, eingeschriebener Postdienst.<\/li>\n<\/ol>\n<p>Alle Sendungen werden registriert, so dass es m\u00f6glich ist, ihren Status \u00fcber Websites zu \u00fcberpr\u00fcfen, die Postverfolgung anbieten.[\/vc_column_text][\/vc_column][\/vc_row][vc_row type=&#8221;boxed&#8221;][vc_column][vc_empty_space][vc_separator title=&#8221;Free Shipping&#8221; title_tag=&#8221;h2&#8243;][vc_empty_space][vc_column_text]Wir bieten kostenlosen Versand zu folgenden Konditionen an:<\/p>\n<ul>\n<li><strong>Weltweit:<\/strong> Kostenloser Versand mit International Mail f\u00fcr Bestellungen \u00fcber 80 \u20ac<\/li>\n<li><strong>Nordamerika + Indien:<\/strong> Kostenloser Versand mit UPS Expressed f\u00fcr Bestellungen \u00fcber 100 \u20ac<\/li>\n<li><strong>Japan + Taiwan:<\/strong> Kostenloser Versand mit UPS Expressed f\u00fcr Bestellungen \u00fcber 150 \u20ac<\/li>\n<li><strong>Alle Standorte:<\/strong> Die Optionen werden auf der Checkout-Seite angezeigt, wenn die Lieferadresse angegeben wird.<\/li>\n<\/ul>\n<p>[\/vc_column_text][\/vc_column][\/vc_row][vc_row type=&#8221;boxed&#8221;][vc_column][vc_empty_space][vc_separator title=&#8221;Pricing&#8221; title_tag=&#8221;h2&#8243;][vc_empty_space][vc_column_text]<strong>UPS-Kurierzustellung<\/strong> \u2013 der Preis wird an der Kasse abh\u00e4ngig von der angegebenen Lieferadresse berechnet, unabh\u00e4ngig davon, wie viele Artikel Sie bestellen.<br \/>\n<strong>Internationaler Versand<\/strong> \u2013 Pauschalgeb\u00fchr von 7 \u20ac, unabh\u00e4ngig davon, wie viele Artikel Sie bestellen.<br \/>\nDenken Sie daran, dass auch solche kleinen Sendungen einer Zollabfertigung unterliegen k\u00f6nnen.<br \/>\nAlle zus\u00e4tzlichen Kosten im Zusammenhang mit den Zollgeb\u00fchren gem\u00e4\u00df dem Recht Ihres Landes bleiben beim K\u00e4ufer.[\/vc_column_text][\/vc_column][\/vc_row][vc_row type=&#8221;boxed&#8221;][vc_column][vc_empty_space][vc_separator title=&#8221;Delivery time&#8221; title_tag=&#8221;h2&#8243;][vc_empty_space][vc_column_text]<strong>Internationale Post<\/strong><\/p>\n<ul>\n<li>in den L\u00e4ndern der Zone A (Europa einschlie\u00dflich Zypern, ganz Russland und Israel) bis zum f\u00fcnften Werktag nach dem Tag der Aufgabe (D + 5),<\/li>\n<li>in den L\u00e4ndern der Zone B (Nordamerika, Afrika), C (S\u00fcdamerika, Mittelamerika und Asien), D (Australien und Ozeanien) bis zum zehnten Werktag nach dem Tag der Aufgabe (D + 10).<\/li>\n<\/ul>\n<p>Sendungen, die nach 13:00 Uhr eingehen, gelten als am Folgetag aufgegeben.<br \/>\nBei den angegebenen Lieferfristen handelt es sich um voraussichtliche Termine, die auf der Grundlage des akzeptierten Lieferstandards ermittelt werden, der im Fall der Zonen A, B, C und D 85 % betr\u00e4gt.<\/p>\n<p><strong>UPS<\/strong><\/p>\n<p>Alle Gebiete: 2\u20137 Werktage.[\/vc_column_text][\/vc_column][\/vc_row]<\/p>\n<\/div>","protected":false},"excerpt":{"rendered":"<p>[vc_row type=&#8221;boxed&#8221;][vc_column][vc_empty_space height=&#8221;48px&#8221;][vc_column_text] Versandinformationen [\/vc_column_text][vc_empty_space height=&#8221;48px&#8221;][\/vc_column][\/vc_row][vc_row type=&#8221;boxed&#8221;][vc_column][vc_column_text]Wir versenden derzeit nach: Weltweiter Versand m\u00f6glich. Eventuelle Ausschl\u00fcsse werden auf der Checkout-Seite angezeigt. Wenn beim Bezahlvorgang f\u00fcr eine angegebene Adresse keine Versandart angezeigt wird, bedeutet das, dass wir die Ware zu diesem Zeitpunkt leider nicht an Sie versenden k\u00f6nnen.[\/vc_column_text][vc_empty_space][\/vc_column][\/vc_row][vc_row type=&#8221;boxed&#8221;][vc_column][vc_empty_space][vc_separator title=&#8221;Shipping Methods&#8221; title_tag=&#8221;h2&#8243;][vc_empty_space][vc_column_text]Ab M\u00e4rz 2020 f\u00fchren wir den &hellip;<\/p>\n","protected":false},"author":1,"featured_media":0,"parent":0,"menu_order":0,"comment_status":"closed","ping_status":"closed","template":"","meta":{"footnotes":""},"class_list":["post-1890","page","type-page","status-publish","hentry"],"_links":{"self":[{"href":"https:\/\/nologo.cc\/de\/wp-json\/wp\/v2\/pages\/1890","targetHints":{"allow":["GET"]}}],"collection":[{"href":"https:\/\/nologo.cc\/de\/wp-json\/wp\/v2\/pages"}],"about":[{"href":"https:\/\/nologo.cc\/de\/wp-json\/wp\/v2\/types\/page"}],"author":[{"embeddable":true,"href":"https:\/\/nologo.cc\/de\/wp-json\/wp\/v2\/users\/1"}],"replies":[{"embeddable":true,"href":"https:\/\/nologo.cc\/de\/wp-json\/wp\/v2\/comments?post=1890"}],"version-history":[{"count":0,"href":"https:\/\/nologo.cc\/de\/wp-json\/wp\/v2\/pages\/1890\/revisions"}],"wp:attachment":[{"href":"https:\/\/nologo.cc\/de\/wp-json\/wp\/v2\/media?parent=1890"}],"curies":[{"name":"wp","href":"https:\/\/api.w.org\/{rel}","templated":true}]}}