{"id":1910,"date":"2023-12-30T18:57:29","date_gmt":"2023-12-30T17:57:29","guid":{"rendered":"https:\/\/nologo.wordpress.rzeszow.pl\/werden-sie-haendler\/"},"modified":"2024-11-09T20:06:14","modified_gmt":"2024-11-09T19:06:14","slug":"werden-sie-haendler","status":"publish","type":"page","link":"https:\/\/nologo.cc\/de\/werden-sie-haendler\/","title":{"rendered":"Werden Sie H\u00e4ndler"},"content":{"rendered":"<div class=\"wpb-content-wrapper\"><p>[vc_row][vc_column offset=&#8221;vc_col-md-offset-1 vc_col-md-10&#8243;][vc_empty_space height=&#8221;48px&#8221;][vc_column_text]<\/p>\n<h1>Werden Sie Nologo-H\u00e4ndler<\/h1>\n<p>[\/vc_column_text][vc_empty_space height=&#8221;48px&#8221;][\/vc_column][\/vc_row][vc_row type=&#8221;boxed&#8221; disable_element=&#8221;yes&#8221;][vc_column][vc_single_image image=&#8221;1165&#8243; img_size=&#8221;full&#8221; alignment=&#8221;center&#8221;][vc_empty_space][\/vc_column][\/vc_row][vc_row css=&#8221;.vc_custom_1433253829272{padding-top: 47px !important;padding-bottom: 54px !important;}&#8221;][vc_column width=&#8221;1\/3&#8243; offset=&#8221;vc_col-md-offset-1&#8243;][vc_column_text]<\/p>\n<h4>Unsere Perspektive<\/h4>\n<p>[\/vc_column_text][vc_empty_space][\/vc_column][vc_column width=&#8221;2\/3&#8243; offset=&#8221;vc_col-md-6&#8243;][vc_column_text]Von Beginn unserer Reise an besteht die Mission von nologo darin:<\/p>\n<ul>\n<li>bieten Radsocken von bester Qualit\u00e4t<\/li>\n<li>Behalten Sie das minimalistische Design bei<\/li>\n<li>stehen f\u00fcr Eleganz im Sport<\/li>\n<li>Den Kundenservice auf h\u00f6chstem Niveau halten<\/li>\n<li>Verwendung biologisch abbaubarer Materialien und \u00f6kologischer Verpackungen<\/li>\n<li>Arbeiten Sie mit den besten Fachleuten zusammen<\/li>\n<li>Radfahren als einen Sport f\u00f6rdern, der Menschen verbindet<\/li>\n<li>sch\u00f6ne Orte einem breiteren Publikum zeigen<\/li>\n<li>reisen, die Welt sehen<\/li>\n<\/ul>\n<p>[\/vc_column_text][vc_empty_space height=&#8221;16px&#8221;][vc_column_text]Deshalb wollen wir Kooperationen mit Fahrradgesch\u00e4ften auf der ganzen Welt aufbauen. Wenn Sie ein geschmackvolles Gesch\u00e4ft betreiben und unsere Produkte anbieten m\u00f6chten oder jemanden kennen, der ein tolles Fahrradgesch\u00e4ft betreibt und an einer Zusammenarbeit mit uns interessiert sein k\u00f6nnte, lassen Sie es uns (oder die Person) wissen.<\/p>\n<p>Die interessantesten M\u00f6glichkeiten f\u00fcr uns sind Gesch\u00e4fte an abgelegenen Standorten wie Australien, den USA, Kanada, Neuseeland oder Hongkong.<\/p>\n<p>Selbstverst\u00e4ndlich sind wir offen f\u00fcr jegliche Kooperationsm\u00f6glichkeiten, auch von Standorten in der N\u00e4he unseres B\u00fcros.<\/p>\n<p>Wir sind an langfristigen, freundschaftlichen Beziehungen zu unseren Partnern interessiert. Wir w\u00fcrden gerne reisen und die lokale <em>(nicht nur)<\/em> Fahrradkultur in den Regionen kennenlernen, in denen unsere Partner t\u00e4tig sind.[\/vc_column_text][\/vc_column][\/vc_row][vc_row disable_element=&#8221;yes&#8221; css=&#8221;.vc_custom_1731179162237{padding-top: 47px !important;padding-bottom: 54px !important;}&#8221;][vc_column width=&#8221;1\/3&#8243; offset=&#8221;vc_col-md-offset-1&#8243;][vc_column_text]<\/p>\n<h4>Verteilung<\/h4>\n<p>[\/vc_column_text][vc_empty_space][\/vc_column][vc_column width=&#8221;2\/3&#8243; offset=&#8221;vc_col-md-6&#8243;][vc_column_text]Besitzen oder vertreten Sie ein Gesch\u00e4ft in der Benelux-Region? Dann empfehlen wir Ihnen, sich direkt an unseren Benelux-Vertriebsh\u00e4ndler Conimex zu wenden. Auf diese Weise erhalten Sie die besten Angebote und einen schnellen, auf Ihre Bed\u00fcrfnisse zugeschnittenen Service. Die Kontaktdaten von Conimex finden Sie unten.   <\/p>\n<p><a href=\"https:\/\/nologo.cc\/wp-content\/uploads\/2024\/04\/conimex-logo.svg\"><img loading=\"lazy\" decoding=\"async\" class=\"alignnone size-full wp-image-3801\" role=\"img\" src=\"https:\/\/nologo.cc\/wp-content\/uploads\/2024\/04\/conimex-logo.svg\" alt=\"\" width=\"227\" height=\"87\"><\/a><\/p>\n<p>+32 (0)56 35 50 78<br \/> <a href=\"mailto:info@conimex.be\">info@conimex.be<\/a><br \/> <a href=\"https:\/\/conimex.be\" target=\"_blank\" rel=\"nofollow noopener\">conimex.be<\/a>[\/vc_column_text][\/vc_column][\/vc_row][vc_row css=&#8221;.vc_custom_1433253829272{padding-top: 47px !important;padding-bottom: 54px !important;}&#8221;][vc_column width=&#8221;1\/3&#8243; offset=&#8221;vc_col-md-offset-1&#8243;][vc_column_text]<\/p>\n<h4>In Kontakt kommen<\/h4>\n<p>[\/vc_column_text][vc_empty_space][\/vc_column][vc_column width=&#8221;2\/3&#8243; offset=&#8221;vc_col-md-6&#8243;]\n<div class=\"wpcf7 no-js\" id=\"wpcf7-f2233-o1\" lang=\"de-DE\" dir=\"ltr\" data-wpcf7-id=\"2233\">\n<div class=\"screen-reader-response\"><p role=\"status\" aria-live=\"polite\" aria-atomic=\"true\"><\/p> <ul><\/ul><\/div>\n<form action=\"\/de\/wp-json\/wp\/v2\/pages\/1910#wpcf7-f2233-o1\" method=\"post\" class=\"wpcf7-form init\" aria-label=\"Kontaktformular\" novalidate=\"novalidate\" data-status=\"init\">\n<fieldset class=\"hidden-fields-container\"><input type=\"hidden\" name=\"_wpcf7\" value=\"2233\" \/><input type=\"hidden\" name=\"_wpcf7_version\" value=\"6.1.5\" \/><input type=\"hidden\" name=\"_wpcf7_locale\" value=\"de_DE\" \/><input type=\"hidden\" name=\"_wpcf7_unit_tag\" value=\"wpcf7-f2233-o1\" \/><input type=\"hidden\" name=\"_wpcf7_container_post\" value=\"0\" \/><input type=\"hidden\" name=\"_wpcf7_posted_data_hash\" value=\"\" \/>\n<\/fieldset>\n<p><label> Ihr Name<br \/>\n<span class=\"wpcf7-form-control-wrap\" data-name=\"your-name\"><input size=\"40\" maxlength=\"400\" class=\"wpcf7-form-control wpcf7-text wpcf7-validates-as-required\" autocomplete=\"name\" aria-required=\"true\" aria-invalid=\"false\" value=\"\" type=\"text\" name=\"your-name\" \/><\/span> <\/label>\n<\/p>\n<p><label> Deine E-Mail<br \/>\n<span class=\"wpcf7-form-control-wrap\" data-name=\"your-email\"><input size=\"40\" maxlength=\"400\" class=\"wpcf7-form-control wpcf7-email wpcf7-validates-as-required wpcf7-text wpcf7-validates-as-email\" autocomplete=\"email\" aria-required=\"true\" aria-invalid=\"false\" value=\"\" type=\"email\" name=\"your-email\" \/><\/span> <\/label>\n<\/p>\n<p><label> Name und Standort Ihres Gesch\u00e4fts<br \/>\n<span class=\"wpcf7-form-control-wrap\" data-name=\"your-store\"><input size=\"40\" maxlength=\"400\" class=\"wpcf7-form-control wpcf7-text wpcf7-validates-as-required\" aria-required=\"true\" aria-invalid=\"false\" value=\"\" type=\"text\" name=\"your-store\" \/><\/span> <\/label>\n<\/p>\n<p><label> Die Website-Adresse Ihres Shops<br \/>\n<span class=\"wpcf7-form-control-wrap\" data-name=\"your-store-website\"><input size=\"40\" maxlength=\"400\" class=\"wpcf7-form-control wpcf7-url wpcf7-validates-as-required wpcf7-text wpcf7-validates-as-url\" aria-required=\"true\" aria-invalid=\"false\" value=\"\" type=\"url\" name=\"your-store-website\" \/><\/span> <\/label>\n<\/p>\n<p><label> Ihre Nachricht (optional)<br \/>\n<span class=\"wpcf7-form-control-wrap\" data-name=\"your-message\"><textarea cols=\"40\" rows=\"10\" maxlength=\"2000\" class=\"wpcf7-form-control wpcf7-textarea\" aria-invalid=\"false\" name=\"your-message\"><\/textarea><\/span> <\/label>\n<\/p>\n<div class=\"cf7-cf-turnstile\" style=\"margin-top: 0px; margin-bottom: -15px;\"> <div id=\"cf-turnstile-cf7-2740761871\" class=\"cf-turnstile\" data-sitekey=\"0x4AAAAAAB72g31HzFzZvzma\" data-theme=\"light\" data-language=\"auto\" data-size=\"normal\" data-retry=\"auto\" data-retry-interval=\"1000\" data-refresh-expired=\"auto\" data-refresh-timeout=\"auto\" data-action=\"contact-form-7\" data-callback=\"turnstileCF7Callback\" data-appearance=\"always\"><\/div> <script>document.addEventListener(\"DOMContentLoaded\", function() { setTimeout(function(){ var e=document.getElementById(\"cf-turnstile-cf7-2740761871\"); if(e&&!e.innerHTML.trim()){turnstile.render(e, {sitekey:\"0x4AAAAAAB72g31HzFzZvzma\"});} }, 200); });<\/script> <br class=\"cf-turnstile-br cf-turnstile-br-cf7-2740761871\"> <style>#cf-turnstile-cf7-2740761871 { margin-left: -15px; }<\/style> <script>document.addEventListener(\"DOMContentLoaded\",function(){document.querySelectorAll('.wpcf7-form').forEach(function(e){e.addEventListener('submit',function(){if(document.getElementById('cf-turnstile-cf7-2740761871')){setTimeout(function(){turnstile.reset('#cf-turnstile-cf7-2740761871');},1000)}})})});<\/script> <\/div><br\/><input class=\"wpcf7-form-control wpcf7-submit has-spinner\" type=\"submit\" value=\"Einreichen\" \/>\n<\/p><div class=\"wpcf7-response-output\" aria-hidden=\"true\"><\/div>\n<\/form>\n<\/div>\n[\/vc_column][\/vc_row]<\/p>\n<\/div>","protected":false},"excerpt":{"rendered":"<p>[vc_row][vc_column offset=&#8221;vc_col-md-offset-1 vc_col-md-10&#8243;][vc_empty_space height=&#8221;48px&#8221;][vc_column_text] Werden Sie Nologo-H\u00e4ndler [\/vc_column_text][vc_empty_space height=&#8221;48px&#8221;][\/vc_column][\/vc_row][vc_row type=&#8221;boxed&#8221; disable_element=&#8221;yes&#8221;][vc_column][vc_single_image image=&#8221;1165&#8243; img_size=&#8221;full&#8221; alignment=&#8221;center&#8221;][vc_empty_space][\/vc_column][\/vc_row][vc_row css=&#8221;.vc_custom_1433253829272{padding-top: 47px !important;padding-bottom: 54px !important;}&#8221;][vc_column width=&#8221;1\/3&#8243; offset=&#8221;vc_col-md-offset-1&#8243;][vc_column_text] Unsere Perspektive [\/vc_column_text][vc_empty_space][\/vc_column][vc_column width=&#8221;2\/3&#8243; offset=&#8221;vc_col-md-6&#8243;][vc_column_text]Von Beginn unserer Reise an besteht die Mission von nologo darin: bieten Radsocken von bester Qualit\u00e4t Behalten Sie das minimalistische Design bei stehen f\u00fcr Eleganz im Sport Den Kundenservice auf &hellip;<\/p>\n","protected":false},"author":1,"featured_media":0,"parent":0,"menu_order":0,"comment_status":"closed","ping_status":"closed","template":"","meta":{"footnotes":""},"class_list":["post-1910","page","type-page","status-publish","hentry"],"_links":{"self":[{"href":"https:\/\/nologo.cc\/de\/wp-json\/wp\/v2\/pages\/1910","targetHints":{"allow":["GET"]}}],"collection":[{"href":"https:\/\/nologo.cc\/de\/wp-json\/wp\/v2\/pages"}],"about":[{"href":"https:\/\/nologo.cc\/de\/wp-json\/wp\/v2\/types\/page"}],"author":[{"embeddable":true,"href":"https:\/\/nologo.cc\/de\/wp-json\/wp\/v2\/users\/1"}],"replies":[{"embeddable":true,"href":"https:\/\/nologo.cc\/de\/wp-json\/wp\/v2\/comments?post=1910"}],"version-history":[{"count":0,"href":"https:\/\/nologo.cc\/de\/wp-json\/wp\/v2\/pages\/1910\/revisions"}],"wp:attachment":[{"href":"https:\/\/nologo.cc\/de\/wp-json\/wp\/v2\/media?parent=1910"}],"curies":[{"name":"wp","href":"https:\/\/api.w.org\/{rel}","templated":true}]}}