{"id":1929,"date":"2023-11-14T18:53:50","date_gmt":"2023-11-14T17:53:50","guid":{"rendered":"https:\/\/nologo.wordpress.rzeszow.pl\/rueckgabe-und-umtausch\/"},"modified":"2024-02-29T19:06:21","modified_gmt":"2024-02-29T18:06:21","slug":"rueckgabe-und-umtausch","status":"publish","type":"page","link":"https:\/\/nologo.cc\/de\/rueckgabe-und-umtausch\/","title":{"rendered":"R\u00fcckgabe und Umtausch"},"content":{"rendered":"<div class=\"wpb-content-wrapper\"><p>[vc_row type=&#8221;boxed&#8221;][vc_column][vc_empty_space height=&#8221;48px&#8221;][vc_column_text]<\/p>\n<h1>R\u00fcckgabe und Umtausch<\/h1>\n<p>[\/vc_column_text][vc_empty_space height=&#8221;48px&#8221;][\/vc_column][\/vc_row][vc_row type=&#8221;boxed&#8221;][vc_column][vc_column_text]<\/p>\n<h3>Kehrt zur\u00fcck:<\/h3>\n<ul>\n<li>Sie haben das Recht, den Kaufvertrag innerhalb von 14 Tagen ab Lieferdatum zu widerrufen.<\/li>\n<li>Die R\u00fccktrittserkl\u00e4rung vom Kaufvertrag sollte schriftlich erfolgen. Es reicht aus, die Abrechnung und die retournierte Ware innerhalb der Frist per Post oder Kurierdienst an die unten angegebene Adresse zu senden.<\/li>\n<li>Die Ware ist in vollst\u00e4ndigem und unver\u00e4ndertem Zustand zur\u00fcckzusenden.<\/li>\n<li>Nach \u00dcberpr\u00fcfung des Zustands der zur\u00fcckgegebenen Waren erstatten wir Ihnen Zahlungen sp\u00e4testens 14 Tage nach dem Datum Ihres Widerrufs zur\u00fcck, sofern diese vollst\u00e4ndig und unver\u00e4ndert bleiben.<\/li>\n<li>Die Kosten f\u00fcr die R\u00fccksendung der Ware gehen zu Ihren Lasten.<\/li>\n<li>Wir akzeptieren keine Nachnahmepakete.<\/li>\n<\/ul>\n<p>Detaillierte R\u00fcckgabebedingungen finden Sie in <a href=\"https:\/\/nologo.cc\/de\/geschaeftsbedingungen\/\">den Allgemeinen Gesch\u00e4ftsbedingungen.<\/a>[\/vc_column_text][vc_empty_space][vc_column_text]<\/p>\n<h3>Warenwechsel (andere Gr\u00f6\u00dfe oder Farbe)<\/h3>\n<ul>\n<li>Wir k\u00f6nnen die Ware zu \u00e4hnlichen Konditionen wie im Falle einer Retoure umtauschen.<\/li>\n<li>Die Erkl\u00e4rung \u00fcber den Umtausch der gekauften Waren muss innerhalb von 14 Tagen ab dem Lieferdatum schriftlich eingereicht werden. Es reicht aus, die Abrechnung und die retournierte Ware innerhalb der Frist per Post oder Kurierdienst an die unten angegebene Adresse zu senden.<\/li>\n<li>Die Ware ist in vollst\u00e4ndigem und unver\u00e4ndertem Zustand zur\u00fcckzusenden.<\/li>\n<li>Nach \u00dcberpr\u00fcfung des Zustands der zur\u00fcckgegebenen Waren und sofern diese vollst\u00e4ndig und unver\u00e4ndert bleiben, versenden wir die umgetauschten Waren sp\u00e4testens 14 Tage nach dem Datum Ihres Widerrufs.<\/li>\n<li>Die Kosten f\u00fcr die R\u00fccksendung und erneute Zusendung der Ware gehen zu Ihren Lasten \u2013 wir informieren Sie \u00fcber die Vorgehensweise bei der Zahlung der R\u00fccksendegeb\u00fchr.<\/li>\n<li>Wir akzeptieren keine Nachnahmepakete.<\/li>\n<\/ul>\n<p>[\/vc_column_text][vc_empty_space][vc_column_text]<\/p>\n<h3>R\u00fcckgabe-\/Umtauschformular herunterladen:<\/h3>\n<p>[\/vc_column_text]\r\n\t\t\t<div class=\"nm_btn_align_center\">\r\n\t\t\t\t<a href=\"https:\/\/nologo.cc\/wp-content\/uploads\/2022\/10\/nologo-return-exchange-form-1.pdf\" class=\"nm_btn nm_btn_lg nm_btn_filled\"target=\"_blank\">\r\n\t\t\t\t\t<span class=\"nm_btn_title\">return exchange form<\/span>\r\n\t\t\t\t\t<span class=\"nm_btn_bg\" style=\"background-color:#0a0a0a;\"><\/span>\r\n\t\t\t\t<\/a>\r\n\t\t\t<\/div>[vc_empty_space][\/vc_column][\/vc_row]<\/p>\n<\/div>","protected":false},"excerpt":{"rendered":"<p>[vc_row type=&#8221;boxed&#8221;][vc_column][vc_empty_space height=&#8221;48px&#8221;][vc_column_text] R\u00fcckgabe und Umtausch [\/vc_column_text][vc_empty_space height=&#8221;48px&#8221;][\/vc_column][\/vc_row][vc_row type=&#8221;boxed&#8221;][vc_column][vc_column_text] Kehrt zur\u00fcck: Sie haben das Recht, den Kaufvertrag innerhalb von 14 Tagen ab Lieferdatum zu widerrufen. Die R\u00fccktrittserkl\u00e4rung vom Kaufvertrag sollte schriftlich erfolgen. Es reicht aus, die Abrechnung und die retournierte Ware innerhalb der Frist per Post oder Kurierdienst an die unten angegebene Adresse zu senden. &hellip;<\/p>\n","protected":false},"author":1,"featured_media":0,"parent":0,"menu_order":0,"comment_status":"closed","ping_status":"closed","template":"","meta":{"footnotes":""},"class_list":["post-1929","page","type-page","status-publish","hentry"],"_links":{"self":[{"href":"https:\/\/nologo.cc\/de\/wp-json\/wp\/v2\/pages\/1929","targetHints":{"allow":["GET"]}}],"collection":[{"href":"https:\/\/nologo.cc\/de\/wp-json\/wp\/v2\/pages"}],"about":[{"href":"https:\/\/nologo.cc\/de\/wp-json\/wp\/v2\/types\/page"}],"author":[{"embeddable":true,"href":"https:\/\/nologo.cc\/de\/wp-json\/wp\/v2\/users\/1"}],"replies":[{"embeddable":true,"href":"https:\/\/nologo.cc\/de\/wp-json\/wp\/v2\/comments?post=1929"}],"version-history":[{"count":0,"href":"https:\/\/nologo.cc\/de\/wp-json\/wp\/v2\/pages\/1929\/revisions"}],"wp:attachment":[{"href":"https:\/\/nologo.cc\/de\/wp-json\/wp\/v2\/media?parent=1929"}],"curies":[{"name":"wp","href":"https:\/\/api.w.org\/{rel}","templated":true}]}}