{"id":1941,"date":"2024-01-28T13:58:00","date_gmt":"2024-01-28T12:58:00","guid":{"rendered":"https:\/\/nologo.wordpress.rzeszow.pl\/kontaktiere-uns\/"},"modified":"2024-02-29T19:06:24","modified_gmt":"2024-02-29T18:06:24","slug":"kontaktiere-uns","status":"publish","type":"page","link":"https:\/\/nologo.cc\/de\/kontaktiere-uns\/","title":{"rendered":"Kontaktiere uns"},"content":{"rendered":"<div class=\"wpb-content-wrapper\"><p>[vc_row type=&#8221;boxed&#8221;][vc_column offset=&#8221;vc_col-md-offset-1 vc_col-md-10&#8243;][vc_empty_space height=&#8221;47px&#8221;][vc_column_text]<\/p>\n<h1 class=\"entry-title\">Kontaktiere uns<\/h1>\n<p>[\/vc_column_text][vc_empty_space height=&#8221;47px&#8221;][\/vc_column][\/vc_row][vc_row type=&#8221;boxed&#8221; css=&#8221;.vc_custom_1707595200258{padding-top: 48px !important;}&#8221;][vc_column width=&#8221;1\/3&#8243; offset=&#8221;vc_col-md-offset-1&#8243;][vc_column_text]<\/p>\n<h4>Praktische Information<\/h4>\n<p>[\/vc_column_text][vc_empty_space height=&#8221;17px&#8221;][\/vc_column][vc_column width=&#8221;2\/3&#8243; offset=&#8221;vc_col-md-6&#8243;][vc_column_text]Kontaktieren Sie uns gerne \u00fcber verschiedene Kan\u00e4le. Sie k\u00f6nnen eine E-Mail an <a href=\"mailto:shop@nologo.cc\" target=\"_new\" rel=\"noopener\">shop@nologo.cc<\/a> senden, sich \u00fcber soziale Medien mit uns verbinden oder bequem das unten bereitgestellte Formular verwenden.<\/p>\n<p>Unser Kundenservice ist von Montag bis Freitag von 10 bis 16 Uhr besetzt. Hinterlassen Sie Ihre Nachricht im Formular und unser Team wird sich umgehend bei Ihnen melden. Um Ihr Erlebnis noch weiter zu verbessern, haben wir seit 2023 eine Antwortrichtlinie am selben Tag eingef\u00fchrt, um eine schnelle und effiziente Unterst\u00fctzung zu gew\u00e4hrleisten.[\/vc_column_text][\/vc_column][\/vc_row][vc_row type=&#8221;boxed&#8221; css=&#8221;.vc_custom_1707595209148{padding-top: 47px !important;padding-bottom: 54px !important;}&#8221;][vc_column width=&#8221;1\/3&#8243; offset=&#8221;vc_col-md-offset-1&#8243;][vc_column_text]<\/p>\n<h4>In Kontakt kommen<\/h4>\n<p>[\/vc_column_text][vc_empty_space height=&#8221;23px&#8221;][\/vc_column][vc_column width=&#8221;2\/3&#8243; offset=&#8221;vc_col-md-6&#8243;]\n<div class=\"wpcf7 no-js\" id=\"wpcf7-f2298-o1\" lang=\"de-DE\" dir=\"ltr\" data-wpcf7-id=\"2298\">\n<div class=\"screen-reader-response\"><p role=\"status\" aria-live=\"polite\" aria-atomic=\"true\"><\/p> <ul><\/ul><\/div>\n<form action=\"\/de\/wp-json\/wp\/v2\/pages\/1941#wpcf7-f2298-o1\" method=\"post\" class=\"wpcf7-form init\" aria-label=\"Kontaktformular\" novalidate=\"novalidate\" data-status=\"init\">\n<fieldset class=\"hidden-fields-container\"><input type=\"hidden\" name=\"_wpcf7\" value=\"2298\" \/><input type=\"hidden\" name=\"_wpcf7_version\" value=\"6.1.5\" \/><input type=\"hidden\" name=\"_wpcf7_locale\" value=\"de_DE\" \/><input type=\"hidden\" name=\"_wpcf7_unit_tag\" value=\"wpcf7-f2298-o1\" \/><input type=\"hidden\" name=\"_wpcf7_container_post\" value=\"0\" \/><input type=\"hidden\" name=\"_wpcf7_posted_data_hash\" value=\"\" \/>\n<\/fieldset>\n<p><label> Ihr Name<br \/>\n<span class=\"wpcf7-form-control-wrap\" data-name=\"your-name\"><input size=\"40\" maxlength=\"400\" class=\"wpcf7-form-control wpcf7-text wpcf7-validates-as-required\" autocomplete=\"name\" aria-required=\"true\" aria-invalid=\"false\" value=\"\" type=\"text\" name=\"your-name\" \/><\/span> <\/label>\n<\/p>\n<p><label> Deine E-Mail<br \/>\n<span class=\"wpcf7-form-control-wrap\" data-name=\"your-email\"><input size=\"40\" maxlength=\"400\" class=\"wpcf7-form-control wpcf7-email wpcf7-validates-as-required wpcf7-text wpcf7-validates-as-email\" autocomplete=\"email\" aria-required=\"true\" aria-invalid=\"false\" value=\"\" type=\"email\" name=\"your-email\" \/><\/span> <\/label>\n<\/p>\n<p><label> Bestell-ID (leer lassen, falls nicht zutreffend):<br \/>\n<span class=\"wpcf7-form-control-wrap\" data-name=\"order-id\"><input size=\"40\" maxlength=\"400\" class=\"wpcf7-form-control wpcf7-text\" aria-invalid=\"false\" value=\"\" type=\"text\" name=\"order-id\" \/><\/span> <\/label>\n<\/p>\n<p><label> Ihre Nachricht (optional)<br \/>\n<span class=\"wpcf7-form-control-wrap\" data-name=\"your-message\"><textarea cols=\"40\" rows=\"10\" maxlength=\"2000\" class=\"wpcf7-form-control wpcf7-textarea wpcf7-validates-as-required\" aria-required=\"true\" aria-invalid=\"false\" name=\"your-message\"><\/textarea><\/span> <\/label>\n<\/p>\n<p><span class=\"wpcf7-form-control-wrap\" data-name=\"acceptance-763\"><span class=\"wpcf7-form-control wpcf7-acceptance\"><span class=\"wpcf7-list-item\"><label><input type=\"checkbox\" name=\"acceptance-763\" value=\"1\" class=\"acceptance-763\" aria-invalid=\"false\" \/><span class=\"wpcf7-list-item-label\">Ich stimme der Verarbeitung meiner personenbezogenen Daten gem\u00e4\u00df dem Gesetz zum Schutz personenbezogener Daten zur Bearbeitung der Kontaktanfrage zu. Die Angabe der Daten ist freiwillig, aber f\u00fcr die Bearbeitung der Anfrage erforderlich. Ich wurde dar\u00fcber informiert, dass ich das Recht habe, auf meine Daten zuzugreifen, sie zu korrigieren und die Einstellung ihrer Verarbeitung zu verlangen. Ich wurde dar\u00fcber informiert, dass alle notwendigen Informationen zur Erhebung, Verarbeitung und Speicherung der Daten in der Datenschutzerkl\u00e4rung des Shops zu finden sind.<\/span><\/label><\/span><\/span><\/span>\n<\/p>\n<div class=\"cf7-cf-turnstile\" style=\"margin-top: 0px; margin-bottom: -15px;\"> <div id=\"cf-turnstile-cf7-1219392598\" class=\"cf-turnstile\" data-sitekey=\"0x4AAAAAAB72g31HzFzZvzma\" data-theme=\"light\" data-language=\"auto\" data-size=\"normal\" data-retry=\"auto\" data-retry-interval=\"1000\" data-refresh-expired=\"auto\" data-refresh-timeout=\"auto\" data-action=\"contact-form-7\" data-callback=\"turnstileCF7Callback\" data-appearance=\"always\"><\/div> <script>document.addEventListener(\"DOMContentLoaded\", function() { setTimeout(function(){ var e=document.getElementById(\"cf-turnstile-cf7-1219392598\"); if(e&&!e.innerHTML.trim()){turnstile.render(e, {sitekey:\"0x4AAAAAAB72g31HzFzZvzma\"});} }, 200); });<\/script> <br class=\"cf-turnstile-br cf-turnstile-br-cf7-1219392598\"> <style>#cf-turnstile-cf7-1219392598 { margin-left: -15px; }<\/style> <script>document.addEventListener(\"DOMContentLoaded\",function(){document.querySelectorAll('.wpcf7-form').forEach(function(e){e.addEventListener('submit',function(){if(document.getElementById('cf-turnstile-cf7-1219392598')){setTimeout(function(){turnstile.reset('#cf-turnstile-cf7-1219392598');},1000)}})})});<\/script> <\/div><br\/><input class=\"wpcf7-form-control wpcf7-submit has-spinner\" type=\"submit\" value=\"Submit\" \/>\n<\/p><div class=\"wpcf7-response-output\" aria-hidden=\"true\"><\/div>\n<\/form>\n<\/div>\n[\/vc_column][\/vc_row]<\/p>\n<\/div>","protected":false},"excerpt":{"rendered":"<p>[vc_row type=&#8221;boxed&#8221;][vc_column offset=&#8221;vc_col-md-offset-1 vc_col-md-10&#8243;][vc_empty_space height=&#8221;47px&#8221;][vc_column_text] Kontaktiere uns [\/vc_column_text][vc_empty_space height=&#8221;47px&#8221;][\/vc_column][\/vc_row][vc_row type=&#8221;boxed&#8221; css=&#8221;.vc_custom_1707595200258{padding-top: 48px !important;}&#8221;][vc_column width=&#8221;1\/3&#8243; offset=&#8221;vc_col-md-offset-1&#8243;][vc_column_text] Praktische Information [\/vc_column_text][vc_empty_space height=&#8221;17px&#8221;][\/vc_column][vc_column width=&#8221;2\/3&#8243; offset=&#8221;vc_col-md-6&#8243;][vc_column_text]Kontaktieren Sie uns gerne \u00fcber verschiedene Kan\u00e4le. Sie k\u00f6nnen eine E-Mail an shop@nologo.cc senden, sich \u00fcber soziale Medien mit uns verbinden oder bequem das unten bereitgestellte Formular verwenden. Unser Kundenservice ist von Montag bis Freitag &hellip;<\/p>\n","protected":false},"author":1,"featured_media":0,"parent":0,"menu_order":0,"comment_status":"closed","ping_status":"closed","template":"","meta":{"footnotes":""},"class_list":["post-1941","page","type-page","status-publish","hentry"],"_links":{"self":[{"href":"https:\/\/nologo.cc\/de\/wp-json\/wp\/v2\/pages\/1941","targetHints":{"allow":["GET"]}}],"collection":[{"href":"https:\/\/nologo.cc\/de\/wp-json\/wp\/v2\/pages"}],"about":[{"href":"https:\/\/nologo.cc\/de\/wp-json\/wp\/v2\/types\/page"}],"author":[{"embeddable":true,"href":"https:\/\/nologo.cc\/de\/wp-json\/wp\/v2\/users\/1"}],"replies":[{"embeddable":true,"href":"https:\/\/nologo.cc\/de\/wp-json\/wp\/v2\/comments?post=1941"}],"version-history":[{"count":0,"href":"https:\/\/nologo.cc\/de\/wp-json\/wp\/v2\/pages\/1941\/revisions"}],"wp:attachment":[{"href":"https:\/\/nologo.cc\/de\/wp-json\/wp\/v2\/media?parent=1941"}],"curies":[{"name":"wp","href":"https:\/\/api.w.org\/{rel}","templated":true}]}}