{"id":1948,"date":"2023-11-14T19:03:11","date_gmt":"2023-11-14T18:03:11","guid":{"rendered":"https:\/\/nologo.wordpress.rzeszow.pl\/geschaeftsbedingungen\/"},"modified":"2024-04-19T13:49:07","modified_gmt":"2024-04-19T12:49:07","slug":"geschaeftsbedingungen","status":"publish","type":"page","link":"https:\/\/nologo.cc\/de\/geschaeftsbedingungen\/","title":{"rendered":"Gesch\u00e4ftsbedingungen"},"content":{"rendered":"<div class=\"wpb-content-wrapper\"><p>[vc_row type=&#8221;boxed&#8221;][vc_column][vc_empty_space height=&#8221;47px&#8221;][vc_column_text]<\/p>\n<h1>Gesch\u00e4ftsbedingungen<\/h1>\n<p>[\/vc_column_text][vc_empty_space height=&#8221;47px&#8221;][\/vc_column][\/vc_row][vc_row type=&#8221;boxed&#8221;][vc_column][vc_column_text]<\/p>\n<h2>I. Allgemeine Bestimmungen<\/h2>\n<ol>\n<li>Diese Bestimmungen des Online-Shops nologo, im Folgenden als Allgemeine Gesch\u00e4ftsbedingungen bezeichnet, legen die Regeln f\u00fcr elektronische Dienstleistungen im Online-Shop fest, die vom Verk\u00e4ufer unter der Marke nologo, <a href=\"https:\/\/nologo.cc\/de\/\">https:\/\/nologo.cc<\/a> , bereitgestellt werden. Der Verk\u00e4ufer beh\u00e4lt sich vor, dass der Kunde verpflichtet ist, sich mit diesen Regeln vertraut zu machen.<\/li>\n<li>Definitionen<\/li>\n<\/ol>\n<p style=\"padding-left: 40px;\">Verk\u00e4ufer \u2013 der Verk\u00e4ufer ist Michal Maslowski, der sein Gesch\u00e4ft unter dem Namen Orso Michal Maslowski f\u00fchrt und in der Ul. Hetmanska 43 m. 105, 35-045 Rzesz\u00f3w, Polen, vorbehaltlich der Eintragung in das Zentralregister der Wirtschaftst\u00e4tigkeiten unter der Steueridentifikationsnummer (NIP): 8133598880, der nationalen offiziellen Unternehmensregisternummer (REGON): 380053134, auch als \u201eDienstleister\u201c bezeichnet.<\/p>\n<p style=\"padding-left: 40px;\">Den Dienstleister k\u00f6nnen Sie \u00fcber die E-Mail-Adresse shop@nologo.cc kontaktieren<\/p>\n<p style=\"padding-left: 40px;\">Shop \u2013 wird vom Verk\u00e4ufer online betrieben und ist \u00fcber die Website <a href=\"https:\/\/nologo.cc\/de\/\">https:\/\/nologo.cc<\/a> zug\u00e4nglich<\/p>\n<p style=\"padding-left: 40px;\">Lagerbestand \u2013 alle im Gesch\u00e4ft ausgestellten Waren \u2013 vom Verk\u00e4ufer hergestellte und zum Verkauf angebotene Kleidung und Accessoires.<\/p>\n<p style=\"padding-left: 40px;\">Kunde \u2013 der Benutzer des Online-Shops <a href=\"https:\/\/nologo.cc\/de\/\">https:\/\/nologo.cc<\/a><\/p>\n<p style=\"padding-left: 40px;\">Verbraucher \u2013 eine nat\u00fcrliche Person, die eine Rechtshandlung vornimmt, die nicht direkt mit ihrer gesch\u00e4ftlichen oder beruflichen T\u00e4tigkeit zusammenh\u00e4ngt (im Sinne von Art. 221 des B\u00fcrgerlichen Gesetzbuches)<\/p>\n<p style=\"padding-left: 40px;\">Zusteller \u2013 Kurierunternehmen, das mit dem Verk\u00e4ufer zusammenarbeitet.<\/p>\n<p style=\"padding-left: 40px;\">Die Kosten f\u00fcr die Lieferung von Waren sind die Kosten, die mit der Lieferung der vom Kunden bestellten Waren zwischen dem Gesch\u00e4ft und dem vom Kunden angegebenen Ort verbunden sind.<\/p>\n<p style=\"padding-left: 40px;\">Bestellung \u2013 ist eine Bestellung zum Kauf von Waren aus dem Lagerbestand, die der Kunde beim Verk\u00e4ufer erteilt.<\/p>\n<ol>\n<li>Der Administrator der personenbezogenen Daten des Kunden ist Micha\u0142 Mas\u0142owski<\/li>\n<li>Die Warenverf\u00fcgbarkeit im Gesch\u00e4ft wird von Montag bis Freitagabend aktualisiert, au\u00dfer an Feiertagen.<\/li>\n<li>Ein Einkauf im Gesch\u00e4ft ist m\u00f6glich, ohne dass im Gesch\u00e4ft ein Konto eingerichtet werden muss.<\/li>\n<li>Das Aufgeben einer Bestellung im Store ist gleichbedeutend mit der Annahme dieser Allgemeinen Gesch\u00e4ftsbedingungen.<\/li>\n<li>Der Kunde hinterlegt im Registrierungsformular verwaltungsfreie R\u00e4ume und \u00fcbergibt dem Verk\u00e4ufer ansonsten rechtswidrige Inhalte.<\/li>\n<li>Alle im Shop angebotenen Produkte sind brandneu, frei von jeglichen Sach- und Rechtsm\u00e4ngeln und wurden rechtm\u00e4\u00dfig in Verkehr gebracht.<\/li>\n<li>Der gesamte Inhalt ist auf nologo.cc verf\u00fcgbar<\/li>\n<li>Website: Texte, Fotos, Videos, grafische Gestaltungen und Designs der zum Verkauf angebotenen Produkte sind Eigentum von Orso Michal Maslowski und d\u00fcrfen ohne Wissen des Eigent\u00fcmers in keiner Weise verwendet oder kopiert werden. Sie sind durch das Gesetz vom 4. Februar 1994 \u00fcber Urheberrecht und verwandte Schutzrechte (polnisches Gesetzblatt von 1994, Nr. 24, Punkt 83, in der jeweils g\u00fcltigen Fassung) gesch\u00fctzt.<\/li>\n<\/ol>\n<h2>II. Die Abgabe und Ausf\u00fchrung von Auftr\u00e4gen<\/h2>\n<ol>\n<li>Der Verkauf von Waren basiert auf Bestellungen, die der Kunde \u00fcber den Shop aufgibt.<\/li>\n<li>Die Konsolidierung, der Schutz und die Offenlegung der relevanten Bestimmungen der mittels Fernkommunikation geschlossenen Vertr\u00e4ge erfolgt durch die \u00dcbermittlung eines Kaufbelegs (Quittung oder Rechnung) an den Kunden zusammen mit den gelieferten Produkten.<\/li>\n<li>Um im Online-Shop nologo.cc einzukaufen und gleichzeitig einen Kaufvertrag abzuschlie\u00dfen, geben Sie bitte Ihre Bestellung im Shop auf und f\u00fchren Sie die Zahlung mit einer der verf\u00fcgbaren Methoden durch.<\/li>\n<li>Bestellungen k\u00f6nnen 24 Stunden am Tag, 7 Tage die Woche aufgegeben werden.<\/li>\n<li>Die Ausf\u00fchrung der Bestellungen erfolgt w\u00e4hrend der Laden\u00f6ffnungszeiten, also von Montag bis Freitag von 8:00 bis 16:00 Uhr. Die Vertragserf\u00fcllung erfolgt innerhalb von 3 Werktagen ab Eingang der Zahlung auf unserem Konto.<\/li>\n<li>Um eine Bestellung aufzugeben, ist es nicht erforderlich, Ihre Daten auf der Website zu registrieren (eine Anmeldung ist nicht erforderlich).<\/li>\n<li>Um eine Bestellung aufzugeben, m\u00fcssen die Artikel, ggf. deren Gr\u00f6\u00dfe und Menge aus dem aktuell verf\u00fcgbaren Angebot des Shops ausgew\u00e4hlt und in den Warenkorb gelegt werden. Um eine Bestellung aufzugeben, m\u00fcssen Sie das Bestellformular mit den f\u00fcr die Vertragserf\u00fcllung erforderlichen Kontaktdaten ausf\u00fcllen und diese durch Klicken auf \u201eBestellung aufgeben\u201c absenden.<\/li>\n<li>Bis zur Genehmigung des Vertrages mit der Schaltfl\u00e4che \u201eBestellung aufgeben\u201c hat der Nutzer die M\u00f6glichkeit, \u00c4nderungen an der Bestellung und den Versanddaten vorzunehmen.<\/li>\n<li>In dieser Phase des Bestellvorgangs muss der Kunde die Richtigkeit seiner Bestellung und der Daten \u00fcberpr\u00fcfen und diese dann \u00fcber die Schaltfl\u00e4che \u201eBestellung aufgeben\u201c best\u00e4tigen.<\/li>\n<li>Nach Best\u00e4tigung der Bestellung \u00fcber die Schaltfl\u00e4che \u201eBestellung aufgeben\u201c werden dem Kunden Feedbackinformationen mit der Bestellbest\u00e4tigung und Zahlungsanweisungen zugesandt. (Diese Anweisungen sind auch im Abschnitt \u201eZahlungen\u201c der Allgemeinen Gesch\u00e4ftsbedingungen enthalten).<\/li>\n<li>Die Best\u00e4tigung durch den Kunden bedeutet die Annahme des vom Verk\u00e4ufer gemachten Verkaufsangebots f\u00fcr die im Vertrag genannten Waren. Eine solche Aktion f\u00fchrt zum Abschluss des Warenkaufvertrags zwischen dem Verk\u00e4ufer und dem Kunden.<\/li>\n<li>Nach Aufgabe einer Bestellung im Gesch\u00e4ft wird dem Kunden eine Benachrichtigung mit Informationen \u00fcber die Bestellnummer, eine Liste der gekauften Artikel, den zu zahlenden Gesamtbetrag, die Versandkosten und die Zahlungsdaten zugesandt.<\/li>\n<li>Nach der Zahlung mit einer der m\u00f6glichen Zahlungsoptionen (mehr dazu im Abschnitt \u201eZahlungen\u201c der Allgemeinen Gesch\u00e4ftsbedingungen) wird die Bestellung zur Ausf\u00fchrung angenommen und dem Kunden werden Informationen dar\u00fcber per E-Mail an die in angegebene Adresse zugesandt das Bestellformular. Hierzu z\u00e4hlen insbesondere Einzelheiten zum Vertragsschluss, zur Art der Lieferung sowie Versanddaten.<\/li>\n<li>Im Falle einer Zahlung und fehlender Best\u00e4tigung wenden Sie sich bitte an die Zahlungsinformationen des Shops unter: <u><a href=\"mailto:payments@nologo.cc\">payment@nologo.cc<\/a><\/u> <\/li>\n<\/ol>\n<h2>III. Preise der Waren<\/h2>\n<ol>\n<li>Alle im Shop aufgef\u00fchrten Preise verstehen sich in Euro und verstehen sich inklusive Mehrwertsteuer. Die auf der Checkout-Seite angezeigten Preise stellen den Gesamtbetrag dar, den Kunden f\u00fcr die von ihnen gekauften Artikel bezahlen m\u00fcssen, unabh\u00e4ngig von der Lieferadresse. F\u00fcr Kunden in der EU ist im Preis die jeweils g\u00fcltige Mehrwertsteuer enthalten.<\/li>\n<li>Kunden au\u00dferhalb der EU haben keinen Anspruch auf Rabatte oder R\u00fcckerstattungen aufgrund von Steuerunterschieden, auch wenn keine Mehrwertsteuer (oder ein gleichwertiges Produkt) anf\u00e4llt. F\u00fcr den Artikel selbst m\u00fcssen sie weiterhin den gleichen Betrag bezahlen wie EU-Kunden. Die Versandkosten k\u00f6nnen jedoch je nach Kunde unterschiedlich sein.<\/li>\n<li>Der Verk\u00e4ufer hat das Recht, die im Shop angegebenen Warenpreise zu \u00e4ndern, diese \u00c4nderungen wirken sich jedoch nicht auf zuvor aufgegebene Bestellungen und zuvor abgeschlossene Kaufvertr\u00e4ge aus.<\/li>\n<li>Der f\u00fcr jeden Artikel im Gesch\u00e4ft angegebene Preis ist bei einer Bestellung durch den Kunden bindend.<\/li>\n<li>Die im Shop aufgef\u00fchrten Artikelpreise beinhalten nicht die Kosten f\u00fcr die Lieferung der Waren und die Servicekosten f\u00fcr Zahlungen. Diese Kosten tr\u00e4gt der Kunde.<\/li>\n<li>Die Kosten f\u00fcr die Lieferung der Waren werden auf der Warenkorbseite und vor der endg\u00fcltigen Abgabe der Bestellung durch den Kunden angezeigt und h\u00e4ngen von der vom Kunden gew\u00e4hlten Warenmenge ab.<\/li>\n<\/ol>\n<h2>IV. Ausf\u00fchrungszeit der Bestellung<\/h2>\n<ol>\n<li>Der Verk\u00e4ufer f\u00fchrt Bestellungen innerhalb von 1-3 Werktagen ab dem Rechnungsdatum der Zahlung f\u00fcr die Bestellung aus.<\/li>\n<li>Bestellungen, die an arbeitsfreien Tagen aufgegeben werden, werden ab dem ersten Werktag nach dem Ruhetag ausgef\u00fchrt.<\/li>\n<li>Die Versand- und Lieferzeit errechnet sich aus der Anzahl der Tage, die f\u00fcr die Bearbeitung der Bestellung vor dem Versand ben\u00f6tigt werden, plus der Zeit, die f\u00fcr die Zustellung des Pakets ben\u00f6tigt wird.<\/li>\n<li>Die Lieferzeit wird von Poczta Polska in folgender Form angegeben:<\/li>\n<\/ol>\n<p>L\u00e4nder der A-Zone (Europa einschlie\u00dflich Zypern, ganz Russland und Israel) f\u00fcr den dritten Werktag nach der Ver\u00f6ffentlichung (D + 3)<\/p>\n<p>in den B-Zonen-L\u00e4ndern (Nordamerika, Afrika), C (S\u00fcdamerika, Mittelamerika und Asien), D (Australien und Ozeanien) am f\u00fcnften Werktag nach dem Tag der Aufgabe (D + 5).<\/p>\n<p>Sendungen, die nach 13.00 Uhr eingeliefert werden, gelten als am n\u00e4chsten Tag eingeliefert.<\/p>\n<p>Bei den Lieferfristen f\u00fcr Sendungen handelt es sich um voraussichtliche Fristen, die auf der Grundlage des akzeptierten Servicestandards festgelegt werden, der im Fall der Zonen A, B, C und D 85 % betr\u00e4gt.<\/p>\n<h2>V. Zahlung<\/h2>\n<ol>\n<li>Verf\u00fcgbare Zahlungsarten sind PayPal und Stripe.<\/li>\n<li>PayPal-Zahlungen werden von <a href=\"https:\/\/www.paypal.com\/lu\/webapps\/mpp\/about\" target=\"_blank\" rel=\"noopener\">PayPal (Europe) S.\u00e0 rl &amp; Cie, SCA<\/a> mit Sitz in L-1150 in Luxemburg abgewickelt.<\/li>\n<li>Stripe-Zahlungen werden entweder von Stripe, Inc., der nach US-amerikanischem Recht t\u00e4tigen US-Muttergesellschaft, oder Stripe Payments Europe, Limited (\u201eSPEL\u201c), einem nach irischem Recht t\u00e4tigen irischen Unternehmen, dem Datenverantwortlichen, der f\u00fcr die erhobenen und verarbeiteten personenbezogenen Daten verantwortlich ist, abgewickelt in Bezug auf Stripe-Dienste. Welches Stripe-Unternehmen f\u00fcr Ihre Daten verantwortlich ist, h\u00e4ngt von Ihrem Standort, dem Produkt oder der Dienstleistung ab, die Sie bei uns nutzen, und davon, ob Stripe als Verantwortlicher und\/oder Datenverarbeiter fungiert.  <a href=\"https:\/\/stripe.com\/en-pl\/legal\/privacy-center#which-stripe-entities-are-involved\" target=\"_blank\" rel=\"noopener\">Mehr Details.<\/a><\/li>\n<\/ol>\n<h2>VI. Lieferung der bestellten Waren<\/h2>\n<ol>\n<li>Die Zustellung erfolgt durch Poczta Polska (Polnische Post) sp\u00e4testens 3 Tage nach Vertragsabschluss.<\/li>\n<li>Der Verk\u00e4ufer weist darauf hin, dass der Kunde darauf achten sollte, eine g\u00fcltige Adresse f\u00fcr die Lieferung der bestellten Waren anzugeben, damit die Lieferung innerhalb der vorgeschriebenen Frist erfolgen kann.<\/li>\n<\/ol>\n<h2>VII. Das Widerrufs- und R\u00fcckgaberecht der Ware<\/h2>\n<ol>\n<li>Wenn im Sinne des Art. Gem\u00e4\u00df Artikel 221 des B\u00fcrgerlichen Gesetzbuches ist der Kunde ein Verbraucher. 7 Absatz. 1 des Gesetzes vom 2. M\u00e4rz 2000  <em>o ochronie niekt\u00f3rych praw konsument\u00f3w oraz odpowiedzialno\u015bci za szkod\u0119 wyrz\u0105dzon\u0105 przez produkt niebezpieczny (Dz. U. z 2000 r. nr 22 poz. 271 z zm.)<\/em>Er hat das Recht, ohne Angabe von Gr\u00fcnden den Kaufvertrag mit dem Fernverk\u00e4ufer innerhalb von 14 Tagen ab Lieferdatum zu widerrufen. Die R\u00fccktrittserkl\u00e4rung vom Kaufvertrag sollte schriftlich erfolgen und eine Frist von 14 Tagen einzuhalten. Es reicht aus, die Erkl\u00e4rung innerhalb der Frist per Post oder Kurier an die in Ziffer I. 2 angegebene Adresse zu senden. Definitionen.<\/li>\n<li>Der Verbraucher muss die Ware sp\u00e4testens 14 Tage nach dem Widerrufsdatum in vollst\u00e4ndigem und unver\u00e4ndertem Zustand an den Verk\u00e4ufer zur\u00fccksenden.<\/li>\n<li>Der Verk\u00e4ufer erstattet dem Verbraucher Zahlungen zu den im in Absatz genannten Gesetz festgelegten Bedingungen. 1, sp\u00e4testens 14 Tage nach dem Datum des Widerrufs durch den Verbraucher.<\/li>\n<li>Die Kosten f\u00fcr die R\u00fccksendung der Ware tr\u00e4gt der Kunde.<\/li>\n<li>Der Shop akzeptiert keine Nachnahmepakete.<\/li>\n<\/ol>\n<h2>VIII. Die Reklamation der Ware<\/h2>\n<ol>\n<li>Gem\u00e4\u00df dem  <em>o szczeg\u00f3lnych warunkach sprzeda\u017cy konsumenckiej oraz o zmianie Kodeksu cywilnego z dnia 27 lipca 2002 r. (Dz.  <\/em><em>U z 2002 r. Nr. 141, Pos. 1176 z zm.)<\/em>  Gegen\u00fcber Kunden, die Verbraucher sind, haftet der Verk\u00e4ufer f\u00fcr die Nichteinhaltung der Waren mit dem Vertrag innerhalb von zwei Jahren ab dem Datum der Lieferung an den Kunden.<\/li>\n<li>Reklamationen bez\u00fcglich der Ware k\u00f6nnen schriftlich an die unter Punkt I.2 genannte Adresse des Verk\u00e4ufers gerichtet werden. Definitionen oder an die E-Mail-Adresse shop@nologo.cc. In der Beschwerde m\u00fcssen die Art der Nichtkonformit\u00e4t und die Erwartungen an die L\u00f6sung des Falles beschrieben werden. Als Kaufnachweis sollten auch Kontaktinformationen und spezifische Bestelldaten der Waren (Bestellnummer) enthalten sein.<\/li>\n<li>Das fehlerhafte Produkt ist an die unter Punkt I.2 genannte Adresse des Verk\u00e4ufers zur\u00fcckzusenden. Definitionen.<\/li>\n<li>Reklamationen werden innerhalb von 14 Tagen nach Eingang beim Verk\u00e4ufer bearbeitet.<\/li>\n<li>Bei Kunden, die keine Verbraucher sind, haftet der Verk\u00e4ufer im Rahmen der Gew\u00e4hrleistung nicht f\u00fcr M\u00e4ngel der verkauften Waren.<\/li>\n<li>Gem\u00e4\u00df den Bestimmungen des polnischen B\u00fcrgerlichen Gesetzbuches unterliegen mechanische Sch\u00e4den und Sch\u00e4den, die durch unsachgem\u00e4\u00dfen Gebrauch des Produkts oder dessen nat\u00fcrlichen Verschlei\u00df verursacht werden, nicht der Reklamation.<\/li>\n<\/ol>\n<h2>IX. Die Verantwortung liegt beim Verk\u00e4ufer<\/h2>\n<ol>\n<li>Vorbehaltlich der zwingenden gesetzlichen Bestimmungen ist die Haftung des Verk\u00e4ufers gegen\u00fcber Kunden, die keine Verbraucher sind, auf die Verluste beschr\u00e4nkt und umfasst nicht den entgangenen Gewinn und darf den Warenpreis nicht \u00fcbersteigen.<\/li>\n<\/ol>\n<p>[\/vc_column_text][vc_empty_space][\/vc_column][\/vc_row]<\/p>\n<\/div>","protected":false},"excerpt":{"rendered":"<p>[vc_row type=&#8221;boxed&#8221;][vc_column][vc_empty_space height=&#8221;47px&#8221;][vc_column_text] Gesch\u00e4ftsbedingungen [\/vc_column_text][vc_empty_space height=&#8221;47px&#8221;][\/vc_column][\/vc_row][vc_row type=&#8221;boxed&#8221;][vc_column][vc_column_text] I. Allgemeine Bestimmungen Diese Bestimmungen des Online-Shops nologo, im Folgenden als Allgemeine Gesch\u00e4ftsbedingungen bezeichnet, legen die Regeln f\u00fcr elektronische Dienstleistungen im Online-Shop fest, die vom Verk\u00e4ufer unter der Marke nologo, https:\/\/nologo.cc , bereitgestellt werden. Der Verk\u00e4ufer beh\u00e4lt sich vor, dass der Kunde verpflichtet ist, sich mit diesen Regeln &hellip;<\/p>\n","protected":false},"author":1,"featured_media":0,"parent":0,"menu_order":0,"comment_status":"closed","ping_status":"closed","template":"","meta":{"footnotes":""},"class_list":["post-1948","page","type-page","status-publish","hentry"],"_links":{"self":[{"href":"https:\/\/nologo.cc\/de\/wp-json\/wp\/v2\/pages\/1948","targetHints":{"allow":["GET"]}}],"collection":[{"href":"https:\/\/nologo.cc\/de\/wp-json\/wp\/v2\/pages"}],"about":[{"href":"https:\/\/nologo.cc\/de\/wp-json\/wp\/v2\/types\/page"}],"author":[{"embeddable":true,"href":"https:\/\/nologo.cc\/de\/wp-json\/wp\/v2\/users\/1"}],"replies":[{"embeddable":true,"href":"https:\/\/nologo.cc\/de\/wp-json\/wp\/v2\/comments?post=1948"}],"version-history":[{"count":0,"href":"https:\/\/nologo.cc\/de\/wp-json\/wp\/v2\/pages\/1948\/revisions"}],"wp:attachment":[{"href":"https:\/\/nologo.cc\/de\/wp-json\/wp\/v2\/media?parent=1948"}],"curies":[{"name":"wp","href":"https:\/\/api.w.org\/{rel}","templated":true}]}}