{"id":2008,"date":"2024-02-10T10:27:46","date_gmt":"2024-02-10T09:27:46","guid":{"rendered":"https:\/\/nologo.wordpress.rzeszow.pl\/die-besten-stoffe-fuer-radsocken\/"},"modified":"2024-11-17T14:23:18","modified_gmt":"2024-11-17T13:23:18","slug":"die-besten-stoffe-fuer-radsocken","status":"publish","type":"page","link":"https:\/\/nologo.cc\/de\/die-besten-stoffe-fuer-radsocken\/","title":{"rendered":"Die besten Stoffe f\u00fcr Radsocken"},"content":{"rendered":"<div class=\"wpb-content-wrapper\"><p>[vc_row type=&#8221;boxed&#8221;][vc_column][vc_empty_space height=&#8221;48px&#8221;][vc_column_text]<\/p>\n<h1>PROLEN \u2013 die besten Stoffe f\u00fcr Radsocken<\/h1>\n<p>[\/vc_column_text][vc_empty_space height=&#8221;48px&#8221;][vc_column_text]<\/p>\n<h3>Das innovative, hochmoderne PROLEN\u00ae-Garn, aus dem Nologo-Socken hergestellt werden, bietet die besten Leistungseigenschaften unter den Garnen, die in der Textilproduktion verwendet werden.<br \/>\nDadurch sind Nologo-Socken auch zu 100 % recycelbar. <\/h3>\n<p>[\/vc_column_text][vc_empty_space][vc_column_text css=&#8221;&#8221;]<\/p>\n<h2>Immer trocken<\/h2>\n<p>Dank der nahezu Null-Absorptionsrate verhindert PROLEN\u00aeYARN das Gef\u00fchl von Schwei\u00dfbildung. Die einzigartige Zusammensetzung der Faser, in die die feuchtigkeitsableitende Schicht integriert ist, erm\u00f6glicht den Verzicht auf externe feuchtigkeitsableitende Schichten. Dank dieser Technologie behalten unsere Socken das Feuchtigkeitsmanagement w\u00e4hrend des gesamten Produktlebenszyklus bei. \u00c4u\u00dfere hydrophobe Schichten werden normalerweise mit der Zeit abgewaschen.<br \/>\n PROLEN\u00aeYARN bietet Ihren F\u00fc\u00dfen unglaublichen Komfort, selbst bei h\u00e4rtesten Wetterbedingungen.<\/p>\n<p><img loading=\"lazy\" decoding=\"async\" class=\"aligncenter wp-image-393147 size-full\" src=\"https:\/\/nologo.cc\/wp-content\/uploads\/2020\/06\/moisture_absorbtion.png\" alt=\"\" width=\"563\" height=\"192\"><\/p>\n<p>&nbsp;<\/p>\n<h2>Superleicht<\/h2>\n<p>Bei Sportarten, bei denen jedes Gramm z\u00e4hlt, halten fortschrittliche Textiltechnologien mit der Entwicklung der Ausr\u00fcstung Schritt.<br \/>\nPROLEN\u00aeYARN ist halb so schwer wie Baumwolle und seine Dichte ist geringer als die Dichte von Wasser.<br \/>\nWeitere Vorteile des leichten Materials sind gro\u00dfe Bewegungsfreiheit und ein hoher Tragekomfort.  <\/p>\n<p><img loading=\"lazy\" decoding=\"async\" class=\"aligncenter wp-image-393145 size-full\" src=\"https:\/\/nologo.cc\/wp-content\/uploads\/2020\/06\/specific_weight.png\" alt=\"\" width=\"652\" height=\"199\"><\/p>\n<p>&nbsp;<\/p>\n<h2>Dauerhaft<\/h2>\n<p>Bei Radsocken ist ihre Haltbarkeit ein sehr wichtiger Faktor, der ein gutes Produkt ausmacht.<br \/>\nPROLEN\u00aeYARN legt die Messlatte sehr hoch.<br \/>\nDie Abriebfestigkeit von PROLEN\u00aeYARN ist 2,5-mal h\u00f6her als die von Baumwolle oder Wolle.<br \/>\nObwohl unsere Socken f\u00fcr die Stra\u00dfe konzipiert sind, unterliegen sie keinen Einschr\u00e4nkungen f\u00fcr die Verwendung bei anderen Radsportarten.<br \/>\nOb Road, Gravel oder MTB \u2013 Sie k\u00f6nnen w\u00e4hlen, was Ihnen gef\u00e4llt.    <\/p>\n<p><img loading=\"lazy\" decoding=\"async\" class=\"aligncenter wp-image-393146 size-full\" src=\"https:\/\/nologo.cc\/wp-content\/uploads\/2020\/06\/elastic_modulus.png\" alt=\"Garn aus Nologo-Radsocken\" width=\"563\" height=\"192\"><\/p>\n<p>Ebenso wichtig ist der Erhalt der Farbe.<br \/>\nPROLEN\u00aeYARN ist spinngef\u00e4rbt, so dass wiederholtes Waschen, Sonneneinstrahlung und Temperaturschwankungen den Farbton und die S\u00e4ttigung nicht beeintr\u00e4chtigen. <\/p>\n<h2>Gesund<\/h2>\n<p>\u00d6ko-Tex-zertifizierte PROLEN\u00ae YARN-Fasern sind chemisch inert und k\u00f6nnen selbst von Menschen mit empfindlichster Haut getragen werden.<\/p>\n<p><img loading=\"lazy\" decoding=\"async\" class=\"aligncenter wp-image-393106 size-medium\" src=\"https:\/\/nologo.cc\/wp-content\/uploads\/2020\/05\/Oeko-Tex-standard-100-nowe-loho-300x120.png\" alt=\"\" width=\"300\" height=\"120\"><\/p>\n<p style=\"text-align: justify;\">Der \u00d6ko-Tex-Standard 100 ist ein Zertifikat, das die Qualit\u00e4t von Textilien und Textilprodukten bescheinigt, die direkten Kontakt mit der menschlichen Haut haben.<br \/>\nDie \u00d6ko-Tex-Organisation vergibt ein Zertifikat an Produkte, die auf die Abwesenheit der 100 gef\u00e4hrlichsten Stoffe getestet wurden, die den Verbraucher gef\u00e4hrden. <\/p>\n<p>Die PROLEN\u00aeSILTEX-Technologie verhindert wirksam das Wachstum von Bakterien und beseitigt Ger\u00fcche. Reagiert nicht auf durch Schwei\u00df entstehende chemische Substanzen.<br \/>\n Durch die Zerkleinerung von metallischem Silber zu Nanopartikeln k\u00f6nnen die Eigenschaften dieses Metalls in einem unglaublichen Ausma\u00df genutzt werden. Nanosilberpartikel zerst\u00f6ren leicht mikrobielle Zellen und verursachen damit massiven Schaden \u2013 Bakterien und andere Mikroorganismen k\u00f6nnen mit Nanosilber angereicherte Oberfl\u00e4chen nicht besiedeln.<br \/>\n PROLEN\u00aeYARN verursacht keine Allergien und eignet sich besonders f\u00fcr die medizinische Industrie, in der hohe Hygienestandards erforderlich sind.<br \/>\n<a href=\"https:\/\/www.oeko-tex.com\/en\/our-standards\/standard-100-by-oeko-tex\" target=\"_blank\" rel=\"noopener noreferrer\">Lesen Sie mehr \u00fcber die \u00d6ko-Tex-Zertifizierung.<\/a><\/p>\n<h2>Pflegeleicht<\/h2>\n<p>PROLEN\u00aeYARN-Fasern absorbieren kein Wasser, durch das Flecken \u00fcbertragen werden.<br \/>\nDank dieser Funktion bleiben Schmutzstoffe auf der Oberfl\u00e4che der Fasern.<br \/>\nDas Waschen von PROLEN\u00aeYARN ist daher viel einfacher und erfordert bei einer Wassertemperatur von 40 Grad Celsius nur 1\/3 der normalen Menge Waschfl\u00fcssigkeit.<br \/>\nDar\u00fcber hinaus laufen Socken aus PROLEN\u00aeYARN beim Waschen nicht ein und trocknen extrem schnell \u2013 bereits nach wenigen Minuten nach dem Waschen k\u00f6nnen Sie sie wieder verwenden.<br \/>\nPROLEN\u00aeYARN muss nicht geb\u00fcgelt werden und ist nicht elektrostatisch, sodass es keinen Staub anzieht.    <\/p>\n<h2>Thermoregulierend<\/h2>\n<p>Thermoregulierende Eigenschaften sorgen f\u00fcr Komfort f\u00fcr Ihre F\u00fc\u00dfe in einem breiten Temperaturbereich.<br \/>\nPROLEN\u00aeYARN hat die niedrigste Leitf\u00e4higkeit aller Fasern und gew\u00e4hrleistet thermischen Komfort unter allen atmosph\u00e4rischen Bedingungen. <\/p>\n<h2>Nachhaltig<\/h2>\n<p><strong><a href=\"https:\/\/nologo.cc\/de\/nologo-die-umweltfreundlichen-radsocken\/\">Erfahren Sie mehr \u00fcber unsere Gesch\u00e4ftsethik und umweltfreundliche Politik.<\/a><\/strong><\/p>\n<p><img loading=\"lazy\" decoding=\"async\" class=\"alignnone wp-image-6136 size-medium\" src=\"https:\/\/nologo.cc\/wp-content\/uploads\/2024\/11\/submarke-approved-1024x474-1-300x139.webp\" alt=\"\" width=\"300\" height=\"139\" srcset=\"https:\/\/nologo.cc\/wp-content\/uploads\/2024\/11\/submarke-approved-1024x474-1-300x139.webp 300w, https:\/\/nologo.cc\/wp-content\/uploads\/2024\/11\/submarke-approved-1024x474-1-768x356.webp 768w, https:\/\/nologo.cc\/wp-content\/uploads\/2024\/11\/submarke-approved-1024x474-1.webp 1024w\" sizes=\"auto, (max-width: 300px) 100vw, 300px\" \/><\/p>\n<p style=\"text-align: justify;\">PROLEN\u00aeYARN und seine Herstellung belasten die Umwelt nicht (Wasser, Luft, Boden).<br \/>\nDa das Garn spinngef\u00e4rbt ist, entstehen keine Probleme mit umweltsch\u00e4dlichen Abw\u00e4ssern.<br \/>\nIm Vergleich zu Baumwolle* wird bei der Herstellung nur wenig Wasser verbraucht.<br \/>\nZur Herstellung des Garns werden keine Pestizide oder giftigen Farbstoffe verwendet.   <\/p>\n<p>PROLEN\u00aeYARN ist zu 100 % recycelbar und streng von bluesign\u00ae zertifiziert.  <a href=\"https:\/\/www.bluesign.com\/en\" target=\"_blank\" rel=\"noopener noreferrer\">Mehr lesen.<\/a><\/p>\n<h2 style=\"text-align: center;\"><span style=\"color: #ffffff;\">Die Geschichte hinter unseren Radsocken.<\/span><\/h2>\n<p>Die Marke <strong>ohne<\/strong> Logo wurde 2017 von zwei Radsportbegeisterten gegr\u00fcndet, die keinen auff\u00e4lligen, \u00fcbertriebenen Radsportstil m\u00f6gen.<br \/>\nWir begannen unsere Reise mit dem Verkauf wei\u00dfer und schwarzer Socken.<br \/>\nIm Laufe der Zeit wurde unser Produktsortiment um weitere Farben erweitert.<br \/>\nVon Anfang an verfolgen wir den Gedanken, dass die Eleganz nicht beeintr\u00e4chtigt werden darf und im sichtbaren Teil der Socken keine Muster oder Logos erlaubt sind.<br \/>\nWir hoffen, dass Ihnen die Idee auch gef\u00e4llt!   <\/p>\n<p>[\/vc_column_text][\/vc_column][\/vc_row]<\/p>\n<\/div>","protected":false},"excerpt":{"rendered":"<p>[vc_row type=&#8221;boxed&#8221;][vc_column][vc_empty_space height=&#8221;48px&#8221;][vc_column_text] PROLEN \u2013 die besten Stoffe f\u00fcr Radsocken [\/vc_column_text][vc_empty_space height=&#8221;48px&#8221;][vc_column_text] Das innovative, hochmoderne PROLEN\u00ae-Garn, aus dem Nologo-Socken hergestellt werden, bietet die besten Leistungseigenschaften unter den Garnen, die in der Textilproduktion verwendet werden. Dadurch sind Nologo-Socken auch zu 100 % recycelbar. [\/vc_column_text][vc_empty_space][vc_column_text css=&#8221;&#8221;] Immer trocken Dank der nahezu Null-Absorptionsrate verhindert PROLEN\u00aeYARN das Gef\u00fchl von &hellip;<\/p>\n","protected":false},"author":1,"featured_media":0,"parent":0,"menu_order":0,"comment_status":"closed","ping_status":"closed","template":"","meta":{"footnotes":""},"class_list":["post-2008","page","type-page","status-publish","hentry"],"_links":{"self":[{"href":"https:\/\/nologo.cc\/de\/wp-json\/wp\/v2\/pages\/2008","targetHints":{"allow":["GET"]}}],"collection":[{"href":"https:\/\/nologo.cc\/de\/wp-json\/wp\/v2\/pages"}],"about":[{"href":"https:\/\/nologo.cc\/de\/wp-json\/wp\/v2\/types\/page"}],"author":[{"embeddable":true,"href":"https:\/\/nologo.cc\/de\/wp-json\/wp\/v2\/users\/1"}],"replies":[{"embeddable":true,"href":"https:\/\/nologo.cc\/de\/wp-json\/wp\/v2\/comments?post=2008"}],"version-history":[{"count":0,"href":"https:\/\/nologo.cc\/de\/wp-json\/wp\/v2\/pages\/2008\/revisions"}],"wp:attachment":[{"href":"https:\/\/nologo.cc\/de\/wp-json\/wp\/v2\/media?parent=2008"}],"curies":[{"name":"wp","href":"https:\/\/api.w.org\/{rel}","templated":true}]}}