{"id":2531,"date":"2024-03-14T21:18:16","date_gmt":"2024-03-14T20:18:16","guid":{"rendered":"https:\/\/nologo.wordpress.rzeszow.pl\/rozek\/"},"modified":"2024-04-02T21:36:11","modified_gmt":"2024-04-02T20:36:11","slug":"rozek","status":"publish","type":"page","link":"https:\/\/nologo.cc\/de\/rozek\/","title":{"rendered":"Szczepan Ro\u017cek"},"content":{"rendered":"<div class=\"wpb-content-wrapper\"><p>[vc_row type=&#8221;boxed&#8221; content_placement=&#8221;middle&#8221; css=&#8221;.vc_custom_1711812817720{background-color: #0a0a0a !important;}&#8221;][vc_column width=&#8221;1\/2&#8243; css=&#8221;.vc_custom_1711812776257{padding-top: 32px !important;padding-right: 32px !important;padding-bottom: 32px !important;padding-left: 32px !important;}&#8221;][vc_single_image image=&#8221;3178&#8243; img_size=&#8221;full&#8221;][vc_empty_space][vc_single_image image=&#8221;3512&#8243; img_size=&#8221;full&#8221; alignment=&#8221;center&#8221;][\/vc_column][vc_column width=&#8221;1\/2&#8243; css=&#8221;.vc_custom_1711807208069{padding-right: 32px !important;padding-left: 32px !important;}&#8221;][vc_empty_space height=&#8221;64px&#8221;][vc_custom_heading text=&#8221;SZCZEPAN RO\u017bEK&#8221; font_container=&#8221;tag:h1|text_align:center|color:%23ffffff&#8221; google_fonts=&#8221;font_family:Play%3Aregular%2C700|font_style:700%20bold%20regular%3A700%3Anormal&#8221;][vc_empty_space][vc_column_text]<\/p>\n<p style=\"text-align: center;\"><span style=\"color: #ffffff;\">Grafikdesigner und Maler mit Sitz in Rzesz\u00f3w, Polen. Ro\u017cek ist f\u00fcr seinen unverwechselbaren monochromen Stil und seine komplizierten Linien, die charakteristische Wirbel bilden, bekannt. Seine k\u00fcnstlerischen Bem\u00fchungen erstrecken sich \u00fcber ein breites Spektrum an Kunst- und Grafikdesigndisziplinen. Mit einer Vorliebe f\u00fcr die Verschmelzung verschiedener Ausdrucksformen und Designans\u00e4tze strahlt seine Arbeit Tiefe und Kreativit\u00e4t aus.<\/span><\/p>\n<p>[\/vc_column_text][vc_empty_space][vc_column_text]<\/p>\n<p class=\"rozek-instagram\" style=\"text-align: center;\"><span style=\"color: #ffffff;\"><a href=\"https:\/\/www.instagram.com\/rozek_one\" target=\"_blank\" rel=\"noopener\"><i class=\"nm-font nm-font-instagram\"><\/i>  rozek_one<\/a><\/span><\/p>\n<p>[\/vc_column_text][vc_empty_space height=&#8221;64px&#8221;][\/vc_column][\/vc_row][vc_row type=&#8221;boxed&#8221; content_placement=&#8221;middle&#8221;][vc_column width=&#8221;1\/2&#8243;][vc_empty_space][vc_single_image image=&#8221;3189&#8243; img_size=&#8221;full&#8221;][\/vc_column][vc_column width=&#8221;1\/2&#8243;][vc_empty_space][vc_single_image image=&#8221;3192&#8243; img_size=&#8221;full&#8221;][\/vc_column][\/vc_row][vc_row min_height=&#8221;60&#8243; content_placement=&#8221;middle&#8221;][vc_column][vc_empty_space height=&#8221;64px&#8221;][vc_single_image image=&#8221;3469&#8243; img_size=&#8221;245&#215;30&#8243; alignment=&#8221;center&#8221;][vc_empty_space][\/vc_column][\/vc_row][vc_row type=&#8221;boxed&#8221; content_placement=&#8221;middle&#8221;][vc_column width=&#8221;1\/3&#8243;][vc_empty_space][vc_single_image image=&#8221;3198&#8243; img_size=&#8221;full&#8221;][\/vc_column][vc_column width=&#8221;1\/3&#8243;][vc_empty_space][vc_single_image image=&#8221;3201&#8243; img_size=&#8221;full&#8221;][\/vc_column][vc_column width=&#8221;1\/3&#8243;][vc_empty_space][vc_single_image image=&#8221;3195&#8243; img_size=&#8221;full&#8221;][\/vc_column][\/vc_row][vc_row type=&#8221;boxed&#8221; min_height=&#8221;60&#8243; css=&#8221;.vc_custom_1711812408104{margin-top: 32px !important;background-color: #0a0a0a !important;}&#8221;][vc_column width=&#8221;1\/6&#8243;][\/vc_column][vc_column width=&#8221;2\/3&#8243; css=&#8221;.vc_custom_1711812895032{padding-top: 32px !important;padding-right: 32px !important;padding-bottom: 32px !important;padding-left: 32px !important;}&#8221;][vc_empty_space][vc_column_text]<\/p>\n<p style=\"text-align: center;\"><span style=\"color: #ffffff;\">Im Laufe der Jahre hat er durch Aktivit\u00e4ten in unterirdischen Bereichen und auf Stadtmauern intensiv st\u00e4dtische R\u00e4ume erkundet und seine Kunst auf die Leinwand \u00fcbertragen. Er tr\u00e4gt zum st\u00e4dtischen Gef\u00fcge von Rzesz\u00f3w bei. Seine Kunstwerke finden zunehmend Anerkennung und werden immer h\u00e4ufiger in Einzel- und Gruppenausstellungen in verschiedenen Kunstgalerien in ganz Polen gezeigt.<\/span><\/p>\n<p style=\"text-align: center;\"><span style=\"color: #ffffff;\">Die n\u00e4chste Gelegenheit, seine Werke live zu sehen, besteht w\u00e4hrend der EgoDrop Botanica<\/span><br \/>\n<span style=\"color: #ffffff;\">und Europ\u00e4isches Kulturstadion, 24 Veranstaltungen.<\/span><\/p>\n<p>[\/vc_column_text][vc_empty_space][\/vc_column][vc_column width=&#8221;1\/6&#8243;][\/vc_column][\/vc_row][vc_row type=&#8221;boxed&#8221; content_placement=&#8221;middle&#8221;][vc_column width=&#8221;1\/3&#8243;][vc_empty_space][vc_single_image image=&#8221;3312&#8243; img_size=&#8221;full&#8221;][vc_empty_space][vc_single_image image=&#8221;3315&#8243; img_size=&#8221;full&#8221;][\/vc_column][vc_column width=&#8221;1\/3&#8243;][vc_empty_space][vc_single_image image=&#8221;3321&#8243; img_size=&#8221;full&#8221;][\/vc_column][vc_column width=&#8221;1\/3&#8243;][vc_empty_space][vc_single_image image=&#8221;3318&#8243; img_size=&#8221;full&#8221;][\/vc_column][\/vc_row][vc_row type=&#8221;boxed&#8221; min_height=&#8221;60&#8243; css=&#8221;.vc_custom_1711808755940{margin-top: 32px !important;margin-bottom: 32px !important;background-color: #0a0a0a !important;}&#8221;][vc_column width=&#8221;1\/6&#8243;][\/vc_column][vc_column width=&#8221;2\/3&#8243;][vc_empty_space height=&#8221;64px&#8221;][vc_custom_heading text=&#8221;UNTERST\u00dcTZEN SIE IHRE LOKALEN K\u00dcNSTLER&#8221; font_container=&#8221;tag:p|font_size:32|text_align:center|color:%23ffffff&#8221; google_fonts=&#8221;font_family:Play%3Aregular%2C700|font_style:700%20bold%20regular%3A700%3Anormal&#8221;][vc_empty_space height=&#8221;64px&#8221;][\/vc_column][vc_column width=&#8221;1\/6&#8243;][\/vc_column][\/vc_row][vc_row css=&#8221;.vc_custom_1703627606748{padding-top: 32px !important;}&#8221;][vc_column][vc_empty_space height=&#8221;64px&#8221;][vc_column_text]<\/p>\n<h2>nologo x rozek Cycling Classics T-Shirt-Kollektion:<\/h2>\n<p>[\/vc_column_text][vc_empty_space][vc_row_inner][vc_column_inner width=&#8221;1\/4&#8243;][vc_single_image image=&#8221;3506&#8243; img_size=&#8221;full&#8221; onclick=&#8221;custom_link&#8221; link=&#8221;https:\/\/nologo.cc\/de\/off-bike\/t-shirts\/paris-roubaix-arenberg-cycling-classics-unisex-t-shirt\/&#8221;][vc_column_text]<\/p>\n<p style=\"text-align: center;\">Jetzt verf\u00fcgbar!<\/p>\n<p>[\/vc_column_text][vc_empty_space][\/vc_column_inner][vc_column_inner width=&#8221;1\/4&#8243;][vc_single_image image=&#8221;3568&#8243; img_size=&#8221;full&#8221;][vc_column_text]<\/p>\n<p style=\"text-align: center;\">Demn\u00e4chst<\/p>\n<p>[\/vc_column_text][vc_empty_space][\/vc_column_inner][vc_column_inner width=&#8221;1\/4&#8243;][vc_single_image image=&#8221;3568&#8243; img_size=&#8221;full&#8221;][vc_column_text]<\/p>\n<p style=\"text-align: center;\">Demn\u00e4chst<\/p>\n<p>[\/vc_column_text][vc_empty_space][\/vc_column_inner][vc_column_inner width=&#8221;1\/4&#8243;][vc_single_image image=&#8221;3568&#8243; img_size=&#8221;full&#8221;][vc_column_text]<\/p>\n<p style=\"text-align: center;\">Demn\u00e4chst<\/p>\n<p>[\/vc_column_text][vc_empty_space][\/vc_column_inner][\/vc_row_inner][\/vc_column][\/vc_row]<\/p>\n<\/div>","protected":false},"excerpt":{"rendered":"<p>[vc_row type=&#8221;boxed&#8221; content_placement=&#8221;middle&#8221; css=&#8221;.vc_custom_1711812817720{background-color: #0a0a0a !important;}&#8221;][vc_column width=&#8221;1\/2&#8243; css=&#8221;.vc_custom_1711812776257{padding-top: 32px !important;padding-right: 32px !important;padding-bottom: 32px !important;padding-left: 32px !important;}&#8221;][vc_single_image image=&#8221;3178&#8243; img_size=&#8221;full&#8221;][vc_empty_space][vc_single_image image=&#8221;3512&#8243; img_size=&#8221;full&#8221; alignment=&#8221;center&#8221;][\/vc_column][vc_column width=&#8221;1\/2&#8243; css=&#8221;.vc_custom_1711807208069{padding-right: 32px !important;padding-left: 32px !important;}&#8221;][vc_empty_space height=&#8221;64px&#8221;][vc_custom_heading text=&#8221;SZCZEPAN RO\u017bEK&#8221; font_container=&#8221;tag:h1|text_align:center|color:%23ffffff&#8221; google_fonts=&#8221;font_family:Play%3Aregular%2C700|font_style:700%20bold%20regular%3A700%3Anormal&#8221;][vc_empty_space][vc_column_text] Grafikdesigner und Maler mit Sitz in Rzesz\u00f3w, Polen. Ro\u017cek ist f\u00fcr seinen unverwechselbaren monochromen Stil und seine komplizierten Linien, die charakteristische Wirbel bilden, &hellip;<\/p>\n","protected":false},"author":1,"featured_media":3198,"parent":0,"menu_order":0,"comment_status":"closed","ping_status":"closed","template":"","meta":{"footnotes":""},"class_list":["post-2531","page","type-page","status-publish","has-post-thumbnail","hentry"],"_links":{"self":[{"href":"https:\/\/nologo.cc\/de\/wp-json\/wp\/v2\/pages\/2531","targetHints":{"allow":["GET"]}}],"collection":[{"href":"https:\/\/nologo.cc\/de\/wp-json\/wp\/v2\/pages"}],"about":[{"href":"https:\/\/nologo.cc\/de\/wp-json\/wp\/v2\/types\/page"}],"author":[{"embeddable":true,"href":"https:\/\/nologo.cc\/de\/wp-json\/wp\/v2\/users\/1"}],"replies":[{"embeddable":true,"href":"https:\/\/nologo.cc\/de\/wp-json\/wp\/v2\/comments?post=2531"}],"version-history":[{"count":0,"href":"https:\/\/nologo.cc\/de\/wp-json\/wp\/v2\/pages\/2531\/revisions"}],"wp:featuredmedia":[{"embeddable":true,"href":"https:\/\/nologo.cc\/de\/wp-json\/wp\/v2\/media\/3198"}],"wp:attachment":[{"href":"https:\/\/nologo.cc\/de\/wp-json\/wp\/v2\/media?parent=2531"}],"curies":[{"name":"wp","href":"https:\/\/api.w.org\/{rel}","templated":true}]}}