{"id":6000,"date":"2024-11-10T13:36:51","date_gmt":"2024-11-10T12:36:51","guid":{"rendered":"https:\/\/nologo.cc\/nologo-geschenkkarten-so-nutzt-man-sie\/"},"modified":"2024-11-10T13:42:08","modified_gmt":"2024-11-10T12:42:08","slug":"nologo-geschenkkarten-so-nutzt-man-sie","status":"publish","type":"page","link":"https:\/\/nologo.cc\/de\/nologo-geschenkkarten-so-nutzt-man-sie\/","title":{"rendered":"nologo-Geschenkkarten \u2013 so nutzt man sie"},"content":{"rendered":"<div class=\"wpb-content-wrapper\"><p>[vc_row][vc_column offset=&#8221;vc_col-md-offset-1 vc_col-md-10&#8243;][vc_empty_space height=&#8221;48px&#8221;][vc_column_text]<\/p>\n<h1>Geschenkkarte &#8211; Gebrauchsanweisung<\/h1>\n<p>[\/vc_column_text][vc_empty_space height=&#8221;48px&#8221;][\/vc_column][\/vc_row][vc_row css=&#8221;.vc_custom_1433253829272{padding-top: 47px !important;padding-bottom: 54px !important;}&#8221;][vc_column width=&#8221;1\/3&#8243; offset=&#8221;vc_col-md-offset-1&#8243;][vc_column_text css=&#8221;&#8221;]<\/p>\n<h2>F\u00fcr den K\u00e4ufer (Geber)<\/h2>\n<p>[\/vc_column_text][vc_empty_space][\/vc_column][vc_column width=&#8221;2\/3&#8243; offset=&#8221;vc_col-md-6&#8243;][vc_column_text css=&#8221;&#8221;]<\/p>\n<ol>\n<li>W\u00e4hlen Sie aus der Liste der verf\u00fcgbaren Karten die Geschenkkarte aus, an der Sie interessiert sind.<br \/>\n Die Liste der verf\u00fcgbaren Geschenkkarten findest du unter Geschenkkarten \u2013 nologo | die Radsocken.<\/li>\n<li>W\u00e4hlen Sie den Kartenwert aus und f\u00fcllen Sie dann das Formular aus.<br \/>\n Die hier angegebenen Daten werden an den Empf\u00e4nger \u00fcbermittelt.<\/li>\n<li>Geben Sie im Feld \u201eAn\u201c die E-Mail-Adresse des Empf\u00e4ngers ein.<\/li>\n<li>Im Feld \u201eVon\u201c k\u00f6nnen Sie Ihren Namen eintragen.<\/li>\n<li>Im Feld \u201eNachricht\u201c kannst Du eine Geburtstagsnachricht, Feiertagsw\u00fcnsche oder einfach nur einen Gru\u00df verfassen \u2013 ganz wie Du m\u00f6chtest!<\/li>\n<li>W\u00e4hlen Sie das Lieferdatum f\u00fcr die Geschenkkarte (\u201eLieferdatum\u201c). Standardm\u00e4\u00dfig ist die Lieferung auf \u201esofort\u201c eingestellt. Wenn Sie die Lieferung beispielsweise auf einen Geburtstag planen m\u00f6chten, geben Sie das gew\u00fcnschte Lieferdatum ein. Wir sorgen daf\u00fcr, dass die Karte am angegebenen Tag verschickt wird.   <\/li>\n<li>Legen Sie die ausgew\u00e4hlte Geschenkkarte in Ihren Warenkorb und schlie\u00dfen Sie den Einkauf ab. Sie k\u00f6nnen w\u00e4hrend des Kaufs der Geschenkkarte auch andere Produkte kaufen. <\/li>\n<\/ol>\n<p>[\/vc_column_text][vc_empty_space height=&#8221;16px&#8221;][\/vc_column][\/vc_row][vc_row css=&#8221;.vc_custom_1433253829272{padding-top: 47px !important;padding-bottom: 54px !important;}&#8221;][vc_column width=&#8221;1\/3&#8243; offset=&#8221;vc_col-md-offset-1&#8243;][vc_column_text css=&#8221;&#8221;]<\/p>\n<h2>F\u00fcr den Empf\u00e4nger<\/h2>\n<p>[\/vc_column_text][vc_empty_space][\/vc_column][vc_column width=&#8221;2\/3&#8243; offset=&#8221;vc_col-md-6&#8243;][vc_column_text css=&#8221;&#8221;]Wenn Sie eine E-Mail mit Ihrem Geschenkkartencode erhalten haben, k\u00f6nnen Sie Ihre Geschenkkarte auf zwei Arten einl\u00f6sen:<\/p>\n<ol>\n<li>Durch Hinzuf\u00fcgen zu Ihrem Kundenkonto im Store. Das Kartenguthaben wird Ihrem Konto gutgeschrieben und kann an der Kasse eingel\u00f6st werden. <\/li>\n<li>Die Eingabe erfolgt im Rahmen der Bestellzusammenfassung, unmittelbar vor der Bezahlung.<\/li>\n<\/ol>\n<p>&nbsp;<\/p>\n<h3>Methode 1:<b><\/b><\/h3>\n<ol>\n<li>Nachdem Sie sich bei Ihrem Konto angemeldet haben, gehen Sie zum Abschnitt \u201eGeschenkkarten\u201c. Wenn Sie kein Konto haben, erstellen Sie eines. <\/li>\n<li>F\u00fcgen Sie den Geschenkkartencode in das Feld \u201eGeschenkkarte hinzuf\u00fcgen?\u201c ein und dr\u00fccken Sie auf \u201eZu Ihrem Konto hinzuf\u00fcgen\u201c.<\/li>\n<li>Besuchen Sie den Shop und w\u00e4hlen Sie Ihre Lieblingsprodukte aus. Wenn Sie zur Bestell\u00fcbersicht gehen, sehen Sie die Option, Ihr Geschenkkartenguthaben zu verwenden. Diese Option ist standardm\u00e4\u00dfig ausgew\u00e4hlt.  <\/li>\n<li>Sie m\u00fcssen nur den Restbetrag bezahlen.<\/li>\n<\/ol>\n<p>Das ist es!<\/p>\n<h3>Methode 2:<b><\/b><\/h3>\n<ol>\n<li>Legen Sie alle Produkte in Ihren Warenkorb und fahren Sie mit der Bestell\u00fcbersicht fort.<\/li>\n<li>F\u00fcgen Sie in das Feld \u201eHaben Sie eine Geschenkkarte?\u201c den Geschenkkartencode ein, den Sie erhalten haben.<\/li>\n<li>Nachdem Sie die Geschenkkarte korrekt in Ihren Warenkorb gelegt haben, fahren Sie mit der Zahlung des Restbetrags Ihrer Bestellung fort.<\/li>\n<\/ol>\n<p>Das ist es![\/vc_column_text][vc_empty_space height=&#8221;16px&#8221;][\/vc_column][\/vc_row][vc_row css=&#8221;.vc_custom_1433253829272{padding-top: 47px !important;padding-bottom: 54px !important;}&#8221;][vc_column width=&#8221;1\/3&#8243; offset=&#8221;vc_col-md-offset-1&#8243;][vc_column_text css=&#8221;&#8221;]<\/p>\n<h4>Kaufen Sie die Geschenkkarten<\/h4>\n<p>[\/vc_column_text][vc_empty_space][\/vc_column][vc_column width=&#8221;2\/3&#8243; offset=&#8221;vc_col-md-6&#8243;]<div class=\"woocommerce columns-3 \"><ul class=\"nm-products products xsmall-block-grid-1 small-block-grid-2 medium-block-grid-3 large-block-grid-3 grid-default layout-centered attributes-position-thumbnail no-action-links\">\n<li class=\"product type-product post-2255 status-publish first instock product_cat-geschenkkarten has-post-thumbnail virtual purchasable product-type-simple\" data-product-id=\"2255\">\n\t<div class=\"nm-shop-loop-product-wrap\">\n        \n        <div class=\"nm-shop-loop-thumbnail\">\n                        \n            <a href=\"https:\/\/nologo.cc\/de\/geschenke-fur-radfahrer\/geschenkkarten\/e40-geschenkkarte\/\" class=\"nm-shop-loop-thumbnail-link woocommerce-LoopProduct-link\">\n            <img decoding=\"async\" width=\"600\" height=\"600\" src=\"https:\/\/nologo.cc\/wp-content\/uploads\/2024\/02\/eur40-gift-card-product-photo-600x600.jpg\" class=\"attachment-woocommerce_thumbnail size-woocommerce_thumbnail\" alt=\"Radsocken-Geschenkgutschein im Wert von 40 Euro\" srcset=\"https:\/\/nologo.cc\/wp-content\/uploads\/2024\/02\/eur40-gift-card-product-photo-600x600.jpg 600w, https:\/\/nologo.cc\/wp-content\/uploads\/2024\/02\/eur40-gift-card-product-photo-300x300.jpg 300w, https:\/\/nologo.cc\/wp-content\/uploads\/2024\/02\/eur40-gift-card-product-photo-1024x1024.jpg 1024w, https:\/\/nologo.cc\/wp-content\/uploads\/2024\/02\/eur40-gift-card-product-photo-150x150.jpg 150w, https:\/\/nologo.cc\/wp-content\/uploads\/2024\/02\/eur40-gift-card-product-photo-768x768.jpg 768w, https:\/\/nologo.cc\/wp-content\/uploads\/2024\/02\/eur40-gift-card-product-photo-1536x1536.jpg 1536w, https:\/\/nologo.cc\/wp-content\/uploads\/2024\/02\/eur40-gift-card-product-photo-100x100.jpg 100w, https:\/\/nologo.cc\/wp-content\/uploads\/2024\/02\/eur40-gift-card-product-photo.jpg 1600w\" sizes=\"(max-width: 600px) 100vw, 600px\" \/>            <\/a>\n        <\/div>\n        \n        <div class=\"nm-shop-loop-details\">\n            \n            <div class=\"nm-shop-loop-title-price\">\n            <h3 class=\"woocommerce-loop-product__title\"><a href=\"https:\/\/nologo.cc\/de\/geschenke-fur-radfahrer\/geschenkkarten\/e40-geschenkkarte\/\" class=\"nm-shop-loop-title-link woocommerce-LoopProduct-link\">\u20ac40 Geschenkkarte<\/a><\/h3>\n\t<span class=\"price\"><span class=\"woocommerce-Price-amount amount\"><bdi><span class=\"woocommerce-Price-currencySymbol\">&euro;<\/span>40,00<\/bdi><\/span><\/span>\n            <\/div>\n\n            <div class=\"nm-shop-loop-actions\">\n                        <\/div>\n        <\/div>\n        \n            <\/div>\n<\/li>\n<li class=\"product type-product post-2178 status-publish instock product_cat-geschenkkarten has-post-thumbnail virtual purchasable product-type-simple\" data-product-id=\"2178\">\n\t<div class=\"nm-shop-loop-product-wrap\">\n        \n        <div class=\"nm-shop-loop-thumbnail\">\n                        \n            <a href=\"https:\/\/nologo.cc\/de\/geschenke-fur-radfahrer\/geschenkkarten\/e60-geschenkkarte\/\" class=\"nm-shop-loop-thumbnail-link woocommerce-LoopProduct-link\">\n            <img decoding=\"async\" width=\"600\" height=\"600\" src=\"https:\/\/nologo.cc\/wp-content\/uploads\/2024\/02\/eur60-gift-card-product-photo-600x600.jpg\" class=\"attachment-woocommerce_thumbnail size-woocommerce_thumbnail\" alt=\"Radsocken-Geschenkgutschein im Wert von 60 Euro\" srcset=\"https:\/\/nologo.cc\/wp-content\/uploads\/2024\/02\/eur60-gift-card-product-photo-600x600.jpg 600w, https:\/\/nologo.cc\/wp-content\/uploads\/2024\/02\/eur60-gift-card-product-photo-300x300.jpg 300w, https:\/\/nologo.cc\/wp-content\/uploads\/2024\/02\/eur60-gift-card-product-photo-1024x1024.jpg 1024w, https:\/\/nologo.cc\/wp-content\/uploads\/2024\/02\/eur60-gift-card-product-photo-150x150.jpg 150w, https:\/\/nologo.cc\/wp-content\/uploads\/2024\/02\/eur60-gift-card-product-photo-768x768.jpg 768w, https:\/\/nologo.cc\/wp-content\/uploads\/2024\/02\/eur60-gift-card-product-photo-1536x1536.jpg 1536w, https:\/\/nologo.cc\/wp-content\/uploads\/2024\/02\/eur60-gift-card-product-photo-100x100.jpg 100w, https:\/\/nologo.cc\/wp-content\/uploads\/2024\/02\/eur60-gift-card-product-photo.jpg 1600w\" sizes=\"(max-width: 600px) 100vw, 600px\" \/>            <\/a>\n        <\/div>\n        \n        <div class=\"nm-shop-loop-details\">\n            \n            <div class=\"nm-shop-loop-title-price\">\n            <h3 class=\"woocommerce-loop-product__title\"><a href=\"https:\/\/nologo.cc\/de\/geschenke-fur-radfahrer\/geschenkkarten\/e60-geschenkkarte\/\" class=\"nm-shop-loop-title-link woocommerce-LoopProduct-link\">\u20ac60 Geschenkkarte<\/a><\/h3>\n\t<span class=\"price\"><span class=\"woocommerce-Price-amount amount\"><bdi><span class=\"woocommerce-Price-currencySymbol\">&euro;<\/span>60,00<\/bdi><\/span><\/span>\n            <\/div>\n\n            <div class=\"nm-shop-loop-actions\">\n                        <\/div>\n        <\/div>\n        \n            <\/div>\n<\/li>\n<\/ul>\n<\/div>[\/vc_column][\/vc_row][vc_row][vc_column][vc_column_text]<\/p>\n<p>&nbsp;<\/p>\n<p>[\/vc_column_text][\/vc_column][\/vc_row]<\/p>\n<\/div>","protected":false},"excerpt":{"rendered":"<p>[vc_row][vc_column offset=&#8221;vc_col-md-offset-1 vc_col-md-10&#8243;][vc_empty_space height=&#8221;48px&#8221;][vc_column_text] Geschenkkarte &#8211; Gebrauchsanweisung [\/vc_column_text][vc_empty_space height=&#8221;48px&#8221;][\/vc_column][\/vc_row][vc_row css=&#8221;.vc_custom_1433253829272{padding-top: 47px !important;padding-bottom: 54px !important;}&#8221;][vc_column width=&#8221;1\/3&#8243; offset=&#8221;vc_col-md-offset-1&#8243;][vc_column_text css=&#8221;&#8221;] F\u00fcr den K\u00e4ufer (Geber) [\/vc_column_text][vc_empty_space][\/vc_column][vc_column width=&#8221;2\/3&#8243; offset=&#8221;vc_col-md-6&#8243;][vc_column_text css=&#8221;&#8221;] W\u00e4hlen Sie aus der Liste der verf\u00fcgbaren Karten die Geschenkkarte aus, an der Sie interessiert sind. Die Liste der verf\u00fcgbaren Geschenkkarten findest du unter Geschenkkarten \u2013 nologo | die Radsocken. &hellip;<\/p>\n","protected":false},"author":1,"featured_media":0,"parent":0,"menu_order":0,"comment_status":"closed","ping_status":"closed","template":"","meta":{"footnotes":""},"class_list":["post-6000","page","type-page","status-publish","hentry"],"_links":{"self":[{"href":"https:\/\/nologo.cc\/de\/wp-json\/wp\/v2\/pages\/6000","targetHints":{"allow":["GET"]}}],"collection":[{"href":"https:\/\/nologo.cc\/de\/wp-json\/wp\/v2\/pages"}],"about":[{"href":"https:\/\/nologo.cc\/de\/wp-json\/wp\/v2\/types\/page"}],"author":[{"embeddable":true,"href":"https:\/\/nologo.cc\/de\/wp-json\/wp\/v2\/users\/1"}],"replies":[{"embeddable":true,"href":"https:\/\/nologo.cc\/de\/wp-json\/wp\/v2\/comments?post=6000"}],"version-history":[{"count":0,"href":"https:\/\/nologo.cc\/de\/wp-json\/wp\/v2\/pages\/6000\/revisions"}],"wp:attachment":[{"href":"https:\/\/nologo.cc\/de\/wp-json\/wp\/v2\/media?parent=6000"}],"curies":[{"name":"wp","href":"https:\/\/api.w.org\/{rel}","templated":true}]}}