{"id":1952,"date":"2023-11-02T12:10:58","date_gmt":"2023-11-02T11:10:58","guid":{"rendered":"https:\/\/nologo.wordpress.rzeszow.pl\/unkategorisiert\/beigefarbene-gravel-radsocken\/"},"modified":"2025-11-24T23:19:29","modified_gmt":"2025-11-24T22:19:29","slug":"beige-gravel-radsocken","status":"publish","type":"product","link":"https:\/\/nologo.cc\/de\/radsocken\/gravel-de\/beige-gravel-radsocken\/","title":{"rendered":"Beige Gravel Radsocken"},"content":{"rendered":"<div class=\"wpb-content-wrapper\"><p>[vc_row][vc_column][vc_column_text]<\/p>\n<h2>Eigenschaften der nologo Beige Gravel Radsocken:<\/h2>\n<p>[\/vc_column_text][vc_empty_space][\/vc_column][\/vc_row][vc_row][vc_column width=&#8221;1\/2&#8243; css=&#8221;.vc_custom_1610106215999{padding-bottom: 20px !important;}&#8221;][vc_column_text]<\/p>\n<h5>Farbe:<\/h5>\n<p>Beige + Schwarz, <strong>kein<\/strong> Logo \u00fcber den Zehen <\/p>\n<h5>Gr\u00f6\u00dfen:<\/h5>\n<p>S (36-39), M (40-43), L (44-47)\n            <div class=\"nm-lightbox\" data-mfp-type=\"image\" data-mfp-src=\"https:\/\/nologo.cc\/wp-content\/uploads\/2026\/02\/1x1.png\"><a href=\"#\"><\/a>\n            <\/div>\n<h5>Wadenl\u00e4nge:<\/h5>\n<p>S (36-39): 23 +\/- 1,5cm M (40-43): 25 +\/- 1,5cm L (44-47): 27 +\/- 1,5cm vom Boden nach oben gemessen[\/vc_column_text][vc_empty_space][\/vc_column][vc_column width=&#8221;1\/2&#8243; css=&#8221;.vc_custom_1610106228659{padding-bottom: 20px !important;}&#8221;][vc_column_text]<\/p>\n<h5>Die Socken bestehen aus:<\/h5>\n<p>97% Polypropylen 3% Elasthan<\/p>\n<p><a href=\"https:\/\/nologo.cc\/de\/die-besten-stoffe-fuer-radsocken\/\">mehr lesen<\/a><\/p>\n<h5>weitere Anleitung:<\/h5>\n<p>Maschinenw\u00e4sche bei 30 \u00b0C, nicht im Trockner trocknen, nicht b\u00fcgeln, nicht bleichen, nicht chemisch reinigen[\/vc_column_text][vc_empty_space][\/vc_column][\/vc_row][vc_row equal_height=&#8221;yes&#8221; content_placement=&#8221;middle&#8221;][vc_column width=&#8221;1\/4&#8243; css=&#8221;.vc_custom_1610106215999{padding-bottom: 20px !important;}&#8221;][vc_single_image image=&#8221;1179&#8243; img_size=&#8221;full&#8221;][\/vc_column][vc_column width=&#8221;1\/4&#8243; css=&#8221;.vc_custom_1610106228659{padding-bottom: 20px !important;}&#8221;][vc_single_image image=&#8221;1181&#8243; img_size=&#8221;full&#8221;][\/vc_column][vc_column width=&#8221;1\/2&#8243;][vc_column_text]<\/p>\n<div class=\"product-page-feature-icons-container\"><img loading=\"lazy\" decoding=\"async\" class=\"product-page-feature-icon\" role=\"img\" src=\"https:\/\/nologo.cc\/wp-content\/uploads\/2023\/11\/perfect-fit.svg\" alt=\"\" width=\"300\" height=\"300\"><br \/>\n<img loading=\"lazy\" decoding=\"async\" class=\"product-page-feature-icon\" role=\"img\" src=\"https:\/\/nologo.cc\/wp-content\/uploads\/2023\/11\/moisture-wicking.svg\" alt=\"\" width=\"300\" height=\"300\"><br \/>\n<img loading=\"lazy\" decoding=\"async\" class=\"product-page-feature-icon\" role=\"img\" src=\"https:\/\/nologo.cc\/wp-content\/uploads\/2023\/11\/light-weight.svg\" alt=\"\" width=\"300\" height=\"300\"><br \/>\n<img loading=\"lazy\" decoding=\"async\" class=\"product-page-feature-icon\" role=\"img\" src=\"https:\/\/nologo.cc\/wp-content\/uploads\/2023\/11\/fast-drying.svg\" alt=\"\" width=\"300\" height=\"300\"><br \/>\n<img loading=\"lazy\" decoding=\"async\" class=\"product-page-feature-icon\" role=\"img\" src=\"https:\/\/nologo.cc\/wp-content\/uploads\/2023\/11\/efficient-cooling.svg\" alt=\"\" width=\"300\" height=\"300\"><\/div>\n<p>[\/vc_column_text][\/vc_column][\/vc_row][vc_row][vc_column][vc_empty_space][vc_column_text]<\/p>\n<h2>nologo Beige Gravel Radsocken<\/h2>\n<p>Unsere Gravel-Fahrradsocken wurden mit einer Reihe von Verbesserungen f\u00fcr das Fahren im Gel\u00e4nde ausgestattet. Die neue Gravel-Socke wurde von Grund auf neu entwickelt \u2013 das Gewebe unseres hochmodernen <a title=\"\" href=\"\">Prolen-Garns<\/a> wurde neu gestaltet und die Socke hat eine v\u00f6llig neue Sohlen- und Fersenkonstruktion. All diese strukturellen Aktualisierungen f\u00fchrten zu einem 100 % neuen Modell, das alle Anforderungen an den Fahrkomfort im Gel\u00e4nde erf\u00fcllt. So haben wir es gemacht:   <\/p>\n<ol>\n<li><strong>Vibrationsabsorbierende Sohle:<\/strong> Wir haben ein dickes Polster auf der Sohle verwendet, um Vibrationen besser zu absorbieren und zu verhindern, dass der Fu\u00df im Schuh rutscht.<\/li>\n<li><strong>Starke Ferse:<\/strong> Sie wurde deutlich verst\u00e4rkt, sodass sie sogar den Kontakt mit Sand oder Schlamm \u00fcbersteht. Sie ist deutlich langlebiger und so konzipiert, dass sie Absch\u00fcrfungen vorbeugt. <\/li>\n<li><strong>Bequemer Schaft:<\/strong> Im oberen Teil der Socke haben wir ein breites, druckfreies B\u00fcndchen verwendet, um den Komfort auf langen Offroad-Fahrten zu verbessern.<\/li>\n<li><strong>Brandneue Webkonstruktion:<\/strong> Ein strukturiertes Garngewebe, um die Beine besser vor Steinschl\u00e4gen zu sch\u00fctzen.<\/li>\n<\/ol>\n<p>[\/vc_column_text][\/vc_column][\/vc_row][vc_row][vc_column width=&#8221;1\/4&#8243;][vc_empty_space height=&#8221;47px&#8221;][vc_single_image image=&#8221;1457&#8243; img_size=&#8221;full&#8221; alignment=&#8221;center&#8221;][vc_empty_space height=&#8221;47px&#8221;][\/vc_column][vc_column width=&#8221;1\/4&#8243;][vc_empty_space height=&#8221;47px&#8221;][vc_single_image image=&#8221;1459&#8243; img_size=&#8221;full&#8221; alignment=&#8221;center&#8221;][vc_empty_space height=&#8221;47px&#8221;][\/vc_column][vc_column width=&#8221;1\/4&#8243;][vc_empty_space height=&#8221;47px&#8221;][vc_single_image image=&#8221;1461&#8243; img_size=&#8221;full&#8221; alignment=&#8221;center&#8221;][vc_empty_space height=&#8221;47px&#8221;][\/vc_column][vc_column width=&#8221;1\/4&#8243;][vc_empty_space height=&#8221;47px&#8221;][vc_single_image image=&#8221;1463&#8243; img_size=&#8221;full&#8221; alignment=&#8221;center&#8221;][vc_empty_space height=&#8221;47px&#8221;][\/vc_column][\/vc_row][vc_row][vc_column][vc_column_text]Bei all diesen \u00c4nderungen haben wir die wichtigsten Eigenschaften unserer Socken nicht vergessen. Die Gravel-Fahrradsocken <strong>ohne<\/strong> Logo sind nach wie vor leicht, haben eine perfekte Passform, leiten Feuchtigkeit ab, trocknen superschnell und regulieren die Temperatur perfekt.<\/p>\n<p> Lesen Sie weiter unsere Tipps <a href=\"https:\/\/nologo.cc\/de\/5-top-tipps-zur-auswahl-von-radsocken\/\">zur Auswahl von Fahrradsocken<\/a> .<\/p>\n<p> Passt zu: Blau, Beige, Rot, Grau und Pastell<br \/>\n Versuchen Sie, nur mit Farben zu waschen[\/vc_column_text][\/vc_column][\/vc_row][vc_row][vc_column][vc_empty_space height=&#8221;47px&#8221;][vc_single_image image=&#8221;397542&#8243; img_size=&#8221;full&#8221; alignment=&#8221;center&#8221;][vc_empty_space height=&#8221;47px&#8221;][\/vc_column][\/vc_row][vc_row equal_height=&#8221;yes&#8221; content_placement=&#8221;middle&#8221; el_class=&#8221;displaynone&#8221;][vc_column][vc_row_inner content_placement=&#8221;middle&#8221; el_id=&#8221;gravel-size&#8221; css=&#8221;.vc_custom_1708284228275{padding-top: 32px !important;padding-bottom: 32px !important;background-color: #ffffff !important;}&#8221;][vc_column_inner width=&#8221;1\/6&#8243;][vc_empty_space][vc_single_image image=&#8221;1734&#8243; img_size=&#8221;full&#8221; alignment=&#8221;center&#8221;][vc_empty_space][\/vc_column_inner][vc_column_inner width=&#8221;5\/6&#8243;][vc_raw_html]PGRpdiBjbGFzcz0iZGl2VGFibGUiPgo8ZGl2IGNsYXNzPSJkaXZUYWJsZUhlYWRpbmciPgo8ZGl2IGNsYXNzPSJkaXZUYWJsZVJvdyI+CjxkaXYgY2xhc3M9ImRpdlRhYmxlSGVhZCI+IDwvZGl2Pgo8ZGl2IGNsYXNzPSJkaXZUYWJsZUhlYWQiPlM8L2Rpdj4KPGRpdiBjbGFzcz0iZGl2VGFibGVIZWFkIj5NPC9kaXY+CjxkaXYgY2xhc3M9ImRpdlRhYmxlSGVhZCI+TDwvZGl2Pgo8L2Rpdj4KPC9kaXY+CjxkaXYgY2xhc3M9ImRpdlRhYmxlQm9keSI+CjxkaXYgY2xhc3M9ImRpdlRhYmxlUm93Ij4KPGRpdiBjbGFzcz0iZGl2VGFibGVDZWxsSGVhZCI+RVU8L2Rpdj4KPGRpdiBjbGFzcz0iZGl2VGFibGVDZWxsIj4zNiAtIDM5PC9kaXY+CjxkaXYgY2xhc3M9ImRpdlRhYmxlQ2VsbCI+NDAgLSA0MzwvZGl2Pgo8ZGl2IGNsYXNzPSJkaXZUYWJsZUNlbGwiPjQ0IC0gNDc8L2Rpdj4KPC9kaXY+CjxkaXYgY2xhc3M9ImRpdlRhYmxlUm93Ij4KPGRpdiBjbGFzcz0iZGl2VGFibGVDZWxsSGVhZCI+Q008L2Rpdj4KPGRpdiBjbGFzcz0iZGl2VGFibGVDZWxsIj4yMyAtIDI1PC9kaXY+CjxkaXYgY2xhc3M9ImRpdlRhYmxlQ2VsbCI+MjUuNSAtIDI4PC9kaXY+CjxkaXYgY2xhc3M9ImRpdlRhYmxlQ2VsbCI+MjguNSAtIDMwLjU8L2Rpdj4KPC9kaXY+CjxkaXYgY2xhc3M9ImRpdlRhYmxlUm93Ij4KPGRpdiBjbGFzcz0iZGl2VGFibGVDZWxsSGVhZCI+VmVyZWluaWd0ZXMgS8O2bmlncmVpY2g8L2Rpdj4KPGRpdiBjbGFzcz0iZGl2VGFibGVDZWxsIj4zLjUgLSA2PC9kaXY+CjxkaXYgY2xhc3M9ImRpdlRhYmxlQ2VsbCI+Ni41IC0gOTwvZGl2Pgo8ZGl2IGNsYXNzPSJkaXZUYWJsZUNlbGwiPjkuNSAtIDExLjU8L2Rpdj4KPC9kaXY+CjxkaXYgY2xhc3M9ImRpdlRhYmxlUm93Ij4KPGRpdiBjbGFzcz0iZGl2VGFibGVDZWxsSGVhZCI+VVMtV01OPC9kaXY+CjxkaXYgY2xhc3M9ImRpdlRhYmxlQ2VsbCI+NS41IC0gODwvZGl2Pgo8ZGl2IGNsYXNzPSJkaXZUYWJsZUNlbGwiPjguNSAtIDExPC9kaXY+CjxkaXYgY2xhc3M9ImRpdlRhYmxlQ2VsbCI+MTEuNSAtIDEzLjU8L2Rpdj4KPC9kaXY+CjxkaXYgY2xhc3M9ImRpdlRhYmxlUm93Ij4KPGRpdiBjbGFzcz0iZGl2VGFibGVDZWxsSGVhZCI+VVMtTcOETk5FUjwvZGl2Pgo8ZGl2IGNsYXNzPSJkaXZUYWJsZUNlbGwiPjMuNSAtIDY8L2Rpdj4KPGRpdiBjbGFzcz0iZGl2VGFibGVDZWxsIj42LjUgLSA5PC9kaXY+CjxkaXYgY2xhc3M9ImRpdlRhYmxlQ2VsbCI+OS41IC0gMTEuNTwvZGl2Pgo8L2Rpdj4KPGRpdiBjbGFzcz0iZGl2VGFibGVSb3ciPgo8ZGl2IGNsYXNzPSJkaXZUYWJsZUNlbGxIZWFkIj5Iw5ZIRTwvZGl2Pgo8ZGl2IGNsYXNzPSJkaXZUYWJsZUNlbGwiPjI1ICsvLSAxLDVjbTwvZGl2Pgo8ZGl2IGNsYXNzPSJkaXZUYWJsZUNlbGwiPjI3ICsvLSAxLDVjbTwvZGl2Pgo8ZGl2IGNsYXNzPSJkaXZUYWJsZUNlbGwiPjI5ICsvLSAxLDVjbTwvZGl2Pgo8L2Rpdj4KPC9kaXY+CjwvZGl2Pg==[\/vc_raw_html][\/vc_column_inner][\/vc_row_inner][\/vc_column][\/vc_row]<\/p>\n<\/div>","protected":false},"excerpt":{"rendered":"<p>Wir pr\u00e4sentieren die beigefarbenen Gravel-Fahrradsocken von nologo \u2013 sie bieten optimalen Komfort f\u00fcr Ihre F\u00fc\u00dfe in unterschiedlichstem Gel\u00e4nde. Bei der Entwicklung des neuesten Modells war unser einziges Ziel, die bestm\u00f6gliche Offroad-Leistung zu erzielen. Daher sind diese Socken bestens f\u00fcr lange Rennkilometer und Offroad-Abenteuer ger\u00fcstet. Das Design erf\u00fcllt nicht nur die Erwartungen der Langstrecken-Schotterdisziplinen, sondern eignet sich auch hervorragend f\u00fcr XC-MTB, Cyclocross und alle Formen des Extrem-Mountainbikings.   <\/p>\n<p class=\"reasons\">Gr\u00fcnde f\u00fcr den Kauf:<\/p>\n<ul>\n<li>Entwickelt f\u00fcr ultimative Offroad-Leistung<\/li>\n<li>Au\u00dfergew\u00f6hnlich atmungsaktiv f\u00fcr den Komfort Ihrer F\u00fc\u00dfe<\/li>\n<li>Bew\u00e4hrte Haltbarkeit bei langen Fahrten in unebenem Gel\u00e4nde<\/li>\n<li>Nologos zeitloser Stil, ma\u00dfgeschneidert f\u00fcr Gravel-Entdecker<\/li>\n<\/ul>\n<p><img loading=\"lazy\" decoding=\"async\" class=\"alignnone wp-image-658 size-medium\" role=\"img\" src=\"https:\/\/nologo.cc\/wp-content\/uploads\/2023\/11\/Trustpilot-Excellent-Rating-ShortDesc.svg\" alt=\"\" width=\"300\" height=\"300\"><\/p>\n<p>Liegen Sie zwischen zwei Gr\u00f6\u00dfen? Wir empfehlen Ihnen, die kleinere Gr\u00f6\u00dfe zu w\u00e4hlen.<br \/>\n Siehe <a class=\"nm-lightbox\" href=\"\">Gr\u00f6\u00dfentabelle<\/a> . Von verifizierten Kunden bewertet: <\/p>\n","protected":false},"featured_media":1397,"comment_status":"open","ping_status":"closed","template":"","meta":[],"product_brand":[],"product_cat":[82],"product_tag":[],"class_list":{"0":"post-1952","1":"product","2":"type-product","3":"status-publish","4":"has-post-thumbnail","6":"product_cat-gravel-de","8":"first","9":"instock","10":"taxable","11":"shipping-taxable","12":"purchasable","13":"product-type-variable"},"_links":{"self":[{"href":"https:\/\/nologo.cc\/de\/wp-json\/wp\/v2\/product\/1952","targetHints":{"allow":["GET"]}}],"collection":[{"href":"https:\/\/nologo.cc\/de\/wp-json\/wp\/v2\/product"}],"about":[{"href":"https:\/\/nologo.cc\/de\/wp-json\/wp\/v2\/types\/product"}],"replies":[{"embeddable":true,"href":"https:\/\/nologo.cc\/de\/wp-json\/wp\/v2\/comments?post=1952"}],"wp:featuredmedia":[{"embeddable":true,"href":"https:\/\/nologo.cc\/de\/wp-json\/wp\/v2\/media\/1397"}],"wp:attachment":[{"href":"https:\/\/nologo.cc\/de\/wp-json\/wp\/v2\/media?parent=1952"}],"wp:term":[{"taxonomy":"product_brand","embeddable":true,"href":"https:\/\/nologo.cc\/de\/wp-json\/wp\/v2\/product_brand?post=1952"},{"taxonomy":"product_cat","embeddable":true,"href":"https:\/\/nologo.cc\/de\/wp-json\/wp\/v2\/product_cat?post=1952"},{"taxonomy":"product_tag","embeddable":true,"href":"https:\/\/nologo.cc\/de\/wp-json\/wp\/v2\/product_tag?post=1952"}],"curies":[{"name":"wp","href":"https:\/\/api.w.org\/{rel}","templated":true}]}}