{"id":1963,"date":"2023-11-02T11:28:13","date_gmt":"2023-11-02T11:28:13","guid":{"rendered":"https:\/\/nologo.wordpress.rzeszow.pl\/unkategorisiert\/klassische-weisse-radsocken\/"},"modified":"2026-04-02T23:26:39","modified_gmt":"2026-04-02T21:26:39","slug":"klassische-weisse-radsocken","status":"publish","type":"product","link":"https:\/\/nologo.cc\/de\/radsocken\/klassische\/klassische-weisse-radsocken\/","title":{"rendered":"Klassische Wei\u00dfe Radsocken"},"content":{"rendered":"<div class=\"wpb-content-wrapper\"><p>[vc_row equal_height=&#8221;yes&#8221; content_placement=&#8221;middle&#8221;][vc_column width=&#8221;1\/4&#8243; css=&#8221;.vc_custom_1610106215999{padding-bottom: 20px !important;}&#8221;][vc_single_image image=&#8221;1179&#8243; img_size=&#8221;full&#8221;][\/vc_column][vc_column width=&#8221;1\/4&#8243; css=&#8221;.vc_custom_1610106228659{padding-bottom: 20px !important;}&#8221;][vc_single_image image=&#8221;1181&#8243; img_size=&#8221;full&#8221;][\/vc_column][vc_column width=&#8221;1\/2&#8243;][vc_column_text]<\/p>\n<div class=\"product-page-feature-icons-container\"><img loading=\"lazy\" decoding=\"async\" class=\"product-page-feature-icon\" role=\"img\" src=\"https:\/\/nologo.cc\/wp-content\/uploads\/2023\/11\/perfect-fit.svg\" alt=\"\" width=\"300\" height=\"300\"><br \/>\n<img loading=\"lazy\" decoding=\"async\" class=\"product-page-feature-icon\" role=\"img\" src=\"https:\/\/nologo.cc\/wp-content\/uploads\/2023\/11\/moisture-wicking.svg\" alt=\"\" width=\"300\" height=\"300\"><br \/>\n<img loading=\"lazy\" decoding=\"async\" class=\"product-page-feature-icon\" role=\"img\" src=\"https:\/\/nologo.cc\/wp-content\/uploads\/2023\/11\/light-weight.svg\" alt=\"\" width=\"300\" height=\"300\"><br \/>\n<img loading=\"lazy\" decoding=\"async\" class=\"product-page-feature-icon\" role=\"img\" src=\"https:\/\/nologo.cc\/wp-content\/uploads\/2023\/11\/fast-drying.svg\" alt=\"\" width=\"300\" height=\"300\"><br \/>\n<img loading=\"lazy\" decoding=\"async\" class=\"product-page-feature-icon\" role=\"img\" src=\"https:\/\/nologo.cc\/wp-content\/uploads\/2023\/11\/efficient-cooling.svg\" alt=\"\" width=\"300\" height=\"300\"><\/div>\n<p>[\/vc_column_text][\/vc_column][\/vc_row][vc_row css=&#8221;.vc_custom_1704119418494{padding-top: 32px !important;}&#8221;][vc_column][vc_column_text css=&#8221;&#8221;]<\/p>\n<h2>Klassische wei\u00dfe Radsocken \u2013 die Essenz des Radsportstils<\/h2>\n<p>Wir stellen unsere meistverkauften klassischen wei\u00dfen Socken vor, einen zeitlosen Klassiker, der jedes Outfit, jeden Schuh oder jedes Fahrrad perfekt erg\u00e4nzt. Diese eleganten wei\u00dfen Socken wurden sowohl f\u00fcr Stil als auch Funktionalit\u00e4t entworfen und sind bei Radfahrern weltweit beliebt. Sie strahlen nicht nur ein Gef\u00fchl von Raffinesse aus, sondern verbessern auch Ihre Sichtbarkeit auf der Stra\u00dfe, sodass Sie auffallen und sicher bleiben. Wei\u00df absorbiert W\u00e4rme nicht so stark wie dunklere Farben, was bei langen Sommerfahrten von Vorteil sein kann. Diese schlichten wei\u00dfen Socken werden von Spitzensportlern verschiedener Disziplinen gew\u00e4hlt und sind universell schmeichelhaft und f\u00fcr jeden Teint, K\u00f6rpertyp und jede Ausr\u00fcstung geeignet. Ihre vielseitige Farbe passt m\u00fchelos zu jeder Art und jedem Farbton von Schuhen und macht sie zu einer zuverl\u00e4ssigen, stilvollen Wahl f\u00fcr jeden Radfahrer. Entdecken Sie weitere <a href=\"\">Expertentipps zur Auswahl der idealen Fahrradsocken<\/a> und steigern Sie Ihr Fahrerlebnis. Kaufen Sie jetzt ein und genie\u00dfen Sie die anhaltende Attraktivit\u00e4t der Produkte von nologo.[\/vc_column_text][\/vc_column][\/vc_row][vc_row css=&#8221;.vc_custom_1704119418494{padding-top: 32px !important;}&#8221;][vc_column width=&#8221;1\/3&#8243;][vc_single_image image=&#8221;6236&#8243; img_size=&#8221;full&#8221; alignment=&#8221;center&#8221;][\/vc_column][vc_column width=&#8221;1\/3&#8243;][vc_single_image image=&#8221;6228&#8243; img_size=&#8221;full&#8221; alignment=&#8221;center&#8221;][\/vc_column][vc_column width=&#8221;1\/3&#8243;][vc_single_image image=&#8221;6224&#8243; img_size=&#8221;full&#8221; alignment=&#8221;center&#8221;][\/vc_column][\/vc_row][vc_row css=&#8221;.vc_custom_1704119418494{padding-top: 32px !important;}&#8221;][vc_column][vc_column_text css=&#8221;&#8221;]<\/p>\n<h2>Wie sorgen wir daf\u00fcr, dass Ihre F\u00fc\u00dfe mit unseren hochwertigen, komplett wei\u00dfen Radsocken gro\u00dfartigen Komfort haben?<\/h2>\n<p>Wenn Sie Ihre F\u00fc\u00dfe beim Training oder bei allt\u00e4glichen Aktivit\u00e4ten in Topform halten m\u00f6chten, ist es wichtig, in die richtigen Socken zu investieren. Nologo-Socken sind auf maximalen Komfort ausgelegt, sodass Sie sich ohne Ablenkung auf Ihre Leistung konzentrieren k\u00f6nnen. Egal, ob Sie sich wei\u00dfe Fahrradsocken f\u00fcr M\u00e4nner oder Frauen ansehen, die richtige Gr\u00f6\u00dfe und Passform sind entscheidend, um die Fu\u00dfpflege und Effizienz beim Pedaltreten sicherzustellen. Nologo-Socken sind in vielen verschiedenen Gr\u00f6\u00dfen erh\u00e4ltlich, um den individuellen Anforderungen aller gerecht zu werden.   <\/p>\n<h2>Wei\u00dfe Radsocken, die auf Atmungsaktivit\u00e4t, Feuchtigkeitstransport und lang anhaltende Leistung ausgelegt sind<\/h2>\n<p>Das hochmoderne, atmungsaktive PROLEN\u00aeYARN-Gewebe ist unerl\u00e4sslich, um eine gute Luftzirkulation zu gew\u00e4hrleisten und die Temperatur zu regulieren, wodurch verschwitzte und \u00fcberhitzte F\u00fc\u00dfe verhindert werden. Die feuchtigkeitsableitenden Eigenschaften des Gewebes halten Ihre F\u00fc\u00dfe trocken und verhindern Blasenbildung. Auch die Haltbarkeit ist entscheidend, da Sie Socken w\u00fcnschen, die h\u00e4ufiges Waschen und intensives Training \u00fcberstehen, ohne sich abzunutzen. Unsere Kunden sagen, dass nologo die richtige Marke ist, wenn Sie langlebige wei\u00dfe Fahrradsocken m\u00f6chten, die auch nach ausgiebigem Gebrauch und vielen Waschg\u00e4ngen wei\u00df bleiben. Insgesamt wurden unsere Socken in der EU entwickelt und hergestellt, um alle Anforderungen mit maximalem Qualit\u00e4tsniveau zu erf\u00fcllen, sodass Sie bequem bleiben und sich auf das Erreichen Ihrer Fitnessziele konzentrieren und Ihre Fahrradabenteuer ohne fu\u00dfbedingte Ablenkungen genie\u00dfen k\u00f6nnen.[\/vc_column_text][\/vc_column][\/vc_row][vc_row css=&#8221;.vc_custom_1704119418494{padding-top: 32px !important;}&#8221;][vc_column][vc_single_image image=&#8221;6240&#8243; img_size=&#8221;full&#8221; alignment=&#8221;center&#8221;][\/vc_column][\/vc_row][vc_row css=&#8221;.vc_custom_1704119418494{padding-top: 32px !important;}&#8221;][vc_column][vc_column_text css=&#8221;&#8221;]<\/p>\n<h2>Treten Sie mit unseren umweltfreundlichen, recycelbaren Socken in eine nachhaltige Zukunft ein<\/h2>\n<p>Unsere umweltfreundlichen, recycelbaren Socken weisen den Weg in eine gr\u00fcne Zukunft. Nologo-Produkte werden aus vollst\u00e4ndig recycelbaren Materialien h\u00f6chster Qualit\u00e4t hergestellt, wobei haupts\u00e4chlich Garn verwendet wird, das mit dem Hauptziel der Nachhaltigkeit hergestellt wurde. Unsere Kunden k\u00f6nnen sich nicht nur an den ethisch einwandfreien Socken erfreuen, sondern sie auch zur\u00fcckschicken, wenn sie abgenutzt sind. Die gebrauchten Socken werden dann einem speziellen Recyclingprozess unterzogen und sind bereit, zu neuen Paaren gewebt zu werden. Dies alles ist Teil unseres Engagements f\u00fcr Recycling und die F\u00f6rderung nachhaltiger Mode.    <\/p>\n<h2>Profi-Tipps von den Sockenexperten<\/h2>\n<p>Passt zu: praktisch jedem Kleidungsfarbton. Wei\u00df ist eine vielseitige Farbe und passt zu jedem Outfit.<br \/>\n Versuchen Sie, nur mit Wei\u00dfw\u00e4sche zu waschen, um die perfekte wei\u00dfe Farbe zu erhalten. Die Feuchtigkeitsaufnahmebest\u00e4ndigkeit unseres Garns erm\u00f6glicht es ihm, zahlreichen W\u00e4schen standzuhalten. Sie k\u00f6nnen es also h\u00e4ufig waschen, um seinen makellosen Zustand ohne Bedenken zu erhalten.[\/vc_column_text][\/vc_column][\/vc_row][vc_row css=&#8221;.vc_custom_1703627606748{padding-top: 32px !important;}&#8221;][vc_column][vc_column_text]<\/p>\n<h2>Eigenschaften der nologo Classic White Radsocken:<\/h2>\n<p>[\/vc_column_text][vc_empty_space][\/vc_column][\/vc_row][vc_row][vc_column width=&#8221;1\/2&#8243; css=&#8221;.vc_custom_1610106215999{padding-bottom: 20px !important;}&#8221;][vc_column_text]<\/p>\n<h3>Farbe:<\/h3>\n<p>Wei\u00df + Schwarz, <strong>kein<\/strong> Logo \u00fcber den Zehen <\/p>\n<h3>Gr\u00f6\u00dfen:<\/h3>\n<p>36-38, 39-41, 42-44, 45-47\n            <div class=\"nm-lightbox\" data-mfp-type=\"image\" data-mfp-src=\"https:\/\/nologo.cc\/wp-content\/uploads\/2026\/02\/1x1.png\"><a href=\"#\"><\/a>\n            <\/div>\n<h3>Wadenl\u00e4nge:<\/h3>\n<p>36-38: 23 +\/- 1,5cm 39-41: 25 +\/- 1,5cm 42-44: 27 +\/- 1,5cm 45-47: 29 +\/- 1,5cm<\/p>\n<p>gemessen vom Boden aufw\u00e4rts[\/vc_column_text][\/vc_column][vc_column width=&#8221;1\/2&#8243; css=&#8221;.vc_custom_1610106228659{padding-bottom: 20px !important;}&#8221;][vc_column_text]<\/p>\n<h3>Die Socken bestehen aus:<\/h3>\n<p>97% Polypropylen 3% Elasthan<\/p>\n<p><a href=\"https:\/\/nologo.cc\/de\/die-besten-stoffe-fuer-radsocken\/\">mehr lesen<\/a><\/p>\n<h3>weitere Anleitung:<\/h3>\n<p>Maschinenw\u00e4sche bei 30 \u00b0C, nicht im Trockner trocknen, nicht b\u00fcgeln, nicht bleichen, nicht chemisch reinigen[\/vc_column_text][\/vc_column][\/vc_row][vc_row equal_height=&#8221;yes&#8221; content_placement=&#8221;middle&#8221; el_class=&#8221;displaynone&#8221;][vc_column][vc_row_inner content_placement=&#8221;middle&#8221; css=&#8221;.vc_custom_1708282480444{padding-top: 36px !important;padding-bottom: 36px !important;background-color: #ffffff !important;}&#8221; el_id=&#8221;classic-size&#8221;][vc_column_inner width=&#8221;1\/6&#8243;][vc_empty_space][vc_single_image image=&#8221;1728&#8243; img_size=&#8221;full&#8221; alignment=&#8221;center&#8221;][vc_empty_space][\/vc_column_inner][vc_column_inner width=&#8221;5\/6&#8243;][vc_raw_html]PGRpdiBjbGFzcz0iZGl2VGFibGUiPgo8ZGl2IGNsYXNzPSJkaXZUYWJsZUhlYWRpbmciPgo8ZGl2IGNsYXNzPSJkaXZUYWJsZVJvdyI+CjxkaXYgY2xhc3M9ImRpdlRhYmxlSGVhZCI+IDwvZGl2Pgo8ZGl2IGNsYXNzPSJkaXZUYWJsZUhlYWQiPlhTPC9kaXY+CjxkaXYgY2xhc3M9ImRpdlRhYmxlSGVhZCI+UzwvZGl2Pgo8ZGl2IGNsYXNzPSJkaXZUYWJsZUhlYWQiPk08L2Rpdj4KPGRpdiBjbGFzcz0iZGl2VGFibGVIZWFkIj5MPC9kaXY+CjwvZGl2Pgo8L2Rpdj4KPGRpdiBjbGFzcz0iZGl2VGFibGVCb2R5Ij4KPGRpdiBjbGFzcz0iZGl2VGFibGVSb3ciPgo8ZGl2IGNsYXNzPSJkaXZUYWJsZUNlbGxIZWFkIj5FVTwvZGl2Pgo8ZGl2IGNsYXNzPSJkaXZUYWJsZUNlbGwiPjM2IC0gMzg8L2Rpdj4KPGRpdiBjbGFzcz0iZGl2VGFibGVDZWxsIj4zOSAtIDQxPC9kaXY+CjxkaXYgY2xhc3M9ImRpdlRhYmxlQ2VsbCI+NDIgLSA0NDwvZGl2Pgo8ZGl2IGNsYXNzPSJkaXZUYWJsZUNlbGwiPjQ1IC0gNDc8L2Rpdj4KPC9kaXY+CjxkaXYgY2xhc3M9ImRpdlRhYmxlUm93Ij4KPGRpdiBjbGFzcz0iZGl2VGFibGVDZWxsSGVhZCI+Q008L2Rpdj4KPGRpdiBjbGFzcz0iZGl2VGFibGVDZWxsIj4yMyAtIDI0LjU8L2Rpdj4KPGRpdiBjbGFzcz0iZGl2VGFibGVDZWxsIj4yNSAtIDI2LjU8L2Rpdj4KPGRpdiBjbGFzcz0iZGl2VGFibGVDZWxsIj4yNyAtIDI4LjU8L2Rpdj4KPGRpdiBjbGFzcz0iZGl2VGFibGVDZWxsIj4yOSAtIDMwLjU8L2Rpdj4KPC9kaXY+CjxkaXYgY2xhc3M9ImRpdlRhYmxlUm93Ij4KPGRpdiBjbGFzcz0iZGl2VGFibGVDZWxsSGVhZCI+VmVyZWluaWd0ZXMgS8O2bmlncmVpY2g8L2Rpdj4KPGRpdiBjbGFzcz0iZGl2VGFibGVDZWxsIj4zLjUgLSA1LjU8L2Rpdj4KPGRpdiBjbGFzcz0iZGl2VGFibGVDZWxsIj42IC0gNy41PC9kaXY+CjxkaXYgY2xhc3M9ImRpdlRhYmxlQ2VsbCI+OCAtIDkuNTwvZGl2Pgo8ZGl2IGNsYXNzPSJkaXZUYWJsZUNlbGwiPjEwIC0gMTEuNTwvZGl2Pgo8L2Rpdj4KPGRpdiBjbGFzcz0iZGl2VGFibGVSb3ciPgo8ZGl2IGNsYXNzPSJkaXZUYWJsZUNlbGxIZWFkIj5VUy1XTU48L2Rpdj4KPGRpdiBjbGFzcz0iZGl2VGFibGVDZWxsIj41LjUgLSA3LjU8L2Rpdj4KPGRpdiBjbGFzcz0iZGl2VGFibGVDZWxsIj44IC0gOS41PC9kaXY+CjxkaXYgY2xhc3M9ImRpdlRhYmxlQ2VsbCI+MTAgLSAxMS41PC9kaXY+CjxkaXYgY2xhc3M9ImRpdlRhYmxlQ2VsbCI+MTIgLSAxMy41PC9kaXY+CjwvZGl2Pgo8ZGl2IGNsYXNzPSJkaXZUYWJsZVJvdyI+CjxkaXYgY2xhc3M9ImRpdlRhYmxlQ2VsbEhlYWQiPlVTLU3DhE5ORVI8L2Rpdj4KPGRpdiBjbGFzcz0iZGl2VGFibGVDZWxsIj4zLjUgLSA1LjU8L2Rpdj4KPGRpdiBjbGFzcz0iZGl2VGFibGVDZWxsIj42IC0gNy41PC9kaXY+CjxkaXYgY2xhc3M9ImRpdlRhYmxlQ2VsbCI+OCAtIDkuNTwvZGl2Pgo8ZGl2IGNsYXNzPSJkaXZUYWJsZUNlbGwiPjEwIC0gMTEuNTwvZGl2Pgo8L2Rpdj4KPGRpdiBjbGFzcz0iZGl2VGFibGVSb3ciPgo8ZGl2IGNsYXNzPSJkaXZUYWJsZUNlbGxIZWFkIj5Iw5ZIRTwvZGl2Pgo8ZGl2IGNsYXNzPSJkaXZUYWJsZUNlbGwiPjIzICsvLSAxLDVjbTwvZGl2Pgo8ZGl2IGNsYXNzPSJkaXZUYWJsZUNlbGwiPjI1ICsvLSAxLDVjbTwvZGl2Pgo8ZGl2IGNsYXNzPSJkaXZUYWJsZUNlbGwiPjI3ICsvLSAxLDVjbTwvZGl2Pgo8ZGl2IGNsYXNzPSJkaXZUYWJsZUNlbGwiPjI5ICsvLSAxLDVjbTwvZGl2Pgo8L2Rpdj4KPC9kaXY+CjwvZGl2Pg==[\/vc_raw_html][\/vc_column_inner][\/vc_row_inner][\/vc_column][\/vc_row]<\/p>\n<\/div>","protected":false},"excerpt":{"rendered":"<p>Unsere luftigen wei\u00dfen Radsocken sind ideal f\u00fcr warmes bis hei\u00dfes Wetter und zeichnen sich durch Atmungsaktivit\u00e4t und Strapazierf\u00e4higkeit aus. Die Mesh-Konstruktion an der Oberseite und das hochdichte Gewebe am Fu\u00dfbett sorgen f\u00fcr optimale Leistung. Die Nologo Classic-Socken sind pr\u00e4zise auf Langstreckenkomfort ausgelegt, verf\u00fcgen \u00fcber Flachn\u00e4hte und bestehen aus <a href=\"\/the-best-fabrics-for-cycling-socks\/\">hochwertigem Garn<\/a> , das doppelt so leicht ist wie Baumwolle und so die Feuchtigkeitsregulierung verbessert, sodass Sie angenehm geschmeidig fahren k\u00f6nnen.  <\/p>\n<p class=\"reasons\">Gr\u00fcnde f\u00fcr den Kauf:<\/p>\n<ul>\n<li>Entwickelt f\u00fcr Ihre vollste Zufriedenheit<\/li>\n<li>Optimale Atmungsaktivit\u00e4t durch feinstes Gewebe<\/li>\n<li>Vom Kunden bew\u00e4hrte St\u00e4rke und Langlebigkeit<\/li>\n<li>Zeitloser Stil \u2013 der Bestseller von nologo<\/li>\n<\/ul>\n<p><img loading=\"lazy\" decoding=\"async\" class=\"alignnone wp-image-658 size-medium\" role=\"img\" src=\"https:\/\/nologo.cc\/wp-content\/uploads\/2023\/11\/Trustpilot-Excellent-Rating-ShortDesc.svg\" alt=\"\" width=\"300\" height=\"300\"><\/p>\n<p>Liegen Sie zwischen zwei Gr\u00f6\u00dfen? Wir empfehlen Ihnen, die kleinere Gr\u00f6\u00dfe zu w\u00e4hlen.<br \/>\n Siehe <a class=\"nm-lightbox\" href=\"\">Gr\u00f6\u00dfentabelle<\/a> . Von verifizierten Kunden bewertet: <\/p>\n","protected":false},"featured_media":1592,"comment_status":"open","ping_status":"closed","template":"","meta":[],"product_brand":[],"product_cat":[84],"product_tag":[],"class_list":{"0":"post-1963","1":"product","2":"type-product","3":"status-publish","4":"has-post-thumbnail","6":"product_cat-klassische","8":"first","9":"instock","10":"taxable","11":"shipping-taxable","12":"purchasable","13":"product-type-variable"},"_links":{"self":[{"href":"https:\/\/nologo.cc\/de\/wp-json\/wp\/v2\/product\/1963","targetHints":{"allow":["GET"]}}],"collection":[{"href":"https:\/\/nologo.cc\/de\/wp-json\/wp\/v2\/product"}],"about":[{"href":"https:\/\/nologo.cc\/de\/wp-json\/wp\/v2\/types\/product"}],"replies":[{"embeddable":true,"href":"https:\/\/nologo.cc\/de\/wp-json\/wp\/v2\/comments?post=1963"}],"wp:featuredmedia":[{"embeddable":true,"href":"https:\/\/nologo.cc\/de\/wp-json\/wp\/v2\/media\/1592"}],"wp:attachment":[{"href":"https:\/\/nologo.cc\/de\/wp-json\/wp\/v2\/media?parent=1963"}],"wp:term":[{"taxonomy":"product_brand","embeddable":true,"href":"https:\/\/nologo.cc\/de\/wp-json\/wp\/v2\/product_brand?post=1963"},{"taxonomy":"product_cat","embeddable":true,"href":"https:\/\/nologo.cc\/de\/wp-json\/wp\/v2\/product_cat?post=1963"},{"taxonomy":"product_tag","embeddable":true,"href":"https:\/\/nologo.cc\/de\/wp-json\/wp\/v2\/product_tag?post=1963"}],"curies":[{"name":"wp","href":"https:\/\/api.w.org\/{rel}","templated":true}]}}