{"id":2011,"date":"2023-11-02T11:50:23","date_gmt":"2023-11-02T11:50:23","guid":{"rendered":"https:\/\/nologo.wordpress.rzeszow.pl\/unkategorisiert\/weisse-gravel-radsocken\/"},"modified":"2026-03-12T22:15:33","modified_gmt":"2026-03-12T21:15:33","slug":"weisse-gravel-radsocken","status":"publish","type":"product","link":"https:\/\/nologo.cc\/de\/radsocken\/gravel-de\/weisse-gravel-radsocken\/","title":{"rendered":"Wei\u00dfe Gravel Radsocken"},"content":{"rendered":"<div class=\"wpb-content-wrapper\"><p>[vc_row css=&#8221;.vc_custom_1703627606748{padding-top: 32px !important;}&#8221;][vc_column][vc_column_text]<\/p>\n<h2>Eigenschaften der wei\u00dfen Gravel-Radsocken:<\/h2>\n<p>[\/vc_column_text][vc_empty_space][\/vc_column][\/vc_row][vc_row][vc_column width=&#8221;1\/2&#8243; css=&#8221;.vc_custom_1610106215999{padding-bottom: 20px !important;}&#8221;][vc_column_text]<\/p>\n<h5>Farbe:<\/h5>\n<p>Wei\u00df + Schwarz, <strong>kein<\/strong> Logo \u00fcber den Zehen<\/p>\n<h5>Gr\u00f6\u00dfen:<\/h5>\n<p>S (36-39), M (40-43), L (44-47)\n            <div class=\"nm-lightbox\" data-mfp-type=\"image\" data-mfp-src=\"https:\/\/nologo.cc\/wp-content\/uploads\/2026\/02\/1x1.png\"><a href=\"#\"><\/a>\n            <\/div>\n<h5>Wadenl\u00e4nge:<\/h5>\n<p>S (36-39): 23 +\/- 1,5 cm<br \/>\nM (40-43): 25 +\/- 1,5 cm<br \/>\nL (44-47): 27 +\/- 1,5 cm<br \/>\ngemessen vom Boden aufw\u00e4rts[\/vc_column_text][vc_empty_space][\/vc_column][vc_column width=&#8221;1\/2&#8243; css=&#8221;.vc_custom_1610106228659{padding-bottom: 20px !important;}&#8221;][vc_column_text]<\/p>\n<h3>Die Socken bestehen aus:<\/h3>\n<p>97 % Polypropylen<br \/>\n3 % Elastan<br \/>\n<a href=\"https:\/\/nologo.cc\/de\/die-besten-stoffe-fuer-radsocken\/\">mehr lesen<\/a><\/p>\n<h3>weitere Anleitung:<\/h3>\n<p>Maschinenw\u00e4sche bei 30 \u00b0C, nicht im Trockner trocknen, nicht b\u00fcgeln, nicht bleichen, nicht chemisch reinigen[\/vc_column_text][vc_empty_space][\/vc_column][\/vc_row][vc_row equal_height=&#8221;yes&#8221; content_placement=&#8221;middle&#8221;][vc_column width=&#8221;1\/4&#8243; css=&#8221;.vc_custom_1610106215999{padding-bottom: 20px !important;}&#8221;][vc_single_image image=&#8221;1179&#8243; img_size=&#8221;full&#8221;][\/vc_column][vc_column width=&#8221;1\/4&#8243; css=&#8221;.vc_custom_1610106228659{padding-bottom: 20px !important;}&#8221;][vc_single_image image=&#8221;1181&#8243; img_size=&#8221;full&#8221;][\/vc_column][vc_column width=&#8221;1\/2&#8243;][vc_column_text]<\/p>\n<div class=\"product-page-feature-icons-container\"><img loading=\"lazy\" decoding=\"async\" class=\"product-page-feature-icon\" role=\"img\" src=\"https:\/\/nologo.cc\/wp-content\/uploads\/2023\/11\/perfect-fit.svg\" alt=\"\" width=\"300\" height=\"300\" \/><br \/>\n<img loading=\"lazy\" decoding=\"async\" class=\"product-page-feature-icon\" role=\"img\" src=\"https:\/\/nologo.cc\/wp-content\/uploads\/2023\/11\/moisture-wicking.svg\" alt=\"\" width=\"300\" height=\"300\" \/><br \/>\n<img loading=\"lazy\" decoding=\"async\" class=\"product-page-feature-icon\" role=\"img\" src=\"https:\/\/nologo.cc\/wp-content\/uploads\/2023\/11\/light-weight.svg\" alt=\"\" width=\"300\" height=\"300\" \/><br \/>\n<img loading=\"lazy\" decoding=\"async\" class=\"product-page-feature-icon\" role=\"img\" src=\"https:\/\/nologo.cc\/wp-content\/uploads\/2023\/11\/fast-drying.svg\" alt=\"\" width=\"300\" height=\"300\" \/><br \/>\n<img loading=\"lazy\" decoding=\"async\" class=\"product-page-feature-icon\" role=\"img\" src=\"https:\/\/nologo.cc\/wp-content\/uploads\/2023\/11\/efficient-cooling.svg\" alt=\"\" width=\"300\" height=\"300\" \/><\/div>\n<p>[\/vc_column_text][\/vc_column][\/vc_row][vc_row css=&#8221;.vc_custom_1704119418494{padding-top: 32px !important;}&#8221;][vc_column][vc_column_text]<\/p>\n<h2>Wei\u00dfe Gravel-Radsocken von nologo: All-Terrain-Meisterwerk<\/h2>\n<p>Unsere Gravel-Radsocken sind mit einer Reihe von Funktionen ausgestattet, die speziell f\u00fcr das Fahren im Gel\u00e4nde entwickelt wurden. Die neue Gravel-Socke wurde von Grund auf neu entwickelt \u2013 das Gewebe unseres hochmodernen <a title=\"Prolen-Garnsocken\" href=\"https:\/\/nologo.cc\/de\/die-besten-stoffe-fuer-radsocken\/\">Prolen-Garns<\/a> wurde neu gestaltet und die Socke verf\u00fcgt \u00fcber eine v\u00f6llig neue Sohlen- und Fersenkonstruktion. All diese strukturellen Aktualisierungen f\u00fchrten zu einem v\u00f6llig neuen Modell, das in puncto Fahrkomfort im Gel\u00e4nde alle Kriterien erf\u00fcllt. Folgendes haben wir getan:<\/p>\n<ul>\n<li><strong>Vibrationsabsorbierende Sohle:<\/strong> Wir haben ein dickes Polster auf der Sohle verwendet, um Vibrationen besser zu absorbieren und zu verhindern, dass der Fu\u00df im Schuh rutscht.<\/li>\n<li><strong>Starker Absatz:<\/strong> Er wurde deutlich verst\u00e4rkt, sodass er auch dem Kontakt mit Sand oder Schlamm standh\u00e4lt. Es ist viel langlebiger und so konzipiert, dass es Abrieb verhindert.<\/li>\n<li><strong>Bequemer Schaft:<\/strong> Im oberen Teil der Socke haben wir ein breites, druckfreies B\u00fcndchen verwendet, um den Komfort auf langen Offroad-Fahrten zu verbessern.<\/li>\n<li><strong>Brandneue Webkonstruktion:<\/strong> Ein strukturiertes Garngewebe, um die Beine besser vor Steinschl\u00e4gen zu sch\u00fctzen.<\/li>\n<\/ul>\n<p>Bei all diesen \u00c4nderungen haben wir die wichtigsten Eigenschaften unserer Socken nicht vergessen. <strong>No<\/strong> Logo Gravel-Radsocken sind immer noch leicht, passen perfekt, leiten Feuchtigkeit ab, trocknen superschnell und regulieren die Temperatur perfekt, um Ihren F\u00fc\u00dfen den ultimativen Komfort zu bieten.<\/p>\n<h2>Warum sind Gravel-Radsocken anders konzipiert?<\/h2>\n<p>Gravel-Socken sind speziell, weil sie auf die besonderen Bed\u00fcrfnisse des Radfahrens auf Schotterstra\u00dfen zugeschnitten sind. Diese Socken bestehen aus strapazierf\u00e4higen PROLEN\u00aeYARN-Fasern, um den Strapazen des Gravelbikens standzuhalten und maximalen Komfort und Atmungsaktivit\u00e4t zu gew\u00e4hrleisten. Gravel-Bikes bieten die Freiheit und das Abenteuer, die das Erkunden von Offroad-Strecken mit sich bringt, und Gravel-Socken sind darauf zugeschnitten, dieses Erlebnis zu unterst\u00fctzen.[\/vc_column_text][\/vc_column][\/vc_row][vc_row][vc_column width=&#8221;1\/4&#8243;][vc_empty_space height=&#8221;47px&#8221;][vc_single_image image=&#8221;1457&#8243; img_size=&#8221;full&#8221; alignment=&#8221;center&#8221;][vc_empty_space height=&#8221;47px&#8221;][\/vc_column][vc_column width=&#8221;1\/4&#8243;][vc_empty_space height=&#8221;47px&#8221;][vc_single_image image=&#8221;1459&#8243; img_size=&#8221;full&#8221; alignment=&#8221;center&#8221;][vc_empty_space height=&#8221;47px&#8221;][\/vc_column][vc_column width=&#8221;1\/4&#8243;][vc_empty_space height=&#8221;47px&#8221;][vc_single_image image=&#8221;1461&#8243; img_size=&#8221;full&#8221; alignment=&#8221;center&#8221;][vc_empty_space height=&#8221;47px&#8221;][\/vc_column][vc_column width=&#8221;1\/4&#8243;][vc_empty_space height=&#8221;47px&#8221;][vc_single_image image=&#8221;1463&#8243; img_size=&#8221;full&#8221; alignment=&#8221;center&#8221;][vc_empty_space height=&#8221;47px&#8221;][\/vc_column][\/vc_row][vc_row css=&#8221;.vc_custom_1704119418494{padding-top: 32px !important;}&#8221;][vc_column][vc_column_text]Die erneuerte Konstruktion der Gravel-Socken sorgt f\u00fcr zus\u00e4tzliche D\u00e4mpfung und Schutz f\u00fcr die F\u00fc\u00dfe, was f\u00fcr das anspruchsvolle Gel\u00e4nde, das das Gravel-Biken bietet, von entscheidender Bedeutung ist. Mit Gravel-Socken k\u00f6nnen Radfahrer die Herausforderungen auf Schotterstra\u00dfen selbstbewusst meistern und wissen, dass sie die Unterst\u00fctzung und den Komfort haben, die sie f\u00fcr ihre abenteuerlichen Fahrten ben\u00f6tigen.<\/p>\n<h2>Komfort auf h\u00f6chstem Niveau, gleicher umweltfreundlicher Ansatz<\/h2>\n<p>Trotz der grundlegenden Neugestaltung legen wir weiterhin Wert auf Nachhaltigkeit und Zukunftsdenken. Durch die Verwendung von PROLEN\u00aeYARN, einem Material, das zu 100 % recycelbar ist, unterstreichen wir unser Engagement f\u00fcr die Reduzierung der Umweltbelastung. W\u00e4hrend unsere Gravel-Socken von Grund auf f\u00fcr H\u00f6chstleistung auf abenteuerlichen Trails entwickelt wurden, sind sie auch ein Beweis f\u00fcr unser Engagement, die Sch\u00f6nheit der freien Natur f\u00fcr kommende Generationen zu bewahren.<\/p>\n<p>Lesen Sie mehr \u00fcber unsere Tipps <a href=\"https:\/\/nologo.cc\/de\/5-top-tipps-zur-auswahl-von-radsocken\/\">zur Auswahl von Radsocken f\u00fcr Ihren Fahrstil<\/a> .<\/p>\n<p>Anziehen mit: Grunds\u00e4tzlich jeder Kleidungsfarbe<br \/>\nVersuchen Sie, nur mit Wei\u00dfw\u00e4sche zu waschen, um die perfekte wei\u00dfe Farbe zu erhalten[\/vc_column_text][\/vc_column][\/vc_row][vc_row][vc_column][vc_empty_space height=&#8221;47px&#8221;][vc_single_image image=&#8221;397542&#8243; img_size=&#8221;full&#8221; alignment=&#8221;center&#8221;][vc_empty_space height=&#8221;47px&#8221;][\/vc_column][\/vc_row][vc_row equal_height=&#8221;yes&#8221; content_placement=&#8221;middle&#8221; el_class=&#8221;displaynone&#8221;][vc_column][vc_row_inner content_placement=&#8221;middle&#8221; el_id=&#8221;gravel-size&#8221; css=&#8221;.vc_custom_1708798819581{padding-top: 32px !important;padding-bottom: 32px !important;background-color: #ffffff !important;}&#8221;][vc_column_inner width=&#8221;1\/6&#8243;][vc_empty_space][vc_single_image image=&#8221;1734&#8243; img_size=&#8221;full&#8221; alignment=&#8221;center&#8221;][vc_empty_space][\/vc_column_inner][vc_column_inner width=&#8221;5\/6&#8243;][\/vc_column_inner][\/vc_row_inner][\/vc_column][\/vc_row]<\/p>\n<\/div>","protected":false},"excerpt":{"rendered":"<p>Gravel-Radsocken \u2013 ultimativer Komfort f\u00fcr Ihre F\u00fc\u00dfe in allen Gel\u00e4ndebedingungen. Bei der Entwicklung des neuen Modells hatten wir ein Ziel: die h\u00f6chstm\u00f6gliche Offroad-Performance zu erreichen. Dadurch sind unsere Gravel-Radsocken vielen Kilometern bei Renn- und Offroad-Abenteuern gewachsen. Das Design erf\u00fcllt auch die Erwartungen vieler verschiedener Offroad-Disziplinen. Die Socken eignen sich auch hervorragend f\u00fcr XC MTB, Cyclocross und alle Formen des extremen Mountainbikens.    <\/p>\n<p>Gr\u00fcnde f\u00fcr den Kauf:<\/p>\n<ul>\n<li>Entwickelt f\u00fcr ultimative Offroad-Leistung<\/li>\n<li>Au\u00dfergew\u00f6hnlich atmungsaktiv f\u00fcr den Komfort Ihrer F\u00fc\u00dfe<\/li>\n<li>Bew\u00e4hrte Haltbarkeit bei langen Fahrten in unebenem Gel\u00e4nde<\/li>\n<li>Nologos zeitloser Stil, ma\u00dfgeschneidert f\u00fcr Gravel-Entdecker<\/li>\n<\/ul>\n<p><img loading=\"lazy\" decoding=\"async\" class=\"alignnone wp-image-658 size-medium\" role=\"img\" src=\"https:\/\/nologo.cc\/wp-content\/uploads\/2023\/11\/Trustpilot-Excellent-Rating-ShortDesc.svg\" alt=\"\" width=\"300\" height=\"300\"><\/p>\n<p>Zwischengr\u00f6\u00dfen? Wir empfehlen Ihnen, eine Nummer kleiner zu w\u00e4hlen.<br \/>\n Siehe die <a class=\"nm-lightbox\" href=\"#gravel-size\">Gr\u00f6\u00dfentabelle<\/a> .<\/p>\n<p>Bewertet von verifizierten Kunden:<\/p>\n","protected":false},"featured_media":1565,"comment_status":"open","ping_status":"closed","template":"","meta":[],"product_brand":[],"product_cat":[82],"product_tag":[],"class_list":{"0":"post-2011","1":"product","2":"type-product","3":"status-publish","4":"has-post-thumbnail","6":"product_cat-gravel-de","8":"first","9":"instock","10":"taxable","11":"shipping-taxable","12":"purchasable","13":"product-type-variable"},"_links":{"self":[{"href":"https:\/\/nologo.cc\/de\/wp-json\/wp\/v2\/product\/2011","targetHints":{"allow":["GET"]}}],"collection":[{"href":"https:\/\/nologo.cc\/de\/wp-json\/wp\/v2\/product"}],"about":[{"href":"https:\/\/nologo.cc\/de\/wp-json\/wp\/v2\/types\/product"}],"replies":[{"embeddable":true,"href":"https:\/\/nologo.cc\/de\/wp-json\/wp\/v2\/comments?post=2011"}],"wp:featuredmedia":[{"embeddable":true,"href":"https:\/\/nologo.cc\/de\/wp-json\/wp\/v2\/media\/1565"}],"wp:attachment":[{"href":"https:\/\/nologo.cc\/de\/wp-json\/wp\/v2\/media?parent=2011"}],"wp:term":[{"taxonomy":"product_brand","embeddable":true,"href":"https:\/\/nologo.cc\/de\/wp-json\/wp\/v2\/product_brand?post=2011"},{"taxonomy":"product_cat","embeddable":true,"href":"https:\/\/nologo.cc\/de\/wp-json\/wp\/v2\/product_cat?post=2011"},{"taxonomy":"product_tag","embeddable":true,"href":"https:\/\/nologo.cc\/de\/wp-json\/wp\/v2\/product_tag?post=2011"}],"curies":[{"name":"wp","href":"https:\/\/api.w.org\/{rel}","templated":true}]}}