{"id":2109,"date":"2023-11-02T11:25:39","date_gmt":"2023-11-02T11:25:39","guid":{"rendered":"https:\/\/nologo.wordpress.rzeszow.pl\/unkategorisiert\/klassische-schwarze-radsocken\/"},"modified":"2026-04-07T23:38:36","modified_gmt":"2026-04-07T21:38:36","slug":"klassische-schwarze-radsocken","status":"publish","type":"product","link":"https:\/\/nologo.cc\/de\/radsocken\/klassische\/klassische-schwarze-radsocken\/","title":{"rendered":"Klassische Schwarze Radsocken"},"content":{"rendered":"<div class=\"wpb-content-wrapper\"><p>[vc_row equal_height=&#8221;yes&#8221; content_placement=&#8221;middle&#8221;][vc_column width=&#8221;1\/4&#8243; css=&#8221;.vc_custom_1610106215999{padding-bottom: 20px !important;}&#8221;][vc_single_image image=&#8221;1179&#8243; img_size=&#8221;full&#8221;][\/vc_column][vc_column width=&#8221;1\/4&#8243; css=&#8221;.vc_custom_1610106228659{padding-bottom: 20px !important;}&#8221;][vc_single_image image=&#8221;1181&#8243; img_size=&#8221;full&#8221;][\/vc_column][vc_column width=&#8221;1\/2&#8243;][vc_column_text]<\/p>\n<div class=\"product-page-feature-icons-container\"><img loading=\"lazy\" decoding=\"async\" class=\"product-page-feature-icon\" role=\"img\" src=\"https:\/\/nologo.cc\/wp-content\/uploads\/2023\/11\/perfect-fit.svg\" alt=\"\" width=\"300\" height=\"300\"><br \/>\n<img loading=\"lazy\" decoding=\"async\" class=\"product-page-feature-icon\" role=\"img\" src=\"https:\/\/nologo.cc\/wp-content\/uploads\/2023\/11\/moisture-wicking.svg\" alt=\"\" width=\"300\" height=\"300\"><br \/>\n<img loading=\"lazy\" decoding=\"async\" class=\"product-page-feature-icon\" role=\"img\" src=\"https:\/\/nologo.cc\/wp-content\/uploads\/2023\/11\/light-weight.svg\" alt=\"\" width=\"300\" height=\"300\"><br \/>\n<img loading=\"lazy\" decoding=\"async\" class=\"product-page-feature-icon\" role=\"img\" src=\"https:\/\/nologo.cc\/wp-content\/uploads\/2023\/11\/fast-drying.svg\" alt=\"\" width=\"300\" height=\"300\"><br \/>\n<img loading=\"lazy\" decoding=\"async\" class=\"product-page-feature-icon\" role=\"img\" src=\"https:\/\/nologo.cc\/wp-content\/uploads\/2023\/11\/efficient-cooling.svg\" alt=\"\" width=\"300\" height=\"300\"><\/div>\n<p>[\/vc_column_text][\/vc_column][\/vc_row][vc_row css=&#8221;.vc_custom_1743944139377{padding-top: 32px !important;}&#8221;][vc_column][vc_column_text css=&#8221;&#8221;]<\/p>\n<h2>Klassische schwarze Radsocken \u2013 Zeitlose Basis f\u00fcr jede Radsportgarderobe<\/h2>\n<p>Beginnen Sie mit dem Fundament f\u00fcr perfekten Radsport-Style: Unsere makellosen schwarzen Socken vereinen zeitlose Vielseitigkeit mit modernster Technologie. Schwarz ist nicht einfach nur eine weitere Farboption \u2013 es ist der Inbegriff des Radsport-Klassikers und l\u00e4sst sich in jeder Jahreszeit und zu jedem Outfit perfekt kombinieren. Unter diesem universell passenden Look sorgt unsere innovative PROLEN\u00aeYARN-Technologie f\u00fcr au\u00dfergew\u00f6hnlichen Komfort und dauerhafte Performance. Hergestellt in der EU mit Fokus auf Nachhaltigkeit, bieten diese Socken die perfekte Verbindung von zeitlosem Stil und technischer Pr\u00e4zision.[\/vc_column_text][\/vc_column][\/vc_row][vc_row css=&#8221;.vc_custom_1743944150414{padding-top: 32px !important;}&#8221;][vc_column width=&#8221;1\/3&#8243;][vc_single_image image=&#8221;7136&#8243; img_size=&#8221;full&#8221;][\/vc_column][vc_column width=&#8221;1\/3&#8243;][vc_single_image image=&#8221;7144&#8243; img_size=&#8221;full&#8221;][\/vc_column][vc_column width=&#8221;1\/3&#8243;][vc_single_image image=&#8221;7140&#8243; img_size=&#8221;full&#8221;][\/vc_column][\/vc_row][vc_row css=&#8221;.vc_custom_1743944139377{padding-top: 32px !important;}&#8221;][vc_column][vc_column_text css=&#8221;&#8221;]<\/p>\n<h2>Essentielle Exzellenz f\u00fcr jeden Radfahrer<\/h2>\n<ul>\n<li><strong>Ultimative Vielseitigkeit<\/strong> : Das unverzichtbare Basic-Teil f\u00fcr Radfahrer, das zu allem passt.<\/li>\n<li><strong>Stilvolle Langlebigkeit<\/strong> : Der Klassiker, der in keiner Jahreszeit aus der Mode kommt.<\/li>\n<li><strong>Technische Pr\u00e4zision<\/strong> : Leistungsstarke Konstruktion mit gezielten St\u00fctzzonen<\/li>\n<li><strong>Zuverl\u00e4ssigkeit bei allen Wetterbedingungen<\/strong> : Bew\u00e4hrte Leistung auch bei extremen Temperaturen<\/li>\n<li><strong>Europ\u00e4ische Ingenieurskunst<\/strong> : Pr\u00e4zisionsgefertigt in der EU aus nachhaltigen Materialien<\/li>\n<\/ul>\n<h2>Der Standard f\u00fcr schwarze Radsocken: Ein unverzichtbares Accessoire f\u00fcr Radfahrer<\/h2>\n<p>Schwarz ist nicht nur eine Frage der Farbwahl \u2013 es ist der unbestrittene Standard im Radsport. Von fr\u00fchen Wolltrikots bis hin zu modernen Carbonrahmen bleibt Schwarz die zeitlose Konstante in der visuellen Sprache des Radsports. Modehistoriker bemerken, dass Schwarz, w\u00e4hrend Trends kommen und gehen, seine Position als grundlegendes Element, das nie an Relevanz verliert, best\u00e4ndig behauptet.  <\/p>\n<p>F\u00fcr ambitionierte Radfahrer sind schwarze Socken mehr als nur eine modische Entscheidung \u2013 sie sind die praktische L\u00f6sung f\u00fcr die perfekte Abstimmung auf jedes Trikot, egal ob in den aktuellen Teamfarben oder mit Vintage-Woll-Trikots. Die perfekte schwarze Radsocke ist die unverzichtbare Basis, die die Wahl der Radbekleidung vereinfacht und gleichzeitig zeitlosen Stil verleiht.[\/vc_column_text][\/vc_column][\/vc_row][vc_row css=&#8221;.vc_custom_1743944157996{padding-top: 32px !important;}&#8221;][vc_column][vc_column_text css=&#8221;&#8221;]<\/p>\n<h2>Technische Exzellenz hinter dem Klassiker<\/h2>\n<p>Das zeitlose Schwarz sorgt f\u00fcr vielseitige Kombinationsm\u00f6glichkeiten, doch die wahre Leistungsf\u00e4higkeit dieser Socken liegt in ihrer technischen Konstruktion. Pr\u00e4zise Mesh-Eins\u00e4tze im gesamten oberen Bereich gew\u00e4hrleisten maximale Bel\u00fcftung, w\u00e4hrend strategische Kompression im Fu\u00dfgew\u00f6lbe und im Fu\u00dfbett f\u00fcr optimale Kraft\u00fcbertragung beim Pedaltritt sorgt. <\/p>\n<h3>Die PROLEN\u00aeYARN-Technologie verwandelt die schwarzen Radsocken ohne Logo von einem rein klassischen Produkt in ein echtes leistungssteigerndes Produkt:<\/h3>\n<ul>\n<li>\u00dcberlegenes Feuchtigkeitsmanagement h\u00e4lt die F\u00fc\u00dfe unter allen Bedingungen trocken.<\/li>\n<li>Deutlich leichtere Konstruktion als Alternativen aus Baumwolle<\/li>\n<li>Die Temperaturregulierung sorgt f\u00fcr Komfort zu jeder Jahreszeit und in jedem Klima.<\/li>\n<li>Nat\u00fcrliche antibakterielle Eigenschaften minimieren die Geruchsbildung.<\/li>\n<li>Eine spezielle F\u00e4rbetechnologie sorgt f\u00fcr dauerhafte, charakteristische schwarze Farbe.<\/li>\n<\/ul>\n<p>Das pr\u00e4zise abgestimmte Elastanverh\u00e4ltnis sorgt daf\u00fcr, dass diese Socken w\u00e4hrend der gesamten Fahrt ihre Form behalten und somit keine st\u00f6renden Korrekturen n\u00f6tig sind, wenn Sie sich auf Ihre Leistung konzentrieren m\u00fcssen.<\/p>\n<h2>Nachhaltiger Klassiker<\/h2>\n<p>Wir sind \u00fcberzeugt, dass hochwertige Radsportausr\u00fcstung nicht auf Kosten der Umwelt gehen sollte. Unsere schwarzen Radsocken stehen f\u00fcr unser Engagement f\u00fcr nachhaltige Leistung, ohne dabei den unverwechselbaren Stil des Radsports zu vernachl\u00e4ssigen. Das spezielle PROLEN\u00aeYARN bietet herausragende technische Vorteile und ist am Ende seiner Lebensdauer zu 100 % recycelbar.  <\/p>\n<p>Unsere Produktion in der EU legt Wert auf Wassereinsparung und Energieeffizienz und erzielt mit fortschrittlichen, umweltschonenden F\u00e4rbeverfahren den perfekten schwarzen Farbton. Wenn diese au\u00dfergew\u00f6hnlich strapazierf\u00e4higen Socken einmal ausgedient haben, geben Sie sie einfach in unser Recyclingprogramm zur\u00fcck, anstatt sie wegzuwerfen.[\/vc_column_text][\/vc_column][\/vc_row][vc_row css=&#8221;.vc_custom_1743944150414{padding-top: 32px !important;}&#8221;][vc_column][vc_single_image image=&#8221;7148&#8243; img_size=&#8221;full&#8221;][\/vc_column][\/vc_row][vc_row css=&#8221;.vc_custom_1743944157996{padding-top: 32px !important;}&#8221;][vc_column][vc_column_text css=&#8221;&#8221;]<\/p>\n<h2>Essenzielle Experteneinblicke<\/h2>\n<p><strong>Universelle Abstimmung<\/strong> : Schwarz bietet die optimale L\u00f6sung f\u00fcr jedes Radsport-Szenario. Ob kombiniert mit klassischen wei\u00dfen Schuhen, modernen Carbonrahmen oder den aktuellen Teamfarben \u2013 schwarze Socken schaffen perfekte optische Harmonie und lassen andere Elemente der Ausr\u00fcstung bei Bedarf in den Vordergrund treten. <\/p>\n<p><strong>Profi-Perspektive<\/strong> : Ein Blick auf die professionelle Radsportfotografie \u00fcber Jahrzehnte hinweg zeigt, dass schwarze Socken nach wie vor die konstante Wahl von Fahrern sind, die Wert auf klassischen Stil legen, unabh\u00e4ngig von wechselnden Teamfarben oder Sponsoring-Vorgaben.<\/p>\n<p><strong>Pflegehinweis<\/strong> : Maschinenw\u00e4sche bei 30 \u00b0C f\u00fcr dauerhafte Farbbrillanz. Unsere spezielle F\u00e4rbetechnologie sorgt f\u00fcr ein sattes Schwarz auch nach unz\u00e4hligen Waschg\u00e4ngen ohne Vergrauen. Das tiefe Schwarz kaschiert leichte Stra\u00dfenschmutzspuren besser als jede andere Farbe.  <\/p>\n<p><strong>Klassische Passform<\/strong> : Wenn Sie zwischen zwei Gr\u00f6\u00dfen liegen, w\u00e4hlen Sie die kleinere Gr\u00f6\u00dfe f\u00fcr eine optimale Passform. Diese Socken bieten st\u00fctzende Kompression ohne einzuengen. <\/p>\n<h2>Produktspezifikationen<\/h2>\n<ul>\n<li><strong>Wesentliche Farbe<\/strong> : Definitives Schwarz + Wei\u00df ohne Logo \u00fcber den Zehen<\/li>\n<li><strong>Technische Materialien<\/strong> : 97 % Polypropylen (PROLEN\u00aeYARN), 3 % Elastan<\/li>\n<li><strong>Gr\u00f6\u00dfenauswahl<\/strong> : 36-38, 39-41, 42-44, 45-47<\/li>\n<li><strong>Wadenumfang<\/strong> : 23 cm bis 29 cm (gr\u00f6\u00dfenabh\u00e4ngig, vom Boden gemessen)<\/li>\n<li><strong>Pflegehinweise<\/strong> : Waschen bei 30 \u00b0C, nicht im W\u00e4schetrockner trocknen, nicht b\u00fcgeln, nicht bleichen, nicht chemisch reinigen<\/li>\n<li><strong>Herkunftsland<\/strong> : EU-Design und -Fertigung<\/li>\n<\/ul>\n<p>Bereit, Ihre Radsportgarderobe auf der perfekten Grundlage aufzubauen? Unsere schwarzen Radsocken bieten zeitlosen Stil mit kompromissloser Leistung \u2013 die essentielle Kombination aus klassischem Aussehen und technischer Exzellenz, die in keiner Radsportkollektion fehlen sollte.[\/vc_column_text][\/vc_column][\/vc_row][vc_row equal_height=&#8221;yes&#8221; content_placement=&#8221;middle&#8221; el_class=&#8221;displaynone&#8221;][vc_column][vc_row_inner content_placement=&#8221;middle&#8221; css=&#8221;.vc_custom_1708282480444{padding-top: 36px !important;padding-bottom: 36px !important;background-color: #ffffff !important;}&#8221; el_id=&#8221;classic-size&#8221;][vc_column_inner width=&#8221;1\/6&#8243;][vc_empty_space][vc_single_image image=&#8221;1728&#8243; img_size=&#8221;full&#8221; alignment=&#8221;center&#8221;][vc_empty_space][\/vc_column_inner][vc_column_inner width=&#8221;5\/6&#8243;][\/vc_column_inner][\/vc_row_inner][\/vc_column][\/vc_row]<\/p>\n<\/div>","protected":false},"excerpt":{"rendered":"<p>Unsere schwarzen Stelth-Fahrradsocken sind ideal f\u00fcr warmes bis hei\u00dfes Wetter und zeichnen sich durch Atmungsaktivit\u00e4t und Haltbarkeit aus. Die Netzkonstruktion an der Oberseite und das hochdichte Gewebe am Fu\u00dfbett sorgen f\u00fcr optimale Leistung. Die Nologo-Classic-Socken sind pr\u00e4zise auf Langstreckenkomfort ausgelegt, verf\u00fcgen \u00fcber Flachn\u00e4hte und verwenden <a href=\"\/the-best-fabrics-for-cycling-socks\/\">hochwertiges Garn<\/a> , das doppelt so leicht ist wie Baumwolle, wodurch die Feuchtigkeitsregulierung verbessert wird und eine angenehm geschmeidige Fahrt m\u00f6glich ist.  <\/p>\n<p class=\"reasons\">Kaufgr\u00fcnde:<\/p>\n<ul>\n<li>Entwickelt f\u00fcr Ihre h\u00f6chste Zufriedenheit<\/li>\n<li>Optimale Atmungsaktivit\u00e4t dank feinstem Gewebe<\/li>\n<li>Von Kunden bew\u00e4hrte St\u00e4rke und Langlebigkeit<\/li>\n<li>Zeitloser Stil \u2013 das minimalistische Design von nologo.<\/li>\n<\/ul>\n<p><img loading=\"lazy\" decoding=\"async\" class=\"alignnone wp-image-658 size-medium\" role=\"img\" src=\"https:\/\/nologo.cc\/wp-content\/uploads\/2023\/11\/Trustpilot-Excellent-Rating-ShortDesc.svg\" alt=\"\" width=\"300\" height=\"300\"><\/p>\n<p>Zwischengr\u00f6\u00dfen? Wir empfehlen Ihnen, eine Nummer kleiner zu w\u00e4hlen.<br \/>\n Siehe die <a class=\"nm-lightbox\" href=\"#classic-size\">Gr\u00f6\u00dfentabelle<\/a> .<\/p>\n<p>Bewertet von verifizierten Kunden:<\/p>\n","protected":false},"featured_media":1191,"comment_status":"open","ping_status":"closed","template":"","meta":[],"product_brand":[],"product_cat":[84],"product_tag":[],"class_list":{"0":"post-2109","1":"product","2":"type-product","3":"status-publish","4":"has-post-thumbnail","6":"product_cat-klassische","8":"first","9":"instock","10":"taxable","11":"shipping-taxable","12":"purchasable","13":"product-type-variable"},"_links":{"self":[{"href":"https:\/\/nologo.cc\/de\/wp-json\/wp\/v2\/product\/2109","targetHints":{"allow":["GET"]}}],"collection":[{"href":"https:\/\/nologo.cc\/de\/wp-json\/wp\/v2\/product"}],"about":[{"href":"https:\/\/nologo.cc\/de\/wp-json\/wp\/v2\/types\/product"}],"replies":[{"embeddable":true,"href":"https:\/\/nologo.cc\/de\/wp-json\/wp\/v2\/comments?post=2109"}],"wp:featuredmedia":[{"embeddable":true,"href":"https:\/\/nologo.cc\/de\/wp-json\/wp\/v2\/media\/1191"}],"wp:attachment":[{"href":"https:\/\/nologo.cc\/de\/wp-json\/wp\/v2\/media?parent=2109"}],"wp:term":[{"taxonomy":"product_brand","embeddable":true,"href":"https:\/\/nologo.cc\/de\/wp-json\/wp\/v2\/product_brand?post=2109"},{"taxonomy":"product_cat","embeddable":true,"href":"https:\/\/nologo.cc\/de\/wp-json\/wp\/v2\/product_cat?post=2109"},{"taxonomy":"product_tag","embeddable":true,"href":"https:\/\/nologo.cc\/de\/wp-json\/wp\/v2\/product_tag?post=2109"}],"curies":[{"name":"wp","href":"https:\/\/api.w.org\/{rel}","templated":true}]}}