{"id":2232,"date":"2023-11-02T12:50:26","date_gmt":"2023-11-02T11:50:26","guid":{"rendered":"https:\/\/nologo.wordpress.rzeszow.pl\/unkategorisiert\/schwarzes-aermelloses-radunterhemd-aus-netzstoff\/"},"modified":"2026-02-28T10:50:25","modified_gmt":"2026-02-28T09:50:25","slug":"schwarzes-aermelloses-radunterhemd-aus-netzstoff","status":"publish","type":"product","link":"https:\/\/nologo.cc\/de\/zubehor\/radsport-basisschichten\/schwarzes-aermelloses-radunterhemd-aus-netzstoff\/","title":{"rendered":"Schwarzes, \u00e4rmelloses Radunterhemd aus Netzstoff"},"content":{"rendered":"<div class=\"wpb-content-wrapper\"><p>[vc_row][vc_column][vc_column_text]<\/p>\n<h2>Eigenschaften der Nologo-Radunterw\u00e4sche:<\/h2>\n<p>[\/vc_column_text][vc_empty_space][\/vc_column][\/vc_row][vc_row][vc_column width=&#8221;1\/2&#8243;][vc_column_text]<\/p>\n<h5>Farbe:<\/h5>\n<p>komplett schwarz + wei\u00df, <strong>kein<\/strong> Logo auf der Brust <\/p>\n<h5>Gr\u00f6\u00dfen:<\/h5>\n<p>XXS-XS, SM, L-XL \n            <div class=\"nm-lightbox\" data-mfp-type=\"image\" data-mfp-src=\"https:\/\/nologo.cc\/wp-content\/uploads\/2026\/02\/1x1.png\"><a href=\"#\"><\/a>\n            <\/div>[\/vc_column_text][vc_empty_space][vc_single_image image=&#8221;395224&#8243;][vc_empty_space][\/vc_column][vc_column width=&#8221;1\/2&#8243;][vc_column_text]<\/p>\n<h5>Die Basisschichten bestehen aus:<\/h5>\n<p>55 % Polypropylen<br \/>\n33 % Polyamid<br \/>\n8 % Elastan<br \/>\n4 % Carbon Resistex<\/p>\n<h5>Weitere Anweisungen:<\/h5>\n<p>Maschinenw\u00e4sche 30 \u00b0C, Nicht im W\u00e4schetrockner trocknen, Nicht b\u00fcgeln, Nicht bleichen, Nicht chemisch reinigen[\/vc_column_text][vc_empty_space][\/vc_column][\/vc_row][vc_row][vc_column][vc_column_text]<\/p>\n<h2>Welche Vorteile hat das Tragen einer Fahrradunterw\u00e4sche?<\/h2>\n<p>Lesen Sie weiter und entdecken Sie, warum diese Form der Unterw\u00e4sche nur positive Aspekte hat.<\/p>\n<p>An hei\u00dfen Tagen kann es sinnlos erscheinen, zwei Kleidungsschichten \u00fcbereinander zu tragen. Dies ist jedoch nicht der Fall! Die Hauptfunktion einer Basisschicht besteht darin, Feuchtigkeit abzuleiten. Dies bedeutet, dass Ihre Haut den nassen Stoff nicht ber\u00fchrt und Ihre Fahrt viel komfortabler und angenehmer wird. Dar\u00fcber hinaus verhindert das Mesh-Design eine \u00dcberhitzung und l\u00e4sst Ihre Haut atmen.<\/p>\n<p>Die zweite Eigenschaft dieser Art von Kleidung besteht darin, die Temperatur zu regulieren. Bei Fahrten bei k\u00e4lteren Temperaturen bietet die Radunterw\u00e4sche zus\u00e4tzlichen Schutz vor Luftstr\u00f6mungen und verbessert den W\u00e4rmekomfort an kalten Tagen.<\/p>\n<p>Die dritte Eigenschaft ist die F\u00e4higkeit, sich dem K\u00f6rper anzupassen. Dank des 4-Wege-Stretchmaterials mit nahtloser Konstruktion und flachen Abschl\u00fcssen passt sich das nologo Radunterhemd perfekt Ihrem K\u00f6rper an und verursacht beim Fahren keine Beschwerden.<\/p>\n<p>Zusammenfassend l\u00e4sst sich sagen, dass eine Basisschicht ein absolutes Muss in der Garderobe eines jeden Radfahrers ist und unser atmungsaktives \u00e4rmelloses Modell h\u00f6chste Verarbeitungsqualit\u00e4t und erstklassige technische Eigenschaften von High-End-Materialien bietet.<\/p>\n<h2>nologo schwarzes Radunterhemd \u2013 gro\u00dfe Verbesserung Ihres Fahrkomforts<\/h2>\n<p>Die schwarze \u00e4rmellose Nologo-Basisschicht ist das wichtigste Upgrade, das Sie in Ihrer Radsportausr\u00fcstung ben\u00f6tigen, um Ihren Fahrkomfort zu verbessern. Als eine der besten verf\u00fcgbaren Radsport-Basisschichten fungiert diese \u00e4rmellose Basisschicht wie eine zweite Haut f\u00fcr den Radfahrer, leitet Feuchtigkeit effektiv ab und h\u00e4lt den K\u00f6rper bei warmem Wetter trocken. Die Atmungsaktivit\u00e4t dieser Radsportbekleidung hilft bei der Regulierung der K\u00f6rpertemperatur und verhindert eine \u00dcberhitzung bei intensiven Fahrten. Mit der schwarzen Nologo-Radsport-Basisschicht k\u00f6nnen Sie sich von den Unannehmlichkeiten schwei\u00dfgetr\u00e4nkter Radtrikots verabschieden und ein angenehmeres und konzentrierteres Fahrerlebnis genie\u00dfen. Egal, ob Sie Anf\u00e4nger oder erfahrener Fahrer sind, diese Basisschicht ist in Bezug auf Leistung und allgemeine Fahrzufriedenheit bahnbrechend.    <\/p>\n<h2>Schwarzes Radunterhemd, passend zu dunklen Trikots<\/h2>\n<p>M\u00f6chten Sie Ihren Radsportstil noch weiter verbessern? Kombinieren Sie unsere schwarze Nologo-Radsport-Basisschicht mit einem dunklen Trikot f\u00fcr einen eleganten und abgestimmten Look auf der Stra\u00dfe. Die schwarze Basisschicht erg\u00e4nzt dunklere Trikots nahtlos und verbessert Ihren Gesamtstil. F\u00fcr diejenigen, die sich f\u00fcr hellere Trikotoptionen entscheiden, ist au\u00dferdem unsere wei\u00dfe Basisschicht erh\u00e4ltlich, die dieselbe hervorragende Qualit\u00e4t und Leistung bietet.[\/vc_column_text][\/vc_column][\/vc_row][vc_row][vc_column][vc_empty_space height=&#8221;47px&#8221;][vc_single_image image=&#8221;398003&#8243; img_size=&#8221;full&#8221; alignment=&#8221;center&#8221;][vc_empty_space height=&#8221;47px&#8221;][vc_single_image image=&#8221;397997&#8243; img_size=&#8221;full&#8221; alignment=&#8221;center&#8221;][vc_empty_space height=&#8221;47px&#8221;][\/vc_column][\/vc_row][vc_row el_class=&#8221;displaynone&#8221;][vc_column][vc_row_inner content_placement=&#8221;middle&#8221; el_id=&#8221;baselayer-size&#8221; css=&#8221;.vc_custom_1708284321605{padding-top: 32px !important;padding-bottom: 32px !important;background-color: #ffffff !important;}&#8221;][vc_column_inner width=&#8221;1\/6&#8243;][vc_empty_space][vc_single_image image=&#8221;1750&#8243; img_size=&#8221;full&#8221; alignment=&#8221;center&#8221;][vc_empty_space][\/vc_column_inner][vc_column_inner width=&#8221;5\/6&#8243;][\/vc_column_inner][\/vc_row_inner][\/vc_column][\/vc_row]<\/p>\n<\/div>","protected":false},"excerpt":{"rendered":"<p>Leichtes, schwarzes Radunterhemd in Profi-Tour-Qualit\u00e4t im universellen Schnitt, geeignet f\u00fcr Damen und Herren. Transportiert Feuchtigkeit effektiv nach au\u00dfen und bleibt dabei trocken. Hergestellt in Italien aus einem nahtlosen Netzstrukturmaterial mit antibakteriellen Eigenschaften.<\/p>\n<p>Unser Hauptziel bei der Auswahl der Materialien und der Konstruktion unserer \u00e4rmellosen Mesh-Basisschicht war die Verbesserung des Fahrkomforts bei allen Wetterbedingungen. Ob im Sommer, in der \u00dcbergangszeit oder sogar im Winter \u2013 es h\u00e4lt Sie immer trocken, indem es Feuchtigkeit von der Haut weg und zur n\u00e4chsten Schicht Ihrer Ausr\u00fcstung transportiert. Das Produkt wurde von unserem Team in den Alpen und der Tatra getestet.  <\/p>\n<p class=\"reasons\">Kaufgr\u00fcnde:<\/p>\n<ul>\n<li>Pro Tour-Qualit\u00e4t, hergestellt in Italien.<\/li>\n<li>Hervorragendes Feuchtigkeitsmanagement und thermischer Komfort.<\/li>\n<li>Vielseitige Unisex-Passform f\u00fcr jeden Radfahrer.<\/li>\n<li>Allwetterleistung, ganzj\u00e4hrige Nutzbarkeit.<\/li>\n<\/ul>\n<p><img loading=\"lazy\" decoding=\"async\" class=\"alignnone wp-image-658 size-medium\" role=\"img\" src=\"https:\/\/nologo.cc\/wp-content\/uploads\/2023\/11\/Trustpilot-Excellent-Rating-ShortDesc.svg\" alt=\"\" width=\"300\" height=\"300\"><\/p>\n<p>Zwischengr\u00f6\u00dfen? Wir empfehlen Ihnen, eine Nummer kleiner zu w\u00e4hlen.<br \/>\n Siehe die <a class=\"nm-lightbox\" href=\"#baselayer-size\">Gr\u00f6\u00dfentabelle<\/a> .<\/p>\n<p>Bewertet von verifizierten Kunden:<\/p>\n","protected":false},"featured_media":1451,"comment_status":"open","ping_status":"closed","template":"","meta":[],"product_brand":[],"product_cat":[112],"product_tag":[],"class_list":{"0":"post-2232","1":"product","2":"type-product","3":"status-publish","4":"has-post-thumbnail","6":"product_cat-radsport-basisschichten","8":"first","9":"instock","10":"taxable","11":"shipping-taxable","12":"purchasable","13":"product-type-variable"},"_links":{"self":[{"href":"https:\/\/nologo.cc\/de\/wp-json\/wp\/v2\/product\/2232","targetHints":{"allow":["GET"]}}],"collection":[{"href":"https:\/\/nologo.cc\/de\/wp-json\/wp\/v2\/product"}],"about":[{"href":"https:\/\/nologo.cc\/de\/wp-json\/wp\/v2\/types\/product"}],"replies":[{"embeddable":true,"href":"https:\/\/nologo.cc\/de\/wp-json\/wp\/v2\/comments?post=2232"}],"wp:featuredmedia":[{"embeddable":true,"href":"https:\/\/nologo.cc\/de\/wp-json\/wp\/v2\/media\/1451"}],"wp:attachment":[{"href":"https:\/\/nologo.cc\/de\/wp-json\/wp\/v2\/media?parent=2232"}],"wp:term":[{"taxonomy":"product_brand","embeddable":true,"href":"https:\/\/nologo.cc\/de\/wp-json\/wp\/v2\/product_brand?post=2232"},{"taxonomy":"product_cat","embeddable":true,"href":"https:\/\/nologo.cc\/de\/wp-json\/wp\/v2\/product_cat?post=2232"},{"taxonomy":"product_tag","embeddable":true,"href":"https:\/\/nologo.cc\/de\/wp-json\/wp\/v2\/product_tag?post=2232"}],"curies":[{"name":"wp","href":"https:\/\/api.w.org\/{rel}","templated":true}]}}