{"id":2255,"date":"2024-02-11T10:54:32","date_gmt":"2024-02-11T09:54:32","guid":{"rendered":"https:\/\/nologo.wordpress.rzeszow.pl\/unkategorisiert\/geschenkkarte-im-wert-von-40-e\/"},"modified":"2025-01-11T17:23:25","modified_gmt":"2025-01-11T16:23:25","slug":"e40-geschenkkarte","status":"publish","type":"product","link":"https:\/\/nologo.cc\/de\/geschenke-fur-radfahrer\/geschenkkarten\/e40-geschenkkarte\/","title":{"rendered":"\u20ac40 Geschenkkarte"},"content":{"rendered":"<div class=\"wpb-content-wrapper\"><p>[vc_row equal_height=&#8221;yes&#8221; content_placement=&#8221;middle&#8221;][vc_column][vc_column_text]Sind Sie bereit, das Beste aus Ihrer elektronischen Geschenkkarte herauszuholen oder erw\u00e4gen Sie den Kauf einer Geschenkkarte f\u00fcr eine besondere Person? Suchen Sie nicht weiter! Unsere umfassenden Anweisungen zur Verwendung von Geschenkkarten f\u00fchren Sie durch den reibungslosen Prozess der Auswahl der perfekten Nologo-Produkte. Ganz gleich, ob Sie der gl\u00fcckliche Beschenkte oder der r\u00fccksichtsvolle Geschenkgeber sind, unsere Anleitung sorgt f\u00fcr ein problemloses und angenehmes Erlebnis.[\/vc_column_text][vc_empty_space]\r\n\t\t\t<div class=\"nm_btn_align_center\">\r\n\t\t\t\t<a href=\"https:\/\/nologo.cc\/nologo-gift-cards-how-to-use-them\/\" class=\"nm_btn nm_btn_md nm_btn_border\" title=\"nologo gift cards \u2013 how to use them\">\r\n\t\t\t\t\t<span class=\"nm_btn_title\">How to use nologo Gift Cards?<\/span>\r\n\t\t\t\t\t<span class=\"nm_btn_bg\"><\/span>\r\n\t\t\t\t<\/a>\r\n\t\t\t<\/div>[\/vc_column][\/vc_row]<\/p>\n<\/div>","protected":false},"excerpt":{"rendered":"<p>Unsere elektronischen Gutscheine sind eine tolle Geschenkl\u00f6sung f\u00fcr Ihre Verwandten oder Freunde. Wenn Sie wissen, dass sie das Radfahren lieben und Sie ihnen die M\u00f6glichkeit geben m\u00f6chten, ein Geschenk f\u00fcr sich selbst auszuw\u00e4hlen, haben Sie gerade den Jackpot geknackt. Mit der Geschenkkarte k\u00f6nnen Sie ein Nologo-Produkt ausw\u00e4hlen, das perfekt zu Ihren Vorlieben passt.<\/p>\n","protected":false},"featured_media":1691,"comment_status":"closed","ping_status":"closed","template":"","meta":[],"product_brand":[],"product_cat":[103],"product_tag":[],"class_list":{"0":"post-2255","1":"product","2":"type-product","3":"status-publish","4":"has-post-thumbnail","6":"product_cat-geschenkkarten","8":"first","9":"instock","10":"virtual","11":"purchasable","12":"product-type-simple"},"_links":{"self":[{"href":"https:\/\/nologo.cc\/de\/wp-json\/wp\/v2\/product\/2255","targetHints":{"allow":["GET"]}}],"collection":[{"href":"https:\/\/nologo.cc\/de\/wp-json\/wp\/v2\/product"}],"about":[{"href":"https:\/\/nologo.cc\/de\/wp-json\/wp\/v2\/types\/product"}],"replies":[{"embeddable":true,"href":"https:\/\/nologo.cc\/de\/wp-json\/wp\/v2\/comments?post=2255"}],"wp:featuredmedia":[{"embeddable":true,"href":"https:\/\/nologo.cc\/de\/wp-json\/wp\/v2\/media\/1691"}],"wp:attachment":[{"href":"https:\/\/nologo.cc\/de\/wp-json\/wp\/v2\/media?parent=2255"}],"wp:term":[{"taxonomy":"product_brand","embeddable":true,"href":"https:\/\/nologo.cc\/de\/wp-json\/wp\/v2\/product_brand?post=2255"},{"taxonomy":"product_cat","embeddable":true,"href":"https:\/\/nologo.cc\/de\/wp-json\/wp\/v2\/product_cat?post=2255"},{"taxonomy":"product_tag","embeddable":true,"href":"https:\/\/nologo.cc\/de\/wp-json\/wp\/v2\/product_tag?post=2255"}],"curies":[{"name":"wp","href":"https:\/\/api.w.org\/{rel}","templated":true}]}}