{"id":2276,"date":"2023-11-02T12:51:12","date_gmt":"2023-11-02T12:51:12","guid":{"rendered":"https:\/\/nologo.wordpress.rzeszow.pl\/unkategorisiert\/weisses-aermelloses-radunterhemd-aus-netzstoff\/"},"modified":"2026-04-10T09:09:26","modified_gmt":"2026-04-10T07:09:26","slug":"weisses-aermelloses-radunterhemd-aus-netzstoff","status":"publish","type":"product","link":"https:\/\/nologo.cc\/de\/zubehor\/radsport-basisschichten\/weisses-aermelloses-radunterhemd-aus-netzstoff\/","title":{"rendered":"Wei\u00dfes, \u00e4rmelloses Radunterhemd aus Netzstoff"},"content":{"rendered":"<div class=\"wpb-content-wrapper\"><p>[vc_row][vc_column][vc_column_text]<\/p>\n<h2>Eigenschaften der Nologo-Radunterw\u00e4sche:<\/h2>\n<p>[\/vc_column_text][vc_empty_space][\/vc_column][\/vc_row][vc_row][vc_column width=&#8221;1\/2&#8243;][vc_column_text css=&#8221;&#8221;]<\/p>\n<h5>Farbe:<\/h5>\n<p>ganz wei\u00df + schwarz, <strong>kein<\/strong> Logo auf der Brust<\/p>\n<h5>Gr\u00f6\u00dfen:<\/h5>\n<p>XXS-XS, SM, L-XL  <strong>\n            <div class=\"nm-lightbox\" data-mfp-type=\"image\" data-mfp-src=\"https:\/\/nologo.cc\/wp-content\/uploads\/2026\/02\/1x1.png\"><a href=\"#\"><\/a>\n            <\/div><\/strong>[\/vc_column_text][vc_empty_space][vc_empty_space][\/vc_column][vc_column width=&#8221;1\/2&#8243;][vc_column_text]<\/p>\n<h5>Die Basisschichten bestehen aus:<\/h5>\n<p>55 % Polypropylen<br \/> 33% Polyamid<br \/> 8 % Elastan<br \/> 4% Carbon Resistex<\/p>\n<h5>Weitere Anweisungen:<\/h5>\n<p>Maschinenw\u00e4sche 30 \u00b0C, Nicht im W\u00e4schetrockner trocknen, Nicht b\u00fcgeln, Nicht bleichen, Nicht chemisch reinigen[\/vc_column_text][vc_empty_space][\/vc_column][\/vc_row][vc_row][vc_column][vc_column_text]<\/p>\n<h2>Welche Vorteile hat das Tragen einer Fahrradunterw\u00e4sche?<\/h2>\n<p>Entdecken Sie die unz\u00e4hligen Vorteile, die dieses unverzichtbare Element Ihrer Fahrradausr\u00fcstung bietet.<\/p>\n<p>An hei\u00dfen Tagen k\u00f6nnte das Hinzuf\u00fcgen einer zus\u00e4tzlichen Schicht kontraintuitiv erscheinen. Doch die Essenz einer Basisschicht liegt nicht darin, Volumen hinzuzuf\u00fcgen, sondern in der Feuchtigkeitsregulierung. Dadurch wird sichergestellt, dass Ihre Haut keinen Kontakt mit feuchtem Stoff hat, was Ihren Komfort und Ihr Fahrvergn\u00fcgen erheblich steigert. Dar\u00fcber hinaus verhindert das Mesh-Design unserer Basisschicht eine \u00dcberhitzung, f\u00f6rdert die Atmungsaktivit\u00e4t und l\u00e4sst Ihre Haut frei atmen.   <\/p>\n<p>Ein weiteres wichtiges Merkmal dieses Kleidungsst\u00fccks ist die Temperaturregulierung. Bei k\u00fchleren Bedingungen fungiert es als Barriere gegen die K\u00e4lte, bietet zus\u00e4tzlichen Schutz und sorgt f\u00fcr ein angenehmes W\u00e4rmegleichgewicht. <\/p>\n<p>Das dritte herausragende Merkmal ist seine Anpassungsf\u00e4higkeit an den K\u00f6rper. Hergestellt aus einem Vier-Wege-Stretch-Material mit nahtloser Konstruktion und flachen Oberfl\u00e4chen, bietet die wei\u00dfe Fahrrad-Basisschicht von Nologo eine perfekte Passform und eliminiert jegliche Beschwerden w\u00e4hrend der Fahrt. <\/p>\n<p>Zusammenfassend l\u00e4sst sich sagen, dass eine Basisschicht in der Garderobe eines Radfahrers unverzichtbar ist. Unser \u00e4rmelloses Modell, das auf Atmungsaktivit\u00e4t ausgelegt ist, garantiert h\u00f6chste Verarbeitungsqualit\u00e4t und die au\u00dfergew\u00f6hnlichen technischen Eigenschaften hochwertiger Materialien. <\/p>\n<h2>nologo wei\u00dfes Radunterhemd \u2013 eine deutliche Steigerung Ihres Fahrkomforts<\/h2>\n<p>Die wei\u00dfe \u00e4rmellose Nologo-Basisschicht ist das Upgrade, das Ihre Radsportausr\u00fcstung f\u00fcr mehr Komfort braucht. Sie gilt als eines der besten Elemente f\u00fcr Radsportunterw\u00e4sche und wirkt wie eine zweite Haut, leitet Feuchtigkeit effizient ab und h\u00e4lt Ihren K\u00f6rper bei warmen Bedingungen trocken. Die Atmungsaktivit\u00e4t des Kleidungsst\u00fccks hilft bei der Regulierung der K\u00f6rpertemperatur und verhindert eine \u00dcberhitzung bei anstrengenden Fahrten. Mit der wei\u00dfen Nologo-Radsport-Basisschicht geh\u00f6rt das Unbehagen schwei\u00dfgetr\u00e4nkter Trikots der Vergangenheit an und ebnet den Weg f\u00fcr ein angenehmeres und konzentrierteres Radsporterlebnis. Diese Unterw\u00e4sche ist sowohl f\u00fcr Anf\u00e4nger als auch f\u00fcr erfahrene Radfahrer geeignet und ist in Bezug auf Leistung und allgemeine Zufriedenheit transformativ.    <\/p>\n<h2>Wei\u00dfe Radsport-Basisschicht f\u00fcr einen klaren, sauberen Look mit jedem Trikot<\/h2>\n<p>Verbessern Sie Ihren Radsportstil mit unserer wei\u00dfen Nologo-Radsport-Basisschicht. Kombinieren Sie sie mit jedem Trikot f\u00fcr einen frischen, sauberen Look auf der Stra\u00dfe. Die wei\u00dfe Basisschicht erg\u00e4nzt m\u00fchelos sowohl helle als auch dunkle Trikots und verbessert Ihren Stilfaktor. F\u00fcr diejenigen, die dunklere Optionen bevorzugen, ist au\u00dferdem unsere schwarze Basisschicht erh\u00e4ltlich, die dieselbe hohe Qualit\u00e4t und Leistung bietet.[\/vc_column_text][\/vc_column][\/vc_row][vc_row el_class=&#8221;displaynone&#8221;][vc_column][vc_row_inner content_placement=&#8221;middle&#8221; el_id=&#8221;baselayer-size&#8221; css=&#8221;.vc_custom_1708284321605{padding-top: 32px !important;padding-bottom: 32px !important;background-color: #ffffff !important;}&#8221;][vc_column_inner width=&#8221;1\/6&#8243;][vc_empty_space][vc_single_image image=&#8221;1750&#8243; img_size=&#8221;full&#8221; alignment=&#8221;center&#8221;][vc_empty_space][\/vc_column_inner][vc_column_inner width=&#8221;5\/6&#8243;][\/vc_column_inner][\/vc_row_inner][\/vc_column][\/vc_row]<\/p>\n<\/div>","protected":false},"excerpt":{"rendered":"<p>Leichtes, wei\u00dfes Radunterhemd in Profi-Tour-Qualit\u00e4t im universellen Schnitt, geeignet f\u00fcr Damen und Herren. Transportiert Feuchtigkeit effektiv nach au\u00dfen und bleibt dabei trocken. Hergestellt in Italien aus einem nahtlosen Netzstrukturmaterial mit antibakteriellen Eigenschaften.<\/p>\n<p>Unser Hauptziel bei der Auswahl der Materialien und der Konstruktion unserer \u00e4rmellosen Mesh-Basisschicht war die Verbesserung des Fahrkomforts bei allen Wetterbedingungen. Ob im Sommer, in der \u00dcbergangszeit oder sogar im Winter \u2013 es h\u00e4lt Sie immer trocken, indem es Feuchtigkeit von der Haut weg und zur n\u00e4chsten Schicht Ihrer Ausr\u00fcstung transportiert. Das Produkt wurde von unserem Team in den Alpen und der Tatra getestet.  <\/p>\n<p class=\"reasons\">Kaufgr\u00fcnde:<\/p>\n<ul>\n<li>Pro Tour-Qualit\u00e4t, hergestellt in Italien.<\/li>\n<li>Hervorragendes Feuchtigkeitsmanagement und thermischer Komfort.<\/li>\n<li>Vielseitige Unisex-Passform f\u00fcr jeden Radfahrer.<\/li>\n<li>Allwetterleistung, ganzj\u00e4hrige Nutzbarkeit.<\/li>\n<\/ul>\n<p><img loading=\"lazy\" decoding=\"async\" class=\"alignnone wp-image-658 size-medium\" role=\"img\" src=\"https:\/\/nologo.cc\/wp-content\/uploads\/2023\/11\/Trustpilot-Excellent-Rating-ShortDesc.svg\" alt=\"\" width=\"300\" height=\"300\"><\/p>\n<p>Zwischengr\u00f6\u00dfen? Wir empfehlen Ihnen, eine Nummer kleiner zu w\u00e4hlen.<br \/>\n Siehe die <a class=\"nm-lightbox\" href=\"#baselayer-size\">Gr\u00f6\u00dfentabelle<\/a> .<\/p>\n<p>Bewertet von verifizierten Kunden:<\/p>\n","protected":false},"featured_media":1441,"comment_status":"open","ping_status":"closed","template":"","meta":[],"product_brand":[],"product_cat":[112],"product_tag":[],"class_list":{"0":"post-2276","1":"product","2":"type-product","3":"status-publish","4":"has-post-thumbnail","6":"product_cat-radsport-basisschichten","8":"first","9":"instock","10":"taxable","11":"shipping-taxable","12":"purchasable","13":"product-type-variable"},"_links":{"self":[{"href":"https:\/\/nologo.cc\/de\/wp-json\/wp\/v2\/product\/2276","targetHints":{"allow":["GET"]}}],"collection":[{"href":"https:\/\/nologo.cc\/de\/wp-json\/wp\/v2\/product"}],"about":[{"href":"https:\/\/nologo.cc\/de\/wp-json\/wp\/v2\/types\/product"}],"replies":[{"embeddable":true,"href":"https:\/\/nologo.cc\/de\/wp-json\/wp\/v2\/comments?post=2276"}],"wp:featuredmedia":[{"embeddable":true,"href":"https:\/\/nologo.cc\/de\/wp-json\/wp\/v2\/media\/1441"}],"wp:attachment":[{"href":"https:\/\/nologo.cc\/de\/wp-json\/wp\/v2\/media?parent=2276"}],"wp:term":[{"taxonomy":"product_brand","embeddable":true,"href":"https:\/\/nologo.cc\/de\/wp-json\/wp\/v2\/product_brand?post=2276"},{"taxonomy":"product_cat","embeddable":true,"href":"https:\/\/nologo.cc\/de\/wp-json\/wp\/v2\/product_cat?post=2276"},{"taxonomy":"product_tag","embeddable":true,"href":"https:\/\/nologo.cc\/de\/wp-json\/wp\/v2\/product_tag?post=2276"}],"curies":[{"name":"wp","href":"https:\/\/api.w.org\/{rel}","templated":true}]}}