{"id":2278,"date":"2023-11-02T12:25:53","date_gmt":"2023-11-02T11:25:53","guid":{"rendered":"https:\/\/nologo.wordpress.rzeszow.pl\/unkategorisiert\/klassische-schiefergraue-radsocken\/"},"modified":"2025-11-24T23:19:26","modified_gmt":"2025-11-24T22:19:26","slug":"klassische-schiefergraue-radsocken","status":"publish","type":"product","link":"https:\/\/nologo.cc\/de\/radsocken\/klassische\/klassische-schiefergraue-radsocken\/","title":{"rendered":"Klassische Schiefergraue Radsocken"},"content":{"rendered":"<div class=\"wpb-content-wrapper\"><p>[vc_row][vc_column][vc_column_text]<\/p>\n<h2>Eigenschaften der nologo Classic Slate Grey Radsocken:<\/h2>\n<p>[\/vc_column_text][vc_empty_space][\/vc_column][\/vc_row][vc_row css=&#8221;.vc_custom_1706468394360{padding-bottom: 20px !important;}&#8221;][vc_column width=&#8221;1\/2&#8243;][vc_column_text]<\/p>\n<h5>Farbe:<\/h5>\n<p>Schiefergrau + Schwarz, <strong>kein<\/strong> Logo \u00fcber den Zehen <\/p>\n<h5>Gr\u00f6\u00dfen:<\/h5>\n<p>36-38, 39-41, 42-44, 45-47 \n            <div class=\"nm-lightbox\" data-mfp-type=\"image\" data-mfp-src=\"https:\/\/nologo.cc\/wp-content\/uploads\/2026\/02\/1x1.png\"><a href=\"#\"><\/a>\n            <\/div>\n<h5>Wadenl\u00e4nge:<\/h5>\n<p>36-38: 23 +\/- 1,5cm 39-41: 25 +\/- 1,5cm 42-44: 27 +\/- 1,5cm 45-47: 29 +\/- 1,5cm<\/p>\n<p>gemessen vom Boden aufw\u00e4rts[\/vc_column_text][vc_empty_space][\/vc_column][vc_column width=&#8221;1\/2&#8243;][vc_column_text]<\/p>\n<h5>Die Socken bestehen aus:<\/h5>\n<p>97% Polypropylen 3% Elasthan<\/p>\n<p><a href=\"https:\/\/nologo.cc\/de\/die-besten-stoffe-fuer-radsocken\/\">mehr lesen<\/a><\/p>\n<h5>weitere Anleitung:<\/h5>\n<p>Maschinenw\u00e4sche bei 30 \u00b0C, nicht im Trockner trocknen, nicht b\u00fcgeln, nicht bleichen, nicht chemisch reinigen[\/vc_column_text][vc_empty_space][\/vc_column][\/vc_row][vc_row equal_height=&#8221;yes&#8221; content_placement=&#8221;middle&#8221;][vc_column width=&#8221;1\/4&#8243; css=&#8221;.vc_custom_1610106215999{padding-bottom: 20px !important;}&#8221;][vc_single_image image=&#8221;1179&#8243; img_size=&#8221;full&#8221;][\/vc_column][vc_column width=&#8221;1\/4&#8243; css=&#8221;.vc_custom_1610106228659{padding-bottom: 20px !important;}&#8221;][vc_single_image image=&#8221;1181&#8243; img_size=&#8221;full&#8221;][\/vc_column][vc_column width=&#8221;1\/2&#8243;][vc_column_text]<\/p>\n<div class=\"product-page-feature-icons-container\"><img loading=\"lazy\" decoding=\"async\" class=\"product-page-feature-icon\" role=\"img\" src=\"https:\/\/nologo.cc\/wp-content\/uploads\/2023\/11\/perfect-fit.svg\" alt=\"\" width=\"300\" height=\"300\"><br \/>\n<img loading=\"lazy\" decoding=\"async\" class=\"product-page-feature-icon\" role=\"img\" src=\"https:\/\/nologo.cc\/wp-content\/uploads\/2023\/11\/moisture-wicking.svg\" alt=\"\" width=\"300\" height=\"300\"><br \/>\n<img loading=\"lazy\" decoding=\"async\" class=\"product-page-feature-icon\" role=\"img\" src=\"https:\/\/nologo.cc\/wp-content\/uploads\/2023\/11\/light-weight.svg\" alt=\"\" width=\"300\" height=\"300\"><br \/>\n<img loading=\"lazy\" decoding=\"async\" class=\"product-page-feature-icon\" role=\"img\" src=\"https:\/\/nologo.cc\/wp-content\/uploads\/2023\/11\/fast-drying.svg\" alt=\"\" width=\"300\" height=\"300\"><br \/>\n<img loading=\"lazy\" decoding=\"async\" class=\"product-page-feature-icon\" role=\"img\" src=\"https:\/\/nologo.cc\/wp-content\/uploads\/2023\/11\/efficient-cooling.svg\" alt=\"\" width=\"300\" height=\"300\"><\/div>\n<p>[\/vc_column_text][\/vc_column][\/vc_row][vc_row][vc_column][vc_empty_space][vc_column_text]<\/p>\n<h2>Schiefergraue Radsocken \u2013 wenn Sie m\u00f6chten, passen Sie dazu.<\/h2>\n<p>Schiefergraue Radsocken sind schnell, minimalistisch und elegant. Die Farbe eignet sich gut als Accessoire in der Radsportmode, erfordert aber eine kleine Beimischung einer spezifischeren Farbe, um sie interessant zu machen. Schiefergrau symbolisiert Nebel, Geheimnis, Schatten und den undurchdringlichen Schleier der D\u00e4mmerung. Es symbolisiert auch Ideen, Praktikabilit\u00e4t, Organisation und Respekt. Es ist eine neutrale Farbe, die als mono- oder achromatisch gilt. Sie bietet einen un\u00fcbertroffenen Kontrast zu jeder anderen Farbe. Grau scheint aufgrund seiner universellen Verwendung ideal zu sein \u2013 es l\u00e4sst sich gut mit anderen Farben kombinieren. Lesen Sie mehr \u00fcber unsere Tipps <a href=\"\">zur Auswahl von Radsocken<\/a> . Tragen Sie es mit: praktisch jeder anderen Farbe<br \/>\n Versuchen Sie, mit Schwarz oder anderen Farben zu waschen[\/vc_column_text][\/vc_column][\/vc_row][vc_row equal_height=&#8221;yes&#8221; content_placement=&#8221;middle&#8221; el_class=&#8221;displaynone&#8221;][vc_column][vc_row_inner content_placement=&#8221;middle&#8221; css=&#8221;.vc_custom_1708282480444{padding-top: 36px !important;padding-bottom: 36px !important;background-color: #ffffff !important;}&#8221; el_id=&#8221;classic-size&#8221;][vc_column_inner width=&#8221;1\/6&#8243;][vc_empty_space][vc_single_image image=&#8221;1728&#8243; img_size=&#8221;full&#8221; alignment=&#8221;center&#8221;][vc_empty_space][\/vc_column_inner][vc_column_inner width=&#8221;5\/6&#8243;][vc_raw_html]PGRpdiBjbGFzcz0iZGl2VGFibGUiPgo8ZGl2IGNsYXNzPSJkaXZUYWJsZUhlYWRpbmciPgo8ZGl2IGNsYXNzPSJkaXZUYWJsZVJvdyI+CjxkaXYgY2xhc3M9ImRpdlRhYmxlSGVhZCI+IDwvZGl2Pgo8ZGl2IGNsYXNzPSJkaXZUYWJsZUhlYWQiPlhTPC9kaXY+CjxkaXYgY2xhc3M9ImRpdlRhYmxlSGVhZCI+UzwvZGl2Pgo8ZGl2IGNsYXNzPSJkaXZUYWJsZUhlYWQiPk08L2Rpdj4KPGRpdiBjbGFzcz0iZGl2VGFibGVIZWFkIj5MPC9kaXY+CjwvZGl2Pgo8L2Rpdj4KPGRpdiBjbGFzcz0iZGl2VGFibGVCb2R5Ij4KPGRpdiBjbGFzcz0iZGl2VGFibGVSb3ciPgo8ZGl2IGNsYXNzPSJkaXZUYWJsZUNlbGxIZWFkIj5FVTwvZGl2Pgo8ZGl2IGNsYXNzPSJkaXZUYWJsZUNlbGwiPjM2IC0gMzg8L2Rpdj4KPGRpdiBjbGFzcz0iZGl2VGFibGVDZWxsIj4zOSAtIDQxPC9kaXY+CjxkaXYgY2xhc3M9ImRpdlRhYmxlQ2VsbCI+NDIgLSA0NDwvZGl2Pgo8ZGl2IGNsYXNzPSJkaXZUYWJsZUNlbGwiPjQ1IC0gNDc8L2Rpdj4KPC9kaXY+CjxkaXYgY2xhc3M9ImRpdlRhYmxlUm93Ij4KPGRpdiBjbGFzcz0iZGl2VGFibGVDZWxsSGVhZCI+Q008L2Rpdj4KPGRpdiBjbGFzcz0iZGl2VGFibGVDZWxsIj4yMyAtIDI0LjU8L2Rpdj4KPGRpdiBjbGFzcz0iZGl2VGFibGVDZWxsIj4yNSAtIDI2LjU8L2Rpdj4KPGRpdiBjbGFzcz0iZGl2VGFibGVDZWxsIj4yNyAtIDI4LjU8L2Rpdj4KPGRpdiBjbGFzcz0iZGl2VGFibGVDZWxsIj4yOSAtIDMwLjU8L2Rpdj4KPC9kaXY+CjxkaXYgY2xhc3M9ImRpdlRhYmxlUm93Ij4KPGRpdiBjbGFzcz0iZGl2VGFibGVDZWxsSGVhZCI+VmVyZWluaWd0ZXMgS8O2bmlncmVpY2g8L2Rpdj4KPGRpdiBjbGFzcz0iZGl2VGFibGVDZWxsIj4zLjUgLSA1LjU8L2Rpdj4KPGRpdiBjbGFzcz0iZGl2VGFibGVDZWxsIj42IC0gNy41PC9kaXY+CjxkaXYgY2xhc3M9ImRpdlRhYmxlQ2VsbCI+OCAtIDkuNTwvZGl2Pgo8ZGl2IGNsYXNzPSJkaXZUYWJsZUNlbGwiPjEwIC0gMTEuNTwvZGl2Pgo8L2Rpdj4KPGRpdiBjbGFzcz0iZGl2VGFibGVSb3ciPgo8ZGl2IGNsYXNzPSJkaXZUYWJsZUNlbGxIZWFkIj5VUy1XTU48L2Rpdj4KPGRpdiBjbGFzcz0iZGl2VGFibGVDZWxsIj41LjUgLSA3LjU8L2Rpdj4KPGRpdiBjbGFzcz0iZGl2VGFibGVDZWxsIj44IC0gOS41PC9kaXY+CjxkaXYgY2xhc3M9ImRpdlRhYmxlQ2VsbCI+MTAgLSAxMS41PC9kaXY+CjxkaXYgY2xhc3M9ImRpdlRhYmxlQ2VsbCI+MTIgLSAxMy41PC9kaXY+CjwvZGl2Pgo8ZGl2IGNsYXNzPSJkaXZUYWJsZVJvdyI+CjxkaXYgY2xhc3M9ImRpdlRhYmxlQ2VsbEhlYWQiPlVTLU3DhE5ORVI8L2Rpdj4KPGRpdiBjbGFzcz0iZGl2VGFibGVDZWxsIj4zLjUgLSA1LjU8L2Rpdj4KPGRpdiBjbGFzcz0iZGl2VGFibGVDZWxsIj42IC0gNy41PC9kaXY+CjxkaXYgY2xhc3M9ImRpdlRhYmxlQ2VsbCI+OCAtIDkuNTwvZGl2Pgo8ZGl2IGNsYXNzPSJkaXZUYWJsZUNlbGwiPjEwIC0gMTEuNTwvZGl2Pgo8L2Rpdj4KPGRpdiBjbGFzcz0iZGl2VGFibGVSb3ciPgo8ZGl2IGNsYXNzPSJkaXZUYWJsZUNlbGxIZWFkIj5Iw5ZIRTwvZGl2Pgo8ZGl2IGNsYXNzPSJkaXZUYWJsZUNlbGwiPjIzICsvLSAxLDVjbTwvZGl2Pgo8ZGl2IGNsYXNzPSJkaXZUYWJsZUNlbGwiPjI1ICsvLSAxLDVjbTwvZGl2Pgo8ZGl2IGNsYXNzPSJkaXZUYWJsZUNlbGwiPjI3ICsvLSAxLDVjbTwvZGl2Pgo8ZGl2IGNsYXNzPSJkaXZUYWJsZUNlbGwiPjI5ICsvLSAxLDVjbTwvZGl2Pgo8L2Rpdj4KPC9kaXY+CjwvZGl2Pg==[\/vc_raw_html][\/vc_column_inner][\/vc_row_inner][\/vc_column][\/vc_row]<\/p>\n<\/div>","protected":false},"excerpt":{"rendered":"<p>Unsere klassischen schiefergrauen Radsocken sind ideal f\u00fcr warmes bis hei\u00dfes Wetter und zeichnen sich durch Atmungsaktivit\u00e4t und Strapazierf\u00e4higkeit aus. Die Mesh-Konstruktion an der Oberseite und das hochdichte Gewebe am Fu\u00dfbett sorgen f\u00fcr optimale Leistung. Die Nologo Classic-Socken sind pr\u00e4zise auf Langstreckenkomfort ausgelegt, verf\u00fcgen \u00fcber Flachn\u00e4hte und verwenden <a href=\"\/the-best-fabrics-for-cycling-socks\/\">hochwertiges Garn<\/a> , das doppelt so leicht ist wie Baumwolle und so die Feuchtigkeitsregulierung f\u00fcr eine angenehm sanfte Fahrt verbessert.  <\/p>\n<p class=\"reasons\">Gr\u00fcnde f\u00fcr den Kauf:<\/p>\n<ul>\n<li>Entwickelt f\u00fcr Ihre vollste Zufriedenheit<\/li>\n<li>Optimale Atmungsaktivit\u00e4t durch feinstes Gewebe<\/li>\n<li>Vom Kunden bew\u00e4hrte St\u00e4rke und Langlebigkeit<\/li>\n<li>Zeitloser Stil \u2013 das minimalistische Design von nologo<\/li>\n<\/ul>\n<p><img loading=\"lazy\" decoding=\"async\" class=\"alignnone wp-image-658 size-medium\" role=\"img\" src=\"https:\/\/nologo.cc\/wp-content\/uploads\/2023\/11\/Trustpilot-Excellent-Rating-ShortDesc.svg\" alt=\"\" width=\"300\" height=\"300\"><\/p>\n<p>Liegen Sie zwischen zwei Gr\u00f6\u00dfen? Wir empfehlen Ihnen, die kleinere Gr\u00f6\u00dfe zu w\u00e4hlen.<br \/>\n Siehe <a class=\"nm-lightbox\" href=\"#classic-size\">Gr\u00f6\u00dfentabelle<\/a> . Von verifizierten Kunden bewertet: <\/p>\n","protected":false},"featured_media":1279,"comment_status":"open","ping_status":"closed","template":"","meta":[],"product_brand":[],"product_cat":[84],"product_tag":[],"class_list":{"0":"post-2278","1":"product","2":"type-product","3":"status-publish","4":"has-post-thumbnail","6":"product_cat-klassische","8":"first","9":"instock","10":"taxable","11":"shipping-taxable","12":"purchasable","13":"product-type-variable"},"_links":{"self":[{"href":"https:\/\/nologo.cc\/de\/wp-json\/wp\/v2\/product\/2278","targetHints":{"allow":["GET"]}}],"collection":[{"href":"https:\/\/nologo.cc\/de\/wp-json\/wp\/v2\/product"}],"about":[{"href":"https:\/\/nologo.cc\/de\/wp-json\/wp\/v2\/types\/product"}],"replies":[{"embeddable":true,"href":"https:\/\/nologo.cc\/de\/wp-json\/wp\/v2\/comments?post=2278"}],"wp:featuredmedia":[{"embeddable":true,"href":"https:\/\/nologo.cc\/de\/wp-json\/wp\/v2\/media\/1279"}],"wp:attachment":[{"href":"https:\/\/nologo.cc\/de\/wp-json\/wp\/v2\/media?parent=2278"}],"wp:term":[{"taxonomy":"product_brand","embeddable":true,"href":"https:\/\/nologo.cc\/de\/wp-json\/wp\/v2\/product_brand?post=2278"},{"taxonomy":"product_cat","embeddable":true,"href":"https:\/\/nologo.cc\/de\/wp-json\/wp\/v2\/product_cat?post=2278"},{"taxonomy":"product_tag","embeddable":true,"href":"https:\/\/nologo.cc\/de\/wp-json\/wp\/v2\/product_tag?post=2278"}],"curies":[{"name":"wp","href":"https:\/\/api.w.org\/{rel}","templated":true}]}}