{"id":2840,"date":"2024-03-17T22:52:54","date_gmt":"2024-03-17T21:52:54","guid":{"rendered":"https:\/\/nologo.wordpress.rzeszow.pl\/unkategorisiert\/3-paar-klassische-radsocken-in-geschenkbox\/"},"modified":"2025-03-14T15:46:51","modified_gmt":"2025-03-14T14:46:51","slug":"3-paar-klassische-radsocken-in-geschenkbox","status":"publish","type":"product","link":"https:\/\/nologo.cc\/de\/geschenke-fur-radfahrer\/geschenksets\/3-paar-klassische-radsocken-in-geschenkbox\/","title":{"rendered":"3 Paar klassische Radsocken in Geschenkbox"},"content":{"rendered":"<div class=\"wpb-content-wrapper\"><p>[vc_row][vc_column][vc_column_text]<\/p>\n<h2>Wir stellen Ihnen die ultimative 3-Paar-Geschenkbox f\u00fcr klassische Radsocken vor: Entfesseln Sie die Kraft der Personalisierung<\/h2>\n<p>Erweitern Sie Ihr Schenkspiel mit unserer 3-Paar-Geschenkbox f\u00fcr Fahrradsocken \u2013 ein personalisiertes Set, das Radsportbegeisterte begeistern und ihr Radfahrerlebnis verbessern soll.<br \/>\nNologo-Socken werden mit Pr\u00e4zision und Leidenschaft gefertigt und sind mehr als nur ein Garderobenaccessoire. Sie sind ein Statement f\u00fcr Stil, Komfort und Leistung.<br \/>\nWarum sollten Sie sich mit dem Gew\u00f6hnlichen zufrieden geben, wenn Sie Ihr Geschenk perfekt individuell gestalten k\u00f6nnen?<br \/>\nMit unserem Konfigurator k\u00f6nnen Sie die Farben individuell ausw\u00e4hlen, die zur Pers\u00f6nlichkeit, zur Ausr\u00fcstungssammlung und zu den Farbvorlieben des Radfahrers passen, und so f\u00fcr eine wirklich pers\u00f6nliche Note sorgen.<br \/>\nWir haben unsere farbenfrohen Socken so konzipiert, dass sie mit einer Vielzahl von Trikotmarken kompatibel sind.<br \/>\nW\u00e4hlen Sie aus einem Spektrum lebendiger Farbt\u00f6ne, sodass Sie f\u00fcr jeden Fahrer eine ma\u00dfgeschneiderte Geschenkbox erstellen k\u00f6nnen, die B\u00e4nde \u00fcber Ihre Liebe zum Detail und Ihre R\u00fccksichtnahme spricht. <\/p>\n<h3>Un\u00fcbertroffener Komfort und einzigartige Funktionen f\u00fcr jeden Fahrer<\/h3>\n<p>Bei jedem Paar Nologo-Radsocken geht es nicht nur um die \u00c4sthetik; Sie sind auf Leistung und Komfort ausgelegt.<br \/>\nSie bieten erstklassige Qualit\u00e4t und Eigenschaften.<br \/>\nSie bestehen aus einer Mischung hochwertiger Materialien und bieten hervorragende feuchtigkeitsableitende Eigenschaften, sodass die F\u00fc\u00dfe bei intensiven Fahrten trocken und komfortabel bleiben.<br \/>\nDie strategischen Bel\u00fcftungszonen verbessern die Atmungsaktivit\u00e4t, w\u00e4hrend die verst\u00e4rkten Fersen- und Zehenbereiche Strapazierf\u00e4higkeit f\u00fcr langanhaltendes Tragen bieten.   <\/p>\n<h3>Stil trifft auf Funktionalit\u00e4t \u2013 minimalistisches Design von nologo<\/h3>\n<p>Radfahrer wissen, wie wichtig Ausr\u00fcstung ist, die Stil und Funktionalit\u00e4t nahtlos vereint.<br \/>\nUnsere Socken zeichnen sich durch minimalistische Designs aus, die die Essenz der modernen Radsport-Eleganz einfangen.<br \/>\nEgal, ob Sie anspruchsvolles Gel\u00e4nde bezwingen oder durch urbane Landschaften cruisen, Nologo-Socken verleihen jedem Pedaltritt einen Hauch von Stil.<br \/>\nSie werden auch in verschiedenen Gr\u00f6\u00dfen angeboten, um eine optimale Passform f\u00fcr den Fu\u00df des Reiters zu gew\u00e4hrleisten.   <\/p>\n<h3>Fahrradgeschenke f\u00fcr Vielseitigkeit in Bewegung<\/h3>\n<p>Nologo-Socken sind auf Vielseitigkeit ausgelegt und passen sich verschiedenen Radsportdisziplinen an, darunter Stra\u00dfenradfahren, Mountainbiken und Pendeln in der Stadt.<br \/>\nDie eng anliegende Passform sorgt f\u00fcr optimalen Halt, verhindert ein Verrutschen und minimiert die Reibung, w\u00e4hrend der hohe Schnitt die perfekte Balance zwischen Abdeckung und Atmungsaktivit\u00e4t schafft. <\/p>\n<h3>Das perfekte Geschenk f\u00fcr Radfahrer \u2013 frisches neues Garderobenelement<\/h3>\n<p>Stellen Sie sich die Freude vor, eine personalisierte Radsport-Geschenkbox voller leistungsstarker, stilvoller Socken zu erhalten.<br \/>\nGeburtstage, Feiertage oder einfach nur eine Geste der Wertsch\u00e4tzung \u2013 unsere 3-Paar-Geschenkbox ist ein zeitloses Geschenk, das bei Radfahrern aller Niveaus Anklang findet.<br \/>\nEs geht nicht nur um die Socken; Es geht darum, die Leidenschaft f\u00fcr das Radfahren zu feiern und das gesamte Fahrerlebnis zu verbessern.<br \/>\nHeben Sie sich in einer Welt voller auff\u00e4lliger Geschenke ab, indem Sie ein Geschenk w\u00e4hlen, das Minimalismus, Qualit\u00e4t und Personalisierung widerspiegelt.<br \/>\nBestellen Sie noch heute unsere 3-Paar-Geschenkbox f\u00fcr Fahrradsocken und feiern Sie die Freude am Radfahren mit stilvollen neuen Socken.<br \/>\nSchlie\u00dflich beginnen gro\u00dfartige Fahrten mit gro\u00dfartigen Socken![\/vc_column_text][\/vc_column][\/vc_row]<\/p>\n<\/div>","protected":false},"excerpt":{"rendered":"<p>Kreieren Sie Ihr eigenes Geschenkset mit Nologo-Klassikern!<br \/>\nDas Set ist mit allen gew\u00fcnschten Farben kombinierbar.<br \/>\nW\u00e4hlen Sie einfach die perfekte Farbkombination aus der Liste unten.<br \/>\nSie k\u00f6nnen das Bundle in klassischen und eleganten T\u00f6nen wie Wei\u00df, Beige und Schwarz vervollst\u00e4ndigen, diese aber auch mit leuchtenden, ausdrucksstarken Farben wie Fluo-Gelb, Fuchsia oder Celeste mischen.<br \/>\nEs liegt ganz an Ihrer Fantasie!<br \/>\nDas Set ist sorgf\u00e4ltig von Hand in einer hochwertigen schwarzen Markenbox verpackt und eignet sich somit perfekt als Geschenkidee.<br \/>\nDie Bestandteile der Geschenkbox werden in der Reihenfolge verpackt, die Sie beim Fertigstellen der Box ausgew\u00e4hlt haben.<\/p>\n","protected":false},"featured_media":2843,"comment_status":"open","ping_status":"closed","template":"","meta":[],"product_brand":[],"product_cat":[120],"product_tag":[],"class_list":{"0":"post-2840","1":"product","2":"type-product","3":"status-publish","4":"has-post-thumbnail","6":"product_cat-geschenksets","8":"first","9":"outofstock","10":"virtual","11":"sold-individually","12":"taxable","13":"purchasable","14":"product-type-simple"},"_links":{"self":[{"href":"https:\/\/nologo.cc\/de\/wp-json\/wp\/v2\/product\/2840","targetHints":{"allow":["GET"]}}],"collection":[{"href":"https:\/\/nologo.cc\/de\/wp-json\/wp\/v2\/product"}],"about":[{"href":"https:\/\/nologo.cc\/de\/wp-json\/wp\/v2\/types\/product"}],"replies":[{"embeddable":true,"href":"https:\/\/nologo.cc\/de\/wp-json\/wp\/v2\/comments?post=2840"}],"wp:featuredmedia":[{"embeddable":true,"href":"https:\/\/nologo.cc\/de\/wp-json\/wp\/v2\/media\/2843"}],"wp:attachment":[{"href":"https:\/\/nologo.cc\/de\/wp-json\/wp\/v2\/media?parent=2840"}],"wp:term":[{"taxonomy":"product_brand","embeddable":true,"href":"https:\/\/nologo.cc\/de\/wp-json\/wp\/v2\/product_brand?post=2840"},{"taxonomy":"product_cat","embeddable":true,"href":"https:\/\/nologo.cc\/de\/wp-json\/wp\/v2\/product_cat?post=2840"},{"taxonomy":"product_tag","embeddable":true,"href":"https:\/\/nologo.cc\/de\/wp-json\/wp\/v2\/product_tag?post=2840"}],"curies":[{"name":"wp","href":"https:\/\/api.w.org\/{rel}","templated":true}]}}