{"id":7069,"date":"2025-04-01T20:03:41","date_gmt":"2025-04-01T18:03:41","guid":{"rendered":"https:\/\/nologo.cc\/?post_type=product&#038;p=7069"},"modified":"2025-11-25T13:50:09","modified_gmt":"2025-11-25T12:50:09","slug":"klassische-giro-rosa-fahrradsocken","status":"publish","type":"product","link":"https:\/\/nologo.cc\/de\/radsocken\/klassische\/klassische-giro-rosa-fahrradsocken\/","title":{"rendered":"Klassische Giro Rosa Fahrradsocken"},"content":{"rendered":"<div class=\"wpb-content-wrapper\"><p>[vc_row][vc_column][vc_column_text css=&#8221;&#8221;]<\/p>\n<h2>Eigenschaften der klassischen Giro Rosa Fahrradsocken:<\/h2>\n<p>[\/vc_column_text][vc_empty_space][\/vc_column][\/vc_row][vc_row css=&#8221;.vc_custom_1706468394360{padding-bottom: 20px !important;}&#8221;][vc_column width=&#8221;1\/2&#8243;][vc_column_text css=&#8221;&#8221;]<\/p>\n<h5>Farbe:<\/h5>\n<p>Giro Pink + Wei\u00df <strong>ohne<\/strong> Logo \u00fcber den Zehen<\/p>\n<h5>Gr\u00f6\u00dfen:<\/h5>\n<p>36-38, 39-41, 42-44, 45-47 \n            <div class=\"nm-lightbox\" data-mfp-type=\"image\" data-mfp-src=\"https:\/\/nologo.cc\/wp-content\/uploads\/2026\/02\/1x1.png\"><a href=\"#\"><\/a>\n            <\/div>\n<h5>Wadenl\u00e4nge:<\/h5>\n<p>36-38: 23 +\/- 1,5 cm<br \/>\n39-41: 25 +\/- 1,5 cm<br \/>\n42-44: 27 +\/- 1,5 cm<br \/>\n45-47: 29 +\/- 1,5 cm<br \/>\ngemessen vom Boden aufw\u00e4rts[\/vc_column_text][vc_empty_space][\/vc_column][vc_column width=&#8221;1\/2&#8243;][vc_column_text]<\/p>\n<h5>Die Socken bestehen aus:<\/h5>\n<p>97 % Polypropylen<br \/>\n3 % Elastan<br \/>\n<a href=\"https:\/\/nologo.cc\/de\/die-besten-stoffe-fuer-radsocken\/\">mehr lesen<\/a><\/p>\n<h5>weitere Anleitung:<\/h5>\n<p>Maschinenw\u00e4sche bei 30 \u00b0C, nicht im Trockner trocknen, nicht b\u00fcgeln, nicht bleichen, nicht chemisch reinigen[\/vc_column_text][vc_empty_space][\/vc_column][\/vc_row][vc_row equal_height=&#8221;yes&#8221; content_placement=&#8221;middle&#8221;][vc_column width=&#8221;1\/4&#8243; css=&#8221;.vc_custom_1610106215999{padding-bottom: 20px !important;}&#8221;][vc_single_image image=&#8221;1179&#8243; img_size=&#8221;full&#8221;][\/vc_column][vc_column width=&#8221;1\/4&#8243; css=&#8221;.vc_custom_1610106228659{padding-bottom: 20px !important;}&#8221;][vc_single_image image=&#8221;1181&#8243; img_size=&#8221;full&#8221;][\/vc_column][vc_column width=&#8221;1\/2&#8243;][vc_column_text]<\/p>\n<div class=\"product-page-feature-icons-container\"><img loading=\"lazy\" decoding=\"async\" class=\"product-page-feature-icon\" role=\"img\" src=\"https:\/\/nologo.cc\/wp-content\/uploads\/2023\/11\/perfect-fit.svg\" alt=\"\" width=\"300\" height=\"300\" \/><br \/>\n<img loading=\"lazy\" decoding=\"async\" class=\"product-page-feature-icon\" role=\"img\" src=\"https:\/\/nologo.cc\/wp-content\/uploads\/2023\/11\/moisture-wicking.svg\" alt=\"\" width=\"300\" height=\"300\" \/><br \/>\n<img loading=\"lazy\" decoding=\"async\" class=\"product-page-feature-icon\" role=\"img\" src=\"https:\/\/nologo.cc\/wp-content\/uploads\/2023\/11\/light-weight.svg\" alt=\"\" width=\"300\" height=\"300\" \/><br \/>\n<img loading=\"lazy\" decoding=\"async\" class=\"product-page-feature-icon\" role=\"img\" src=\"https:\/\/nologo.cc\/wp-content\/uploads\/2023\/11\/fast-drying.svg\" alt=\"\" width=\"300\" height=\"300\" \/><br \/>\n<img loading=\"lazy\" decoding=\"async\" class=\"product-page-feature-icon\" role=\"img\" src=\"https:\/\/nologo.cc\/wp-content\/uploads\/2023\/11\/efficient-cooling.svg\" alt=\"\" width=\"300\" height=\"300\" \/><\/div>\n<p>[\/vc_column_text][\/vc_column][\/vc_row][vc_row][vc_column][vc_empty_space][vc_column_text css=&#8221;&#8221;]<\/p>\n<h2>Klassische rosa Giro-Radsocken \u2013 ikonisches Rennsport-Erbe mit modernem Stil<\/h2>\n<p>Sp\u00fcren Sie den Geist des ber\u00fchmtesten Radrennens mit unseren Giro Pink Socken \u2013 hier trifft legend\u00e4res Erbe auf technische Leistung. Dieser leuchtende Pinkton ist nicht einfach nur eine weitere Farbe \u2013 er ist eine Hommage an das legend\u00e4re Maglia Rosa und verbindet Sie sofort mit den gro\u00dfen Traditionen des Radsports, w\u00e4hrend unsere hochwertige PROLEN\u00aeYARN-Technologie Ihre F\u00fc\u00dfe angenehm trocken und komfortabel h\u00e4lt. Diese Socken werden in der EU unter Ber\u00fccksichtigung der Nachhaltigkeit hergestellt und sind leicht, atmungsaktiv und halten unz\u00e4hligen Fahrten und W\u00e4schen stand. M\u00f6chten Sie Ihrer Radsportausr\u00fcstung einen Hauch von Rennsport-K\u00f6nigtum verleihen? Diese legend\u00e4ren pinken Socken bieten sowohl ikonischen Stil als auch au\u00dfergew\u00f6hnliche Leistung.<\/p>\n<h2>Warum Sie diese Socken lieben werden:<\/h2>\n<ul>\n<li><strong>Racing Heritage<\/strong> : Tragen Sie die legend\u00e4re Farbe, die die prestigetr\u00e4chtigste Grand Tour des Radsports feiert<\/li>\n<li><strong>Auff\u00e4llige Unterscheidung<\/strong> : Heben Sie sich im Peloton mit dem sofort erkennbaren leuchtenden Pink ab<\/li>\n<li><strong>Unglaublicher Komfort<\/strong> : Mesh-Obermaterial und hochdichtes Fu\u00dfbett f\u00fcr die perfekte Balance aus Atmungsaktivit\u00e4t und Halt<\/li>\n<li><strong>\u00dcberlegene Feuchtigkeitskontrolle<\/strong> : Die fortschrittliche PROLEN\u00aeYARN-Technologie, die doppelt so leicht ist wie Baumwolle, h\u00e4lt Ihre F\u00fc\u00dfe Kilometer f\u00fcr Kilometer trocken<\/li>\n<li><strong>100 % recycelbar<\/strong> : Umweltfreundliche Materialien, die Sie mit gutem Gewissen tragen k\u00f6nnen<\/li>\n<\/ul>\n<h2><img loading=\"lazy\" decoding=\"async\" class=\"alignnone size-full wp-image-7100\" src=\"https:\/\/nologo.cc\/wp-content\/uploads\/2025\/04\/nologo-giro-pink-cycling-socks-7-scaled.jpg\" alt=\"Gefaltetes Paar klassischer Radsocken in Giro Rosa von Nologo mit eleganter schwarzer Markenverpackung, auf rosa Hintergrund f\u00fcr eine minimalistische \u00c4sthetik.\" width=\"2560\" height=\"1707\" srcset=\"https:\/\/nologo.cc\/wp-content\/uploads\/2025\/04\/nologo-giro-pink-cycling-socks-7-scaled.jpg 2560w, https:\/\/nologo.cc\/wp-content\/uploads\/2025\/04\/nologo-giro-pink-cycling-socks-7-300x200.jpg 300w, https:\/\/nologo.cc\/wp-content\/uploads\/2025\/04\/nologo-giro-pink-cycling-socks-7-1024x683.jpg 1024w, https:\/\/nologo.cc\/wp-content\/uploads\/2025\/04\/nologo-giro-pink-cycling-socks-7-768x512.jpg 768w, https:\/\/nologo.cc\/wp-content\/uploads\/2025\/04\/nologo-giro-pink-cycling-socks-7-1536x1024.jpg 1536w, https:\/\/nologo.cc\/wp-content\/uploads\/2025\/04\/nologo-giro-pink-cycling-socks-7-2048x1365.jpg 2048w, https:\/\/nologo.cc\/wp-content\/uploads\/2025\/04\/nologo-giro-pink-cycling-socks-7-1600x1067.jpg 1600w\" sizes=\"auto, (max-width: 2560px) 100vw, 2560px\" \/><\/h2>\n<h2>Pink \u2013 Die Farbe, die das gro\u00dfe Erbe des Radsports feiert<\/h2>\n<p>Wussten Sie, dass Giro-Pink die wohl legend\u00e4rste Farbe der Profi-Radsportgeschichte ist? Seit 1931 tr\u00e4gt der F\u00fchrende der italienischen Grand Tour die ber\u00fchmte Maglia Rosa und hat mit diesem unverwechselbaren Farbton fast ein Jahrhundert Sportgeschichte geschrieben. Es ist mehr als nur eine Farbe: Es steht f\u00fcr den H\u00f6hepunkt des Radsports \u2013 ein Symbol, das von Radsportlern weltweit anerkannt und respektiert wird.<\/p>\n<p>F\u00fcr Radsportler, die die reiche Tradition des Radsports sch\u00e4tzen, bieten unsere Giro Pink Socken die perfekte M\u00f6glichkeit, die Geschichte des Sports zu verbinden und gleichzeitig ihren eigenen, unverwechselbaren Stil zu bewahren. Dieses leuchtende, energiegeladene Pink setzt einen Blickfang f\u00fcr Ihre Ausr\u00fcstung und harmoniert wunderbar mit neutraler Radsportbekleidung. Gleichzeitig setzen Sie ein selbstbewusstes Statement f\u00fcr Ihre Leidenschaft f\u00fcr den Sport.<\/p>\n<h2>Entwickelt f\u00fcr ultimativen Komfort den ganzen Tag<\/h2>\n<p>Was passiert, wenn deine F\u00fc\u00dfe in die Pedale treten? Unsere Socken zeichnen sich durch eine pr\u00e4zise Mesh-Konstruktion im oberen Bereich f\u00fcr maximale Luftzirkulation und ein hochdichtes Fu\u00dfbett dort aus, wo du Halt am meisten brauchst. Schluss mit Druckstellen, Faltenbildung und Ablenkungen beim Fahren.<\/p>\n<p>Das hochmoderne PROLEN\u00aeYARN-Gewebe ist der wahre Zauber. Dieses fortschrittliche Material leitet Feuchtigkeit aktiv von der Haut ab und reguliert gleichzeitig die Temperatur, sodass Ihre F\u00fc\u00dfe unter den unterschiedlichsten Bedingungen angenehm bleiben. Und hier ist ein kleines Sockengeheimnis: Unser Spezialgarn ist geruchshemmend und bakterienabweisend, sodass Ihre Socken (und Ihre Radfreunde) es Ihnen nach langen, schwei\u00dftreibenden Fahrten danken werden.<\/p>\n<p>Flachbettn\u00e4hte verhindern st\u00f6rende N\u00e4hte, die an den Zehen reiben. Der optimale Elasthananteil sorgt f\u00fcr einen bequemen, sicheren Sitz, der w\u00e4hrend der Fahrt nicht in den Schuhen verrutscht. Es sind diese kleinen Details, die auf l\u00e4ngeren Fahrten den entscheidenden Unterschied machen.<\/p>\n<h2>Nachhaltiges Radfahren, Socke f\u00fcr Socke<\/h2>\n<p>Wir m\u00f6chten unseren Planeten so sch\u00f6n erhalten wie die Stra\u00dfen, auf denen wir fahren. Deshalb bestehen unsere Giro Pink Radsocken aus 100 % recycelbaren Materialien. Wenn sie abgenutzt sind (was, glauben Sie uns, eine ganze Weile dauern wird), k\u00f6nnen Sie sie zum Recycling an uns zur\u00fcckschicken, anstatt sie auf der M\u00fclldeponie zu entsorgen.<\/p>\n<p>Alle nologo Socken werden in der EU unter Anwendung ethischer Herstellungspraktiken und umweltfreundlicher Produktionsprozesse hergestellt, die deutlich weniger Wasser und Energie verbrauchen als die konventionelle Sockenproduktion. Der spezielle Farbstoff, den wir f\u00fcr unsere Farbe Giro Pink verwenden, beh\u00e4lt seinen leuchtenden Farbton auch nach vielen W\u00e4schen und minimiert gleichzeitig die Umweltbelastung.<\/p>\n<h2>Profi-Tipps von den Socken-Experten<\/h2>\n<p><strong>Perfekte Kombination:<\/strong> Diese Socken erzielen maximale Wirkung mit schwarzen Radschuhen und Shorts. F\u00fcr einen klassischen Euro-Profi-Look kombinieren Sie sie mit \u00fcberwiegend wei\u00dfer oder schwarzer Kleidung, um das ikonische Pink als Ihren charakteristischen Akzent zu setzen. W\u00fcnschen Sie einen abgestimmteren Ansatz? Suchen Sie nach Radtrikots mit dezenten rosa Akzenten, um Ihren gesamten Look abzurunden.<\/p>\n<p><strong>Styling-Erbe:<\/strong> Giro Pink zelebriert die Rennsporttradition und ist gleichzeitig bemerkenswert vielseitig in der modernen Radsportgarderobe. Der leuchtende Farbton harmoniert wunderbar mit neutralen Farben (Schwarz, Wei\u00df, Grau), ergibt aber auch auff\u00e4llige Kombinationen mit Marineblau, Blaugr\u00fcn und dunkleren Gr\u00fcnt\u00f6nen.<\/p>\n<p><strong>Pflegehinweis:<\/strong> Maschinenw\u00e4sche bei 30 \u00b0C, um das leuchtende Pink zu erhalten. Nach Hunderten von Testw\u00e4schen k\u00f6nnen wir best\u00e4tigen, dass die ikonische Farbe bemerkenswert gut erhalten bleibt. Dank PROLEN\u00aeYARN verblassen sie besser als herk\u00f6mmliche Materialien.<\/p>\n<p><strong>Gr\u00f6\u00dfenhinweis:<\/strong> Wenn Sie zwischen zwei Gr\u00f6\u00dfen liegen, empfehlen wir Ihnen, die kleinere Gr\u00f6\u00dfe f\u00fcr einen optimalen Tragekomfort zu w\u00e4hlen. Der Stoff bietet genau die richtige Dehnbarkeit und bietet gleichzeitig das leistungsorientierte, bequeme Tragegef\u00fchl, das Radfahrer so sch\u00e4tzen.<\/p>\n<h2>Technische Daten:<\/h2>\n<ul>\n<li><strong>Farbe:<\/strong> Kr\u00e4ftiges Giro Pink + kein Logo \u00fcber den Zehen<\/li>\n<li><strong>Material:<\/strong> 97 % Polypropylen (PROLEN\u00aeYARN), 3 % Elasthan f\u00fcr die perfekte Dehnung<\/li>\n<li><strong>Verf\u00fcgbare Gr\u00f6\u00dfen:<\/strong> 36-38, 39-41, 42-44, 45-47<\/li>\n<li><strong>Wadenl\u00e4nge:<\/strong> Von 23 cm bis 29 cm (variiert je nach Gr\u00f6\u00dfe, vom Boden gemessen)<\/li>\n<li><strong>Pflegehinweise:<\/strong> Maschinenw\u00e4sche 30\u00b0C, Nicht im Trockner trocknen, Nicht b\u00fcgeln, Nicht bleichen, Nicht chemisch reinigen<\/li>\n<li><strong>Herkunft:<\/strong> Mit Stolz in der EU entworfen und hergestellt<\/li>\n<\/ul>\n<p>Bereit, deine Radsportausr\u00fcstung mit legend\u00e4rem Rennsport-Erbe zu bereichern? Erg\u00e4nze deine Kollektion noch heute mit den legend\u00e4ren Giro Pink Radsocken und erlebe, wie diese beliebte Farbe deinen Radsport-Stil aufwertet und gleichzeitig f\u00fcr au\u00dfergew\u00f6hnliche Leistung sorgt! [\/vc_column_text][\/vc_column][\/vc_row][vc_row equal_height=&#8221;yes&#8221; content_placement=&#8221;middle&#8221; el_class=&#8221;displaynone&#8221;][vc_column][vc_row_inner content_placement=&#8221;middle&#8221; css=&#8221;.vc_custom_1708282480444{padding-top: 36px !important;padding-bottom: 36px !important;background-color: #ffffff !important;}&#8221; el_id=&#8221;classic-size&#8221;][vc_column_inner width=&#8221;1\/6&#8243;][vc_empty_space][vc_single_image image=&#8221;1728&#8243; img_size=&#8221;full&#8221; alignment=&#8221;center&#8221;][vc_empty_space][\/vc_column_inner][vc_column_inner width=&#8221;5\/6&#8243;][vc_raw_html]PGRpdiBjbGFzcz0iZGl2VGFibGUiPgo8ZGl2IGNsYXNzPSJkaXZUYWJsZUhlYWRpbmciPgo8ZGl2IGNsYXNzPSJkaXZUYWJsZVJvdyI+CjxkaXYgY2xhc3M9ImRpdlRhYmxlSGVhZCI+IDwvZGl2Pgo8ZGl2IGNsYXNzPSJkaXZUYWJsZUhlYWQiPlhTPC9kaXY+CjxkaXYgY2xhc3M9ImRpdlRhYmxlSGVhZCI+UzwvZGl2Pgo8ZGl2IGNsYXNzPSJkaXZUYWJsZUhlYWQiPk08L2Rpdj4KPGRpdiBjbGFzcz0iZGl2VGFibGVIZWFkIj5MPC9kaXY+CjwvZGl2Pgo8L2Rpdj4KPGRpdiBjbGFzcz0iZGl2VGFibGVCb2R5Ij4KPGRpdiBjbGFzcz0iZGl2VGFibGVSb3ciPgo8ZGl2IGNsYXNzPSJkaXZUYWJsZUNlbGxIZWFkIj5FVTwvZGl2Pgo8ZGl2IGNsYXNzPSJkaXZUYWJsZUNlbGwiPjM2IC0gMzg8L2Rpdj4KPGRpdiBjbGFzcz0iZGl2VGFibGVDZWxsIj4zOSAtIDQxPC9kaXY+CjxkaXYgY2xhc3M9ImRpdlRhYmxlQ2VsbCI+NDIgLSA0NDwvZGl2Pgo8ZGl2IGNsYXNzPSJkaXZUYWJsZUNlbGwiPjQ1IC0gNDc8L2Rpdj4KPC9kaXY+CjxkaXYgY2xhc3M9ImRpdlRhYmxlUm93Ij4KPGRpdiBjbGFzcz0iZGl2VGFibGVDZWxsSGVhZCI+Q008L2Rpdj4KPGRpdiBjbGFzcz0iZGl2VGFibGVDZWxsIj4yMyAtIDI0LjU8L2Rpdj4KPGRpdiBjbGFzcz0iZGl2VGFibGVDZWxsIj4yNSAtIDI2LjU8L2Rpdj4KPGRpdiBjbGFzcz0iZGl2VGFibGVDZWxsIj4yNyAtIDI4LjU8L2Rpdj4KPGRpdiBjbGFzcz0iZGl2VGFibGVDZWxsIj4yOSAtIDMwLjU8L2Rpdj4KPC9kaXY+CjxkaXYgY2xhc3M9ImRpdlRhYmxlUm93Ij4KPGRpdiBjbGFzcz0iZGl2VGFibGVDZWxsSGVhZCI+VmVyZWluaWd0ZXMgS8O2bmlncmVpY2g8L2Rpdj4KPGRpdiBjbGFzcz0iZGl2VGFibGVDZWxsIj4zLjUgLSA1LjU8L2Rpdj4KPGRpdiBjbGFzcz0iZGl2VGFibGVDZWxsIj42IC0gNy41PC9kaXY+CjxkaXYgY2xhc3M9ImRpdlRhYmxlQ2VsbCI+OCAtIDkuNTwvZGl2Pgo8ZGl2IGNsYXNzPSJkaXZUYWJsZUNlbGwiPjEwIC0gMTEuNTwvZGl2Pgo8L2Rpdj4KPGRpdiBjbGFzcz0iZGl2VGFibGVSb3ciPgo8ZGl2IGNsYXNzPSJkaXZUYWJsZUNlbGxIZWFkIj5VUy1XTU48L2Rpdj4KPGRpdiBjbGFzcz0iZGl2VGFibGVDZWxsIj41LjUgLSA3LjU8L2Rpdj4KPGRpdiBjbGFzcz0iZGl2VGFibGVDZWxsIj44IC0gOS41PC9kaXY+CjxkaXYgY2xhc3M9ImRpdlRhYmxlQ2VsbCI+MTAgLSAxMS41PC9kaXY+CjxkaXYgY2xhc3M9ImRpdlRhYmxlQ2VsbCI+MTIgLSAxMy41PC9kaXY+CjwvZGl2Pgo8ZGl2IGNsYXNzPSJkaXZUYWJsZVJvdyI+CjxkaXYgY2xhc3M9ImRpdlRhYmxlQ2VsbEhlYWQiPlVTLU3DhE5ORVI8L2Rpdj4KPGRpdiBjbGFzcz0iZGl2VGFibGVDZWxsIj4zLjUgLSA1LjU8L2Rpdj4KPGRpdiBjbGFzcz0iZGl2VGFibGVDZWxsIj42IC0gNy41PC9kaXY+CjxkaXYgY2xhc3M9ImRpdlRhYmxlQ2VsbCI+OCAtIDkuNTwvZGl2Pgo8ZGl2IGNsYXNzPSJkaXZUYWJsZUNlbGwiPjEwIC0gMTEuNTwvZGl2Pgo8L2Rpdj4KPGRpdiBjbGFzcz0iZGl2VGFibGVSb3ciPgo8ZGl2IGNsYXNzPSJkaXZUYWJsZUNlbGxIZWFkIj5Iw5ZIRTwvZGl2Pgo8ZGl2IGNsYXNzPSJkaXZUYWJsZUNlbGwiPjIzICsvLSAxLDVjbTwvZGl2Pgo8ZGl2IGNsYXNzPSJkaXZUYWJsZUNlbGwiPjI1ICsvLSAxLDVjbTwvZGl2Pgo8ZGl2IGNsYXNzPSJkaXZUYWJsZUNlbGwiPjI3ICsvLSAxLDVjbTwvZGl2Pgo8ZGl2IGNsYXNzPSJkaXZUYWJsZUNlbGwiPjI5ICsvLSAxLDVjbTwvZGl2Pgo8L2Rpdj4KPC9kaXY+CjwvZGl2Pg==[\/vc_raw_html][\/vc_column_inner][\/vc_row_inner][\/vc_column][\/vc_row]<\/p>\n<\/div>","protected":false},"excerpt":{"rendered":"<p>Unsere rosafarbenen Fahrradsocken sind ideal f\u00fcr warmes bis hei\u00dfes Wetter und zeichnen sich durch Atmungsaktivit\u00e4t und Haltbarkeit aus. Die Mesh-Konstruktion oben und das hochdichte Gewebe am Fu\u00dfbett sorgen f\u00fcr optimale Leistung. Die Nologo Classic-Socken sind pr\u00e4zise auf Langstreckenkomfort ausgelegt, verf\u00fcgen \u00fcber Flachn\u00e4hte und bestehen aus <a href=\"\/the-best-fabrics-for-cycling-socks\/\">hochwertigem PROLEN-Garn,<\/a> das doppelt so leicht ist wie Baumwolle und so die Feuchtigkeitsregulierung f\u00fcr ein angenehm geschmeidiges Laufgef\u00fchl verbessert.<\/p>\n<p class=\"reasons\">Gr\u00fcnde f\u00fcr den Kauf:<\/p>\n<ul>\n<li>Entwickelt f\u00fcr Ihre vollste Zufriedenheit<\/li>\n<li>Optimale Atmungsaktivit\u00e4t durch feinstes Gewebe<\/li>\n<li>Vom Kunden bew\u00e4hrte St\u00e4rke und Langlebigkeit<\/li>\n<li>Zeitloser Stil \u2013 das minimalistische Design von nologo<\/li>\n<\/ul>\n<p><img loading=\"lazy\" decoding=\"async\" class=\"alignnone wp-image-658 size-medium\" role=\"img\" src=\"https:\/\/nologo.cc\/wp-content\/uploads\/2023\/11\/Trustpilot-Excellent-Rating-ShortDesc.svg\" alt=\"\" width=\"300\" height=\"300\" \/><\/p>\n<p>Zwischen den Gr\u00f6\u00dfen? Wir empfehlen Ihnen, eine Gr\u00f6\u00dfe kleiner zu w\u00e4hlen.<br \/>\nSiehe <a class=\"nm-lightbox\" href=\"#classic-size\">Gr\u00f6\u00dfentabelle<\/a> .<\/p>\n<p>Von verifizierten Kunden bewertet:<\/p>\n","protected":false},"featured_media":7086,"comment_status":"open","ping_status":"closed","template":"","meta":[],"product_brand":[],"product_cat":[84],"product_tag":[],"class_list":{"0":"post-7069","1":"product","2":"type-product","3":"status-publish","4":"has-post-thumbnail","6":"product_cat-klassische","8":"first","9":"instock","10":"taxable","11":"shipping-taxable","12":"purchasable","13":"product-type-variable"},"_links":{"self":[{"href":"https:\/\/nologo.cc\/de\/wp-json\/wp\/v2\/product\/7069","targetHints":{"allow":["GET"]}}],"collection":[{"href":"https:\/\/nologo.cc\/de\/wp-json\/wp\/v2\/product"}],"about":[{"href":"https:\/\/nologo.cc\/de\/wp-json\/wp\/v2\/types\/product"}],"replies":[{"embeddable":true,"href":"https:\/\/nologo.cc\/de\/wp-json\/wp\/v2\/comments?post=7069"}],"wp:featuredmedia":[{"embeddable":true,"href":"https:\/\/nologo.cc\/de\/wp-json\/wp\/v2\/media\/7086"}],"wp:attachment":[{"href":"https:\/\/nologo.cc\/de\/wp-json\/wp\/v2\/media?parent=7069"}],"wp:term":[{"taxonomy":"product_brand","embeddable":true,"href":"https:\/\/nologo.cc\/de\/wp-json\/wp\/v2\/product_brand?post=7069"},{"taxonomy":"product_cat","embeddable":true,"href":"https:\/\/nologo.cc\/de\/wp-json\/wp\/v2\/product_cat?post=7069"},{"taxonomy":"product_tag","embeddable":true,"href":"https:\/\/nologo.cc\/de\/wp-json\/wp\/v2\/product_tag?post=7069"}],"curies":[{"name":"wp","href":"https:\/\/api.w.org\/{rel}","templated":true}]}}