{"id":8388,"date":"2026-04-14T20:39:35","date_gmt":"2026-04-14T18:39:35","guid":{"rendered":"https:\/\/nologo.cc\/?post_type=product&#038;p=8388"},"modified":"2026-04-23T18:34:18","modified_gmt":"2026-04-23T16:34:18","slug":"klassische-weise-radsocken-copy","status":"publish","type":"product","link":"https:\/\/nologo.cc\/de\/radsocken\/klassische\/klassische-weise-radsocken-copy\/","title":{"rendered":"Klassische lange wei\u00dfe Radsocken"},"content":{"rendered":"<div class=\"wpb-content-wrapper\"><p>[vc_row equal_height=&#8221;yes&#8221; content_placement=&#8221;middle&#8221;][vc_column width=&#8221;1\/4&#8243; css=&#8221;.vc_custom_1610106215999{padding-bottom: 20px !important;}&#8221;][vc_single_image image=&#8221;1179&#8243; img_size=&#8221;full&#8221;][\/vc_column][vc_column width=&#8221;1\/4&#8243; css=&#8221;.vc_custom_1610106228659{padding-bottom: 20px !important;}&#8221;][vc_single_image image=&#8221;1181&#8243; img_size=&#8221;full&#8221;][\/vc_column][vc_column width=&#8221;1\/2&#8243;][vc_column_text]<\/p>\n<div class=\"product-page-feature-icons-container\"><img decoding=\"async\" class=\"product-page-feature-icon\" role=\"img\" src=\"https:\/\/nologo.cc\/wp-content\/uploads\/2023\/11\/perfect-fit.svg\" alt=\"\" width=\"300\" height=\"300\"><br \/>\n<img decoding=\"async\" class=\"product-page-feature-icon\" role=\"img\" src=\"https:\/\/nologo.cc\/wp-content\/uploads\/2023\/11\/moisture-wicking.svg\" alt=\"\" width=\"300\" height=\"300\"><br \/>\n<img decoding=\"async\" class=\"product-page-feature-icon\" role=\"img\" src=\"https:\/\/nologo.cc\/wp-content\/uploads\/2023\/11\/light-weight.svg\" alt=\"\" width=\"300\" height=\"300\"><br \/>\n<img decoding=\"async\" class=\"product-page-feature-icon\" role=\"img\" src=\"https:\/\/nologo.cc\/wp-content\/uploads\/2023\/11\/fast-drying.svg\" alt=\"\" width=\"300\" height=\"300\"><br \/>\n<img decoding=\"async\" class=\"product-page-feature-icon\" role=\"img\" src=\"https:\/\/nologo.cc\/wp-content\/uploads\/2023\/11\/efficient-cooling.svg\" alt=\"\" width=\"300\" height=\"300\"><\/div>\n<p>[\/vc_column_text][\/vc_column][\/vc_row][vc_row css=&#8221;.vc_custom_1704119418494{padding-top: 32px !important;}&#8221;][vc_column][vc_column_text css=&#8221;&#8221;]<\/p>\n<h2 data-heading=\"Classic Long White Cycling Socks - Taller Racing Design, Clean Road Aestethic\">Klassische lange wei\u00dfe Radsocken \u2013 H\u00f6heres Renndesign, klare Stra\u00dfen\u00e4sthetik<\/h2>\n<p>Die Long White Classics sind wie geschaffen f\u00fcr jeden Radfahrer, der minimalistischen Stil bevorzugt. Dieses Paar basiert auf dem bew\u00e4hrten klassischen wei\u00dfen Modell und verf\u00fcgt \u00fcber ein 3 cm l\u00e4ngeres B\u00fcndchen f\u00fcr eine moderne Rennrad-Silhouette. Das Ergebnis ist eine wei\u00dfe Radsocke, die sich vom ersten Tag an vertraut anf\u00fchlt und am Bein eine markantere Silhouette bietet.  <\/p>\n<h3 data-heading=\"Benefits that matter on the bike\">Vorteile, die beim Radfahren wichtig sind<\/h3>\n<ul>\n<li>Radsocken, gefertigt aus unserer bew\u00e4hrten klassischen wei\u00dfen Basis, jetzt mit h\u00f6herem B\u00fcndchen f\u00fcr einen eleganteren Profi-Look.<\/li>\n<li>Atmungsaktive Mesh-Eins\u00e4tze unterst\u00fctzen die Luftzirkulation und helfen, Schwei\u00dfbildung bei sommerlichen Fahrten zu reduzieren.<\/li>\n<li>Ein dichteres Strickgewebe im Fu\u00dfbereich und um die Zehen herum sorgt f\u00fcr optimale Stabilit\u00e4t dort, wo der Druck am gr\u00f6\u00dften ist.<\/li>\n<li>Das leichte PROLEN\u00aeYARN sorgt f\u00fcr angenehmen Feuchtigkeitstransport und schnellen Abtransport auch bei wiederholter Anstrengung.<\/li>\n<li>Die stabile Stretch-Passform sorgt daf\u00fcr, dass die Socke an Ort und Stelle bleibt, sodass Sie sich auf jeden Pedaltritt und jedes Watt konzentrieren k\u00f6nnen.<\/li>\n<\/ul>\n<h3 data-heading=\"Pure Color And Timeless Style\">Reine Farben und zeitloser Stil<\/h3>\n<p>Klassisches Wei\u00df steht f\u00fcr Klarheit, Disziplin und Rennbereitschaft. Strahlend wei\u00dfe Socken verleihen einen pr\u00e4zisen, sauberen Look und sind h\u00e4ufig im modernen Profi-Stil zu finden, beispielsweise bei der Tour de France, wo Radprofis auf schlichte Details setzen. <\/p>\n<p>F\u00fcr die t\u00e4gliche Trainingsplanung sind diese Socken die ideale Wahl, wenn maximale Flexibilit\u00e4t gefragt ist. Kombinieren Sie sie mit schwarzen Radhosen und neutralen Trikots f\u00fcr einen zeitlosen Look oder setzen Sie mit dunkleren Farben einen leuchtenden Kontrast. Sie sind stylisch, ohne aufdringlich zu wirken, und eignen sich auch f\u00fcr abwechslungsreiche Trainingsstrecken mit kurzen Schotterabschnitten.[\/vc_column_text][\/vc_column][\/vc_row][vc_row css=&#8221;.vc_custom_1704119418494{padding-top: 32px !important;}&#8221;][vc_column width=&#8221;2\/3&#8243;][vc_single_image image=&#8221;8500&#8243; img_size=&#8221;full&#8221; alignment=&#8221;center&#8221;][\/vc_column][vc_column width=&#8221;1\/3&#8243;][vc_single_image image=&#8221;6224&#8243; img_size=&#8221;full&#8221; alignment=&#8221;center&#8221;][\/vc_column][\/vc_row][vc_row css=&#8221;.vc_custom_1704119418494{padding-top: 32px !important;}&#8221;][vc_column][vc_column_text css=&#8221;&#8221;]<\/p>\n<h3>Leistung, Komfort und beste Technologie<\/h3>\n<p>Diese Socken sind auf praktischen Komfort ausgelegt, nicht auf modische Spielereien. Das atmungsaktive Obermaterial aus Mesh sorgt f\u00fcr optimale Bel\u00fcftung, w\u00e4hrend das dichtere Strickgewebe im unteren Bereich f\u00fcr einen sicheren Halt im Schuh sorgt. Diese Konstruktion bietet atmungsaktiven Halt bei W\u00e4rme und ein angenehmes Laufgef\u00fchl.  <\/p>\n<p>Das aus PROLEN\u00aeYARN gefertigte Material unterst\u00fctzt das Feuchtigkeitsmanagement und die Feuchtigkeitsregulierung w\u00e4hrend des gesamten Trainings. Die geringe Wasseraufnahme sorgt f\u00fcr ein leichtes Tragegef\u00fchl auch bei intensiver Belastung, und die schnelltrocknenden Eigenschaften halten die F\u00fc\u00dfe zwischen den Trainingseinheiten trocken. Im Vergleich zu vielen dickeren Sommermaterialien, darunter auch einigen Wollmischungen, bietet es ein leichtes und direktes Tragegef\u00fchl.  <\/p>\n<p>Das um 3 cm verl\u00e4ngerte Design sorgt f\u00fcr einen dezenten aerodynamischen Effekt, indem es den \u00dcbergang vom Schuh zum Unterschenkel optimiert. Die L\u00e4nge ist perfekt auf Fahrer abgestimmt, die moderne, rennsportorientierte Proportionen bevorzugen, ohne dabei auf klassischen Komfort zu verzichten. <\/p>\n<h3 data-heading=\"Durability and production\">Haltbarkeit und Produktion<\/h3>\n<p>Long White Classics wird in der EU aus europ\u00e4ischen Materialien gefertigt und zeichnet sich durch gleichbleibende Handwerkskunst und h\u00f6chste Qualit\u00e4tsstandards aus. Jedes Modell ist f\u00fcr den t\u00e4glichen Gebrauch konzipiert, und diese Konstruktion gew\u00e4hrleistet Atmungsaktivit\u00e4t und Langlebigkeit auch bei h\u00e4ufigem Radfahren. <\/p>\n<p>Verst\u00e4rkte Kontaktpunkte sorgen f\u00fcr Langlebigkeit, w\u00e4hrend das Garn auch bei h\u00e4ufiger Pflege die Wei\u00dfheit bewahrt. Bei normaler Pflege bleiben Farbe und Form auch nach vielen W\u00e4schen erhalten. nologo setzt zudem sein Recyclingprogramm und sein Engagement f\u00fcr weniger Plastikverpackungen fort.[\/vc_column_text][\/vc_column][\/vc_row][vc_row css=&#8221;.vc_custom_1704119418494{padding-top: 32px !important;}&#8221;][vc_column][vc_single_image image=&#8221;6240&#8243; img_size=&#8221;full&#8221; alignment=&#8221;center&#8221;][\/vc_column][\/vc_row][vc_row css=&#8221;.vc_custom_1704119418494{padding-top: 32px !important;}&#8221;][vc_column][vc_column_text css=&#8221;&#8221;]<\/p>\n<h3 data-heading=\"Practical tips: styling, care, and sizing\">Praktische Tipps: Styling, Pflege und Gr\u00f6\u00dfen.<\/h3>\n<p>W\u00e4hlen Sie zun\u00e4chst Ihre \u00fcbliche Gr\u00f6\u00dfe. Liegen Sie zwischen zwei Gr\u00f6\u00dfen, w\u00e4hlen Sie die kleinere f\u00fcr eine engere, aerodynamischere Passform. Damit Ihre wei\u00dfen Socken sauber bleiben, waschen Sie sie nach der Fahrt bei 30 \u00b0C mit hellen Farben. Vermeiden Sie Trockner, Bleichmittel, B\u00fcgeln und chemische Reinigung.  <\/p>\n<p>Wer h\u00e4ufig Rad f\u00e4hrt, sollte mehrere Paar Socken abwechselnd tragen, um sie zwischen den Fahrten frisch zu halten. Dieses Unisex-Modell ist speziell f\u00fcr Rennradfahrer entwickelt, die Wert auf h\u00f6chste Qualit\u00e4t legen.[\/vc_column_text][\/vc_column][\/vc_row][vc_row equal_height=&#8221;yes&#8221; content_placement=&#8221;middle&#8221; el_class=&#8221;displaynone&#8221;][vc_column][vc_row_inner content_placement=&#8221;middle&#8221; css=&#8221;.vc_custom_1708282480444{padding-top: 36px !important;padding-bottom: 36px !important;background-color: #ffffff !important;}&#8221; el_id=&#8221;classic-size&#8221;][vc_column_inner width=&#8221;1\/6&#8243;][vc_empty_space][vc_single_image image=&#8221;1728&#8243; img_size=&#8221;full&#8221; alignment=&#8221;center&#8221;][vc_empty_space][\/vc_column_inner][vc_column_inner width=&#8221;5\/6&#8243;][vc_raw_html css=&#8221;&#8221;]PGRpdiBjbGFzcz0iZGl2VGFibGUiPgo8ZGl2IGNsYXNzPSJkaXZUYWJsZUhlYWRpbmciPgo8ZGl2IGNsYXNzPSJkaXZUYWJsZVJvdyI+CjxkaXYgY2xhc3M9ImRpdlRhYmxlSGVhZCI+IDwvZGl2Pgo8ZGl2IGNsYXNzPSJkaXZUYWJsZUhlYWQiPlhTPC9kaXY+CjxkaXYgY2xhc3M9ImRpdlRhYmxlSGVhZCI+UzwvZGl2Pgo8ZGl2IGNsYXNzPSJkaXZUYWJsZUhlYWQiPk08L2Rpdj4KPGRpdiBjbGFzcz0iZGl2VGFibGVIZWFkIj5MPC9kaXY+CjwvZGl2Pgo8L2Rpdj4KPGRpdiBjbGFzcz0iZGl2VGFibGVCb2R5Ij4KPGRpdiBjbGFzcz0iZGl2VGFibGVSb3ciPgo8ZGl2IGNsYXNzPSJkaXZUYWJsZUNlbGxIZWFkIj5FVTwvZGl2Pgo8ZGl2IGNsYXNzPSJkaXZUYWJsZUNlbGwiPjM2IC0gMzg8L2Rpdj4KPGRpdiBjbGFzcz0iZGl2VGFibGVDZWxsIj4zOSAtIDQxPC9kaXY+CjxkaXYgY2xhc3M9ImRpdlRhYmxlQ2VsbCI+NDIgLSA0NDwvZGl2Pgo8ZGl2IGNsYXNzPSJkaXZUYWJsZUNlbGwiPjQ1IC0gNDc8L2Rpdj4KPC9kaXY+CjxkaXYgY2xhc3M9ImRpdlRhYmxlUm93Ij4KPGRpdiBjbGFzcz0iZGl2VGFibGVDZWxsSGVhZCI+Q008L2Rpdj4KPGRpdiBjbGFzcz0iZGl2VGFibGVDZWxsIj4yMyAtIDI0LjU8L2Rpdj4KPGRpdiBjbGFzcz0iZGl2VGFibGVDZWxsIj4yNSAtIDI2LjU8L2Rpdj4KPGRpdiBjbGFzcz0iZGl2VGFibGVDZWxsIj4yNyAtIDI4LjU8L2Rpdj4KPGRpdiBjbGFzcz0iZGl2VGFibGVDZWxsIj4yOSAtIDMwLjU8L2Rpdj4KPC9kaXY+CjxkaXYgY2xhc3M9ImRpdlRhYmxlUm93Ij4KPGRpdiBjbGFzcz0iZGl2VGFibGVDZWxsSGVhZCI+VmVyZWluaWd0ZXMgS8O2bmlncmVpY2g8L2Rpdj4KPGRpdiBjbGFzcz0iZGl2VGFibGVDZWxsIj4zLjUgLSA1LjU8L2Rpdj4KPGRpdiBjbGFzcz0iZGl2VGFibGVDZWxsIj42IC0gNy41PC9kaXY+CjxkaXYgY2xhc3M9ImRpdlRhYmxlQ2VsbCI+OCAtIDkuNTwvZGl2Pgo8ZGl2IGNsYXNzPSJkaXZUYWJsZUNlbGwiPjEwIC0gMTEuNTwvZGl2Pgo8L2Rpdj4KPGRpdiBjbGFzcz0iZGl2VGFibGVSb3ciPgo8ZGl2IGNsYXNzPSJkaXZUYWJsZUNlbGxIZWFkIj5VUyBXTU48L2Rpdj4KPGRpdiBjbGFzcz0iZGl2VGFibGVDZWxsIj41LjUgLSA3LjU8L2Rpdj4KPGRpdiBjbGFzcz0iZGl2VGFibGVDZWxsIj44IC0gOS41PC9kaXY+CjxkaXYgY2xhc3M9ImRpdlRhYmxlQ2VsbCI+MTAgLSAxMS41PC9kaXY+CjxkaXYgY2xhc3M9ImRpdlRhYmxlQ2VsbCI+MTIgLSAxMy41PC9kaXY+CjwvZGl2Pgo8ZGl2IGNsYXNzPSJkaXZUYWJsZVJvdyI+CjxkaXYgY2xhc3M9ImRpdlRhYmxlQ2VsbEhlYWQiPlVTLU3DhE5ORVI8L2Rpdj4KPGRpdiBjbGFzcz0iZGl2VGFibGVDZWxsIj4zLjUgLSA1LjU8L2Rpdj4KPGRpdiBjbGFzcz0iZGl2VGFibGVDZWxsIj42IC0gNy41PC9kaXY+CjxkaXYgY2xhc3M9ImRpdlRhYmxlQ2VsbCI+OCAtIDkuNTwvZGl2Pgo8ZGl2IGNsYXNzPSJkaXZUYWJsZUNlbGwiPjEwIC0gMTEuNTwvZGl2Pgo8L2Rpdj4KPGRpdiBjbGFzcz0iZGl2VGFibGVSb3ciPgo8ZGl2IGNsYXNzPSJkaXZUYWJsZUNlbGxIZWFkIj5Iw5ZIRTwvZGl2Pgo8ZGl2IGNsYXNzPSJkaXZUYWJsZUNlbGwiPjI2ICsvLSAxLDUgY208L2Rpdj4KPGRpdiBjbGFzcz0iZGl2VGFibGVDZWxsIj4yOCArLy0gMSw1IGNtPC9kaXY+CjxkaXYgY2xhc3M9ImRpdlRhYmxlQ2VsbCI+MzAgKy8tIDEsNSBjbTwvZGl2Pgo8ZGl2IGNsYXNzPSJkaXZUYWJsZUNlbGwiPjMyICsvLSAxLDUgY208L2Rpdj4KPC9kaXY+CjwvZGl2Pgo8L2Rpdj4=[\/vc_raw_html][\/vc_column_inner][\/vc_row_inner][\/vc_column][\/vc_row]<\/p>\n<\/div>","protected":false},"excerpt":{"rendered":"<p>Lange, wei\u00dfe Radsocken f\u00fcr alle, die die Passform unseres klassischen wei\u00dfen Modells mit h\u00f6herem B\u00fcndchen bevorzugen. Diese wei\u00dfen Socken sind aus atmungsaktivem Mesh-Gewebe und leichtem PROLEN\u00aeYARN gefertigt und bieten so optimalen Feuchtigkeitstransport an warmen Tagen. Die hochwertige Verarbeitung sorgt daf\u00fcr, dass jedes Outfit \u2013 ob auf dem Rad oder in der Freizeit \u2013 gut aussieht.  <\/p>\n<p>Kaufgr\u00fcnde:<\/p>\n<ul>\n<li>Die meistverkauften White Classics, 3 cm gr\u00f6\u00dfer.<\/li>\n<li>Atmungsaktives Netzgewebe f\u00fcr Komfort bei warmem Wetter.<\/li>\n<li>Leichtes PROLEN\u00ae-Garn f\u00fcr optimale Feuchtigkeitsregulierung.<\/li>\n<li>Klares, wei\u00dfes Design, leicht mit anderen Sets kombinierbar.<\/li>\n<\/ul>\n<p><img decoding=\"async\" class=\"alignnone wp-image-658 size-medium\" role=\"img\" src=\"https:\/\/nologo.cc\/wp-content\/uploads\/2023\/11\/Trustpilot-Excellent-Rating-ShortDesc.svg\" alt=\"\" width=\"300\" height=\"300\"><\/p>\n<p>Zwischengr\u00f6\u00dfen? Wir empfehlen Ihnen, eine Nummer kleiner zu w\u00e4hlen.<br \/>\n Siehe die <a class=\"nm-lightbox\" href=\"#classic-size\">Gr\u00f6\u00dfentabelle<\/a> .<\/p>\n<p>Bewertet von verifizierten Kunden:<\/p>\n","protected":false},"featured_media":1592,"comment_status":"open","ping_status":"closed","template":"","meta":[],"product_brand":[],"product_cat":[84],"product_tag":[213],"class_list":{"0":"post-8388","1":"product","2":"type-product","3":"status-publish","4":"has-post-thumbnail","6":"product_cat-klassische","7":"product_tag-weis","9":"first","10":"instock","11":"taxable","12":"shipping-taxable","13":"purchasable","14":"product-type-variable"},"_links":{"self":[{"href":"https:\/\/nologo.cc\/de\/wp-json\/wp\/v2\/product\/8388","targetHints":{"allow":["GET"]}}],"collection":[{"href":"https:\/\/nologo.cc\/de\/wp-json\/wp\/v2\/product"}],"about":[{"href":"https:\/\/nologo.cc\/de\/wp-json\/wp\/v2\/types\/product"}],"replies":[{"embeddable":true,"href":"https:\/\/nologo.cc\/de\/wp-json\/wp\/v2\/comments?post=8388"}],"wp:featuredmedia":[{"embeddable":true,"href":"https:\/\/nologo.cc\/de\/wp-json\/wp\/v2\/media\/1592"}],"wp:attachment":[{"href":"https:\/\/nologo.cc\/de\/wp-json\/wp\/v2\/media?parent=8388"}],"wp:term":[{"taxonomy":"product_brand","embeddable":true,"href":"https:\/\/nologo.cc\/de\/wp-json\/wp\/v2\/product_brand?post=8388"},{"taxonomy":"product_cat","embeddable":true,"href":"https:\/\/nologo.cc\/de\/wp-json\/wp\/v2\/product_cat?post=8388"},{"taxonomy":"product_tag","embeddable":true,"href":"https:\/\/nologo.cc\/de\/wp-json\/wp\/v2\/product_tag?post=8388"}],"curies":[{"name":"wp","href":"https:\/\/api.w.org\/{rel}","templated":true}]}}