{"id":5214,"date":"2023-12-30T18:57:29","date_gmt":"2023-12-30T17:57:29","guid":{"rendered":"https:\/\/nologo.cc\/diventa-un-rivenditore\/"},"modified":"2024-11-09T20:06:15","modified_gmt":"2024-11-09T19:06:15","slug":"diventa-un-rivenditore","status":"publish","type":"page","link":"https:\/\/nologo.cc\/it\/diventa-un-rivenditore\/","title":{"rendered":"Diventa un rivenditore"},"content":{"rendered":"<div class=\"wpb-content-wrapper\"><p>[vc_row][vc_column offset=&#8221;vc_col-md-offset-1 vc_col-md-10&#8243;][vc_empty_space height=&#8221;48px&#8221;][vc_column_text]<\/p>\n<h1>Diventa un rivenditore nologo<\/h1>\n<p>[\/vc_column_text][vc_empty_space height=&#8221;48px&#8221;][\/vc_column][\/vc_row][vc_row type=&#8221;boxed&#8221; disable_element=&#8221;yes&#8221;][vc_column][vc_single_image image=&#8221;5215&#8243; img_size=&#8221;full&#8221; alignment=&#8221;center&#8221;][vc_empty_space][\/vc_column][\/vc_row][vc_row css=&#8221;.vc_custom_1433253829272{padding-top: 47px !important;padding-bottom: 54px !important;}&#8221;][vc_column width=&#8221;1\/3&#8243; offset=&#8221;vc_col-md-offset-1&#8243;][vc_column_text]<\/p>\n<h4>La nostra prospettiva<\/h4>\n<p>[\/vc_column_text][vc_empty_space][\/vc_column][vc_column width=&#8221;2\/3&#8243; offset=&#8221;vc_col-md-6&#8243;][vc_column_text]Fin dall&#8217;inizio del nostro viaggio, la missione di nologo \u00e8 stata:<\/p>\n<ul>\n<li>fornire calzini da ciclismo della migliore qualit\u00e0<\/li>\n<li>mantenere il design minimalista<\/li>\n<li>rappresentare l&#8217;eleganza nello sport<\/li>\n<li>mantenere il servizio clienti al livello pi\u00f9 alto possibile<\/li>\n<li>utilizzando materiali biodegradabili e imballaggi ecologici<\/li>\n<li>collaborare con i migliori professionisti<\/li>\n<li>promuovere il ciclismo come sport che unisce le persone<\/li>\n<li>mostrare luoghi incantevoli a un pubblico pi\u00f9 vasto<\/li>\n<li>viaggiare, vedere il mondo<\/li>\n<\/ul>\n<p>[\/vc_column_text][vc_empty_space height=&#8221;16px&#8221;][vc_column_text]Pertanto, vogliamo stabilire una cooperazione con negozi di biciclette in tutto il mondo. Se gestisci un negozio di buon gusto e desideri offrire i nostri prodotti o conosci qualcuno che gestisce un ottimo negozio di biciclette e potrebbe essere interessato a lavorare con noi, faccelo sapere (o faglielo sapere). <\/p>\n<p>Le opportunit\u00e0 pi\u00f9 interessanti per noi sono i negozi in localit\u00e0 remote, come Australia, Stati Uniti, Canada, Nuova Zelanda o Hong Kong.<\/p>\n<p>Naturalmente siamo aperti a qualsiasi opportunit\u00e0 di partnership, anche da sedi pi\u00f9 vicine alla nostra sede.<\/p>\n<p>Siamo interessati a relazioni amichevoli e durature con i nostri partner. Ci piacerebbe viaggiare e conoscere la cultura ciclistica locale <em>(non solo)<\/em> nelle regioni in cui operano i nostri partner.[\/vc_column_text][\/vc_column][\/vc_row][vc_row disable_element=&#8221;yes&#8221; css=&#8221;.vc_custom_1731179162237{padding-top: 47px !important;padding-bottom: 54px !important;}&#8221;][vc_column width=&#8221;1\/3&#8243; offset=&#8221;vc_col-md-offset-1&#8243;][vc_column_text]<\/p>\n<h4>Distribuzione<\/h4>\n<p>[\/vc_column_text][vc_empty_space][\/vc_column][vc_column width=&#8221;2\/3&#8243; offset=&#8221;vc_col-md-6&#8243;][vc_column_text]Possiedi o rappresenti un negozio nella regione del Benelux? Se s\u00ec, ti invitiamo a contattare direttamente il nostro distributore del Benelux, Conimex. In questo modo, riceverai le migliori offerte e un servizio rapido e personalizzato in base alle tue esigenze. I dettagli di contatto di Conimex sono forniti di seguito.   <\/p>\n<p><a href=\"https:\/\/nologo.cc\/wp-content\/uploads\/2024\/04\/conimex-logo.svg\"><img loading=\"lazy\" decoding=\"async\" class=\"alignnone size-full wp-image-3801\" role=\"img\" src=\"https:\/\/nologo.cc\/wp-content\/uploads\/2024\/04\/conimex-logo.svg\" alt=\"\" width=\"227\" height=\"87\"><\/a><\/p>\n<p>+32 (0)56 35 50 78<br \/> <a href=\"mailto:info@conimex.be\">info@conimex.be<\/a><br \/> <a href=\"https:\/\/conimex.be\" target=\"_blank\" rel=\"nofollow noopener\">conimex.be<\/a>[\/vc_column_text][\/vc_column][\/vc_row][vc_row css=&#8221;.vc_custom_1433253829272{padding-top: 47px !important;padding-bottom: 54px !important;}&#8221;][vc_column width=&#8221;1\/3&#8243; offset=&#8221;vc_col-md-offset-1&#8243;][vc_column_text]<\/p>\n<h4>Contattaci<\/h4>\n<p>[\/vc_column_text][vc_empty_space][\/vc_column][vc_column width=&#8221;2\/3&#8243; offset=&#8221;vc_col-md-6&#8243;]\n<div class=\"wpcf7 no-js\" id=\"wpcf7-f5166-o1\" lang=\"it-IT\" dir=\"ltr\" data-wpcf7-id=\"5166\">\n<div class=\"screen-reader-response\"><p role=\"status\" aria-live=\"polite\" aria-atomic=\"true\"><\/p> <ul><\/ul><\/div>\n<form action=\"\/it\/wp-json\/wp\/v2\/pages\/5214#wpcf7-f5166-o1\" method=\"post\" class=\"wpcf7-form init\" aria-label=\"Modulo di contatto\" novalidate=\"novalidate\" data-status=\"init\">\n<fieldset class=\"hidden-fields-container\"><input type=\"hidden\" name=\"_wpcf7\" value=\"5166\" \/><input type=\"hidden\" name=\"_wpcf7_version\" value=\"6.1.5\" \/><input type=\"hidden\" name=\"_wpcf7_locale\" value=\"it_IT\" \/><input type=\"hidden\" name=\"_wpcf7_unit_tag\" value=\"wpcf7-f5166-o1\" \/><input type=\"hidden\" name=\"_wpcf7_container_post\" value=\"0\" \/><input type=\"hidden\" name=\"_wpcf7_posted_data_hash\" value=\"\" \/>\n<\/fieldset>\n<p><label> Il tuo nome<br \/>\n<span class=\"wpcf7-form-control-wrap\" data-name=\"your-name\"><input size=\"40\" maxlength=\"400\" class=\"wpcf7-form-control wpcf7-text wpcf7-validates-as-required\" autocomplete=\"name\" aria-required=\"true\" aria-invalid=\"false\" value=\"\" type=\"text\" name=\"your-name\" \/><\/span> <\/label>\n<\/p>\n<p><label> La tua email<br \/>\n<span class=\"wpcf7-form-control-wrap\" data-name=\"your-email\"><input size=\"40\" maxlength=\"400\" class=\"wpcf7-form-control wpcf7-email wpcf7-validates-as-required wpcf7-text wpcf7-validates-as-email\" autocomplete=\"email\" aria-required=\"true\" aria-invalid=\"false\" value=\"\" type=\"email\" name=\"your-email\" \/><\/span> <\/label>\n<\/p>\n<p><label> Il nome e la posizione del tuo negozio<br \/>\n<span class=\"wpcf7-form-control-wrap\" data-name=\"your-store\"><input size=\"40\" maxlength=\"400\" class=\"wpcf7-form-control wpcf7-text wpcf7-validates-as-required\" aria-required=\"true\" aria-invalid=\"false\" value=\"\" type=\"text\" name=\"your-store\" \/><\/span> <\/label>\n<\/p>\n<p><label> L'indirizzo del sito web del tuo negozio<br \/>\n<span class=\"wpcf7-form-control-wrap\" data-name=\"your-store-website\"><input size=\"40\" maxlength=\"400\" class=\"wpcf7-form-control wpcf7-url wpcf7-validates-as-required wpcf7-text wpcf7-validates-as-url\" aria-required=\"true\" aria-invalid=\"false\" value=\"\" type=\"url\" name=\"your-store-website\" \/><\/span> <\/label>\n<\/p>\n<p><label> Il tuo messaggio (facoltativo)<br \/>\n<span class=\"wpcf7-form-control-wrap\" data-name=\"your-message\"><textarea cols=\"40\" rows=\"10\" maxlength=\"2000\" class=\"wpcf7-form-control wpcf7-textarea\" aria-invalid=\"false\" name=\"your-message\"><\/textarea><\/span> <\/label>\n<\/p>\n<div class=\"cf7-cf-turnstile\" style=\"margin-top: 0px; margin-bottom: -15px;\"> <div id=\"cf-turnstile-cf7-2893984905\" class=\"cf-turnstile\" data-sitekey=\"0x4AAAAAAB72g31HzFzZvzma\" data-theme=\"light\" data-language=\"auto\" data-size=\"normal\" data-retry=\"auto\" data-retry-interval=\"1000\" data-refresh-expired=\"auto\" data-refresh-timeout=\"auto\" data-action=\"contact-form-7\" data-callback=\"turnstileCF7Callback\" data-appearance=\"always\"><\/div> <script>document.addEventListener(\"DOMContentLoaded\", function() { setTimeout(function(){ var e=document.getElementById(\"cf-turnstile-cf7-2893984905\"); if(e&&!e.innerHTML.trim()){turnstile.render(e, {sitekey:\"0x4AAAAAAB72g31HzFzZvzma\"});} }, 200); });<\/script> <br class=\"cf-turnstile-br cf-turnstile-br-cf7-2893984905\"> <style>#cf-turnstile-cf7-2893984905 { margin-left: -15px; }<\/style> <script>document.addEventListener(\"DOMContentLoaded\",function(){document.querySelectorAll('.wpcf7-form').forEach(function(e){e.addEventListener('submit',function(){if(document.getElementById('cf-turnstile-cf7-2893984905')){setTimeout(function(){turnstile.reset('#cf-turnstile-cf7-2893984905');},1000)}})})});<\/script> <\/div><br\/><input class=\"wpcf7-form-control wpcf7-submit has-spinner\" type=\"submit\" value=\"Invia\" \/>\n<\/p><div class=\"wpcf7-response-output\" aria-hidden=\"true\"><\/div>\n<\/form>\n<\/div>\n[\/vc_column][\/vc_row]<\/p>\n<\/div>","protected":false},"excerpt":{"rendered":"<p>[vc_row][vc_column offset=&#8221;vc_col-md-offset-1 vc_col-md-10&#8243;][vc_empty_space height=&#8221;48px&#8221;][vc_column_text] Diventa un rivenditore nologo [\/vc_column_text][vc_empty_space height=&#8221;48px&#8221;][\/vc_column][\/vc_row][vc_row type=&#8221;boxed&#8221; disable_element=&#8221;yes&#8221;][vc_column][vc_single_image image=&#8221;5215&#8243; img_size=&#8221;full&#8221; alignment=&#8221;center&#8221;][vc_empty_space][\/vc_column][\/vc_row][vc_row css=&#8221;.vc_custom_1433253829272{padding-top: 47px !important;padding-bottom: 54px !important;}&#8221;][vc_column width=&#8221;1\/3&#8243; offset=&#8221;vc_col-md-offset-1&#8243;][vc_column_text] La nostra prospettiva [\/vc_column_text][vc_empty_space][\/vc_column][vc_column width=&#8221;2\/3&#8243; offset=&#8221;vc_col-md-6&#8243;][vc_column_text]Fin dall&#8217;inizio del nostro viaggio, la missione di nologo \u00e8 stata: fornire calzini da ciclismo della migliore qualit\u00e0 mantenere il design minimalista rappresentare l&#8217;eleganza nello sport mantenere il &hellip;<\/p>\n","protected":false},"author":1,"featured_media":0,"parent":0,"menu_order":0,"comment_status":"closed","ping_status":"closed","template":"","meta":{"footnotes":""},"class_list":["post-5214","page","type-page","status-publish","hentry"],"_links":{"self":[{"href":"https:\/\/nologo.cc\/it\/wp-json\/wp\/v2\/pages\/5214","targetHints":{"allow":["GET"]}}],"collection":[{"href":"https:\/\/nologo.cc\/it\/wp-json\/wp\/v2\/pages"}],"about":[{"href":"https:\/\/nologo.cc\/it\/wp-json\/wp\/v2\/types\/page"}],"author":[{"embeddable":true,"href":"https:\/\/nologo.cc\/it\/wp-json\/wp\/v2\/users\/1"}],"replies":[{"embeddable":true,"href":"https:\/\/nologo.cc\/it\/wp-json\/wp\/v2\/comments?post=5214"}],"version-history":[{"count":0,"href":"https:\/\/nologo.cc\/it\/wp-json\/wp\/v2\/pages\/5214\/revisions"}],"wp:attachment":[{"href":"https:\/\/nologo.cc\/it\/wp-json\/wp\/v2\/media?parent=5214"}],"curies":[{"name":"wp","href":"https:\/\/api.w.org\/{rel}","templated":true}]}}