{"id":5334,"date":"2023-11-14T19:03:11","date_gmt":"2023-11-14T18:03:11","guid":{"rendered":"https:\/\/nologo.cc\/termini-e-condizioni\/"},"modified":"2024-10-25T19:51:11","modified_gmt":"2024-10-25T17:51:11","slug":"termini-e-condizioni","status":"publish","type":"page","link":"https:\/\/nologo.cc\/it\/termini-e-condizioni\/","title":{"rendered":"Termini e Condizioni"},"content":{"rendered":"<div class=\"wpb-content-wrapper\"><p>[vc_row type=&#8221;boxed&#8221;][vc_column][vc_empty_space height=&#8221;47px&#8221;][vc_column_text]<\/p>\n<h1>Termini e Condizioni<\/h1>\n<p>[\/vc_column_text][vc_empty_space height=&#8221;47px&#8221;][\/vc_column][\/vc_row][vc_row type=&#8221;boxed&#8221;][vc_column][vc_column_text]<\/p>\n<h2>I. Disposizioni generali<\/h2>\n<ol>\n<li>Il presente regolamento del negozio online nologo, di seguito denominato Termini e Condizioni, definisce le regole dei servizi elettronici nel negozio online forniti dal Venditore, che agisce presso il marchio nologo, <a href=\"https:\/\/nologo.cc\/it\/\">https:\/\/nologo.cc<\/a> . Il Venditore si riserva l&#8217;obbligo per il Cliente di prendere conoscenza di tali regole. <\/li>\n<li>Definizioni<\/li>\n<\/ol>\n<p style=\"padding-left: 40px;\">Venditore &#8211; il venditore \u00e8 Michal Maslowski che svolge attivit\u00e0 con il nome Orso Michal Maslowski, registrato in ul. Hetma\u0144ska 43 m. 105, 35-045 Rzesz\u00f3w, Polonia, soggetto all&#8217;iscrizione nel Registro centrale delle attivit\u00e0 economiche con il numero di identificazione del contribuente (NIP): 8133598880, numero del registro ufficiale nazionale delle imprese (REGON): 380053134, denominato anche &#8220;Fornitore di servizi&#8221;.  <\/p>\n<p style=\"padding-left: 40px;\">Il fornitore del servizio di contatto pu\u00f2 essere ottenuto utilizzando l&#8217;indirizzo e-mail: shop@nologo.cc<\/p>\n<p style=\"padding-left: 40px;\">Negozio &#8211; \u00e8 gestito dal Venditore online ed \u00e8 accessibile tramite il sito web <a href=\"https:\/\/nologo.cc\/it\/\">https:\/\/nologo.cc<\/a><\/p>\n<p style=\"padding-left: 40px;\">Inventario del negozio: tutti i beni esposti nel negozio, indumenti e accessori fabbricati e forniti dal venditore per la vendita.<\/p>\n<p style=\"padding-left: 40px;\">Cliente &#8211; l&#8217;utente del negozio online <a href=\"https:\/\/nologo.cc\/it\/\">https:\/\/nologo.cc<\/a><\/p>\n<p style=\"padding-left: 40px;\">Consumatore &#8211; persona fisica che compie un atto giuridico non direttamente riconducibile alla propria attivit\u00e0 imprenditoriale o professionale (come definito dall&#8217;art. 221 del Codice Civile)<\/p>\n<p style=\"padding-left: 40px;\">Corriere &#8211; societ\u00e0 di corriere che collabora con il Venditore.<\/p>\n<p style=\"padding-left: 40px;\">Per costo di consegna della merce si intende il costo associato alla consegna della Merce ordinata dal Cliente, tra il Negozio e il luogo designato dal Cliente.<\/p>\n<p style=\"padding-left: 40px;\">Ordine &#8211; \u00e8 un ordine per l&#8217;acquisto di beni dall&#8217;inventario del negozio, effettuato dal Cliente al Venditore.<\/p>\n<ol>\n<li>L&#8217;amministratore dei dati personali del Cliente \u00e8 Micha\u0142 Mas\u0142owski<\/li>\n<li>La disponibilit\u00e0 della merce in magazzino viene aggiornata dal luned\u00ec al venerd\u00ec sera, esclusi i giorni festivi.<\/li>\n<li>\u00c8 possibile effettuare un acquisto nel negozio senza dover creare un account.<\/li>\n<li>L&#8217;effettuazione di un ordine nello Store equivale all&#8217;accettazione dei presenti Termini e Condizioni.<\/li>\n<li>I Clienti archiviano spazi non amministrativi nel modulo di registrazione e in altro modo trasmettono al Venditore contenuti illegali.<\/li>\n<li>Tutti i prodotti offerti nel Negozio sono nuovi di zecca, privi di difetti fisici e legali e sono stati legalmente immessi sul mercato.<\/li>\n<li>Tutto il contenuto \u00e8 disponibile su nologo.cc<\/li>\n<li>sito web: testi, foto, video, grafica e design dei prodotti offerti in vendita sono di propriet\u00e0 di Orso Michal Maslowski e non possono essere utilizzati o copiati in alcun modo senza la conoscenza del proprietario. Sono protetti ai sensi della legge del 4 febbraio 1994 sul diritto d&#8217;autore e sui diritti connessi (Gazzetta ufficiale 1994, n. 24, voce 83, come modificata) <\/li>\n<\/ol>\n<h2>II. Presentazione ed esecuzione degli ordini <\/h2>\n<ol>\n<li>La vendita dei beni si basa sugli ordini effettuati dai Clienti tramite il Negozio.<\/li>\n<li>Il consolidamento, la protezione e la divulgazione delle disposizioni rilevanti dei contratti conclusi mediante comunicazione a distanza avviene mediante la fornitura al Cliente della prova di acquisto (scontrino o fattura) insieme ai prodotti forniti.<\/li>\n<li>Per effettuare un acquisto nel negozio online nologo.cc e contemporaneamente stipulare un contratto di vendita, si prega di effettuare l&#8217;ordine nel negozio ed effettuare il pagamento utilizzando uno dei metodi disponibili.<\/li>\n<li>Gli ordini possono essere effettuati 24 ore al giorno, 7 giorni alla settimana.<\/li>\n<li>L&#8217;esecuzione degli ordini avviene negli orari di apertura del negozio, ovvero dal luned\u00ec al venerd\u00ec dalle 8:00 alle 16:00. L&#8217;esecuzione del contratto avviene entro 3 giorni lavorativi dalla data di ricezione del pagamento sul nostro conto. <\/li>\n<li>Per effettuare un ordine non \u00e8 necessario registrare i propri dati sul sito web (non \u00e8 necessario effettuare il login).<\/li>\n<li>Per effettuare un ordine, gli articoli, la loro taglia (se applicabile) e la quantit\u00e0, devono essere selezionati dall&#8217;offerta attualmente disponibile del negozio e aggiunti al carrello. Per ordinare \u00e8 necessario compilare il modulo d&#8217;ordine con i dati di contatto richiesti, necessari per eseguire il contratto, e inviarli selezionando &#8220;effettua ordine&#8221;. <\/li>\n<li>Fino all&#8217;approvazione del contratto con il &#8220;conferma ordine&#8221;, l&#8217;utente ha la possibilit\u00e0 di apportare modifiche all&#8217;ordine e ai dati di spedizione.<\/li>\n<li>In questa fase del processo di ordinazione il Cliente dovr\u00e0 verificare la correttezza del suo ordine e dei dati inseriti, per poi confermarlo tramite il pulsante &#8220;effettua ordine&#8221;.<\/li>\n<li>Dopo aver confermato l&#8217;ordine con il pulsante &#8220;Effettua ordine&#8221;, al Cliente verranno inviate informazioni di feedback con la conferma dell&#8217;ordine e le istruzioni per il pagamento. (Tali istruzioni sono incluse anche nella sezione &#8220;Pagamenti&#8221; dei Termini e Condizioni). <\/li>\n<li>La conferma da parte del Cliente implica l&#8217;accettazione dell&#8217;offerta di vendita, fatta dal Venditore, e relativa ai Beni specificati nel contratto. Tale azione porta alla conclusione del contratto di vendita di beni tra il Venditore e il Cliente. <\/li>\n<li>Dopo aver effettuato un ordine nel negozio, verr\u00e0 inviata al Cliente una notifica contenente informazioni relative al numero dell&#8217;ordine, l&#8217;elenco degli articoli acquistati, l&#8217;importo totale da pagare, le spese di spedizione e i dati per il pagamento.<\/li>\n<li>Dopo il pagamento con una delle possibili modalit\u00e0 di pagamento (maggiori informazioni nella sezione &#8220;Pagamenti&#8221; dei Termini e Condizioni) l&#8217;ordine verr\u00e0 accettato per l&#8217;esecuzione e le informazioni in merito saranno inviate al Cliente tramite e-mail all&#8217;indirizzo indicato nel modulo d&#8217;ordine. Tali informazioni includeranno i dettagli relativi al contratto, il tipo di consegna e i dati di spedizione. <\/li>\n<li>In caso di pagamento e mancata conferma, contattare l&#8217;ufficio pagamenti del negozio all&#8217;indirizzo: <u><a href=\"mailto:payments@nologo.cc\">payment@nologo.cc<\/a><\/u> <\/li>\n<\/ol>\n<h2>III. Prezzi dei beni <\/h2>\n<ol>\n<li>Tutti i prezzi indicati nello Shop sono espressi in Euro e includono le tasse. I prezzi visualizzati nella pagina di pagamento sono l&#8217;importo totale che i clienti devono pagare per gli articoli acquistati, indipendentemente dall&#8217;indirizzo di consegna. Per i clienti nell&#8217;UE, il prezzo include l&#8217;IVA all&#8217;aliquota corrente.  <\/li>\n<li>Per i clienti al di fuori dell&#8217;UE, anche se l&#8217;IVA (o equivalente) non si applica, non hanno diritto a sconti o rimborsi basati su differenze fiscali. Dovranno comunque pagare lo stesso importo dei clienti UE per l&#8217;articolo stesso. Le spese di spedizione, tuttavia, possono variare per ogni cliente.  <\/li>\n<li>Il venditore ha il diritto di modificare i prezzi dei beni esposti nel negozio, ma tali modifiche non influiscono sugli ordini inoltrati in precedenza e sui contratti di vendita conclusi in precedenza.<\/li>\n<li>Il prezzo indicato per ogni articolo nel negozio \u00e8 vincolante per l&#8217;ordine del Cliente.<\/li>\n<li>I prezzi degli articoli elencati nel negozio non includono il costo della consegna dei Beni e i costi del servizio di pagamento. Questi costi sono a carico del Cliente. <\/li>\n<li>I costi di consegna dei Beni vengono visualizzati nella pagina Carrello e prima dell&#8217;inoltro definitivo dell&#8217;ordine da parte del Cliente e dipendono dalla quantit\u00e0 di Beni scelta dal Cliente.<\/li>\n<\/ol>\n<h2>IV. Tempi di realizzazione dell&#8217;ordine <\/h2>\n<ol>\n<li>Il venditore evade gli ordini entro 1-3 giorni lavorativi dalla data di contabilizzazione del pagamento dell&#8217;ordine.<\/li>\n<li>Gli ordini effettuati nei giorni non lavorativi verranno elaborati a partire dal primo giorno lavorativo successivo al giorno di chiusura.<\/li>\n<li>I tempi di spedizione e consegna devono essere calcolati in base al numero di giorni necessari per elaborare l&#8217;ordine prima della spedizione, pi\u00f9 il tempo necessario per la consegna del pacco.<\/li>\n<li>I tempi di consegna sono forniti da Poczta Polska nella forma seguente:<\/li>\n<\/ol>\n<p>Paesi della zona A (Europa, Cipro, tutta la Russia e Israele) per il terzo giorno lavorativo dopo la spedizione (G + 3)<\/p>\n<p>nei paesi della zona B (Nord America, Africa), C (Sud America, America Centrale e Asia), D (Australia e Oceania) il quinto giorno lavorativo successivo alla data di spedizione (G + 5).<\/p>\n<p>Gli articoli spediti dopo le 13:00 vengono considerati spediti il giorno successivo.<\/p>\n<p>I termini di consegna delle spedizioni sono termini anticipati, stabiliti sulla base dello standard di servizio accettato, che nel caso delle zone A, B, C e D \u00e8 dell&#8217;85%.<\/p>\n<h2>V. Pagamento<\/h2>\n<ol>\n<li>Le forme di pagamento disponibili sono PayPal e Stripe.<\/li>\n<li>I pagamenti tramite PayPal sono gestiti da <a href=\"https:\/\/www.paypal.com\/lu\/webapps\/mpp\/about\" target=\"_blank\" rel=\"noopener\">PayPal (Europe) S.\u00e0 rl &amp; Cie, SCA<\/a> con sede legale a L-1150 in Lussemburgo.<\/li>\n<li>I pagamenti Stripe sono gestiti da Stripe, Inc., la societ\u00e0 madre statunitense che opera secondo la legge statunitense, o da Stripe Payments Europe, Limited (&#8220;SPEL&#8221;), una societ\u00e0 irlandese che opera secondo la legge irlandese, il titolare del trattamento dei dati personali raccolti ed elaborati in relazione ai servizi Stripe. L&#8217;entit\u00e0 Stripe responsabile dei tuoi dati dipender\u00e0 dalla tua posizione, dal prodotto o servizio che utilizzi con noi e dal fatto che Stripe agisca come titolare del trattamento e\/o responsabile del trattamento dei dati.   <a href=\"https:\/\/stripe.com\/en-pl\/legal\/privacy-center#which-stripe-entities-are-involved\" target=\"_blank\" rel=\"noopener\">Maggiori dettagli.<\/a><\/li>\n<\/ol>\n<h2>VI. Consegna della merce ordinata <\/h2>\n<ol>\n<li>Le consegne vengono effettuate da Poczta Polska (Poste Polacche) entro un massimo di 3 giorni dalla data di conclusione del contratto.<\/li>\n<li>Il Venditore fa presente che il Cliente dovr\u00e0 accertarsi di fornire un indirizzo valido per la consegna dei Beni ordinati affinch\u00e9 la consegna possa essere effettuata entro il termine prescritto.<\/li>\n<\/ol>\n<h2>VII. Diritto di recesso e restituzione dei Beni <\/h2>\n<ol>\n<li>Se, ai sensi dell&#8217;art. 221 del Codice civile, il Cliente \u00e8 un Consumatore, allora, in conformit\u00e0 con l&#8217;art. 7 comma 1 della legge del 2 marzo 2000 <em>o ochronie niekt\u00f3rych praw konsument\u00f3w oraz odpowiedzialno\u015bci za szkod\u0119 wyrz\u0105dzon\u0105 przez produkt niebezpieczny (Dz. U. z 2000 r. nr 22 poz. 271 z zm.)<\/em> , ha, senza fornire motivazioni, il diritto di recedere dal contratto di vendita con il Venditore a distanza entro 14 giorni dalla data di consegna. La dichiarazione di recesso dal contratto di vendita deve essere presentata per iscritto e deve essere rispettato un termine di 14 giorni. \u00c8 sufficiente inviare la dichiarazione entro il termine per posta o corriere all&#8217;indirizzo indicato al punto I. 2. Definizioni.     <\/li>\n<li>Il Consumatore dovr\u00e0 restituire i beni al Venditore entro e non oltre 14 giorni dalla data del recesso, integri e inalterati.<\/li>\n<li>Il Venditore rimborser\u00e0 i pagamenti al Consumatore nei termini specificati nella legge di cui al paragrafo 1, entro e non oltre 14 giorni dalla data del recesso da parte del consumatore. <\/li>\n<li>Le spese di restituzione della merce sono a carico del Cliente.<\/li>\n<li>Il Negozio non accetta pacchi in contrassegno.<\/li>\n<\/ol>\n<h2>VIII. La denuncia della merce <\/h2>\n<ol>\n<li>In conformit\u00e0 con il  <em>o szczeg\u00f3lnych warunkach sprzeda\u017cy konsumenckiej oraz o zmianie Kodeksu cywilnego z dnia 27 lipca 2002 r. (Dz.   <\/em><em>U z 2002 r. N. 141, poz. 1176 z zm.)  <\/em>  Per i Clienti che siano Consumatori, il Venditore \u00e8 responsabile della non conformit\u00e0 dei Beni rispetto al contratto entro due anni dalla data di consegna al Cliente.<\/li>\n<li>I reclami sui Beni possono essere presentati per iscritto all&#8217;indirizzo del Venditore indicato al punto I.2. Definizioni o all&#8217;indirizzo e-mail shop@nologo.cc. Il reclamo deve descrivere il tipo di non conformit\u00e0 e le aspettative su come il caso dovrebbe essere risolto. Deve inoltre includere le informazioni di contatto e i dati specifici dell&#8217;ordine dei Beni (numero dell&#8217;ordine) come prova di acquisto.   <\/li>\n<li>Il prodotto difettoso dovr\u00e0 essere restituito all&#8217;indirizzo del Venditore indicato al punto I.2. Definizioni. <\/li>\n<li>I reclami vengono gestiti entro 14 giorni dalla data di ricezione da parte del Venditore.<\/li>\n<li>Nel caso di Clienti che non siano Consumatori, il Venditore non sar\u00e0 responsabile ai sensi della garanzia per difetti dei beni venduti.<\/li>\n<li>In conformit\u00e0 con le disposizioni del Codice civile polacco, i danni meccanici e i danni causati dall&#8217;uso improprio del prodotto o dalla sua naturale usura non sono soggetti a reclamo.<\/li>\n<\/ol>\n<h2>IX. Responsabilit\u00e0 del Venditore <\/h2>\n<ol>\n<li>Fatte salve le disposizioni inderogabili di legge, nei confronti dei Clienti che non siano consumatori, la responsabilit\u00e0 del Venditore \u00e8 limitata alle perdite, non include i mancati profitti e non pu\u00f2 superare il prezzo dei beni.<\/li>\n<\/ol>\n<p>[\/vc_column_text][vc_empty_space][\/vc_column][\/vc_row]<\/p>\n<\/div>","protected":false},"excerpt":{"rendered":"<p>[vc_row type=&#8221;boxed&#8221;][vc_column][vc_empty_space height=&#8221;47px&#8221;][vc_column_text] Termini e Condizioni [\/vc_column_text][vc_empty_space height=&#8221;47px&#8221;][\/vc_column][\/vc_row][vc_row type=&#8221;boxed&#8221;][vc_column][vc_column_text] I. Disposizioni generali Il presente regolamento del negozio online nologo, di seguito denominato Termini e Condizioni, definisce le regole dei servizi elettronici nel negozio online forniti dal Venditore, che agisce presso il marchio nologo, https:\/\/nologo.cc . Il Venditore si riserva l&#8217;obbligo per il Cliente di prendere &hellip;<\/p>\n","protected":false},"author":1,"featured_media":0,"parent":0,"menu_order":0,"comment_status":"closed","ping_status":"closed","template":"","meta":{"footnotes":""},"class_list":["post-5334","page","type-page","status-publish","hentry"],"_links":{"self":[{"href":"https:\/\/nologo.cc\/it\/wp-json\/wp\/v2\/pages\/5334","targetHints":{"allow":["GET"]}}],"collection":[{"href":"https:\/\/nologo.cc\/it\/wp-json\/wp\/v2\/pages"}],"about":[{"href":"https:\/\/nologo.cc\/it\/wp-json\/wp\/v2\/types\/page"}],"author":[{"embeddable":true,"href":"https:\/\/nologo.cc\/it\/wp-json\/wp\/v2\/users\/1"}],"replies":[{"embeddable":true,"href":"https:\/\/nologo.cc\/it\/wp-json\/wp\/v2\/comments?post=5334"}],"version-history":[{"count":0,"href":"https:\/\/nologo.cc\/it\/wp-json\/wp\/v2\/pages\/5334\/revisions"}],"wp:attachment":[{"href":"https:\/\/nologo.cc\/it\/wp-json\/wp\/v2\/media?parent=5334"}],"curies":[{"name":"wp","href":"https:\/\/api.w.org\/{rel}","templated":true}]}}