{"id":5351,"date":"2023-11-14T17:43:33","date_gmt":"2023-11-14T16:43:33","guid":{"rendered":"https:\/\/nologo.cc\/di\/"},"modified":"2026-01-05T23:56:11","modified_gmt":"2026-01-05T22:56:11","slug":"chi-siamo","status":"publish","type":"page","link":"https:\/\/nologo.cc\/it\/chi-siamo\/","title":{"rendered":"Di"},"content":{"rendered":"<div class=\"wpb-content-wrapper\"><p>[vc_row type=&#8221;boxed&#8221;][vc_column width=&#8221;5\/6&#8243; offset=&#8221;vc_col-sm-offset-1&#8243;][vc_empty_space height=&#8221;48px&#8221;][vc_column_text]<\/p>\n<h1>La nostra storia finora.<\/h1>\n<p>[\/vc_column_text][vc_empty_space height=&#8221;48px&#8221;][\/vc_column][\/vc_row][vc_row type=&#8221;boxed&#8221;][vc_column]\r\n\t\t\t<div class=\"nm-banner content-full image-type-fluid text-color-dark subtitle-below\" style=\"\"><img loading=\"lazy\" decoding=\"async\" src=\"https:\/\/nologo.cc\/wp-content\/uploads\/2023\/12\/socks_production_banner.jpg.webp\" width=\"1920\" height=\"939\" alt=\"cycling socks manufacturer\" \/>\r\n\t\t\t<\/div>[vc_empty_space height=&#8221;48px&#8221;][\/vc_column][\/vc_row][vc_row type=&#8221;boxed&#8221;][vc_column width=&#8221;1\/4&#8243; offset=&#8221;vc_col-sm-offset-1&#8243;][vc_column_text]<\/p>\n<h4>Il marchio<\/h4>\n<p>[\/vc_column_text][vc_empty_space height=&#8221;17px&#8221;][\/vc_column][vc_column width=&#8221;7\/12&#8243;][vc_column_text css=&#8221;&#8221;]Fondato nel 2018, nologo \u00e8 un marchio con sede nell&#8217;UE che si \u00e8 guadagnato il riconoscimento per la produzione di calze da ciclismo di alta qualit\u00e0. La nostra identit\u00e0 unica ruota attorno all&#8217;impegno per un&#8217;eleganza sobria in un settore dominato da design vivaci. <\/p>\n<p>In un mondo in cui molti enfatizzano la propria individualit\u00e0 con calzini vistosi e fantasia, offriamo un&#8217;alternativa che esalta il fascino dei classici senza tempo. La nostra specialit\u00e0 \u00e8 la creazione di calzini da ciclismo minimalisti e monocolore, offrendo una scelta semplice ma sofisticata per i ciclisti pi\u00f9 esigenti. <\/p>\n<p>Siamo fermamente convinti che i nostri calzini soddisfino le vostre aspettative in termini di comfort, stile e durata.<\/p>\n<p>E s\u00ec, <a href=\"https:\/\/nologo.cc\/it\/nologo-i-calzini-da-ciclismo-ecologici\/\">siamo anche eco-sostenibili<\/a> ! :)[\/vc_column_text][\/vc_column][\/vc_row][vc_row][vc_column][vc_empty_space height=&#8221;40&#8243;][\/vc_column][\/vc_row][vc_row type=&#8221;boxed&#8221;][vc_column width=&#8221;1\/4&#8243; offset=&#8221;vc_col-sm-offset-1&#8243;][vc_column_text]<\/p>\n<h4>Contattaci<\/h4>\n<p>[\/vc_column_text][vc_empty_space height=&#8221;17px&#8221;][\/vc_column][vc_column width=&#8221;7\/12&#8243;][vc_column_text]<a href=\"#\">shop@nologo.cc<\/a><\/p>\n<p> Attivit\u00e0 commerciale situata a Rzeszow, Polonia<br \/>\n Solo acquisti online.[\/vc_column_text][vc_empty_space height=&#8221;17px&#8221;]<ul class=\"nm-social-profiles icon-size-medium align-left\"><li><a href=\"https:\/\/www.facebook.com\/nologo.cc\" target=\"_blank\" title=\"Facebook\" class=\"dark\" rel=\"nofollow\"><i class=\"nm-font nm-font-nm-font nm-font-facebook\"><\/i><\/a><\/li><li><a href=\"https:\/\/www.instagram.com\/nologo.cc\" target=\"_blank\" title=\"Instagram\" class=\"dark\" rel=\"nofollow\"><i class=\"nm-font nm-font-nm-font nm-font-instagram-filled\"><\/i><\/a><\/li><li><a href=\"https:\/\/www.pinterest.com\/nologo_cc\" target=\"_blank\" title=\"Pinterest\" class=\"dark\" rel=\"nofollow noopener\"><i class=\"nm-font nm-font-nm-font nm-font-pinterest\"><\/i><\/a><\/li><li><a href=\"mailto:mailto:shop@nologo.cc\" target=\"_blank\" title=\"Email\" class=\"dark\" rel=\"nofollow\"><i class=\"nm-font nm-font-nm-font nm-font-envelope\"><\/i><\/a><\/li><\/ul>[\/vc_column][\/vc_row][vc_row][vc_column][vc_empty_space height=&#8221;46&#8243;][\/vc_column][\/vc_row][vc_row type=&#8221;boxed&#8221; disable_element=&#8221;yes&#8221; css=&#8221;.vc_custom_1646922403743{padding-bottom: 39px !important;}&#8221;][vc_column width=&#8221;1\/4&#8243; offset=&#8221;vc_col-sm-offset-1&#8243;][vc_column_text]<\/p>\n<h4>Il nostro team<\/h4>\n<p>[\/vc_column_text][vc_empty_space height=&#8221;23px&#8221;][\/vc_column][vc_column width=&#8221;7\/12&#8243;][vc_column_text][nm_team columns=&#8221;3&#8243; items=&#8221;3&#8243;][\/vc_column_text][\/vc_column][\/vc_row]<\/p>\n<\/div>","protected":false},"excerpt":{"rendered":"<p>[vc_row type=&#8221;boxed&#8221;][vc_column width=&#8221;5\/6&#8243; offset=&#8221;vc_col-sm-offset-1&#8243;][vc_empty_space height=&#8221;48px&#8221;][vc_column_text] La nostra storia finora. [\/vc_column_text][vc_empty_space height=&#8221;48px&#8221;][\/vc_column][\/vc_row][vc_row type=&#8221;boxed&#8221;][vc_column][vc_empty_space height=&#8221;48px&#8221;][\/vc_column][\/vc_row][vc_row type=&#8221;boxed&#8221;][vc_column width=&#8221;1\/4&#8243; offset=&#8221;vc_col-sm-offset-1&#8243;][vc_column_text] Il marchio [\/vc_column_text][vc_empty_space height=&#8221;17px&#8221;][\/vc_column][vc_column width=&#8221;7\/12&#8243;][vc_column_text css=&#8221;&#8221;]Fondato nel 2018, nologo \u00e8 un marchio con sede nell&#8217;UE che si \u00e8 guadagnato il riconoscimento per la produzione di calze da ciclismo di alta qualit\u00e0. La nostra identit\u00e0 unica ruota attorno all&#8217;impegno per &hellip;<\/p>\n","protected":false},"author":1,"featured_media":0,"parent":0,"menu_order":0,"comment_status":"closed","ping_status":"closed","template":"","meta":{"footnotes":""},"class_list":["post-5351","page","type-page","status-publish","hentry"],"_links":{"self":[{"href":"https:\/\/nologo.cc\/it\/wp-json\/wp\/v2\/pages\/5351","targetHints":{"allow":["GET"]}}],"collection":[{"href":"https:\/\/nologo.cc\/it\/wp-json\/wp\/v2\/pages"}],"about":[{"href":"https:\/\/nologo.cc\/it\/wp-json\/wp\/v2\/types\/page"}],"author":[{"embeddable":true,"href":"https:\/\/nologo.cc\/it\/wp-json\/wp\/v2\/users\/1"}],"replies":[{"embeddable":true,"href":"https:\/\/nologo.cc\/it\/wp-json\/wp\/v2\/comments?post=5351"}],"version-history":[{"count":0,"href":"https:\/\/nologo.cc\/it\/wp-json\/wp\/v2\/pages\/5351\/revisions"}],"wp:attachment":[{"href":"https:\/\/nologo.cc\/it\/wp-json\/wp\/v2\/media?parent=5351"}],"curies":[{"name":"wp","href":"https:\/\/api.w.org\/{rel}","templated":true}]}}