{"id":5806,"date":"2024-02-10T10:27:46","date_gmt":"2024-02-10T09:27:46","guid":{"rendered":"https:\/\/nologo.cc\/i-migliori-tessuti-per-calze-da-ciclismo\/"},"modified":"2024-11-17T14:23:19","modified_gmt":"2024-11-17T13:23:19","slug":"i-migliori-tessuti-per-calze-da-ciclismo","status":"publish","type":"page","link":"https:\/\/nologo.cc\/it\/i-migliori-tessuti-per-calze-da-ciclismo\/","title":{"rendered":"I migliori tessuti per calze da ciclismo"},"content":{"rendered":"<div class=\"wpb-content-wrapper\"><p>[vc_row type=&#8221;boxed&#8221;][vc_column][vc_empty_space height=&#8221;48px&#8221;][vc_column_text]<\/p>\n<h1>PROLEN &#8211; i migliori tessuti per calze da ciclismo<\/h1>\n<p>[\/vc_column_text][vc_empty_space height=&#8221;48px&#8221;][vc_column_text]<\/p>\n<h3>L&#8217;innovativo filato PROLEN\u00ae all&#8217;avanguardia, con cui sono realizzati i calzini nologo, offre le migliori caratteristiche prestazionali tra i filati utilizzati nella produzione tessile. Consente inoltre ai calzini nologo di essere riciclabili al 100%. <\/h3>\n<p>[\/vc_column_text][vc_empty_space][vc_column_text css=&#8221;&#8221;]<\/p>\n<h2>Sempre asciutto<\/h2>\n<p>Grazie al tasso di assorbimento quasi nullo, PROLEN\u00aeYARN elimina la sensazione di sudorazione. La composizione unica della fibra, in cui \u00e8 incorporato lo strato traspirante, consente di eliminare gli strati esterni traspiranti. Grazie a questa tecnologia, i nostri calzini mantengono la gestione dell&#8217;umidit\u00e0 per tutto il ciclo di vita del prodotto. Gli strati idrofobici esterni solitamente si lavano via nel tempo.<br \/>\n PROLEN\u00aeYARN garantisce ai tuoi piedi un comfort incredibile anche nelle condizioni atmosferiche pi\u00f9 difficili.   <\/p>\n<p><img loading=\"lazy\" decoding=\"async\" class=\"aligncenter wp-image-393147 size-full\" src=\"https:\/\/nologo.cc\/wp-content\/uploads\/2020\/06\/moisture_absorbtion.png\" alt=\"\" width=\"563\" height=\"192\"><\/p>\n<p>&nbsp;<\/p>\n<h2>Superleggero<\/h2>\n<p>Negli sport in cui ogni grammo conta, le tecnologie tessili avanzate tengono il passo con lo sviluppo delle attrezzature. PROLEN\u00aeYARN pesa la met\u00e0 del cotone e la sua densit\u00e0 \u00e8 inferiore a quella dell&#8217;acqua. Ulteriori vantaggi dell&#8217;uso di un materiale cos\u00ec leggero sono una grande libert\u00e0 di movimento e un elevato grado di comfort.  <\/p>\n<p><img loading=\"lazy\" decoding=\"async\" class=\"aligncenter wp-image-393145 size-full\" src=\"https:\/\/nologo.cc\/wp-content\/uploads\/2020\/06\/specific_weight.png\" alt=\"\" width=\"652\" height=\"199\"><\/p>\n<p>&nbsp;<\/p>\n<h2>Durevole<\/h2>\n<p>Nel caso dei calzini da ciclismo, un fattore molto importante che definisce un ottimo prodotto \u00e8 la loro durata. PROLEN\u00aeYARN alza molto l&#8217;asticella. La resistenza all&#8217;abrasione di PROLEN\u00aeYARN \u00e8 2,5 volte superiore a quella del cotone o della lana. I nostri calzini, nonostante siano progettati per la strada, non hanno restrizioni per l&#8217;uso in altre forme di ciclismo. Dalla strada allo sterrato alla MTB: puoi scegliere quello che preferisci.    <\/p>\n<p><img loading=\"lazy\" decoding=\"async\" class=\"aligncenter wp-image-393146 size-full\" src=\"https:\/\/nologo.cc\/wp-content\/uploads\/2020\/06\/elastic_modulus.png\" alt=\"filato di calzini da ciclismo nologo\" width=\"563\" height=\"192\"><\/p>\n<p>La conservazione del colore \u00e8 altrettanto importante. PROLEN\u00aeYARN \u00e8 tinto in massa, in modo che i lavaggi ripetuti, l&#8217;esposizione al sole e i cambiamenti di temperatura non influiscano sulla tonalit\u00e0 e sulla saturazione del colore. <\/p>\n<h2>Salutare<\/h2>\n<p>Le fibre PROLEN\u00ae YARN certificate Oeko-Tex sono chimicamente inerti e possono essere indossate anche dalle persone con la pelle pi\u00f9 sensibile.<\/p>\n<p><img loading=\"lazy\" decoding=\"async\" class=\"aligncenter wp-image-393106 size-medium\" src=\"https:\/\/nologo.cc\/wp-content\/uploads\/2020\/05\/Oeko-Tex-standard-100-nowe-loho-300x120.png\" alt=\"\" width=\"300\" height=\"120\"><\/p>\n<p style=\"text-align: justify;\">Lo standard Oeko-Tex 100 \u00e8 un certificato che attesta la qualit\u00e0 dei prodotti tessili e tessili che hanno un contatto diretto con la pelle umana. L&#8217;organizzazione Oeko-Tex assegna un certificato ai prodotti che sono stati testati per verificare l&#8217;assenza delle 100 sostanze pi\u00f9 pericolose che mettono in pericolo i consumatori. <\/p>\n<p>La tecnologia PROLEN\u00aeSILTEX previene efficacemente la crescita dei batteri e rimuove gli odori. Non reagisce alle sostanze chimiche prodotte dalla sudorazione.<br \/>\n La frammentazione dell&#8217;argento metallico per formare nanoparticelle consente di utilizzare le propriet\u00e0 di questo metallo su una scala incredibile. Le nanoparticelle d&#8217;argento distruggono facilmente le cellule microbiche causando danni estesi: batteri e altri microrganismi non sono in grado di colonizzare superfici arricchite con nanoargento.<br \/>\n PROLEN\u00aeYARN non provoca allergie ed \u00e8 particolarmente indicato per il settore medicale, che richiede elevati standard igienici.<br \/>\n<a href=\"https:\/\/www.oeko-tex.com\/en\/our-standards\/standard-100-by-oeko-tex\" target=\"_blank\" rel=\"noopener noreferrer\">Per saperne di pi\u00f9 sulla certificazione Oeko-Tex.<\/a><\/p>\n<h2>Facile da curare<\/h2>\n<p>Le fibre PROLEN\u00aeYARN non assorbono l&#8217;acqua attraverso la quale vengono trasferite le macchie. Grazie a questa caratteristica, le sostanze sporche rimangono sulla superficie delle fibre. Lavare PROLEN\u00aeYARN \u00e8 quindi molto pi\u00f9 semplice e richiede solo 1\/3 della normale quantit\u00e0 di detersivo liquido a una temperatura dell&#8217;acqua di 40 gradi Celsius. Inoltre, i calzini realizzati in PROLEN\u00aeYARN non si restringono durante il lavaggio e si asciugano estremamente rapidamente: dopo solo pochi minuti dal lavaggio, puoi riutilizzarli. PROLEN\u00aeYARN non necessita di stiratura e non \u00e8 elettrostatico, quindi non attira la polvere.    <\/p>\n<h2>Termoregolatore<\/h2>\n<p>Le propriet\u00e0 di termoregolazione assicurano comfort ai tuoi piedi in un&#8217;ampia gamma di temperature. PROLEN\u00aeYARN ha la pi\u00f9 bassa conduttivit\u00e0 di tutte le fibre e assicura comfort termico in ogni condizione atmosferica. <\/p>\n<h2>Sostenibile<\/h2>\n<p><strong><a href=\"https:\/\/nologo.cc\/it\/nologo-i-calzini-da-ciclismo-ecologici\/\">Scopri di pi\u00f9 sulla nostra etica aziendale e sulla nostra politica ecosostenibile.<\/a><\/strong><\/p>\n<p><img loading=\"lazy\" decoding=\"async\" class=\"alignnone wp-image-6136 size-medium\" src=\"https:\/\/nologo.cc\/wp-content\/uploads\/2024\/11\/submarke-approved-1024x474-1-300x139.webp\" alt=\"\" width=\"300\" height=\"139\" srcset=\"https:\/\/nologo.cc\/wp-content\/uploads\/2024\/11\/submarke-approved-1024x474-1-300x139.webp 300w, https:\/\/nologo.cc\/wp-content\/uploads\/2024\/11\/submarke-approved-1024x474-1-768x356.webp 768w, https:\/\/nologo.cc\/wp-content\/uploads\/2024\/11\/submarke-approved-1024x474-1.webp 1024w\" sizes=\"auto, (max-width: 300px) 100vw, 300px\" \/><\/p>\n<p style=\"text-align: justify;\">PROLEN\u00aeYARN e la sua produzione non inquinano l&#8217;ambiente (acqua, aria, n\u00e9 suolo). Il filato \u00e8 tinto in massa, non c&#8217;\u00e8 problema di inquinamento degli effluenti. Rispetto al cotone*, solo una piccola quantit\u00e0 di acqua viene utilizzata durante il processo di produzione. Non vengono utilizzati pesticidi o coloranti tossici per produrre il filato.   <\/p>\n<p>PROLEN\u00aeYARN \u00e8 riciclabile al 100% e rigorosamente certificato da bluesign\u00ae.  <a href=\"https:\/\/www.bluesign.com\/en\" target=\"_blank\" rel=\"noopener noreferrer\">Per saperne di pi\u00f9.<\/a><\/p>\n<h2 style=\"text-align: center;\"><span style=\"color: #ffffff;\">la storia dietro i nostri calzini da ciclismo.<\/span><\/h2>\n<p>Il marchio <strong>no<\/strong> logo \u00e8 stato fondato nel 2017 da due appassionati di ciclismo che non amano lo stile ciclistico appariscente ed esagerato. Abbiamo iniziato il nostro viaggio vendendo calzini bianchi e neri. Nel tempo, sono stati aggiunti altri colori alla nostra linea di prodotti. Fin dall&#8217;inizio, seguiamo l&#8217;idea che non ci debba essere alcun disturbo di eleganza e che non siano ammessi motivi o loghi nella parte visibile dei calzini. Speriamo che l&#8217;idea piaccia anche a voi!   <\/p>\n<p>[\/vc_column_text][\/vc_column][\/vc_row]<\/p>\n<\/div>","protected":false},"excerpt":{"rendered":"<p>[vc_row type=&#8221;boxed&#8221;][vc_column][vc_empty_space height=&#8221;48px&#8221;][vc_column_text] PROLEN &#8211; i migliori tessuti per calze da ciclismo [\/vc_column_text][vc_empty_space height=&#8221;48px&#8221;][vc_column_text] L&#8217;innovativo filato PROLEN\u00ae all&#8217;avanguardia, con cui sono realizzati i calzini nologo, offre le migliori caratteristiche prestazionali tra i filati utilizzati nella produzione tessile. Consente inoltre ai calzini nologo di essere riciclabili al 100%. [\/vc_column_text][vc_empty_space][vc_column_text css=&#8221;&#8221;] Sempre asciutto Grazie al tasso di &hellip;<\/p>\n","protected":false},"author":1,"featured_media":0,"parent":0,"menu_order":0,"comment_status":"closed","ping_status":"closed","template":"","meta":{"footnotes":""},"class_list":["post-5806","page","type-page","status-publish","hentry"],"_links":{"self":[{"href":"https:\/\/nologo.cc\/it\/wp-json\/wp\/v2\/pages\/5806","targetHints":{"allow":["GET"]}}],"collection":[{"href":"https:\/\/nologo.cc\/it\/wp-json\/wp\/v2\/pages"}],"about":[{"href":"https:\/\/nologo.cc\/it\/wp-json\/wp\/v2\/types\/page"}],"author":[{"embeddable":true,"href":"https:\/\/nologo.cc\/it\/wp-json\/wp\/v2\/users\/1"}],"replies":[{"embeddable":true,"href":"https:\/\/nologo.cc\/it\/wp-json\/wp\/v2\/comments?post=5806"}],"version-history":[{"count":0,"href":"https:\/\/nologo.cc\/it\/wp-json\/wp\/v2\/pages\/5806\/revisions"}],"wp:attachment":[{"href":"https:\/\/nologo.cc\/it\/wp-json\/wp\/v2\/media?parent=5806"}],"curies":[{"name":"wp","href":"https:\/\/api.w.org\/{rel}","templated":true}]}}