{"id":5807,"date":"2024-03-14T21:18:16","date_gmt":"2024-03-14T20:18:16","guid":{"rendered":"https:\/\/nologo.cc\/stettino-rozek\/"},"modified":"2024-11-10T16:20:10","modified_gmt":"2024-11-10T15:20:10","slug":"szczepan-rozek-it","status":"publish","type":"page","link":"https:\/\/nologo.cc\/it\/szczepan-rozek-it\/","title":{"rendered":"Szczepan Ro\u017cek"},"content":{"rendered":"<div class=\"wpb-content-wrapper\"><p>[vc_row type=&#8221;boxed&#8221; content_placement=&#8221;middle&#8221; css=&#8221;.vc_custom_1711812817720{background-color: #0a0a0a !important;}&#8221;][vc_column width=&#8221;1\/2&#8243; css=&#8221;.vc_custom_1711812776257{padding-top: 32px !important;padding-right: 32px !important;padding-bottom: 32px !important;padding-left: 32px !important;}&#8221;][vc_single_image image=&#8221;5809&#8243; img_size=&#8221;full&#8221;][vc_empty_space][vc_single_image image=&#8221;5821&#8243; img_size=&#8221;full&#8221; alignment=&#8221;center&#8221;][\/vc_column][vc_column width=&#8221;1\/2&#8243; css=&#8221;.vc_custom_1711807208069{padding-right: 32px !important;padding-left: 32px !important;}&#8221;][vc_empty_space height=&#8221;64px&#8221;][vc_custom_heading text=&#8221;SZCZEPAN RO\u017bEK&#8221; font_container=&#8221;tag:h1|text_align:center|color:%23ffffff&#8221; google_fonts=&#8221;font_family:Play%3Aregular%2C700|font_style:700%20bold%20regular%3A700%3Anormal&#8221;][vc_empty_space][vc_column_text]<\/p>\n<p style=\"text-align: center;\"><span style=\"color: #ffffff;\">Grafico e pittore residente a Rzesz\u00f3w, Polonia. Noto per il suo stile monocromatico distintivo e le linee intricate che formano vortici caratteristici, gli sforzi artistici di Ro\u017cek abbracciano un ampio spettro di discipline artistiche e di graphic design. Con una propensione a fondere diverse forme di espressione e approcci al design, il suo lavoro risuona di profondit\u00e0 e creativit\u00e0.  <\/span><\/p>\n<p>[\/vc_column_text][vc_empty_space][vc_column_text]<\/p>\n<p class=\"rozek-instagram\" style=\"text-align: center;\"><span style=\"color: #ffffff;\"><a href=\"https:\/\/www.instagram.com\/rozek_one\" target=\"_blank\" rel=\"noopener\"><i class=\"nm-font nm-font-instagram\"><\/i>  rosa_uno<\/a><\/span><\/p>\n<p>[\/vc_column_text][vc_empty_space height=&#8221;64px&#8221;][\/vc_column][\/vc_row][vc_row type=&#8221;boxed&#8221; content_placement=&#8221;middle&#8221;][vc_column width=&#8221;1\/2&#8243;][vc_empty_space][vc_single_image image=&#8221;5810&#8243; img_size=&#8221;full&#8221;][\/vc_column][vc_column width=&#8221;1\/2&#8243;][vc_empty_space][vc_single_image image=&#8221;5811&#8243; img_size=&#8221;full&#8221;][\/vc_column][\/vc_row][vc_row min_height=&#8221;60&#8243; content_placement=&#8221;middle&#8221;][vc_column][vc_empty_space height=&#8221;64px&#8221;][vc_single_image image=&#8221;5820&#8243; img_size=&#8221;245&#215;30&#8243; alignment=&#8221;center&#8221;][vc_empty_space][\/vc_column][\/vc_row][vc_row type=&#8221;boxed&#8221; content_placement=&#8221;middle&#8221;][vc_column width=&#8221;1\/3&#8243;][vc_empty_space][vc_single_image image=&#8221;5813&#8243; img_size=&#8221;full&#8221;][\/vc_column][vc_column width=&#8221;1\/3&#8243;][vc_empty_space][vc_single_image image=&#8221;5814&#8243; img_size=&#8221;full&#8221;][\/vc_column][vc_column width=&#8221;1\/3&#8243;][vc_empty_space][vc_single_image image=&#8221;5812&#8243; img_size=&#8221;full&#8221;][\/vc_column][\/vc_row][vc_row type=&#8221;boxed&#8221; min_height=&#8221;60&#8243; css=&#8221;.vc_custom_1711812408104{margin-top: 32px !important;background-color: #0a0a0a !important;}&#8221;][vc_column width=&#8221;1\/6&#8243;][\/vc_column][vc_column width=&#8221;2\/3&#8243; css=&#8221;.vc_custom_1711812895032{padding-top: 32px !important;padding-right: 32px !important;padding-bottom: 32px !important;padding-left: 32px !important;}&#8221;][vc_empty_space][vc_column_text]<\/p>\n<p style=\"text-align: center;\"><span style=\"color: #ffffff;\">Nel corso degli anni, mentre esplorava intensamente gli spazi urbani attraverso attivit\u00e0 in aree sotterranee e sui muri delle citt\u00e0, ha trasferito la sua arte su tele. Contribuisce al tessuto urbano di Rzesz\u00f3w. Le sue opere d&#8217;arte stanno guadagnando riconoscimenti, venendo esposte pi\u00f9 frequentemente in mostre personali e collettive tenute in diverse gallerie d&#8217;arte in tutta la Polonia.  <\/span><\/p>\n<p style=\"text-align: center;\"><span style=\"color: #ffffff;\">La prossima occasione per vedere le sue opere dal vivo sar\u00e0 durante l&#8217;EgoDrop Botanica<\/span><br \/>\n <span style=\"color: #ffffff;\">e 24 eventi dello Stadio Europeo della Cultura.<\/span><\/p>\n<p>[\/vc_column_text][vc_empty_space][\/vc_column][vc_column width=&#8221;1\/6&#8243;][\/vc_column][\/vc_row][vc_row type=&#8221;boxed&#8221; content_placement=&#8221;middle&#8221;][vc_column width=&#8221;1\/3&#8243;][vc_empty_space][vc_single_image image=&#8221;5815&#8243; img_size=&#8221;full&#8221;][vc_empty_space][vc_single_image image=&#8221;5816&#8243; img_size=&#8221;full&#8221;][\/vc_column][vc_column width=&#8221;1\/3&#8243;][vc_empty_space][vc_single_image image=&#8221;5819&#8243; img_size=&#8221;full&#8221;][\/vc_column][vc_column width=&#8221;1\/3&#8243;][vc_empty_space][vc_single_image image=&#8221;5817&#8243; img_size=&#8221;full&#8221;][\/vc_column][\/vc_row][vc_row type=&#8221;boxed&#8221; min_height=&#8221;60&#8243; css=&#8221;.vc_custom_1711808755940{margin-top: 32px !important;margin-bottom: 32px !important;background-color: #0a0a0a !important;}&#8221;][vc_column width=&#8221;1\/6&#8243;][\/vc_column][vc_column width=&#8221;2\/3&#8243;][vc_empty_space height=&#8221;64px&#8221;][vc_custom_heading text=&#8221;SOSTIENI I TUOI ARTISTI LOCALI&#8221; font_container=&#8221;tag:p|font_size:32|text_align:center|color:%23ffffff&#8221; google_fonts=&#8221;font_family:Play%3Aregular%2C700|font_style:700%20bold%20regular%3A700%3Anormal&#8221;][vc_empty_space height=&#8221;64px&#8221;][\/vc_column][vc_column width=&#8221;1\/6&#8243;][\/vc_column][\/vc_row][vc_row css=&#8221;.vc_custom_1703627606748{padding-top: 32px !important;}&#8221;][vc_column][vc_empty_space height=&#8221;64px&#8221;][vc_column_text]<\/p>\n<h2>Collezione di magliette nologo x rozek Cycling Classics:<\/h2>\n<p>[\/vc_column_text][vc_empty_space][vc_row_inner][vc_column_inner width=&#8221;1\/4&#8243;][vc_single_image image=&#8221;5223&#8243; img_size=&#8221;full&#8221; onclick=&#8221;custom_link&#8221; link=&#8221;https:\/\/nologo.cc\/off-bike\/t-shirts\/paris-roubaix-arenberg-cycling-classics-unisex-t-shirt\/&#8221;][vc_column_text]<\/p>\n<p style=\"text-align: center;\">Disponibile subito!<\/p>\n<p>[\/vc_column_text][vc_empty_space][\/vc_column_inner][vc_column_inner width=&#8221;1\/4&#8243;][vc_single_image image=&#8221;5243&#8243; img_size=&#8221;full&#8221;][vc_column_text]<\/p>\n<p style=\"text-align: center;\">Prossimamente<\/p>\n<p>[\/vc_column_text][vc_empty_space][\/vc_column_inner][vc_column_inner width=&#8221;1\/4&#8243;][vc_single_image image=&#8221;5243&#8243; img_size=&#8221;full&#8221;][vc_column_text]<\/p>\n<p style=\"text-align: center;\">Prossimamente<\/p>\n<p>[\/vc_column_text][vc_empty_space][\/vc_column_inner][vc_column_inner width=&#8221;1\/4&#8243;][vc_single_image image=&#8221;5243&#8243; img_size=&#8221;full&#8221;][vc_column_text]<\/p>\n<p style=\"text-align: center;\">Prossimamente<\/p>\n<p>[\/vc_column_text][vc_empty_space][\/vc_column_inner][\/vc_row_inner][\/vc_column][\/vc_row]<\/p>\n<\/div>","protected":false},"excerpt":{"rendered":"<p>[vc_row type=&#8221;boxed&#8221; content_placement=&#8221;middle&#8221; css=&#8221;.vc_custom_1711812817720{background-color: #0a0a0a !important;}&#8221;][vc_column width=&#8221;1\/2&#8243; css=&#8221;.vc_custom_1711812776257{padding-top: 32px !important;padding-right: 32px !important;padding-bottom: 32px !important;padding-left: 32px !important;}&#8221;][vc_single_image image=&#8221;5809&#8243; img_size=&#8221;full&#8221;][vc_empty_space][vc_single_image image=&#8221;5821&#8243; img_size=&#8221;full&#8221; alignment=&#8221;center&#8221;][\/vc_column][vc_column width=&#8221;1\/2&#8243; css=&#8221;.vc_custom_1711807208069{padding-right: 32px !important;padding-left: 32px !important;}&#8221;][vc_empty_space height=&#8221;64px&#8221;][vc_custom_heading text=&#8221;SZCZEPAN RO\u017bEK&#8221; font_container=&#8221;tag:h1|text_align:center|color:%23ffffff&#8221; google_fonts=&#8221;font_family:Play%3Aregular%2C700|font_style:700%20bold%20regular%3A700%3Anormal&#8221;][vc_empty_space][vc_column_text] Grafico e pittore residente a Rzesz\u00f3w, Polonia. Noto per il suo stile monocromatico distintivo e le linee intricate che formano vortici caratteristici, gli &hellip;<\/p>\n","protected":false},"author":1,"featured_media":5813,"parent":0,"menu_order":0,"comment_status":"closed","ping_status":"closed","template":"","meta":{"footnotes":""},"class_list":["post-5807","page","type-page","status-publish","has-post-thumbnail","hentry"],"_links":{"self":[{"href":"https:\/\/nologo.cc\/it\/wp-json\/wp\/v2\/pages\/5807","targetHints":{"allow":["GET"]}}],"collection":[{"href":"https:\/\/nologo.cc\/it\/wp-json\/wp\/v2\/pages"}],"about":[{"href":"https:\/\/nologo.cc\/it\/wp-json\/wp\/v2\/types\/page"}],"author":[{"embeddable":true,"href":"https:\/\/nologo.cc\/it\/wp-json\/wp\/v2\/users\/1"}],"replies":[{"embeddable":true,"href":"https:\/\/nologo.cc\/it\/wp-json\/wp\/v2\/comments?post=5807"}],"version-history":[{"count":0,"href":"https:\/\/nologo.cc\/it\/wp-json\/wp\/v2\/pages\/5807\/revisions"}],"wp:featuredmedia":[{"embeddable":true,"href":"https:\/\/nologo.cc\/it\/wp-json\/wp\/v2\/media\/5813"}],"wp:attachment":[{"href":"https:\/\/nologo.cc\/it\/wp-json\/wp\/v2\/media?parent=5807"}],"curies":[{"name":"wp","href":"https:\/\/api.w.org\/{rel}","templated":true}]}}