{"id":4739,"date":"2023-11-02T12:50:26","date_gmt":"2023-11-02T11:50:26","guid":{"rendered":"https:\/\/nologo.cc\/senza-categoria\/maglia-intima-da-ciclismo-senza-maniche-in-rete-nera\/"},"modified":"2026-02-28T10:52:07","modified_gmt":"2026-02-28T09:52:07","slug":"maglia-intima-da-ciclismo-senza-maniche-in-rete-nera","status":"publish","type":"product","link":"https:\/\/nologo.cc\/it\/accessori\/strati-di-base-per-il-ciclismo\/maglia-intima-da-ciclismo-senza-maniche-in-rete-nera\/","title":{"rendered":"Canotta Intima da Ciclismo in Rete Nera"},"content":{"rendered":"<div class=\"wpb-content-wrapper\"><p>[vc_row][vc_column][vc_column_text]<\/p>\n<h2>Attributi degli strati di base per ciclismo nologo:<\/h2>\n<p>[\/vc_column_text][vc_empty_space][\/vc_column][\/vc_row][vc_row][vc_column width=&#8221;1\/2&#8243;][vc_column_text]<\/p>\n<h5>colore:<\/h5>\n<p>tutto nero + bianco <strong>senza<\/strong> logo sul petto <\/p>\n<h5>dimensioni:<\/h5>\n<p>Taglie dalla XXS alla XS, SM, L alla XL \n            <div class=\"nm-lightbox\" data-mfp-type=\"image\" data-mfp-src=\"https:\/\/nologo.cc\/wp-content\/uploads\/2026\/02\/1x1.png\"><a href=\"#\"><\/a>\n            <\/div>[\/vc_column_text][vc_empty_space][vc_single_image image=&#8221;395224&#8243;][vc_empty_space][\/vc_column][vc_column width=&#8221;1\/2&#8243;][vc_column_text]<\/p>\n<h5>gli strati di base sono costituiti da:<\/h5>\n<p>55% polipropilene<br \/>\n33% Poliammide<br \/>\n8% elastan<br \/>\nResistex al 4% di carbonio<\/p>\n<h5>altre istruzioni:<\/h5>\n<p>Lavare in lavatrice a 30\u00b0C, Non asciugare in asciugatrice, Non stirare, Non candeggiare, Non lavare a secco[\/vc_column_text][vc_empty_space][\/vc_column][\/vc_row][vc_row][vc_column][vc_column_text]<\/p>\n<h2>Quali sono i vantaggi di indossare uno strato di base per il ciclismo?<\/h2>\n<p>Continua a leggere e scopri perch\u00e9 questa forma di indumento intimo ha solo aspetti positivi.<\/p>\n<p>Nelle giornate calde, potrebbe sembrare inutile indossare due strati di vestiti uno sopra l&#8217;altro. Tuttavia, non \u00e8 cos\u00ec! La funzione principale di uno strato di base \u00e8 quella di rimuovere l&#8217;umidit\u00e0. Ci\u00f2 significa che la pelle non entrer\u00e0 in contatto con il tessuto bagnato e la pedalata sar\u00e0 molto pi\u00f9 confortevole e piacevole. Inoltre, il design a rete previene il surriscaldamento e permette alla pelle di respirare.    <\/p>\n<p>La seconda propriet\u00e0 di questo tipo di abbigliamento \u00e8 la regolazione della temperatura. Quando si pedala a temperature pi\u00f9 fredde, lo strato di base da ciclismo offre un&#8217;ulteriore protezione dal flusso d&#8217;aria e migliora la sensazione di comfort termico nelle giornate fredde. <\/p>\n<p>La terza propriet\u00e0 \u00e8 la capacit\u00e0 di adattarsi al corpo. Grazie al materiale elasticizzato in quattro direzioni con costruzione senza cuciture e finiture piatte, la maglia intima da ciclismo nologo si adatta perfettamente al corpo e non crea alcun fastidio durante la pedalata. <\/p>\n<p>Riassumendo, uno strato di base \u00e8 un capo assolutamente indispensabile nel guardaroba di ogni ciclista e il nostro modello traspirante senza maniche offre la massima qualit\u00e0 di fabbricazione e le migliori propriet\u00e0 tecniche dei materiali di alta gamma.<\/p>\n<h2>strato di base da ciclismo nero nologo: un importante miglioramento del comfort di guida<\/h2>\n<p>Lo strato di base senza maniche nero Nologo \u00e8 il principale miglioramento di cui hai bisogno nel tuo kit da ciclismo per migliorare il tuo comfort di guida. Come uno dei migliori strati di base da ciclismo disponibili, questo strato di base senza maniche agisce come una seconda pelle per il ciclista, allontanando efficacemente l&#8217;umidit\u00e0 e mantenendo il corpo asciutto quando fa caldo. La traspirabilit\u00e0 di questo abbigliamento da ciclismo aiuta a regolare la temperatura corporea, prevenendo il surriscaldamento durante le corse intense. Con lo strato di base da ciclismo nero Nologo, puoi dire addio al disagio delle maglie da ciclismo inzuppate di sudore e dare il benvenuto a un&#8217;esperienza di guida pi\u00f9 piacevole e concentrata. Che tu sia un principiante o un ciclista esperto, questo strato di base \u00e8 un punto di svolta in termini di prestazioni e soddisfazione generale di guida.    <\/p>\n<h2>Maglia intima da ciclismo nera da abbinare alle maglie scure<\/h2>\n<p>Vuoi migliorare ulteriormente il tuo stile ciclistico? Abbina il nostro strato di base da ciclismo nero nologo a una maglia scura per un look elegante e coordinato sulla strada. Lo strato di base nero si abbina perfettamente alle maglie pi\u00f9 scure, esaltando il tuo stile generale. Inoltre, per coloro che optano per opzioni di maglia pi\u00f9 chiare, \u00e8 disponibile anche il nostro strato di base bianco, che offre la stessa qualit\u00e0 e le stesse prestazioni superiori.[\/vc_column_text][\/vc_column][\/vc_row][vc_row][vc_column][vc_empty_space height=&#8221;47px&#8221;][vc_single_image image=&#8221;398003&#8243; img_size=&#8221;full&#8221; alignment=&#8221;center&#8221;][vc_empty_space height=&#8221;47px&#8221;][vc_single_image image=&#8221;397997&#8243; img_size=&#8221;full&#8221; alignment=&#8221;center&#8221;][vc_empty_space height=&#8221;47px&#8221;][\/vc_column][\/vc_row][vc_row el_class=&#8221;displaynone&#8221;][vc_column][vc_row_inner content_placement=&#8221;middle&#8221; el_id=&#8221;baselayer-size&#8221; css=&#8221;.vc_custom_1708284321605{padding-top: 32px !important;padding-bottom: 32px !important;background-color: #ffffff !important;}&#8221;][vc_column_inner width=&#8221;1\/6&#8243;][vc_empty_space][vc_single_image image=&#8221;5339&#8243; img_size=&#8221;full&#8221; alignment=&#8221;center&#8221;][vc_empty_space][\/vc_column_inner][vc_column_inner width=&#8221;5\/6&#8243;][\/vc_column_inner][\/vc_row_inner][\/vc_column][\/vc_row]<\/p>\n<\/div>","protected":false},"excerpt":{"rendered":"<p>Maglia intima da ciclismo leggera, di qualit\u00e0 Pro Tour, nera, dal taglio universale, adatta sia a uomo che a donna. Trasporta efficacemente l&#8217;umidit\u00e0 verso l&#8217;esterno, rimanendo asciutta. Realizzata in Italia con un materiale a rete senza cuciture e propriet\u00e0 antibatteriche.  <\/p>\n<p>Il nostro obiettivo principale nella selezione dei materiali e nella realizzazione del nostro strato base senza maniche in rete era migliorare il comfort di guida in tutte le condizioni atmosferiche. Indossandolo in estate, nelle mezze stagioni o anche in inverno, ti aiuter\u00e0 sempre a rimanere asciutto trasportando l&#8217;umidit\u00e0 lontano dalla pelle e verso lo strato successivo del tuo abbigliamento. Il prodotto \u00e8 stato testato dal nostro team sulle Alpi e sui Monti Tatra.  <\/p>\n<p class=\"reasons\">Motivi per acquistare:<\/p>\n<ul>\n<li>Qualit\u00e0 Pro Tour, Made in Italy.<\/li>\n<li>Gestione superiore dell&#8217;umidit\u00e0 e comfort termico.<\/li>\n<li>Versatile vestibilit\u00e0 unisex adatta a ogni ciclista.<\/li>\n<li>Prestazioni in tutte le condizioni atmosferiche, utilizzabile tutto l&#8217;anno.<\/li>\n<\/ul>\n<p><img loading=\"lazy\" decoding=\"async\" class=\"alignnone wp-image-658 size-medium\" role=\"img\" src=\"https:\/\/nologo.cc\/wp-content\/uploads\/2023\/11\/Trustpilot-Excellent-Rating-ShortDesc.svg\" alt=\"\" width=\"300\" height=\"300\"><\/p>\n<p>Sei tra due taglie? Ti consigliamo di scegliere una taglia in meno.<br \/>\n Consulta la <a class=\"nm-lightbox\" href=\"#baselayer-size\">Guida alle taglie<\/a> . <\/p>\n<p>Valutato da clienti verificati:<\/p>\n","protected":false},"featured_media":4742,"comment_status":"open","ping_status":"closed","template":"","meta":[],"product_brand":[],"product_cat":[174],"product_tag":[],"class_list":{"0":"post-4739","1":"product","2":"type-product","3":"status-publish","4":"has-post-thumbnail","6":"product_cat-strati-di-base-per-il-ciclismo","8":"first","9":"instock","10":"taxable","11":"shipping-taxable","12":"purchasable","13":"product-type-variable"},"_links":{"self":[{"href":"https:\/\/nologo.cc\/it\/wp-json\/wp\/v2\/product\/4739","targetHints":{"allow":["GET"]}}],"collection":[{"href":"https:\/\/nologo.cc\/it\/wp-json\/wp\/v2\/product"}],"about":[{"href":"https:\/\/nologo.cc\/it\/wp-json\/wp\/v2\/types\/product"}],"replies":[{"embeddable":true,"href":"https:\/\/nologo.cc\/it\/wp-json\/wp\/v2\/comments?post=4739"}],"wp:featuredmedia":[{"embeddable":true,"href":"https:\/\/nologo.cc\/it\/wp-json\/wp\/v2\/media\/4742"}],"wp:attachment":[{"href":"https:\/\/nologo.cc\/it\/wp-json\/wp\/v2\/media?parent=4739"}],"wp:term":[{"taxonomy":"product_brand","embeddable":true,"href":"https:\/\/nologo.cc\/it\/wp-json\/wp\/v2\/product_brand?post=4739"},{"taxonomy":"product_cat","embeddable":true,"href":"https:\/\/nologo.cc\/it\/wp-json\/wp\/v2\/product_cat?post=4739"},{"taxonomy":"product_tag","embeddable":true,"href":"https:\/\/nologo.cc\/it\/wp-json\/wp\/v2\/product_tag?post=4739"}],"curies":[{"name":"wp","href":"https:\/\/api.w.org\/{rel}","templated":true}]}}