{"id":4754,"date":"2023-11-02T12:40:17","date_gmt":"2023-11-02T11:40:17","guid":{"rendered":"https:\/\/nologo.cc\/senza-categoria\/calzini-da-ciclismo-classici-rosa-cipria\/"},"modified":"2026-02-02T23:31:28","modified_gmt":"2026-02-02T22:31:28","slug":"calzini-da-ciclismo-classici-rosa-cipria","status":"publish","type":"product","link":"https:\/\/nologo.cc\/it\/calzini-da-ciclismo\/calzini-da-ciclismo-classici\/calzini-da-ciclismo-classici-rosa-cipria\/","title":{"rendered":"Calzini da Ciclismo Rosa Cipria Classici"},"content":{"rendered":"<div class=\"wpb-content-wrapper\"><p>[vc_row type=&#8221;boxed&#8221;][vc_column][vc_column_text]<\/p>\n<h2>Caratteristiche dei calzini da ciclismo rosa cipria:<\/h2>\n<p>[\/vc_column_text][vc_empty_space][\/vc_column][\/vc_row][vc_row type=&#8221;boxed&#8221;][vc_column width=&#8221;1\/2&#8243;][vc_column_text]<\/p>\n<h5>colore:<\/h5>\n<p>rosa cipria + nero <strong>senza<\/strong> logo sulle dita dei piedi <\/p>\n<h5>dimensioni:<\/h5>\n<p>36-38, 39-41, 42-44, 45-47 \n            <div class=\"nm-lightbox\" data-mfp-type=\"image\" data-mfp-src=\"https:\/\/nologo.cc\/wp-content\/uploads\/2026\/02\/1x1.png\"><a href=\"#\"><\/a>\n            <\/div>\n<h5>lunghezza polpaccio:<\/h5>\n<p>36-38: 23 +\/- 1,5cm 39-41: 25 +\/- 1,5cm 42-44: 27 +\/- 1,5cm 45-46: 29 +\/- 1,5cm<\/p>\n<p>misurato dal pavimento verso l&#8217;alto[\/vc_column_text][vc_empty_space][\/vc_column][vc_column width=&#8221;1\/2&#8243;][vc_column_text]<\/p>\n<h5>i calzini sono fatti di:<\/h5>\n<p>97% Polipropilene 3% Elastan<\/p>\n<p><a href=\"https:\/\/nologo.cc\/it\/i-migliori-tessuti-per-calze-da-ciclismo\/\">Per saperne di pi\u00f9<\/a><\/p>\n<h5>altre istruzioni:<\/h5>\n<p>Lavare in lavatrice a 30\u00b0C, Non asciugare in asciugatrice, Non stirare, Non candeggiare, Non lavare a secco[\/vc_column_text][vc_empty_space][\/vc_column][\/vc_row][vc_row equal_height=&#8221;yes&#8221; content_placement=&#8221;middle&#8221; css_animation=&#8221;none&#8221; css=&#8221;.vc_custom_1707049149494{padding-top: 0px !important;padding-right: 0px !important;padding-bottom: 0px !important;padding-left: 0px !important;background: #f3b4bc url(https:\/\/nologo.cc\/wp-content\/uploads\/2023\/11\/powder-pink-cycling-socks-bg-1.png?id=1026) !important;background-position: center !important;background-repeat: no-repeat !important;background-size: cover !important;}&#8221;][vc_column css_animation=&#8221;none&#8221;][vc_row_inner type=&#8221;boxed&#8221; content_placement=&#8221;middle&#8221;][vc_column_inner width=&#8221;1\/2&#8243;][vc_empty_space height=&#8221;22px&#8221;][vc_custom_heading text=&#8221;nologo | i calzini da ciclismo.&#8221; font_container=&#8221;tag:h2|text_align:center&#8221; use_theme_fonts=&#8221;yes&#8221;][vc_empty_space height=&#8221;22px&#8221;][vc_column_text]<\/p>\n<p style=\"text-align: justify;\">nologo \u00e8 un produttore leader di calze da ciclismo di alta qualit\u00e0, rinomato per tessuti di qualit\u00e0 eccezionale, design eleganti e prestazioni senza pari. I nostri design minimalisti e monocromatici trasudano raffinatezza e stile, mentre i nostri prodotti realizzati al 100% nell&#8217;UE sono costruiti per durare e resistere a qualsiasi condizione atmosferica. Dalle estenuanti sessioni di allenamento alle intense competizioni di corsa e alle epiche avventure in bici, le nostre calze sono state messe alla prova da ciclisti di tutto il mondo e hanno costantemente offerto comfort, supporto e durata superiori. Prova la differenza con le calze da ciclismo nologo: la scelta definitiva per ciclisti esigenti che pretendono il meglio.   <\/p>\n<p>[\/vc_column_text][vc_empty_space]\r\n\t\t\t<div class=\"nm_btn_align_center\">\r\n\t\t\t\t<a href=\"https:\/\/nologo.cc\/the-yarn-of-nologo-cycling-socks\/\" class=\"nm_btn nm_btn_lg nm_btn_border_rounded\" title=\"The yarn of nologo cycling socks\" style=\"color:#0a0a0a;\">\r\n\t\t\t\t\t<span class=\"nm_btn_title\">Scopri di pi\u00f9 sul nostro filato<\/span>\r\n\t\t\t\t\t<span class=\"nm_btn_bg\"><\/span>\r\n\t\t\t\t<\/a>\r\n\t\t\t<\/div>[\/vc_column_inner][vc_column_inner width=&#8221;1\/2&#8243;][vc_single_image image=&#8221;4871&#8243; img_size=&#8221;480&#215;720&#8243; alignment=&#8221;right&#8221;][\/vc_column_inner][\/vc_row_inner][\/vc_column][\/vc_row][vc_row type=&#8221;boxed&#8221;][vc_column][vc_empty_space][vc_column_text]<\/p>\n<h2>Calzini da ciclismo classici rosa cipria<\/h2>\n<p><span class=\"VIiyi\" lang=\"en\"><span class=\"JLqJ4b ChMk0b\" data-language-for-alternatives=\"en\" data-language-to-translate-into=\"pl\" data-phrase-index=\"0\">Il rosa non appartiene alla famiglia dei colori primari poich\u00e9 si ottiene combinando due colori: il bianco e il rosso.<\/span> <span class=\"JLqJ4b ChMk0b\" data-language-for-alternatives=\"en\" data-language-to-translate-into=\"pl\" data-phrase-index=\"1\">Come il rosso, \u00e8 associato ai romantici e all&#8217;amore.<\/span> <span class=\"JLqJ4b ChMk0b\" data-language-for-alternatives=\"en\" data-language-to-translate-into=\"pl\" data-phrase-index=\"2\">La chiara connotazione che allontana molti uomini dal rosa \u00e8 il suo essere una tinta femminile.<\/span> <span class=\"JLqJ4b ChMk0b\" data-language-for-alternatives=\"en\" data-language-to-translate-into=\"pl\" data-phrase-index=\"3\">Il rosa \u00e8 il colore dell&#8217;esterno femminile, per il quale il blu \u00e8 il contrappunto maschile. Non \u00e8 vero, tuttavia, che il rosa sia sempre appartenuto alle bambine e il blu ai bambini. <\/span><\/span><\/p>\n<p><span class=\"VIiyi\" lang=\"en\"><span class=\"JLqJ4b ChMk0b\" data-language-for-alternatives=\"en\" data-language-to-translate-into=\"pl\" data-phrase-index=\"3\">Pu\u00f2 sembrare molto sorprendente, ma fino all&#8217;inizio del XX secolo, il rosa come colore energetico era assegnato ai ragazzi e il blu, associato alla delicatezza, alle ragazze. La ricerca psicologica che confermava l&#8217;effetto positivo del rosso e del rosa sulle donne e il loro utilizzo nel marketing ha portato a uno scambio di posizioni e il rosa \u00e8 stato assegnato alle ragazze. La massima espressione di questa svolta \u00e8 stato l&#8217;uso diffuso del rosa sulla maggior parte dei giocattoli per bambine, comprese le bambole Barbie pi\u00f9 iconiche realizzate negli anni &#8217;60.    <\/span><\/span><\/p>\n<p><span class=\"VIiyi\" lang=\"en\"><span class=\"JLqJ4b ChMk0b\" data-language-for-alternatives=\"en\" data-language-to-translate-into=\"pl\" data-phrase-index=\"0\">I nostri calzini rosa sono realizzati nella tonalit\u00e0 pi\u00f9 interessante del rosa cipria.<\/span> <span class=\"JLqJ4b ChMk0b\" data-language-for-alternatives=\"en\" data-language-to-translate-into=\"pl\" data-phrase-index=\"1\">\u00c8 una tonalit\u00e0 che con la sua delicatezza attrae gli sguardi sia delle donne che degli uomini.<\/span> <span class=\"JLqJ4b ChMk0b\" data-language-for-alternatives=\"en\" data-language-to-translate-into=\"pl\" data-phrase-index=\"2\">Si sposa perfettamente con il bianco, rappresentando un&#8217;ottima aggiunta agli elementi desaturati degli abiti.<\/span> <span class=\"JLqJ4b ChMk0b\" data-language-for-alternatives=\"en\" data-language-to-translate-into=\"pl\" data-phrase-index=\"3\">Il nostro set preferito \u00e8 composto da scarpe nere, calzini da ciclista rosa, pettorine nere e maglia bianca.  <\/span><\/span><\/p>\n<p>Leggi di pi\u00f9 i nostri consigli su <a href=\"https:\/\/nologo.cc\/it\/5-consigli-su-come-scegliere-i-calzini-da-ciclismo\/\">come scegliere i calzini da ciclismo<\/a> . Indossali con: bordeaux, nero, bianco, \u00e9cru<br \/>\n Prova a lavare con i colori[\/vc_column_text][\/vc_column][\/vc_row][vc_row equal_height=&#8221;yes&#8221; content_placement=&#8221;middle&#8221; el_class=&#8221;displaynone&#8221;][vc_column][vc_row_inner content_placement=&#8221;middle&#8221; css=&#8221;.vc_custom_1708282480444{padding-top: 36px !important;padding-bottom: 36px !important;background-color: #ffffff !important;}&#8221; el_id=&#8221;classic-size&#8221;][vc_column_inner width=&#8221;1\/6&#8243;][vc_empty_space][vc_single_image image=&#8221;5336&#8243; img_size=&#8221;full&#8221; alignment=&#8221;center&#8221;][vc_empty_space][\/vc_column_inner][vc_column_inner width=&#8221;5\/6&#8243;][vc_raw_html]PGRpdiBjbGFzcz0iZGl2VGFibGUiPgo8ZGl2IGNsYXNzPSJkaXZUYWJsZUhlYWRpbmciPgo8ZGl2IGNsYXNzPSJkaXZUYWJsZVJvdyI+CjxkaXYgY2xhc3M9ImRpdlRhYmxlSGVhZCI+IDwvZGl2Pgo8ZGl2IGNsYXNzPSJkaXZUYWJsZUhlYWQiPlRhZ2xpYSBYUzwvZGl2Pgo8ZGl2IGNsYXNzPSJkaXZUYWJsZUhlYWQiPlM8L2Rpdj4KPGRpdiBjbGFzcz0iZGl2VGFibGVIZWFkIj5NPC9kaXY+CjxkaXYgY2xhc3M9ImRpdlRhYmxlSGVhZCI+TDwvZGl2Pgo8L2Rpdj4KPC9kaXY+CjxkaXYgY2xhc3M9ImRpdlRhYmxlQm9keSI+CjxkaXYgY2xhc3M9ImRpdlRhYmxlUm93Ij4KPGRpdiBjbGFzcz0iZGl2VGFibGVDZWxsSGVhZCI+VW5pb25lIEV1cm9wZWE8L2Rpdj4KPGRpdiBjbGFzcz0iZGl2VGFibGVDZWxsIj4zNiAtIDM4PC9kaXY+CjxkaXYgY2xhc3M9ImRpdlRhYmxlQ2VsbCI+MzkgLSA0MTwvZGl2Pgo8ZGl2IGNsYXNzPSJkaXZUYWJsZUNlbGwiPjQyIC0gNDQ8L2Rpdj4KPGRpdiBjbGFzcz0iZGl2VGFibGVDZWxsIj40NSAtIDQ3PC9kaXY+CjwvZGl2Pgo8ZGl2IGNsYXNzPSJkaXZUYWJsZVJvdyI+CjxkaXYgY2xhc3M9ImRpdlRhYmxlQ2VsbEhlYWQiPkNNPC9kaXY+CjxkaXYgY2xhc3M9ImRpdlRhYmxlQ2VsbCI+MjMgLSAyNC41PC9kaXY+CjxkaXYgY2xhc3M9ImRpdlRhYmxlQ2VsbCI+MjUgLSAyNi41PC9kaXY+CjxkaXYgY2xhc3M9ImRpdlRhYmxlQ2VsbCI+MjcgLSAyOC41PC9kaXY+CjxkaXYgY2xhc3M9ImRpdlRhYmxlQ2VsbCI+MjkgLSAzMC41PC9kaXY+CjwvZGl2Pgo8ZGl2IGNsYXNzPSJkaXZUYWJsZVJvdyI+CjxkaXYgY2xhc3M9ImRpdlRhYmxlQ2VsbEhlYWQiPlJlZ25vIFVuaXRvPC9kaXY+CjxkaXYgY2xhc3M9ImRpdlRhYmxlQ2VsbCI+My41IC0gNS41PC9kaXY+CjxkaXYgY2xhc3M9ImRpdlRhYmxlQ2VsbCI+NiAtIDcuNTwvZGl2Pgo8ZGl2IGNsYXNzPSJkaXZUYWJsZUNlbGwiPjggLSA5LjU8L2Rpdj4KPGRpdiBjbGFzcz0iZGl2VGFibGVDZWxsIj4xMCAtIDExLjU8L2Rpdj4KPC9kaXY+CjxkaXYgY2xhc3M9ImRpdlRhYmxlUm93Ij4KPGRpdiBjbGFzcz0iZGl2VGFibGVDZWxsSGVhZCI+RG9ubmUgc3RhdHVuaXRlbnNpPC9kaXY+CjxkaXYgY2xhc3M9ImRpdlRhYmxlQ2VsbCI+NS41IC0gNy41PC9kaXY+CjxkaXYgY2xhc3M9ImRpdlRhYmxlQ2VsbCI+OCAtIDkuNTwvZGl2Pgo8ZGl2IGNsYXNzPSJkaXZUYWJsZUNlbGwiPjEwIC0gMTEuNTwvZGl2Pgo8ZGl2IGNsYXNzPSJkaXZUYWJsZUNlbGwiPjEyIC0gMTMuNTwvZGl2Pgo8L2Rpdj4KPGRpdiBjbGFzcz0iZGl2VGFibGVSb3ciPgo8ZGl2IGNsYXNzPSJkaXZUYWJsZUNlbGxIZWFkIj5VT01JTkkgREVHTEkgU1RBVEkgVU5JVEk8L2Rpdj4KPGRpdiBjbGFzcz0iZGl2VGFibGVDZWxsIj4zLjUgLSA1LjU8L2Rpdj4KPGRpdiBjbGFzcz0iZGl2VGFibGVDZWxsIj42IC0gNy41PC9kaXY+CjxkaXYgY2xhc3M9ImRpdlRhYmxlQ2VsbCI+OCAtIDkuNTwvZGl2Pgo8ZGl2IGNsYXNzPSJkaXZUYWJsZUNlbGwiPjEwIC0gMTEuNTwvZGl2Pgo8L2Rpdj4KPGRpdiBjbGFzcz0iZGl2VGFibGVSb3ciPgo8ZGl2IGNsYXNzPSJkaXZUYWJsZUNlbGxIZWFkIj5BTFRFWlpBPC9kaXY+CjxkaXYgY2xhc3M9ImRpdlRhYmxlQ2VsbCI+MjMgKy8tIDEsNWNtPC9kaXY+CjxkaXYgY2xhc3M9ImRpdlRhYmxlQ2VsbCI+MjUgKy8tIDEsNWNtPC9kaXY+CjxkaXYgY2xhc3M9ImRpdlRhYmxlQ2VsbCI+MjcgKy8tIDEsNWNtPC9kaXY+CjxkaXYgY2xhc3M9ImRpdlRhYmxlQ2VsbCI+MjkgKy8tIDEsNWNtPC9kaXY+CjwvZGl2Pgo8L2Rpdj4KPC9kaXY+[\/vc_raw_html][\/vc_column_inner][\/vc_row_inner][\/vc_column][\/vc_row]<\/p>\n<\/div>","protected":false},"excerpt":{"rendered":"<p>Ideali per climi caldi o molto caldi, i nostri calzini da ciclismo rosa cipria eccellono in traspirabilit\u00e0 e durata. La struttura in mesh nella parte superiore e il tessuto ad alta densit\u00e0 nel plantare assicurano prestazioni ottimali. Progettati con precisione per il comfort sulle lunghe distanze, i calzini classici nologo presentano cuciture piatte e utilizzano <a href=\"\/the-best-fabrics-for-cycling-socks\/\">filato di alta qualit\u00e0<\/a> che \u00e8 due volte pi\u00f9 leggero del cotone, migliorando la gestione dell&#8217;umidit\u00e0 per una pedalata deliziosamente fluida.  <\/p>\n<p class=\"reasons\">Motivi per acquistare:<\/p>\n<ul>\n<li>Progettato per la tua massima soddisfazione<\/li>\n<li>Ottima traspirabilit\u00e0 garantita dal tessuto pi\u00f9 pregiato<\/li>\n<li>Resistenza e longevit\u00e0 comprovate dai clienti<\/li>\n<li>Stile senza tempo &#8211; il design minimale di nologo<\/li>\n<\/ul>\n<p><img loading=\"lazy\" decoding=\"async\" class=\"alignnone wp-image-658 size-medium\" role=\"img\" src=\"https:\/\/nologo.cc\/wp-content\/uploads\/2023\/11\/Trustpilot-Excellent-Rating-ShortDesc.svg\" alt=\"\" width=\"300\" height=\"300\"><\/p>\n<p>Sei a met\u00e0 tra due taglie? Ti consigliamo di prendere una taglia in meno.<br \/>\n Consulta la <a class=\"nm-lightbox\" href=\"\">Guida alle taglie<\/a> . Valutato da clienti verificati: <\/p>\n","protected":false},"featured_media":4771,"comment_status":"open","ping_status":"closed","template":"","meta":[],"product_brand":[],"product_cat":[197],"product_tag":[],"class_list":{"0":"post-4754","1":"product","2":"type-product","3":"status-publish","4":"has-post-thumbnail","6":"product_cat-calzini-da-ciclismo-classici","8":"first","9":"instock","10":"taxable","11":"shipping-taxable","12":"purchasable","13":"product-type-variable"},"_links":{"self":[{"href":"https:\/\/nologo.cc\/it\/wp-json\/wp\/v2\/product\/4754","targetHints":{"allow":["GET"]}}],"collection":[{"href":"https:\/\/nologo.cc\/it\/wp-json\/wp\/v2\/product"}],"about":[{"href":"https:\/\/nologo.cc\/it\/wp-json\/wp\/v2\/types\/product"}],"replies":[{"embeddable":true,"href":"https:\/\/nologo.cc\/it\/wp-json\/wp\/v2\/comments?post=4754"}],"wp:featuredmedia":[{"embeddable":true,"href":"https:\/\/nologo.cc\/it\/wp-json\/wp\/v2\/media\/4771"}],"wp:attachment":[{"href":"https:\/\/nologo.cc\/it\/wp-json\/wp\/v2\/media?parent=4754"}],"wp:term":[{"taxonomy":"product_brand","embeddable":true,"href":"https:\/\/nologo.cc\/it\/wp-json\/wp\/v2\/product_brand?post=4754"},{"taxonomy":"product_cat","embeddable":true,"href":"https:\/\/nologo.cc\/it\/wp-json\/wp\/v2\/product_cat?post=4754"},{"taxonomy":"product_tag","embeddable":true,"href":"https:\/\/nologo.cc\/it\/wp-json\/wp\/v2\/product_tag?post=4754"}],"curies":[{"name":"wp","href":"https:\/\/api.w.org\/{rel}","templated":true}]}}