{"id":4825,"date":"2023-11-02T12:51:12","date_gmt":"2023-11-02T12:51:12","guid":{"rendered":"https:\/\/nologo.cc\/senza-categoria\/maglia-bianca-senza-maniche-da-ciclismo-in-base-layer\/"},"modified":"2026-02-28T10:50:32","modified_gmt":"2026-02-28T09:50:32","slug":"maglia-bianca-senza-maniche-da-ciclismo-in-base-layer","status":"publish","type":"product","link":"https:\/\/nologo.cc\/it\/accessori\/strati-di-base-per-il-ciclismo\/maglia-bianca-senza-maniche-da-ciclismo-in-base-layer\/","title":{"rendered":"Canotta Intima da Ciclismo in Rete Bianca"},"content":{"rendered":"<div class=\"wpb-content-wrapper\"><p>[vc_row][vc_column][vc_column_text]<\/p>\n<h2>Attributi degli strati di base per ciclismo nologo:<\/h2>\n<p>[\/vc_column_text][vc_empty_space][\/vc_column][\/vc_row][vc_row][vc_column width=&#8221;1\/2&#8243;][vc_column_text]<\/p>\n<h5>colore:<\/h5>\n<p>tutto bianco + nero  <strong>nessun<\/strong> logo sul petto<\/p>\n<h5>dimensioni:<\/h5>\n<p>Taglie dalla XXS alla XS, SM, L alla XL  <strong>\n            <div class=\"nm-lightbox\" data-mfp-type=\"image\" data-mfp-src=\"https:\/\/nologo.cc\/wp-content\/uploads\/2026\/02\/1x1.png\"><a href=\"#\"><\/a>\n            <\/div><\/strong>[\/vc_column_text][vc_empty_space][vc_empty_space][\/vc_column][vc_column width=&#8221;1\/2&#8243;][vc_column_text]<\/p>\n<h5>gli strati di base sono costituiti da:<\/h5>\n<p>55% polipropilene<br \/>\n33% Poliammide<br \/>\n8% elastan<br \/>\nResistex al 4% di carbonio<\/p>\n<h5>altre istruzioni:<\/h5>\n<p>Lavare in lavatrice a 30\u00b0C, Non asciugare in asciugatrice, Non stirare, Non candeggiare, Non lavare a secco[\/vc_column_text][vc_empty_space][\/vc_column][\/vc_row][vc_row][vc_column][vc_column_text]<\/p>\n<h2>Quali sono i vantaggi di indossare uno strato di base per il ciclismo?<\/h2>\n<p>Scopri i molteplici vantaggi offerti da questo elemento essenziale dell&#8217;equipaggiamento da ciclismo.<\/p>\n<p>Nelle giornate pi\u00f9 afose, aggiungere uno strato aggiuntivo potrebbe sembrare controintuitivo. Eppure, l&#8217;essenza di uno strato di base non sta nell&#8217;aggiungere volume, ma nella gestione dell&#8217;umidit\u00e0. Questo assicura che la pelle rimanga libera dal contatto con il tessuto umido, migliorando significativamente il comfort e il piacere durante l&#8217;uscita. Inoltre, il design a rete del nostro strato di base previene il surriscaldamento, favorendo la traspirabilit\u00e0 e permettendo alla pelle di respirare liberamente.   <\/p>\n<p>Un&#8217;altra caratteristica fondamentale di questo capo \u00e8 la regolazione della temperatura. Nelle condizioni pi\u00f9 fredde, funge da barriera contro il freddo, offrendo una protezione extra e mantenendo un confortevole equilibrio termico. <\/p>\n<p>La terza caratteristica distintiva \u00e8 la sua adattabilit\u00e0 al corpo. Realizzato in un materiale elasticizzato in quattro direzioni con struttura senza cuciture e finiture piatte, lo strato di base da ciclismo bianco nologo offre una vestibilit\u00e0 perfetta, eliminando qualsiasi fastidio durante la pedalata. <\/p>\n<p>In sintesi, uno strato di base \u00e8 indispensabile nel guardaroba di un ciclista. Il nostro modello senza maniche, progettato pensando alla traspirabilit\u00e0, garantisce una qualit\u00e0 di fabbricazione superiore e le eccezionali propriet\u00e0 tecniche dei materiali di alta gamma. <\/p>\n<h2>strato di base da ciclismo bianco nologo: un miglioramento significativo del comfort di guida<\/h2>\n<p>Lo strato di base senza maniche bianco nologo \u00e8 l&#8217;aggiornamento di cui il tuo kit da ciclismo ha bisogno per un comfort migliorato. Riconosciuto come uno degli elementi principali dell&#8217;intimo da ciclismo, agisce come una seconda pelle, allontanando efficacemente l&#8217;umidit\u00e0 e mantenendo il corpo asciutto in condizioni calde. La traspirabilit\u00e0 del capo aiuta a regolare la temperatura corporea, prevenendo il surriscaldamento durante le pedalate intense. Con lo strato di base da ciclismo bianco nologo, il disagio delle maglie inzuppate di sudore diventa un ricordo del passato, aprendo la strada a un&#8217;esperienza di ciclismo pi\u00f9 piacevole e concentrata. Adatto sia ai principianti che ai ciclisti esperti, questo intimo \u00e8 trasformativo in termini di prestazioni e soddisfazione generale.    <\/p>\n<h2>Maglia intima da ciclismo bianca per un look fresco e pulito con qualsiasi maglia<\/h2>\n<p>Esalta il tuo stile ciclistico con il nostro strato di base da ciclismo bianco nologo. Abbinalo a qualsiasi maglia per un look fresco e pulito sulla strada. Lo strato di base bianco si abbina senza sforzo sia alle maglie chiare che a quelle scure, migliorando il tuo quoziente di stile. Inoltre, per coloro che preferiscono opzioni pi\u00f9 scure, \u00e8 disponibile anche il nostro strato di base nero, che offre la stessa alta qualit\u00e0 e le stesse prestazioni.[\/vc_column_text][\/vc_column][\/vc_row][vc_row][vc_column][vc_empty_space height=&#8221;47px&#8221;][vc_single_image image=&#8221;398003&#8243; img_size=&#8221;full&#8221; alignment=&#8221;center&#8221;][vc_empty_space height=&#8221;47px&#8221;][vc_single_image image=&#8221;397997&#8243; img_size=&#8221;full&#8221; alignment=&#8221;center&#8221;][vc_empty_space height=&#8221;47px&#8221;][\/vc_column][\/vc_row][vc_row el_class=&#8221;displaynone&#8221;][vc_column][vc_row_inner content_placement=&#8221;middle&#8221; el_id=&#8221;baselayer-size&#8221; css=&#8221;.vc_custom_1708284321605{padding-top: 32px !important;padding-bottom: 32px !important;background-color: #ffffff !important;}&#8221;][vc_column_inner width=&#8221;1\/6&#8243;][vc_empty_space][vc_single_image image=&#8221;5339&#8243; img_size=&#8221;full&#8221; alignment=&#8221;center&#8221;][vc_empty_space][\/vc_column_inner][vc_column_inner width=&#8221;5\/6&#8243;][\/vc_column_inner][\/vc_row_inner][\/vc_column][\/vc_row]<\/p>\n<\/div>","protected":false},"excerpt":{"rendered":"<p>Maglia intima da ciclismo leggera, di qualit\u00e0 professionale, bianca, dal taglio universale, adatta sia a uomo che a donna. Trasporta efficacemente l&#8217;umidit\u00e0 verso l&#8217;esterno, rimanendo asciutta. Realizzata in Italia con un materiale a rete senza cuciture e propriet\u00e0 antibatteriche.  <\/p>\n<p>Il nostro obiettivo principale nella selezione dei materiali e nella realizzazione del nostro strato base senza maniche in rete era migliorare il comfort di guida in tutte le condizioni atmosferiche. Indossandolo in estate, nelle mezze stagioni o anche in inverno, ti aiuter\u00e0 sempre a rimanere asciutto trasportando l&#8217;umidit\u00e0 lontano dalla pelle e verso lo strato successivo del tuo abbigliamento. Il prodotto \u00e8 stato testato dal nostro team sulle Alpi e sui Monti Tatra.  <\/p>\n<p class=\"reasons\">Motivi per acquistare:<\/p>\n<ul>\n<li>Qualit\u00e0 Pro Tour, Made in Italy.<\/li>\n<li>Gestione superiore dell&#8217;umidit\u00e0 e comfort termico.<\/li>\n<li>Versatile vestibilit\u00e0 unisex adatta a ogni ciclista.<\/li>\n<li>Prestazioni in tutte le condizioni atmosferiche, utilizzabile tutto l&#8217;anno.<\/li>\n<\/ul>\n<p><img loading=\"lazy\" decoding=\"async\" class=\"alignnone wp-image-658 size-medium\" role=\"img\" src=\"https:\/\/nologo.cc\/wp-content\/uploads\/2023\/11\/Trustpilot-Excellent-Rating-ShortDesc.svg\" alt=\"\" width=\"300\" height=\"300\"><\/p>\n<p>Sei tra due taglie? Ti consigliamo di scegliere una taglia in meno.<br \/>\n Consulta la <a class=\"nm-lightbox\" href=\"#baselayer-size\">Guida alle taglie<\/a> . <\/p>\n<p>Valutato da clienti verificati:<\/p>\n","protected":false},"featured_media":4878,"comment_status":"open","ping_status":"closed","template":"","meta":[],"product_brand":[],"product_cat":[174],"product_tag":[],"class_list":{"0":"post-4825","1":"product","2":"type-product","3":"status-publish","4":"has-post-thumbnail","6":"product_cat-strati-di-base-per-il-ciclismo","8":"first","9":"instock","10":"taxable","11":"shipping-taxable","12":"purchasable","13":"product-type-variable"},"_links":{"self":[{"href":"https:\/\/nologo.cc\/it\/wp-json\/wp\/v2\/product\/4825","targetHints":{"allow":["GET"]}}],"collection":[{"href":"https:\/\/nologo.cc\/it\/wp-json\/wp\/v2\/product"}],"about":[{"href":"https:\/\/nologo.cc\/it\/wp-json\/wp\/v2\/types\/product"}],"replies":[{"embeddable":true,"href":"https:\/\/nologo.cc\/it\/wp-json\/wp\/v2\/comments?post=4825"}],"wp:featuredmedia":[{"embeddable":true,"href":"https:\/\/nologo.cc\/it\/wp-json\/wp\/v2\/media\/4878"}],"wp:attachment":[{"href":"https:\/\/nologo.cc\/it\/wp-json\/wp\/v2\/media?parent=4825"}],"wp:term":[{"taxonomy":"product_brand","embeddable":true,"href":"https:\/\/nologo.cc\/it\/wp-json\/wp\/v2\/product_brand?post=4825"},{"taxonomy":"product_cat","embeddable":true,"href":"https:\/\/nologo.cc\/it\/wp-json\/wp\/v2\/product_cat?post=4825"},{"taxonomy":"product_tag","embeddable":true,"href":"https:\/\/nologo.cc\/it\/wp-json\/wp\/v2\/product_tag?post=4825"}],"curies":[{"name":"wp","href":"https:\/\/api.w.org\/{rel}","templated":true}]}}