{"id":5081,"date":"2023-11-02T13:00:07","date_gmt":"2023-11-02T12:00:07","guid":{"rendered":"https:\/\/nologo.cc\/senza-categoria\/calzini-da-ciclismo-classici-grigio-scuro\/"},"modified":"2025-11-24T23:19:19","modified_gmt":"2025-11-24T22:19:19","slug":"calzini-da-ciclismo-classici-grigio-scuro","status":"publish","type":"product","link":"https:\/\/nologo.cc\/it\/calzini-da-ciclismo\/calzini-da-ciclismo-classici\/calzini-da-ciclismo-classici-grigio-scuro\/","title":{"rendered":"Calzini da Ciclismo Grigio Scuro Classici"},"content":{"rendered":"<div class=\"wpb-content-wrapper\"><p>[vc_row][vc_column][vc_column_text]<\/p>\n<h2>Caratteristiche dei calzini da ciclismo classici grigio scuro:<\/h2>\n<p>[\/vc_column_text][vc_empty_space][\/vc_column][\/vc_row][vc_row css=&#8221;.vc_custom_1706468394360{padding-bottom: 20px !important;}&#8221;][vc_column width=&#8221;1\/2&#8243;][vc_column_text]<\/p>\n<h5>colore:<\/h5>\n<p>grigio scuro + bianco <strong>senza<\/strong> logo sulle dita dei piedi <\/p>\n<h5>dimensioni:<\/h5>\n<p>36-38, 39-41, 42-44, 45-47 \n            <div class=\"nm-lightbox\" data-mfp-type=\"image\" data-mfp-src=\"https:\/\/nologo.cc\/wp-content\/uploads\/2026\/02\/1x1.png\"><a href=\"#\"><\/a>\n            <\/div>\n<h5>lunghezza polpaccio:<\/h5>\n<p>36-38: 23 +\/- 1,5cm 39-41: 25 +\/- 1,5cm 42-44: 27 +\/- 1,5cm 45-47: 29 +\/- 1,5cm<\/p>\n<p>misurato dal pavimento verso l&#8217;alto[\/vc_column_text][vc_empty_space][\/vc_column][vc_column width=&#8221;1\/2&#8243;][vc_column_text]<\/p>\n<h5>i calzini sono fatti di:<\/h5>\n<p>97% Polipropilene 3% Elastan<\/p>\n<p><a href=\"https:\/\/nologo.cc\/it\/i-migliori-tessuti-per-calze-da-ciclismo\/\">Per saperne di pi\u00f9<\/a><\/p>\n<h5>altre istruzioni:<\/h5>\n<p>Lavare in lavatrice a 30\u00b0C, Non asciugare in asciugatrice, Non stirare, Non candeggiare, Non lavare a secco[\/vc_column_text][vc_empty_space][\/vc_column][\/vc_row][vc_row equal_height=&#8221;yes&#8221; content_placement=&#8221;middle&#8221;][vc_column width=&#8221;1\/4&#8243; css=&#8221;.vc_custom_1610106215999{padding-bottom: 20px !important;}&#8221;][vc_single_image image=&#8221;5688&#8243; img_size=&#8221;full&#8221;][\/vc_column][vc_column width=&#8221;1\/4&#8243; css=&#8221;.vc_custom_1610106228659{padding-bottom: 20px !important;}&#8221;][vc_single_image image=&#8221;5689&#8243; img_size=&#8221;full&#8221;][\/vc_column][vc_column width=&#8221;1\/2&#8243;][vc_column_text]<\/p>\n<div class=\"product-page-feature-icons-container\"><img loading=\"lazy\" decoding=\"async\" class=\"product-page-feature-icon\" role=\"img\" src=\"https:\/\/nologo.cc\/wp-content\/uploads\/2023\/11\/perfect-fit.svg\" alt=\"\" width=\"300\" height=\"300\"><br \/>\n<img loading=\"lazy\" decoding=\"async\" class=\"product-page-feature-icon\" role=\"img\" src=\"https:\/\/nologo.cc\/wp-content\/uploads\/2023\/11\/moisture-wicking.svg\" alt=\"\" width=\"300\" height=\"300\"><br \/>\n<img loading=\"lazy\" decoding=\"async\" class=\"product-page-feature-icon\" role=\"img\" src=\"https:\/\/nologo.cc\/wp-content\/uploads\/2023\/11\/light-weight.svg\" alt=\"\" width=\"300\" height=\"300\"><br \/>\n<img loading=\"lazy\" decoding=\"async\" class=\"product-page-feature-icon\" role=\"img\" src=\"https:\/\/nologo.cc\/wp-content\/uploads\/2023\/11\/fast-drying.svg\" alt=\"\" width=\"300\" height=\"300\"><br \/>\n<img loading=\"lazy\" decoding=\"async\" class=\"product-page-feature-icon\" role=\"img\" src=\"https:\/\/nologo.cc\/wp-content\/uploads\/2023\/11\/efficient-cooling.svg\" alt=\"\" width=\"300\" height=\"300\"><\/div>\n<p>[\/vc_column_text][\/vc_column][\/vc_row][vc_row][vc_column][vc_empty_space][vc_column_text]<\/p>\n<h2>Calzini da ciclismo grigio scuro: eleganza neutra, ma un po&#8217; pi\u00f9 scura<\/h2>\n<p>I calzini da ciclismo grigio scuro sono l&#8217;ultima aggiunta alla nostra collezione di calzini da ciclismo classici. Sono un&#8217;aggiunta tanto attesa alla parte acromatica della nostra collezione. I calzini da ciclismo grigio scuro o grafite rappresentano la tonalit\u00e0 elegante e misteriosa, e allo stesso tempo calda e rilassante. \u00c8 un vero successo delle ultime stagioni. Il colore grafite si riferisce al colore naturale della grafite, che \u00e8 un tipo di carbone. La grafite \u00e8 una forma di carbonio e in greco &#8220;graphein&#8221; significa &#8220;scrivere&#8221;. Tradizionalmente, viene utilizzata per trasferire la parola pronunciata sulla carta e si trova in ogni matita. \u00c8 una tonalit\u00e0 di grigio molto scura, calda, vicina al nero, ma comunque pi\u00f9 chiara. Pu\u00f2 essere un&#8217;ottima alternativa al nero e, come il nero, non passer\u00e0 mai di moda. Leggi di pi\u00f9 sui nostri consigli su <a href=\"https:\/\/nologo.cc\/it\/5-consigli-su-come-scegliere-i-calzini-da-ciclismo\/\">come scegliere i calzini da ciclismo<\/a> . Indossali con: praticamente tutti i colori, neri, bianchi<br \/>\n Per mantenere la tonalit\u00e0 perfetta, prova a lavare i tessuti scuri.[\/vc_column_text][\/vc_column][\/vc_row][vc_row equal_height=&#8221;yes&#8221; content_placement=&#8221;middle&#8221; el_class=&#8221;displaynone&#8221;][vc_column][vc_row_inner content_placement=&#8221;middle&#8221; css=&#8221;.vc_custom_1708282480444{padding-top: 36px !important;padding-bottom: 36px !important;background-color: #ffffff !important;}&#8221; el_id=&#8221;classic-size&#8221;][vc_column_inner width=&#8221;1\/6&#8243;][vc_empty_space][vc_single_image image=&#8221;5336&#8243; img_size=&#8221;full&#8221; alignment=&#8221;center&#8221;][vc_empty_space][\/vc_column_inner][vc_column_inner width=&#8221;5\/6&#8243;][vc_raw_html]PGRpdiBjbGFzcz0iZGl2VGFibGUiPgo8ZGl2IGNsYXNzPSJkaXZUYWJsZUhlYWRpbmciPgo8ZGl2IGNsYXNzPSJkaXZUYWJsZVJvdyI+CjxkaXYgY2xhc3M9ImRpdlRhYmxlSGVhZCI+IDwvZGl2Pgo8ZGl2IGNsYXNzPSJkaXZUYWJsZUhlYWQiPlRhZ2xpYSBYUzwvZGl2Pgo8ZGl2IGNsYXNzPSJkaXZUYWJsZUhlYWQiPlM8L2Rpdj4KPGRpdiBjbGFzcz0iZGl2VGFibGVIZWFkIj5NPC9kaXY+CjxkaXYgY2xhc3M9ImRpdlRhYmxlSGVhZCI+TDwvZGl2Pgo8L2Rpdj4KPC9kaXY+CjxkaXYgY2xhc3M9ImRpdlRhYmxlQm9keSI+CjxkaXYgY2xhc3M9ImRpdlRhYmxlUm93Ij4KPGRpdiBjbGFzcz0iZGl2VGFibGVDZWxsSGVhZCI+VW5pb25lIEV1cm9wZWE8L2Rpdj4KPGRpdiBjbGFzcz0iZGl2VGFibGVDZWxsIj4zNiAtIDM4PC9kaXY+CjxkaXYgY2xhc3M9ImRpdlRhYmxlQ2VsbCI+MzkgLSA0MTwvZGl2Pgo8ZGl2IGNsYXNzPSJkaXZUYWJsZUNlbGwiPjQyIC0gNDQ8L2Rpdj4KPGRpdiBjbGFzcz0iZGl2VGFibGVDZWxsIj40NSAtIDQ3PC9kaXY+CjwvZGl2Pgo8ZGl2IGNsYXNzPSJkaXZUYWJsZVJvdyI+CjxkaXYgY2xhc3M9ImRpdlRhYmxlQ2VsbEhlYWQiPkNNPC9kaXY+CjxkaXYgY2xhc3M9ImRpdlRhYmxlQ2VsbCI+MjMgLSAyNC41PC9kaXY+CjxkaXYgY2xhc3M9ImRpdlRhYmxlQ2VsbCI+MjUgLSAyNi41PC9kaXY+CjxkaXYgY2xhc3M9ImRpdlRhYmxlQ2VsbCI+MjcgLSAyOC41PC9kaXY+CjxkaXYgY2xhc3M9ImRpdlRhYmxlQ2VsbCI+MjkgLSAzMC41PC9kaXY+CjwvZGl2Pgo8ZGl2IGNsYXNzPSJkaXZUYWJsZVJvdyI+CjxkaXYgY2xhc3M9ImRpdlRhYmxlQ2VsbEhlYWQiPlJlZ25vIFVuaXRvPC9kaXY+CjxkaXYgY2xhc3M9ImRpdlRhYmxlQ2VsbCI+My41IC0gNS41PC9kaXY+CjxkaXYgY2xhc3M9ImRpdlRhYmxlQ2VsbCI+NiAtIDcuNTwvZGl2Pgo8ZGl2IGNsYXNzPSJkaXZUYWJsZUNlbGwiPjggLSA5LjU8L2Rpdj4KPGRpdiBjbGFzcz0iZGl2VGFibGVDZWxsIj4xMCAtIDExLjU8L2Rpdj4KPC9kaXY+CjxkaXYgY2xhc3M9ImRpdlRhYmxlUm93Ij4KPGRpdiBjbGFzcz0iZGl2VGFibGVDZWxsSGVhZCI+RG9ubmUgc3RhdHVuaXRlbnNpPC9kaXY+CjxkaXYgY2xhc3M9ImRpdlRhYmxlQ2VsbCI+NS41IC0gNy41PC9kaXY+CjxkaXYgY2xhc3M9ImRpdlRhYmxlQ2VsbCI+OCAtIDkuNTwvZGl2Pgo8ZGl2IGNsYXNzPSJkaXZUYWJsZUNlbGwiPjEwIC0gMTEuNTwvZGl2Pgo8ZGl2IGNsYXNzPSJkaXZUYWJsZUNlbGwiPjEyIC0gMTMuNTwvZGl2Pgo8L2Rpdj4KPGRpdiBjbGFzcz0iZGl2VGFibGVSb3ciPgo8ZGl2IGNsYXNzPSJkaXZUYWJsZUNlbGxIZWFkIj5VT01JTkkgREVHTEkgU1RBVEkgVU5JVEk8L2Rpdj4KPGRpdiBjbGFzcz0iZGl2VGFibGVDZWxsIj4zLjUgLSA1LjU8L2Rpdj4KPGRpdiBjbGFzcz0iZGl2VGFibGVDZWxsIj42IC0gNy41PC9kaXY+CjxkaXYgY2xhc3M9ImRpdlRhYmxlQ2VsbCI+OCAtIDkuNTwvZGl2Pgo8ZGl2IGNsYXNzPSJkaXZUYWJsZUNlbGwiPjEwIC0gMTEuNTwvZGl2Pgo8L2Rpdj4KPGRpdiBjbGFzcz0iZGl2VGFibGVSb3ciPgo8ZGl2IGNsYXNzPSJkaXZUYWJsZUNlbGxIZWFkIj5BTFRFWlpBPC9kaXY+CjxkaXYgY2xhc3M9ImRpdlRhYmxlQ2VsbCI+MjMgKy8tIDEsNWNtPC9kaXY+CjxkaXYgY2xhc3M9ImRpdlRhYmxlQ2VsbCI+MjUgKy8tIDEsNWNtPC9kaXY+CjxkaXYgY2xhc3M9ImRpdlRhYmxlQ2VsbCI+MjcgKy8tIDEsNWNtPC9kaXY+CjxkaXYgY2xhc3M9ImRpdlRhYmxlQ2VsbCI+MjkgKy8tIDEsNWNtPC9kaXY+CjwvZGl2Pgo8L2Rpdj4KPC9kaXY+[\/vc_raw_html][\/vc_column_inner][\/vc_row_inner][\/vc_column][\/vc_row]<\/p>\n<\/div>","protected":false},"excerpt":{"rendered":"<p>Ideali per climi caldi o caldissimi, i nostri calzini da ciclismo grigio scuro stelth eccellono in traspirabilit\u00e0 e durata. La struttura in mesh nella parte superiore e il tessuto ad alta densit\u00e0 nel plantare assicurano prestazioni ottimali. Progettati con precisione per il comfort sulle lunghe distanze, i calzini classici nologo presentano cuciture piatte e utilizzano <a href=\"\/the-best-fabrics-for-cycling-socks\/\">filato di alta qualit\u00e0<\/a> che \u00e8 due volte pi\u00f9 leggero del cotone, migliorando la gestione dell&#8217;umidit\u00e0 per una pedalata deliziosamente fluida.  <\/p>\n<p class=\"reasons\">Motivi per acquistare:<\/p>\n<ul>\n<li>Progettato per la tua massima soddisfazione<\/li>\n<li>Ottima traspirabilit\u00e0 garantita dal tessuto pi\u00f9 pregiato<\/li>\n<li>Resistenza e longevit\u00e0 comprovate dai clienti<\/li>\n<li>Stile senza tempo &#8211; il design minimale di nologo<\/li>\n<\/ul>\n<p><img loading=\"lazy\" decoding=\"async\" class=\"alignnone wp-image-658 size-medium\" role=\"img\" src=\"https:\/\/nologo.cc\/wp-content\/uploads\/2023\/11\/Trustpilot-Excellent-Rating-ShortDesc.svg\" alt=\"\" width=\"300\" height=\"300\"><\/p>\n<p>Sei a met\u00e0 tra due taglie? Ti consigliamo di prendere una taglia in meno.<br \/>\n Consulta la <a class=\"nm-lightbox\" href=\"#classic-size\">Guida alle taglie<\/a> . Valutato da clienti verificati: <\/p>\n","protected":false},"featured_media":5082,"comment_status":"open","ping_status":"closed","template":"","meta":[],"product_brand":[],"product_cat":[197],"product_tag":[],"class_list":{"0":"post-5081","1":"product","2":"type-product","3":"status-publish","4":"has-post-thumbnail","6":"product_cat-calzini-da-ciclismo-classici","8":"first","9":"instock","10":"taxable","11":"shipping-taxable","12":"purchasable","13":"product-type-variable"},"_links":{"self":[{"href":"https:\/\/nologo.cc\/it\/wp-json\/wp\/v2\/product\/5081","targetHints":{"allow":["GET"]}}],"collection":[{"href":"https:\/\/nologo.cc\/it\/wp-json\/wp\/v2\/product"}],"about":[{"href":"https:\/\/nologo.cc\/it\/wp-json\/wp\/v2\/types\/product"}],"replies":[{"embeddable":true,"href":"https:\/\/nologo.cc\/it\/wp-json\/wp\/v2\/comments?post=5081"}],"wp:featuredmedia":[{"embeddable":true,"href":"https:\/\/nologo.cc\/it\/wp-json\/wp\/v2\/media\/5082"}],"wp:attachment":[{"href":"https:\/\/nologo.cc\/it\/wp-json\/wp\/v2\/media?parent=5081"}],"wp:term":[{"taxonomy":"product_brand","embeddable":true,"href":"https:\/\/nologo.cc\/it\/wp-json\/wp\/v2\/product_brand?post=5081"},{"taxonomy":"product_cat","embeddable":true,"href":"https:\/\/nologo.cc\/it\/wp-json\/wp\/v2\/product_cat?post=5081"},{"taxonomy":"product_tag","embeddable":true,"href":"https:\/\/nologo.cc\/it\/wp-json\/wp\/v2\/product_tag?post=5081"}],"curies":[{"name":"wp","href":"https:\/\/api.w.org\/{rel}","templated":true}]}}