{"id":5105,"date":"2023-11-02T21:56:33","date_gmt":"2023-11-02T21:56:33","guid":{"rendered":"https:\/\/nologo.cc\/senza-categoria\/calzini-da-ciclismo-classici-emerald\/"},"modified":"2026-04-07T23:36:20","modified_gmt":"2026-04-07T21:36:20","slug":"calzini-da-ciclismo-classici-emerald","status":"publish","type":"product","link":"https:\/\/nologo.cc\/it\/calzini-da-ciclismo\/calzini-da-ciclismo-classici\/calzini-da-ciclismo-classici-emerald\/","title":{"rendered":"Calzini da Ciclismo Emerald Classici"},"content":{"rendered":"<div class=\"wpb-content-wrapper\"><p>[vc_row][vc_column][vc_empty_space][vc_column_text]<\/p>\n<h2>Calzini da ciclismo Emerald: la nostra nuova tonalit\u00e0 di verde<\/h2>\n<p>Calzini da ciclismo color smeraldo: ispirati al colore di una gemma di un verde intenso. La tonalit\u00e0 deriva dal verde con una leggera sfumatura di blu e si riferisce all&#8217;omonima pietra preziosa, che in realt\u00e0 pu\u00f2 presentarsi in diverse sfumature, dal ciano al verde bottiglia. <\/p>\n<p>Lo smeraldo \u00e8 un colore ricco e luminoso con una delicata sfumatura blu, affine al verde bottiglia e al verde mare. Lo smeraldo fece la sua comparsa nella tavolozza dei colori nel XVI secolo e raggiunse l&#8217;apice della popolarit\u00e0 nel XIX secolo: era amato dagli impressionisti come Monet, Van Gogh e C\u00e9zanne, e veniva spesso utilizzato per dipingere pareti e abiti. A quel tempo, questo colore era chiamato verde Parigi, verde Veronese o verde imperiale.  <\/p>\n<p>Lo smeraldo \u00e8 associato all&#8217;eleganza e al lusso che solo i gioielli pi\u00f9 pregiati possono offrire. Evoca inoltre la natura: erba rigogliosa, foreste fitte e acque profonde. Simboleggia regalit\u00e0, ricchezza e raffinatezza, ma anche freschezza, vitalit\u00e0 e armonia.  <\/p>\n<p>Scopri altri consigli su <a href=\"https:\/\/nologo.cc\/it\/5-consigli-su-come-scegliere-i-calzini-da-ciclismo\/\">come scegliere i calzini da ciclismo<\/a> .<\/p>\n<p>Da indossare con: tonalit\u00e0 pi\u00f9 scure di verde, nero, bianco<br \/>\n Per mantenere il colore perfetto, si consiglia di lavare il capo insieme a tessuti di tonalit\u00e0 simile.[\/vc_column_text][\/vc_column][\/vc_row][vc_row equal_height=&#8221;yes&#8221; content_placement=&#8221;middle&#8221; el_class=&#8221;displaynone&#8221;][vc_column][vc_row_inner content_placement=&#8221;middle&#8221; css=&#8221;.vc_custom_1708282480444{padding-top: 36px !important;padding-bottom: 36px !important;background-color: #ffffff !important;}&#8221; el_id=&#8221;classic-size&#8221;][vc_column_inner width=&#8221;1\/6&#8243;][vc_empty_space][vc_single_image image=&#8221;5336&#8243; img_size=&#8221;full&#8221; alignment=&#8221;center&#8221;][vc_empty_space][\/vc_column_inner][vc_column_inner width=&#8221;5\/6&#8243;][\/vc_column_inner][\/vc_row_inner][\/vc_column][\/vc_row]<\/p>\n<\/div>","protected":false},"excerpt":{"rendered":"<p>Ideali per climi caldi e torridi, i nostri eleganti calzini da ciclismo color smeraldo eccellono in traspirabilit\u00e0 e durata. La struttura in mesh nella parte superiore e il tessuto ad alta densit\u00e0 nel plantare assicurano prestazioni ottimali. Progettati con precisione per il comfort sulle lunghe distanze, i calzini classici nologo presentano cuciture piatte e utilizzano <a href=\"\/the-best-fabrics-for-cycling-socks\/\">filato di alta qualit\u00e0<\/a> che \u00e8 due volte pi\u00f9 leggero del cotone, migliorando la gestione dell&#8217;umidit\u00e0 per una pedalata deliziosamente fluida.  <\/p>\n<p class=\"reasons\">Motivi per acquistare:<\/p>\n<ul>\n<li>Progettato per la vostra massima soddisfazione<\/li>\n<li>Traspirabilit\u00e0 ottimale garantita dal tessuto pi\u00f9 pregiato.<\/li>\n<li>Solidit\u00e0 e longevit\u00e0 comprovate dai clienti<\/li>\n<li>Stile senza tempo: il design minimalista di nologo<\/li>\n<\/ul>\n<p><img loading=\"lazy\" decoding=\"async\" class=\"alignnone wp-image-658 size-medium\" role=\"img\" src=\"https:\/\/nologo.cc\/wp-content\/uploads\/2023\/11\/Trustpilot-Excellent-Rating-ShortDesc.svg\" alt=\"\" width=\"300\" height=\"300\"><\/p>\n<p>Sei tra due taglie? Ti consigliamo di scegliere una taglia in meno.<br \/>\n Consulta la <a class=\"nm-lightbox\" href=\"#classic-size\">Guida alle taglie<\/a> . <\/p>\n<p>Valutato da clienti verificati:<\/p>\n","protected":false},"featured_media":5112,"comment_status":"open","ping_status":"closed","template":"","meta":[],"product_brand":[],"product_cat":[197],"product_tag":[],"class_list":{"0":"post-5105","1":"product","2":"type-product","3":"status-publish","4":"has-post-thumbnail","6":"product_cat-calzini-da-ciclismo-classici","8":"first","9":"instock","10":"taxable","11":"shipping-taxable","12":"purchasable","13":"product-type-variable"},"_links":{"self":[{"href":"https:\/\/nologo.cc\/it\/wp-json\/wp\/v2\/product\/5105","targetHints":{"allow":["GET"]}}],"collection":[{"href":"https:\/\/nologo.cc\/it\/wp-json\/wp\/v2\/product"}],"about":[{"href":"https:\/\/nologo.cc\/it\/wp-json\/wp\/v2\/types\/product"}],"replies":[{"embeddable":true,"href":"https:\/\/nologo.cc\/it\/wp-json\/wp\/v2\/comments?post=5105"}],"wp:featuredmedia":[{"embeddable":true,"href":"https:\/\/nologo.cc\/it\/wp-json\/wp\/v2\/media\/5112"}],"wp:attachment":[{"href":"https:\/\/nologo.cc\/it\/wp-json\/wp\/v2\/media?parent=5105"}],"wp:term":[{"taxonomy":"product_brand","embeddable":true,"href":"https:\/\/nologo.cc\/it\/wp-json\/wp\/v2\/product_brand?post=5105"},{"taxonomy":"product_cat","embeddable":true,"href":"https:\/\/nologo.cc\/it\/wp-json\/wp\/v2\/product_cat?post=5105"},{"taxonomy":"product_tag","embeddable":true,"href":"https:\/\/nologo.cc\/it\/wp-json\/wp\/v2\/product_tag?post=5105"}],"curies":[{"name":"wp","href":"https:\/\/api.w.org\/{rel}","templated":true}]}}