{"id":5567,"date":"2023-11-02T11:50:23","date_gmt":"2023-11-02T11:50:23","guid":{"rendered":"https:\/\/nologo.cc\/senza-categoria\/calzini-da-ciclismo-gravel-bianchi\/"},"modified":"2026-02-23T00:57:10","modified_gmt":"2026-02-22T23:57:10","slug":"calzini-da-ciclismo-gravel-bianchi","status":"publish","type":"product","link":"https:\/\/nologo.cc\/it\/calzini-da-ciclismo\/calzini-da-ciclismo-gravel\/calzini-da-ciclismo-gravel-bianchi\/","title":{"rendered":"Calzini da Ciclismo Bianchi Gravel"},"content":{"rendered":"<div class=\"wpb-content-wrapper\"><p>[vc_row css=&#8221;.vc_custom_1703627606748{padding-top: 32px !important;}&#8221;][vc_column][vc_column_text]<\/p>\n<h2>Caratteristiche dei calzini da ciclismo White Gravel:<\/h2>\n<p>[\/vc_column_text][vc_empty_space][\/vc_column][\/vc_row][vc_row][vc_column width=&#8221;1\/2&#8243; css=&#8221;.vc_custom_1610106215999{padding-bottom: 20px !important;}&#8221;][vc_column_text css=&#8221;&#8221;]<\/p>\n<h5>colore:<\/h5>\n<p>bianco + nero <strong>senza<\/strong> logo sulle dita dei piedi <\/p>\n<h5>dimensioni:<\/h5>\n<p>Taglia S (36-39), Taglia M (40-43), Taglia L (44-47)  <a class=\"nm-lightbox\" href=\"#gravel-size\">Guida alle taglie<\/a>\n            <div class=\"nm-lightbox\" data-mfp-type=\"image\" data-mfp-src=\"https:\/\/nologo.cc\/wp-content\/uploads\/2026\/02\/1x1.png\"><a href=\"#\"><\/a>\n            <\/div>\n<h5>lunghezza del polpaccio:<\/h5>\n<p>Taglia unica (36-39): 23 +\/- 1,5cm<br \/>\nTaglia M (40-43): 25 +\/- 1,5cm<br \/>\nL (44-47): 27 +\/- 1,5cm<br \/>\nmisurato dal pavimento verso l&#8217;alto[\/vc_column_text][vc_empty_space][\/vc_column][vc_column width=&#8221;1\/2&#8243; css=&#8221;.vc_custom_1610106228659{padding-bottom: 20px !important;}&#8221;][vc_column_text]<\/p>\n<h3>i calzini sono fatti di:<\/h3>\n<p>97% polipropilene<br \/>\n3% elastan<br \/>\n<a href=\"https:\/\/nologo.cc\/it\/i-migliori-tessuti-per-calze-da-ciclismo\/\">Per saperne di pi\u00f9<\/a><\/p>\n<h3>altre istruzioni:<\/h3>\n<p>Lavare in lavatrice a 30\u00b0C, Non asciugare in asciugatrice, Non stirare, Non candeggiare, Non lavare a secco[\/vc_column_text][vc_empty_space][\/vc_column][\/vc_row][vc_row equal_height=&#8221;yes&#8221; content_placement=&#8221;middle&#8221;][vc_column width=&#8221;1\/4&#8243; css=&#8221;.vc_custom_1610106215999{padding-bottom: 20px !important;}&#8221;][vc_single_image image=&#8221;5688&#8243; img_size=&#8221;full&#8221;][\/vc_column][vc_column width=&#8221;1\/4&#8243; css=&#8221;.vc_custom_1610106228659{padding-bottom: 20px !important;}&#8221;][vc_single_image image=&#8221;5689&#8243; img_size=&#8221;full&#8221;][\/vc_column][vc_column width=&#8221;1\/2&#8243;][vc_column_text]<\/p>\n<div class=\"product-page-feature-icons-container\"><img loading=\"lazy\" decoding=\"async\" class=\"product-page-feature-icon\" role=\"img\" src=\"https:\/\/nologo.cc\/wp-content\/uploads\/2023\/11\/perfect-fit.svg\" alt=\"\" width=\"300\" height=\"300\"><br \/>\n<img loading=\"lazy\" decoding=\"async\" class=\"product-page-feature-icon\" role=\"img\" src=\"https:\/\/nologo.cc\/wp-content\/uploads\/2023\/11\/moisture-wicking.svg\" alt=\"\" width=\"300\" height=\"300\"><br \/>\n<img loading=\"lazy\" decoding=\"async\" class=\"product-page-feature-icon\" role=\"img\" src=\"https:\/\/nologo.cc\/wp-content\/uploads\/2023\/11\/light-weight.svg\" alt=\"\" width=\"300\" height=\"300\"><br \/>\n<img loading=\"lazy\" decoding=\"async\" class=\"product-page-feature-icon\" role=\"img\" src=\"https:\/\/nologo.cc\/wp-content\/uploads\/2023\/11\/fast-drying.svg\" alt=\"\" width=\"300\" height=\"300\"><br \/>\n<img loading=\"lazy\" decoding=\"async\" class=\"product-page-feature-icon\" role=\"img\" src=\"https:\/\/nologo.cc\/wp-content\/uploads\/2023\/11\/efficient-cooling.svg\" alt=\"\" width=\"300\" height=\"300\"><\/div>\n<p>[\/vc_column_text][\/vc_column][\/vc_row][vc_row css=&#8221;.vc_custom_1704119418494{padding-top: 32px !important;}&#8221;][vc_column][vc_column_text]<\/p>\n<h2>Calzini da ciclismo gravel bianchi di nologo: capolavoro per tutti i terreni<\/h2>\n<p>I nostri calzini da ciclismo gravel sono dotati di una serie di elementi progettati con precisione per la guida fuoristrada. Il nuovo calzino Gravel \u00e8 sviluppato da zero: la trama del nostro <a title=\"calzini in filato prolen\" href=\"https:\/\/nologo.cc\/it\/i-migliori-tessuti-per-calze-da-ciclismo\/\">filato Prolen<\/a> all&#8217;avanguardia \u00e8 stata riprogettata e il calzino ha una suola e una costruzione del tallone completamente nuove. Tutti questi aggiornamenti strutturali hanno portato a un modello completamente nuovo che soddisfa tutti i requisiti in termini di comfort di guida fuoristrada. Ecco cosa abbiamo fatto:   <\/p>\n<ul>\n<li><strong>Suola antivibrante:<\/strong> abbiamo utilizzato un cuscinetto spesso sulla suola per assorbire meglio le vibrazioni ed evitare che il piede scivoli nella scarpa.<\/li>\n<li><strong>Tallone resistente:<\/strong> \u00e8 stato notevolmente rinforzato in modo da resistere anche in caso di contatto con sabbia o fango. \u00c8 molto pi\u00f9 resistente e progettato per prevenire le abrasioni. <\/li>\n<li><strong>Tomaia confortevole:<\/strong> nella parte superiore della calza abbiamo utilizzato un polsino largo e senza pressione per migliorare il comfort durante i lunghi viaggi fuoristrada.<\/li>\n<li><strong>Nuova struttura della trama:<\/strong> una trama strutturata del filato per proteggere meglio le gambe dall&#8217;impatto dei sassi.<\/li>\n<\/ul>\n<p>Nell&#8217;introdurre tutti questi cambiamenti, non abbiamo dimenticato le caratteristiche pi\u00f9 importanti dei nostri calzini. I calzini da ciclismo gravel <strong>senza<\/strong> logo sono ancora leggeri, vestono perfettamente, assorbono l&#8217;umidit\u00e0, si asciugano molto rapidamente e regolano perfettamente la temperatura per mantenere i tuoi piedi nel massimo comfort.<\/p>\n<h2>Perch\u00e9 i calzini da ciclismo gravel sono progettati in modo diverso?<\/h2>\n<p>I calzini Gravel sono specifici perch\u00e9 sono progettati per soddisfare le esigenze uniche del ciclismo su strade sterrate. Questi calzini sono realizzati in fibre PROLEN\u00aeYARN resistenti per resistere ai rigori del ciclismo su ghiaia e garantire il massimo comfort e traspirabilit\u00e0. Le bici Gravel offrono la libert\u00e0 e l&#8217;avventura che derivano dall&#8217;esplorazione di percorsi fuoristrada e i calzini Gravel sono pensati per supportare questa esperienza.[\/vc_column_text][\/vc_column][\/vc_row][vc_row][vc_column width=&#8221;1\/4&#8243;][vc_empty_space height=&#8221;47px&#8221;][vc_single_image image=&#8221;5662&#8243; img_size=&#8221;full&#8221; alignment=&#8221;center&#8221;][vc_empty_space height=&#8221;47px&#8221;][\/vc_column][vc_column width=&#8221;1\/4&#8243;][vc_empty_space height=&#8221;47px&#8221;][vc_single_image image=&#8221;5663&#8243; img_size=&#8221;full&#8221; alignment=&#8221;center&#8221;][vc_empty_space height=&#8221;47px&#8221;][\/vc_column][vc_column width=&#8221;1\/4&#8243;][vc_empty_space height=&#8221;47px&#8221;][vc_single_image image=&#8221;5664&#8243; img_size=&#8221;full&#8221; alignment=&#8221;center&#8221;][vc_empty_space height=&#8221;47px&#8221;][\/vc_column][vc_column width=&#8221;1\/4&#8243;][vc_empty_space height=&#8221;47px&#8221;][vc_single_image image=&#8221;5665&#8243; img_size=&#8221;full&#8221; alignment=&#8221;center&#8221;][vc_empty_space height=&#8221;47px&#8221;][\/vc_column][\/vc_row][vc_row css=&#8221;.vc_custom_1704119418494{padding-top: 32px !important;}&#8221;][vc_column][vc_column_text]La rinnovata costruzione delle calze gravel fornisce un&#8217;ammortizzazione e una protezione extra per i piedi, fondamentali per i terreni impegnativi che offre il gravel biking. Con le calze gravel, i ciclisti possono affrontare le sfide delle strade sterrate con sicurezza, sapendo di avere il supporto e il comfort di cui hanno bisogno per le loro pedalate avventurose. <\/p>\n<h2>Comfort di livello superiore, stesso approccio ecologico<\/h2>\n<p>Nonostante la riprogettazione radicale, continuiamo a dare priorit\u00e0 alla sostenibilit\u00e0 e al pensiero futuro. Incorporando PROLEN\u00aeYARN, un materiale riciclabile al 100%, sottolineiamo il nostro impegno nel ridurre l&#8217;impatto ambientale. Mentre i nostri calzini gravel sono progettati da zero per le massime prestazioni sui sentieri avventurosi, sono anche una testimonianza del nostro impegno nel preservare la bellezza dei grandi spazi aperti per le generazioni a venire.  <\/p>\n<p>Leggi di pi\u00f9 sui nostri consigli su <a href=\"https:\/\/nologo.cc\/it\/5-consigli-su-come-scegliere-i-calzini-da-ciclismo\/\">come scegliere i calzini da ciclismo adatti al tuo stile di guida<\/a> .<\/p>\n<p>Da indossare con: praticamente qualsiasi colore di abbigliamento<br \/>\n Cerca di lavare solo con capi bianchi per mantenere quel colore bianco perfetto[\/vc_column_text][\/vc_column][\/vc_row][vc_row][vc_column][vc_empty_space height=&#8221;47px&#8221;][vc_single_image image=&#8221;397542&#8243; img_size=&#8221;full&#8221; alignment=&#8221;center&#8221;][vc_empty_space height=&#8221;47px&#8221;][\/vc_column][\/vc_row][vc_row equal_height=&#8221;yes&#8221; content_placement=&#8221;middle&#8221; el_class=&#8221;displaynone&#8221;][vc_column][vc_row_inner content_placement=&#8221;middle&#8221; el_id=&#8221;gravel-size&#8221; css=&#8221;.vc_custom_1708798819581{padding-top: 32px !important;padding-bottom: 32px !important;background-color: #ffffff !important;}&#8221;][vc_column_inner width=&#8221;1\/6&#8243;][vc_empty_space][vc_single_image image=&#8221;5338&#8243; img_size=&#8221;full&#8221; alignment=&#8221;center&#8221;][vc_empty_space][\/vc_column_inner][vc_column_inner width=&#8221;5\/6&#8243;][\/vc_column_inner][\/vc_row_inner][\/vc_column][\/vc_row]<\/p>\n<\/div>","protected":false},"excerpt":{"rendered":"<p>Calzini da ciclismo gravel: il massimo comfort per i tuoi piedi in tutte le condizioni del terreno. Sviluppando il nuovo modello, avevamo un obiettivo: raggiungere le massime prestazioni fuoristrada possibili. Grazie a questo, i nostri calzini da ciclismo gravel possono affrontare molti chilometri di gare e avventure fuoristrada. Il design soddisfa anche le aspettative di molte diverse discipline fuoristrada. I calzini sono anche ottimi per XC MTB, ciclocross e tutte le forme di mountain bike estrema.    <\/p>\n<p>Motivi per acquistare:<\/p>\n<ul>\n<li>Progettato per le massime prestazioni fuoristrada<\/li>\n<li>Eccezionalmente traspirante per il comfort dei tuoi piedi<\/li>\n<li>Durata dimostrata in lunghi viaggi su terreni accidentati<\/li>\n<li>lo stile senza tempo di nologo su misura per gli esploratori di ghiaia<\/li>\n<\/ul>\n<p><img loading=\"lazy\" decoding=\"async\" class=\"alignnone wp-image-658 size-medium\" role=\"img\" src=\"https:\/\/nologo.cc\/wp-content\/uploads\/2023\/11\/Trustpilot-Excellent-Rating-ShortDesc.svg\" alt=\"\" width=\"300\" height=\"300\"><\/p>\n<p>Sei tra due taglie? Ti consigliamo di scegliere una taglia in meno.<br \/>\n Consulta la <a class=\"nm-lightbox\" href=\"#gravel-size\">Guida alle taglie<\/a> . <\/p>\n<p>Valutato da clienti verificati:<\/p>\n","protected":false},"featured_media":5572,"comment_status":"open","ping_status":"closed","template":"","meta":[],"product_brand":[],"product_cat":[175],"product_tag":[],"class_list":{"0":"post-5567","1":"product","2":"type-product","3":"status-publish","4":"has-post-thumbnail","6":"product_cat-calzini-da-ciclismo-gravel","8":"first","9":"instock","10":"taxable","11":"shipping-taxable","12":"purchasable","13":"product-type-variable"},"_links":{"self":[{"href":"https:\/\/nologo.cc\/it\/wp-json\/wp\/v2\/product\/5567","targetHints":{"allow":["GET"]}}],"collection":[{"href":"https:\/\/nologo.cc\/it\/wp-json\/wp\/v2\/product"}],"about":[{"href":"https:\/\/nologo.cc\/it\/wp-json\/wp\/v2\/types\/product"}],"replies":[{"embeddable":true,"href":"https:\/\/nologo.cc\/it\/wp-json\/wp\/v2\/comments?post=5567"}],"wp:featuredmedia":[{"embeddable":true,"href":"https:\/\/nologo.cc\/it\/wp-json\/wp\/v2\/media\/5572"}],"wp:attachment":[{"href":"https:\/\/nologo.cc\/it\/wp-json\/wp\/v2\/media?parent=5567"}],"wp:term":[{"taxonomy":"product_brand","embeddable":true,"href":"https:\/\/nologo.cc\/it\/wp-json\/wp\/v2\/product_brand?post=5567"},{"taxonomy":"product_cat","embeddable":true,"href":"https:\/\/nologo.cc\/it\/wp-json\/wp\/v2\/product_cat?post=5567"},{"taxonomy":"product_tag","embeddable":true,"href":"https:\/\/nologo.cc\/it\/wp-json\/wp\/v2\/product_tag?post=5567"}],"curies":[{"name":"wp","href":"https:\/\/api.w.org\/{rel}","templated":true}]}}