{"id":5607,"date":"2023-11-02T11:25:39","date_gmt":"2023-11-02T11:25:39","guid":{"rendered":"https:\/\/nologo.cc\/senza-categoria\/calzini-da-ciclismo-classici-neri\/"},"modified":"2026-04-07T23:38:41","modified_gmt":"2026-04-07T21:38:41","slug":"calzini-da-ciclismo-classici-neri","status":"publish","type":"product","link":"https:\/\/nologo.cc\/it\/calzini-da-ciclismo\/calzini-da-ciclismo-classici\/calzini-da-ciclismo-classici-neri\/","title":{"rendered":"Calzini da Ciclismo Neri Classici"},"content":{"rendered":"<div class=\"wpb-content-wrapper\"><p>[vc_row equal_height=&#8221;yes&#8221; content_placement=&#8221;middle&#8221;][vc_column width=&#8221;1\/4&#8243; css=&#8221;.vc_custom_1610106215999{padding-bottom: 20px !important;}&#8221;][vc_single_image image=&#8221;5688&#8243; img_size=&#8221;full&#8221;][\/vc_column][vc_column width=&#8221;1\/4&#8243; css=&#8221;.vc_custom_1610106228659{padding-bottom: 20px !important;}&#8221;][vc_single_image image=&#8221;5689&#8243; img_size=&#8221;full&#8221;][\/vc_column][vc_column width=&#8221;1\/2&#8243;][vc_column_text]<\/p>\n<div class=\"product-page-feature-icons-container\"><img loading=\"lazy\" decoding=\"async\" class=\"product-page-feature-icon\" role=\"img\" src=\"https:\/\/nologo.cc\/wp-content\/uploads\/2023\/11\/perfect-fit.svg\" alt=\"\" width=\"300\" height=\"300\"><br \/>\n<img loading=\"lazy\" decoding=\"async\" class=\"product-page-feature-icon\" role=\"img\" src=\"https:\/\/nologo.cc\/wp-content\/uploads\/2023\/11\/moisture-wicking.svg\" alt=\"\" width=\"300\" height=\"300\"><br \/>\n<img loading=\"lazy\" decoding=\"async\" class=\"product-page-feature-icon\" role=\"img\" src=\"https:\/\/nologo.cc\/wp-content\/uploads\/2023\/11\/light-weight.svg\" alt=\"\" width=\"300\" height=\"300\"><br \/>\n<img loading=\"lazy\" decoding=\"async\" class=\"product-page-feature-icon\" role=\"img\" src=\"https:\/\/nologo.cc\/wp-content\/uploads\/2023\/11\/fast-drying.svg\" alt=\"\" width=\"300\" height=\"300\"><br \/>\n<img loading=\"lazy\" decoding=\"async\" class=\"product-page-feature-icon\" role=\"img\" src=\"https:\/\/nologo.cc\/wp-content\/uploads\/2023\/11\/efficient-cooling.svg\" alt=\"\" width=\"300\" height=\"300\"><\/div>\n<p>[\/vc_column_text][\/vc_column][\/vc_row][vc_row css=&#8221;.vc_custom_1743944139377{padding-top: 32px !important;}&#8221;][vc_column][vc_column_text css=&#8221;&#8221;]<\/p>\n<h2>Calzini da ciclismo neri classici: un capo essenziale e intramontabile per ogni guardaroba da ciclista.<\/h2>\n<p>Parti dalle basi essenziali dello stile ciclistico: i nostri calzini neri impeccabili uniscono una versatilit\u00e0 senza tempo a un&#8217;eccellenza tecnica moderna. Il nero non \u00e8 solo un&#8217;altra opzione di colore, ma il classico per eccellenza del ciclismo, che si abbina perfettamente a qualsiasi abbigliamento in qualsiasi stagione. Sotto questo aspetto universalmente compatibile, la nostra innovativa tecnologia PROLEN\u00aeYARN garantisce comfort e prestazioni eccezionali che durano nel tempo. Realizzati nell&#8217;UE con la sostenibilit\u00e0 come priorit\u00e0, questi calzini offrono la perfetta fusione tra stile intramontabile e precisione tecnica.[\/vc_column_text][\/vc_column][\/vc_row][vc_row css=&#8221;.vc_custom_1743944150414{padding-top: 32px !important;}&#8221;][vc_column width=&#8221;1\/3&#8243;][vc_single_image image=&#8221;7137&#8243; img_size=&#8221;full&#8221;][\/vc_column][vc_column width=&#8221;1\/3&#8243;][vc_single_image image=&#8221;7145&#8243; img_size=&#8221;full&#8221;][\/vc_column][vc_column width=&#8221;1\/3&#8243;][vc_single_image image=&#8221;7141&#8243; img_size=&#8221;full&#8221;][\/vc_column][\/vc_row][vc_row css=&#8221;.vc_custom_1743944139377{padding-top: 32px !important;}&#8221;][vc_column][vc_column_text css=&#8221;&#8221;]<\/p>\n<h2>L&#8217;eccellenza essenziale per ogni ciclista<\/h2>\n<ul>\n<li><strong>Massima versatilit\u00e0<\/strong> : l&#8217;elemento essenziale per il ciclismo che si adatta a tutto<\/li>\n<li><strong>Stile intramontabile<\/strong> : il classico che non passa mai di moda, in nessuna stagione.<\/li>\n<li><strong>Precisione tecnica<\/strong> : costruzione ad alte prestazioni con zone di supporto mirate<\/li>\n<li><strong>Affidabilit\u00e0 in qualsiasi condizione atmosferica<\/strong> : prestazioni comprovate a temperature estreme.<\/li>\n<li><strong>Ingegneria europea<\/strong> : realizzata con precisione nell&#8217;UE utilizzando materiali sostenibili.<\/li>\n<\/ul>\n<h2>I calzini da ciclismo neri per eccellenza: un accessorio indispensabile per ogni ciclista.<\/h2>\n<p>Il nero non \u00e8 solo una questione di preferenza cromatica: \u00e8 lo standard per eccellenza del ciclismo. Dalle prime maglie di lana ai moderni telai in carbonio, il nero rimane la costante intramontabile nel linguaggio visivo del ciclismo. Gli storici della moda osservano che, mentre le tendenze vanno e vengono, il nero mantiene costantemente la sua posizione di elemento fondamentale che non perde mai la sua rilevanza.  <\/p>\n<p>Per i ciclisti pi\u00f9 esigenti, i calzini neri rappresentano pi\u00f9 di una semplice scelta di stile: sono la soluzione pratica che garantisce un abbinamento impeccabile con qualsiasi divisa, dai colori della squadra pi\u00f9 recente alle classiche maglie di lana. Il calzino da ciclismo nero perfetto \u00e8 il capo essenziale che semplifica le scelte di abbigliamento, offrendo al contempo uno stile senza tempo.[\/vc_column_text][\/vc_column][\/vc_row][vc_row css=&#8221;.vc_custom_1743944157996{padding-top: 32px !important;}&#8221;][vc_column][vc_column_text css=&#8221;&#8221;]<\/p>\n<h2>Eccellenza tecnica alla base del classico<\/h2>\n<p>Sebbene il nero intramontabile garantisca un&#8217;immediata compatibilit\u00e0 con qualsiasi guardaroba, le vere prestazioni risiedono nella costruzione tecnica. Abbiamo progettato queste calze con pannelli in mesh di precisione su tutta la parte superiore per la massima ventilazione, abbinati a una compressione strategica sull&#8217;arco plantare e sul plantare per un trasferimento di potenza ottimale durante la pedalata. <\/p>\n<h3>La tecnologia PROLEN\u00aeYARN trasforma i calzini da ciclismo neri senza logo da semplici classici a veri e propri strumenti per migliorare le prestazioni:<\/h3>\n<ul>\n<li>Un&#8217;eccellente gestione dell&#8217;umidit\u00e0 mantiene i piedi asciutti in qualsiasi condizione<\/li>\n<li>Struttura notevolmente pi\u00f9 leggera rispetto alle alternative in cotone.<\/li>\n<li>La regolazione della temperatura garantisce il comfort in tutte le stagioni e in tutti i climi.<\/li>\n<li>Le propriet\u00e0 antibatteriche naturali riducono al minimo la formazione di odori<\/li>\n<li>Una speciale tecnologia di tintura mantiene il nero definitivo a tempo indeterminato<\/li>\n<\/ul>\n<p>La percentuale di elastan calibrata con precisione garantisce che queste calze mantengano la loro forma per tutta la durata della pedalata, eliminando la necessit\u00e0 di fastidiosi aggiustamenti quando \u00e8 necessario concentrarsi sulle prestazioni.<\/p>\n<h2>Classico sostenibile<\/h2>\n<p>Crediamo che l&#8217;abbigliamento ciclistico essenziale non debba compromettere la responsabilit\u00e0 ambientale. I nostri calzini da ciclismo neri rappresentano il nostro impegno per prestazioni sostenibili senza rinunciare allo stile inconfondibile che definisce il ciclismo. Lo speciale filato PROLEN\u00aeYARN offre vantaggi tecnici superiori, rimanendo al contempo riciclabile al 100% al termine del suo ciclo di vita.  <\/p>\n<p>La nostra produzione in UE pone l&#8217;accento sul risparmio idrico e sull&#8217;efficienza energetica, applicando al contempo una perfetta tintura nera attraverso processi di colorazione avanzati a basso impatto ambientale. Quando questi calzini straordinariamente resistenti giungeranno al termine del loro ciclo di vita, baster\u00e0 restituirli al nostro programma di riciclo anzich\u00e9 gettarli via.[\/vc_column_text][\/vc_column][\/vc_row][vc_row css=&#8221;.vc_custom_1743944150414{padding-top: 32px !important;}&#8221;][vc_column][vc_single_image image=&#8221;7149&#8243; img_size=&#8221;full&#8221;][\/vc_column][\/vc_row][vc_row css=&#8221;.vc_custom_1743944157996{padding-top: 32px !important;}&#8221;][vc_column][vc_column_text css=&#8221;&#8221;]<\/p>\n<h2>Approfondimenti essenziali degli esperti<\/h2>\n<p><strong>Coordinamento universale<\/strong> : il nero offre la soluzione di abbinamento definitiva per qualsiasi scenario ciclistico. Che siano abbinati a classiche scarpe bianche, telai in carbonio moderni o alle ultime divise da squadra, i calzini neri creano una perfetta armonia visiva, permettendo al contempo agli altri elementi dell&#8217;abbigliamento di risaltare quando lo si desidera. <\/p>\n<p><strong>Prospettiva da professionisti<\/strong> : esaminando la fotografia ciclistica professionale attraverso i decenni, i calzini neri rimangono la scelta costante dei ciclisti che privilegiano lo stile classico, a prescindere dai colori della squadra o dalle esigenze di sponsorizzazione.<\/p>\n<p><strong>Standard di manutenzione<\/strong> : lavare in lavatrice a 30\u00b0C per preservare il nero perfetto. La nostra speciale tecnologia di tintura mantiene la consistenza del nero intenso anche dopo innumerevoli lavaggi, senza sbiadire e virare al grigio. Il nero intenso mimetizza naturalmente le piccole macchie stradali meglio di qualsiasi altro colore.  <\/p>\n<p><strong>Vestibilit\u00e0 classica<\/strong> : se sei indeciso tra due taglie, scegli quella pi\u00f9 piccola per una vestibilit\u00e0 pi\u00f9 precisa e performante. Queste calze sono progettate per offrire una compressione di supporto senza costringere. <\/p>\n<h2>Specifiche del prodotto<\/h2>\n<ul>\n<li><strong>Colore essenziale<\/strong> : nero + bianco definitivo senza logo sulle dita dei piedi<\/li>\n<li><strong>Materiali tecnici<\/strong> : 97% polipropilene (PROLEN\u00aeYARN), 3% elastan<\/li>\n<li><strong>Selezione taglie<\/strong> : 36-38, 39-41, 42-44, 45-47<\/li>\n<li><strong>Circonferenza del polpaccio<\/strong> : da 23 cm a 29 cm (a seconda della taglia, misurata da terra)<\/li>\n<li><strong>Istruzioni per la cura<\/strong> : lavare a 30\u00b0C, non asciugare in asciugatrice, non stirare, non candeggiare, non lavare a secco.<\/li>\n<li><strong>Origine di produzione<\/strong> : progettato e prodotto nell&#8217;UE<\/li>\n<\/ul>\n<p>Pronti a costruire il vostro guardaroba da ciclista sulle basi perfette? I nostri calzini da ciclismo neri offrono uno stile intramontabile e prestazioni senza compromessi: la combinazione essenziale di look classico ed eccellenza tecnica che non pu\u00f2 mancare nella collezione di ogni ciclista.[\/vc_column_text][\/vc_column][\/vc_row][vc_row equal_height=&#8221;yes&#8221; content_placement=&#8221;middle&#8221; el_class=&#8221;displaynone&#8221;][vc_column][vc_row_inner content_placement=&#8221;middle&#8221; css=&#8221;.vc_custom_1708282480444{padding-top: 36px !important;padding-bottom: 36px !important;background-color: #ffffff !important;}&#8221; el_id=&#8221;classic-size&#8221;][vc_column_inner width=&#8221;1\/6&#8243;][vc_empty_space][vc_single_image image=&#8221;5336&#8243; img_size=&#8221;full&#8221; alignment=&#8221;center&#8221;][vc_empty_space][\/vc_column_inner][vc_column_inner width=&#8221;5\/6&#8243;][vc_raw_html]PGRpdiBjbGFzcz0iZGl2VGFibGUiPgo8ZGl2IGNsYXNzPSJkaXZUYWJsZUhlYWRpbmciPgo8ZGl2IGNsYXNzPSJkaXZUYWJsZVJvdyI+CjxkaXYgY2xhc3M9ImRpdlRhYmxlSGVhZCI+IDwvZGl2Pgo8ZGl2IGNsYXNzPSJkaXZUYWJsZUhlYWQiPlRhZ2xpYSBYUzwvZGl2Pgo8ZGl2IGNsYXNzPSJkaXZUYWJsZUhlYWQiPlM8L2Rpdj4KPGRpdiBjbGFzcz0iZGl2VGFibGVIZWFkIj5NPC9kaXY+CjxkaXYgY2xhc3M9ImRpdlRhYmxlSGVhZCI+TDwvZGl2Pgo8L2Rpdj4KPC9kaXY+CjxkaXYgY2xhc3M9ImRpdlRhYmxlQm9keSI+CjxkaXYgY2xhc3M9ImRpdlRhYmxlUm93Ij4KPGRpdiBjbGFzcz0iZGl2VGFibGVDZWxsSGVhZCI+VW5pb25lIEV1cm9wZWE8L2Rpdj4KPGRpdiBjbGFzcz0iZGl2VGFibGVDZWxsIj4zNiAtIDM4PC9kaXY+CjxkaXYgY2xhc3M9ImRpdlRhYmxlQ2VsbCI+MzkgLSA0MTwvZGl2Pgo8ZGl2IGNsYXNzPSJkaXZUYWJsZUNlbGwiPjQyIC0gNDQ8L2Rpdj4KPGRpdiBjbGFzcz0iZGl2VGFibGVDZWxsIj40NSAtIDQ3PC9kaXY+CjwvZGl2Pgo8ZGl2IGNsYXNzPSJkaXZUYWJsZVJvdyI+CjxkaXYgY2xhc3M9ImRpdlRhYmxlQ2VsbEhlYWQiPkNNPC9kaXY+CjxkaXYgY2xhc3M9ImRpdlRhYmxlQ2VsbCI+MjMgLSAyNC41PC9kaXY+CjxkaXYgY2xhc3M9ImRpdlRhYmxlQ2VsbCI+MjUgLSAyNi41PC9kaXY+CjxkaXYgY2xhc3M9ImRpdlRhYmxlQ2VsbCI+MjcgLSAyOC41PC9kaXY+CjxkaXYgY2xhc3M9ImRpdlRhYmxlQ2VsbCI+MjkgLSAzMC41PC9kaXY+CjwvZGl2Pgo8ZGl2IGNsYXNzPSJkaXZUYWJsZVJvdyI+CjxkaXYgY2xhc3M9ImRpdlRhYmxlQ2VsbEhlYWQiPlJlZ25vIFVuaXRvPC9kaXY+CjxkaXYgY2xhc3M9ImRpdlRhYmxlQ2VsbCI+My41IC0gNS41PC9kaXY+CjxkaXYgY2xhc3M9ImRpdlRhYmxlQ2VsbCI+NiAtIDcuNTwvZGl2Pgo8ZGl2IGNsYXNzPSJkaXZUYWJsZUNlbGwiPjggLSA5LjU8L2Rpdj4KPGRpdiBjbGFzcz0iZGl2VGFibGVDZWxsIj4xMCAtIDExLjU8L2Rpdj4KPC9kaXY+CjxkaXYgY2xhc3M9ImRpdlRhYmxlUm93Ij4KPGRpdiBjbGFzcz0iZGl2VGFibGVDZWxsSGVhZCI+RG9ubmUgc3RhdHVuaXRlbnNpPC9kaXY+CjxkaXYgY2xhc3M9ImRpdlRhYmxlQ2VsbCI+NS41IC0gNy41PC9kaXY+CjxkaXYgY2xhc3M9ImRpdlRhYmxlQ2VsbCI+OCAtIDkuNTwvZGl2Pgo8ZGl2IGNsYXNzPSJkaXZUYWJsZUNlbGwiPjEwIC0gMTEuNTwvZGl2Pgo8ZGl2IGNsYXNzPSJkaXZUYWJsZUNlbGwiPjEyIC0gMTMuNTwvZGl2Pgo8L2Rpdj4KPGRpdiBjbGFzcz0iZGl2VGFibGVSb3ciPgo8ZGl2IGNsYXNzPSJkaXZUYWJsZUNlbGxIZWFkIj5VT01JTkkgU1RBVFVOSVRFTlNJPC9kaXY+CjxkaXYgY2xhc3M9ImRpdlRhYmxlQ2VsbCI+My41IC0gNS41PC9kaXY+CjxkaXYgY2xhc3M9ImRpdlRhYmxlQ2VsbCI+NiAtIDcuNTwvZGl2Pgo8ZGl2IGNsYXNzPSJkaXZUYWJsZUNlbGwiPjggLSA5LjU8L2Rpdj4KPGRpdiBjbGFzcz0iZGl2VGFibGVDZWxsIj4xMCAtIDExLjU8L2Rpdj4KPC9kaXY+CjxkaXYgY2xhc3M9ImRpdlRhYmxlUm93Ij4KPGRpdiBjbGFzcz0iZGl2VGFibGVDZWxsSGVhZCI+QUxURVpaQTwvZGl2Pgo8ZGl2IGNsYXNzPSJkaXZUYWJsZUNlbGwiPjIzICsvLSAxLDUgY208L2Rpdj4KPGRpdiBjbGFzcz0iZGl2VGFibGVDZWxsIj4yNSArLy0gMSw1IGNtPC9kaXY+CjxkaXYgY2xhc3M9ImRpdlRhYmxlQ2VsbCI+MjcgKy8tIDEsNSBjbTwvZGl2Pgo8ZGl2IGNsYXNzPSJkaXZUYWJsZUNlbGwiPjI5ICsvLSAxLDUgY208L2Rpdj4KPC9kaXY+CjwvZGl2Pgo8L2Rpdj4=[\/vc_raw_html][\/vc_column_inner][\/vc_row_inner][\/vc_column][\/vc_row]<\/p>\n<\/div>","protected":false},"excerpt":{"rendered":"<p>Ideali per climi caldi o molto caldi, i nostri calzini da ciclismo neri stelth eccellono in traspirabilit\u00e0 e durata. La struttura in mesh nella parte superiore e il tessuto ad alta densit\u00e0 nel plantare assicurano prestazioni ottimali. Progettati con precisione per il comfort sulle lunghe distanze, i calzini classici nologo presentano cuciture piatte e utilizzano <a href=\"\/the-best-fabrics-for-cycling-socks\/\">filato di alta qualit\u00e0<\/a> che \u00e8 due volte pi\u00f9 leggero del cotone, migliorando la gestione dell&#8217;umidit\u00e0 per una pedalata deliziosamente fluida.  <\/p>\n<p class=\"reasons\">Motivi per acquistare:<\/p>\n<ul>\n<li>Progettato per la vostra massima soddisfazione<\/li>\n<li>Traspirabilit\u00e0 ottimale garantita dal tessuto pi\u00f9 pregiato.<\/li>\n<li>Solidit\u00e0 e longevit\u00e0 comprovate dai clienti<\/li>\n<li>Stile senza tempo: il design minimalista di nologo<\/li>\n<\/ul>\n<p><img loading=\"lazy\" decoding=\"async\" class=\"alignnone wp-image-658 size-medium\" role=\"img\" src=\"https:\/\/nologo.cc\/wp-content\/uploads\/2023\/11\/Trustpilot-Excellent-Rating-ShortDesc.svg\" alt=\"\" width=\"300\" height=\"300\"><\/p>\n<p>Sei tra due taglie? Ti consigliamo di scegliere una taglia in meno.<br \/>\n Consulta la <a class=\"nm-lightbox\" href=\"#classic-size\">Guida alle taglie<\/a> . <\/p>\n<p>Valutato da clienti verificati:<\/p>\n","protected":false},"featured_media":5609,"comment_status":"open","ping_status":"closed","template":"","meta":[],"product_brand":[],"product_cat":[197],"product_tag":[],"class_list":{"0":"post-5607","1":"product","2":"type-product","3":"status-publish","4":"has-post-thumbnail","6":"product_cat-calzini-da-ciclismo-classici","8":"first","9":"instock","10":"taxable","11":"shipping-taxable","12":"purchasable","13":"product-type-variable"},"_links":{"self":[{"href":"https:\/\/nologo.cc\/it\/wp-json\/wp\/v2\/product\/5607","targetHints":{"allow":["GET"]}}],"collection":[{"href":"https:\/\/nologo.cc\/it\/wp-json\/wp\/v2\/product"}],"about":[{"href":"https:\/\/nologo.cc\/it\/wp-json\/wp\/v2\/types\/product"}],"replies":[{"embeddable":true,"href":"https:\/\/nologo.cc\/it\/wp-json\/wp\/v2\/comments?post=5607"}],"wp:featuredmedia":[{"embeddable":true,"href":"https:\/\/nologo.cc\/it\/wp-json\/wp\/v2\/media\/5609"}],"wp:attachment":[{"href":"https:\/\/nologo.cc\/it\/wp-json\/wp\/v2\/media?parent=5607"}],"wp:term":[{"taxonomy":"product_brand","embeddable":true,"href":"https:\/\/nologo.cc\/it\/wp-json\/wp\/v2\/product_brand?post=5607"},{"taxonomy":"product_cat","embeddable":true,"href":"https:\/\/nologo.cc\/it\/wp-json\/wp\/v2\/product_cat?post=5607"},{"taxonomy":"product_tag","embeddable":true,"href":"https:\/\/nologo.cc\/it\/wp-json\/wp\/v2\/product_tag?post=5607"}],"curies":[{"name":"wp","href":"https:\/\/api.w.org\/{rel}","templated":true}]}}