{"id":5653,"date":"2023-11-02T11:58:29","date_gmt":"2023-11-02T11:58:29","guid":{"rendered":"https:\/\/nologo.cc\/senza-categoria\/calzini-da-ciclismo-gravel-neri\/"},"modified":"2025-04-10T11:56:25","modified_gmt":"2025-04-10T09:56:25","slug":"calzini-da-ciclismo-gravel-neri","status":"publish","type":"product","link":"https:\/\/nologo.cc\/it\/calzini-da-ciclismo\/calzini-da-ciclismo-gravel\/calzini-da-ciclismo-gravel-neri\/","title":{"rendered":"Calzini da Ciclismo Neri Gravel"},"content":{"rendered":"<div class=\"wpb-content-wrapper\"><p>[vc_row][vc_column][vc_column_text]<\/p>\n<h2>Attributi dei calzini da ciclismo Gravel neri di nologo:<\/h2>\n<p>[\/vc_column_text][vc_empty_space][\/vc_column][\/vc_row][vc_row][vc_column width=&#8221;1\/2&#8243; css=&#8221;.vc_custom_1610106215999{padding-bottom: 20px !important;}&#8221;][vc_column_text]<\/p>\n<h5>colore:<\/h5>\n<p>nero + bianco <strong>senza<\/strong> logo sulle dita dei piedi <\/p>\n<h5>dimensioni:<\/h5>\n<p>Taglia: S (36-39), M (40-43), L (44-47)\n            <div class=\"nm-lightbox\" data-mfp-type=\"image\" data-mfp-src=\"https:\/\/nologo.cc\/wp-content\/uploads\/2026\/02\/1x1.png\"><a href=\"#\"><\/a>\n            <\/div>\n<h5>lunghezza polpaccio:<\/h5>\n<p>S (36-39): 23 +\/- 1,5cm M (40-43): 25 +\/- 1,5cm L (44-47): 27 +\/- 1,5cm misurati dal pavimento verso l&#8217;alto[\/vc_column_text][vc_empty_space][\/vc_column][vc_column width=&#8221;1\/2&#8243; css=&#8221;.vc_custom_1610106228659{padding-bottom: 20px !important;}&#8221;][vc_column_text]<\/p>\n<h5>i calzini sono fatti di:<\/h5>\n<p>97% Polipropilene 3% Elastan<\/p>\n<p><a href=\"https:\/\/nologo.cc\/it\/i-migliori-tessuti-per-calze-da-ciclismo\/\">Per saperne di pi\u00f9<\/a><\/p>\n<h5>altre istruzioni:<\/h5>\n<p>Lavare in lavatrice a 30\u00b0C, Non asciugare in asciugatrice, Non stirare, Non candeggiare, Non lavare a secco[\/vc_column_text][vc_empty_space][\/vc_column][\/vc_row][vc_row equal_height=&#8221;yes&#8221; content_placement=&#8221;middle&#8221;][vc_column width=&#8221;1\/4&#8243; css=&#8221;.vc_custom_1610106215999{padding-bottom: 20px !important;}&#8221;][vc_single_image image=&#8221;5688&#8243; img_size=&#8221;full&#8221;][\/vc_column][vc_column width=&#8221;1\/4&#8243; css=&#8221;.vc_custom_1610106228659{padding-bottom: 20px !important;}&#8221;][vc_single_image image=&#8221;5689&#8243; img_size=&#8221;full&#8221;][\/vc_column][vc_column width=&#8221;1\/2&#8243;][vc_column_text]<\/p>\n<div class=\"product-page-feature-icons-container\"><img loading=\"lazy\" decoding=\"async\" class=\"product-page-feature-icon\" role=\"img\" src=\"https:\/\/nologo.cc\/wp-content\/uploads\/2023\/11\/perfect-fit.svg\" alt=\"\" width=\"300\" height=\"300\"><br \/>\n<img loading=\"lazy\" decoding=\"async\" class=\"product-page-feature-icon\" role=\"img\" src=\"https:\/\/nologo.cc\/wp-content\/uploads\/2023\/11\/moisture-wicking.svg\" alt=\"\" width=\"300\" height=\"300\"><br \/>\n<img loading=\"lazy\" decoding=\"async\" class=\"product-page-feature-icon\" role=\"img\" src=\"https:\/\/nologo.cc\/wp-content\/uploads\/2023\/11\/light-weight.svg\" alt=\"\" width=\"300\" height=\"300\"><br \/>\n<img loading=\"lazy\" decoding=\"async\" class=\"product-page-feature-icon\" role=\"img\" src=\"https:\/\/nologo.cc\/wp-content\/uploads\/2023\/11\/fast-drying.svg\" alt=\"\" width=\"300\" height=\"300\"><br \/>\n<img loading=\"lazy\" decoding=\"async\" class=\"product-page-feature-icon\" role=\"img\" src=\"https:\/\/nologo.cc\/wp-content\/uploads\/2023\/11\/efficient-cooling.svg\" alt=\"\" width=\"300\" height=\"300\"><\/div>\n<p>[\/vc_column_text][\/vc_column][\/vc_row][vc_row][vc_column][vc_empty_space][vc_column_text]<\/p>\n<h2>Calzini da ciclismo Gravel neri nologo<\/h2>\n<p>I nostri calzini da ciclismo Gravel neri sono stati dotati di una serie di miglioramenti pensati per la guida fuoristrada. Il nuovo calzino Gravel \u00e8 sviluppato da zero: la trama del nostro <a title=\"calzini in filato prolen\" href=\"https:\/\/nologo.cc\/it\/i-migliori-tessuti-per-calze-da-ciclismo\/\">filato Prolen<\/a> all&#8217;avanguardia \u00e8 stata riprogettata e il calzino ha una suola e una costruzione del tallone completamente nuove. Tutti questi aggiornamenti strutturali hanno portato a un modello completamente nuovo che ha soddisfatto tutti i requisiti in termini di comfort di guida fuoristrada. Ecco cosa abbiamo fatto:   <\/p>\n<ol>\n<li><strong>Suola antivibrante:<\/strong> abbiamo utilizzato un cuscinetto spesso sulla suola per assorbire meglio le vibrazioni ed evitare che il piede scivoli nella scarpa.<\/li>\n<li><strong>Tallone robusto:<\/strong> \u00e8 stato notevolmente rinforzato in modo da resistere anche in caso di contatto con sabbia o fango. \u00c8 molto pi\u00f9 resistente e progettato per prevenire le abrasioni. <\/li>\n<li><strong>Tomaia confortevole:<\/strong> nella parte superiore della calza abbiamo utilizzato un polsino largo e senza pressione per migliorare il comfort durante i lunghi viaggi fuoristrada.<\/li>\n<li><strong>Nuova struttura della trama:<\/strong> una trama strutturata del filato per proteggere meglio le gambe dall&#8217;impatto dei sassi.<\/li>\n<\/ol>\n<p>[\/vc_column_text][\/vc_column][\/vc_row][vc_row][vc_column width=&#8221;1\/4&#8243;][vc_empty_space height=&#8221;47px&#8221;][vc_single_image image=&#8221;5662&#8243; img_size=&#8221;full&#8221; alignment=&#8221;center&#8221;][vc_empty_space height=&#8221;47px&#8221;][\/vc_column][vc_column width=&#8221;1\/4&#8243;][vc_empty_space height=&#8221;47px&#8221;][vc_single_image image=&#8221;5663&#8243; img_size=&#8221;full&#8221; alignment=&#8221;center&#8221;][vc_empty_space height=&#8221;47px&#8221;][\/vc_column][vc_column width=&#8221;1\/4&#8243;][vc_empty_space height=&#8221;47px&#8221;][vc_single_image image=&#8221;5664&#8243; img_size=&#8221;full&#8221; alignment=&#8221;center&#8221;][vc_empty_space height=&#8221;47px&#8221;][\/vc_column][vc_column width=&#8221;1\/4&#8243;][vc_empty_space height=&#8221;47px&#8221;][vc_single_image image=&#8221;5665&#8243; img_size=&#8221;full&#8221; alignment=&#8221;center&#8221;][vc_empty_space height=&#8221;47px&#8221;][\/vc_column][\/vc_row][vc_row][vc_column][vc_column_text]Introducendo tutti questi cambiamenti, non abbiamo dimenticato le caratteristiche pi\u00f9 importanti dei nostri calzini. I calzini da ciclismo gravel neri <strong>senza<\/strong> logo sono ancora leggeri, vestono perfettamente, assorbono l&#8217;umidit\u00e0, si asciugano molto rapidamente e regolano perfettamente la temperatura.<\/p>\n<h2>Comfort di livello superiore, stesso approccio ecologico<\/h2>\n<p>Nonostante la riprogettazione radicale, continuiamo a dare priorit\u00e0 alla sostenibilit\u00e0 e al pensiero futuro. Incorporando PROLEN\u00aeYARN, un materiale riciclabile al 100%, sottolineiamo il nostro impegno nel ridurre l&#8217;impatto ambientale. Mentre i nostri calzini gravel sono progettati da zero per le massime prestazioni sui sentieri avventurosi, sono anche una testimonianza del nostro impegno nel preservare la bellezza dei grandi spazi aperti per le generazioni a venire. Leggi di pi\u00f9 sui nostri consigli su <a href=\"https:\/\/nologo.cc\/it\/5-consigli-su-come-scegliere-i-calzini-da-ciclismo\/\">come scegliere i calzini da ciclismo<\/a> . Indossali con: praticamente qualsiasi colore di kit<br \/>\n Cerca di lavare solo con toni scuri[\/vc_column_text][\/vc_column][\/vc_row][vc_row][vc_column][vc_empty_space height=&#8221;47px&#8221;][vc_single_image image=&#8221;397542&#8243; img_size=&#8221;full&#8221; alignment=&#8221;center&#8221;][vc_empty_space height=&#8221;47px&#8221;][\/vc_column][\/vc_row][vc_row equal_height=&#8221;yes&#8221; content_placement=&#8221;middle&#8221; el_class=&#8221;displaynone&#8221;][vc_column][vc_row_inner content_placement=&#8221;middle&#8221; el_id=&#8221;gravel-size&#8221; css=&#8221;.vc_custom_1708284228275{padding-top: 32px !important;padding-bottom: 32px !important;background-color: #ffffff !important;}&#8221;][vc_column_inner width=&#8221;1\/6&#8243;][vc_empty_space][vc_single_image image=&#8221;5338&#8243; img_size=&#8221;full&#8221; alignment=&#8221;center&#8221;][vc_empty_space][\/vc_column_inner][vc_column_inner width=&#8221;5\/6&#8243;][vc_raw_html]PGRpdiBjbGFzcz0iZGl2VGFibGUiPgo8ZGl2IGNsYXNzPSJkaXZUYWJsZUhlYWRpbmciPgo8ZGl2IGNsYXNzPSJkaXZUYWJsZVJvdyI+CjxkaXYgY2xhc3M9ImRpdlRhYmxlSGVhZCI+IDwvZGl2Pgo8ZGl2IGNsYXNzPSJkaXZUYWJsZUhlYWQiPlM8L2Rpdj4KPGRpdiBjbGFzcz0iZGl2VGFibGVIZWFkIj5NPC9kaXY+CjxkaXYgY2xhc3M9ImRpdlRhYmxlSGVhZCI+TDwvZGl2Pgo8L2Rpdj4KPC9kaXY+CjxkaXYgY2xhc3M9ImRpdlRhYmxlQm9keSI+CjxkaXYgY2xhc3M9ImRpdlRhYmxlUm93Ij4KPGRpdiBjbGFzcz0iZGl2VGFibGVDZWxsSGVhZCI+VW5pb25lIEV1cm9wZWE8L2Rpdj4KPGRpdiBjbGFzcz0iZGl2VGFibGVDZWxsIj4zNiAtIDM5PC9kaXY+CjxkaXYgY2xhc3M9ImRpdlRhYmxlQ2VsbCI+NDAgLSA0MzwvZGl2Pgo8ZGl2IGNsYXNzPSJkaXZUYWJsZUNlbGwiPjQ0IC0gNDc8L2Rpdj4KPC9kaXY+CjxkaXYgY2xhc3M9ImRpdlRhYmxlUm93Ij4KPGRpdiBjbGFzcz0iZGl2VGFibGVDZWxsSGVhZCI+Q008L2Rpdj4KPGRpdiBjbGFzcz0iZGl2VGFibGVDZWxsIj4yMyAtIDI1PC9kaXY+CjxkaXYgY2xhc3M9ImRpdlRhYmxlQ2VsbCI+MjUuNSAtIDI4PC9kaXY+CjxkaXYgY2xhc3M9ImRpdlRhYmxlQ2VsbCI+MjguNSAtIDMwLjU8L2Rpdj4KPC9kaXY+CjxkaXYgY2xhc3M9ImRpdlRhYmxlUm93Ij4KPGRpdiBjbGFzcz0iZGl2VGFibGVDZWxsSGVhZCI+UmVnbm8gVW5pdG88L2Rpdj4KPGRpdiBjbGFzcz0iZGl2VGFibGVDZWxsIj4zLjUgLSA2PC9kaXY+CjxkaXYgY2xhc3M9ImRpdlRhYmxlQ2VsbCI+Ni41IC0gOTwvZGl2Pgo8ZGl2IGNsYXNzPSJkaXZUYWJsZUNlbGwiPjkuNSAtIDExLjU8L2Rpdj4KPC9kaXY+CjxkaXYgY2xhc3M9ImRpdlRhYmxlUm93Ij4KPGRpdiBjbGFzcz0iZGl2VGFibGVDZWxsSGVhZCI+RG9ubmUgc3RhdHVuaXRlbnNpPC9kaXY+CjxkaXYgY2xhc3M9ImRpdlRhYmxlQ2VsbCI+NS41IC0gODwvZGl2Pgo8ZGl2IGNsYXNzPSJkaXZUYWJsZUNlbGwiPjguNSAtIDExPC9kaXY+CjxkaXYgY2xhc3M9ImRpdlRhYmxlQ2VsbCI+MTEuNSAtIDEzLjU8L2Rpdj4KPC9kaXY+CjxkaXYgY2xhc3M9ImRpdlRhYmxlUm93Ij4KPGRpdiBjbGFzcz0iZGl2VGFibGVDZWxsSGVhZCI+VU9NSU5JIERFR0xJIFNUQVRJIFVOSVRJPC9kaXY+CjxkaXYgY2xhc3M9ImRpdlRhYmxlQ2VsbCI+My41IC0gNjwvZGl2Pgo8ZGl2IGNsYXNzPSJkaXZUYWJsZUNlbGwiPjYuNSAtIDk8L2Rpdj4KPGRpdiBjbGFzcz0iZGl2VGFibGVDZWxsIj45LjUgLSAxMS41PC9kaXY+CjwvZGl2Pgo8ZGl2IGNsYXNzPSJkaXZUYWJsZVJvdyI+CjxkaXYgY2xhc3M9ImRpdlRhYmxlQ2VsbEhlYWQiPkFMVEVaWkE8L2Rpdj4KPGRpdiBjbGFzcz0iZGl2VGFibGVDZWxsIj4yNSArLy0gMSw1Y208L2Rpdj4KPGRpdiBjbGFzcz0iZGl2VGFibGVDZWxsIj4yNyArLy0gMSw1Y208L2Rpdj4KPGRpdiBjbGFzcz0iZGl2VGFibGVDZWxsIj4yOSArLy0gMSw1Y208L2Rpdj4KPC9kaXY+CjwvZGl2Pgo8L2Rpdj4=[\/vc_raw_html][\/vc_column_inner][\/vc_row_inner][\/vc_column][\/vc_row]<\/p>\n<\/div>","protected":false},"excerpt":{"rendered":"<p>Ecco i calzini da ciclismo Gravel neri di nologo, che offrono un comfort ottimale per i tuoi piedi in diverse condizioni del terreno. Nel realizzare l&#8217;ultimo modello, il nostro obiettivo unico era quello di ottenere le massime prestazioni fuoristrada. Di conseguenza, questi calzini sono ben equipaggiati per gestire chilometri estesi di gare e avventure fuoristrada. Il design non solo soddisfa le aspettative delle discipline gravel a lunga distanza, ma eccelle anche in XC MTB, ciclocross e tutte le forme di mountain bike estrema.   <\/p>\n<p class=\"reasons\">Motivi per acquistare:<\/p>\n<ul>\n<li>Progettato per le massime prestazioni fuoristrada<\/li>\n<li>Eccezionalmente traspirante per il comfort dei tuoi piedi<\/li>\n<li>Durata dimostrata in lunghi viaggi su terreni accidentati<\/li>\n<li>lo stile senza tempo di nologo su misura per gli esploratori di ghiaia<\/li>\n<\/ul>\n<p><img loading=\"lazy\" decoding=\"async\" class=\"alignnone wp-image-658 size-medium\" role=\"img\" src=\"https:\/\/nologo.cc\/wp-content\/uploads\/2023\/11\/Trustpilot-Excellent-Rating-ShortDesc.svg\" alt=\"\" width=\"300\" height=\"300\"><\/p>\n<p>Sei a met\u00e0 tra due taglie? Ti consigliamo di prendere una taglia in meno.<br \/>\n Consulta la <a class=\"nm-lightbox\" href=\"\">Guida alle taglie<\/a> . Valutato da clienti verificati: <\/p>\n","protected":false},"featured_media":5655,"comment_status":"open","ping_status":"closed","template":"","meta":[],"product_brand":[],"product_cat":[175],"product_tag":[],"class_list":{"0":"post-5653","1":"product","2":"type-product","3":"status-publish","4":"has-post-thumbnail","6":"product_cat-calzini-da-ciclismo-gravel","8":"first","9":"instock","10":"taxable","11":"shipping-taxable","12":"purchasable","13":"product-type-variable"},"_links":{"self":[{"href":"https:\/\/nologo.cc\/it\/wp-json\/wp\/v2\/product\/5653","targetHints":{"allow":["GET"]}}],"collection":[{"href":"https:\/\/nologo.cc\/it\/wp-json\/wp\/v2\/product"}],"about":[{"href":"https:\/\/nologo.cc\/it\/wp-json\/wp\/v2\/types\/product"}],"replies":[{"embeddable":true,"href":"https:\/\/nologo.cc\/it\/wp-json\/wp\/v2\/comments?post=5653"}],"wp:featuredmedia":[{"embeddable":true,"href":"https:\/\/nologo.cc\/it\/wp-json\/wp\/v2\/media\/5655"}],"wp:attachment":[{"href":"https:\/\/nologo.cc\/it\/wp-json\/wp\/v2\/media?parent=5653"}],"wp:term":[{"taxonomy":"product_brand","embeddable":true,"href":"https:\/\/nologo.cc\/it\/wp-json\/wp\/v2\/product_brand?post=5653"},{"taxonomy":"product_cat","embeddable":true,"href":"https:\/\/nologo.cc\/it\/wp-json\/wp\/v2\/product_cat?post=5653"},{"taxonomy":"product_tag","embeddable":true,"href":"https:\/\/nologo.cc\/it\/wp-json\/wp\/v2\/product_tag?post=5653"}],"curies":[{"name":"wp","href":"https:\/\/api.w.org\/{rel}","templated":true}]}}