{"id":5654,"date":"2023-11-02T11:28:13","date_gmt":"2023-11-02T11:28:13","guid":{"rendered":"https:\/\/nologo.cc\/senza-categoria\/calzini-da-ciclismo-bianchi-classici\/"},"modified":"2026-04-12T09:13:27","modified_gmt":"2026-04-12T07:13:27","slug":"calzini-da-ciclismo-bianchi-classici","status":"publish","type":"product","link":"https:\/\/nologo.cc\/it\/calzini-da-ciclismo\/calzini-da-ciclismo-classici\/calzini-da-ciclismo-bianchi-classici\/","title":{"rendered":"Calzini da Ciclismo Bianchi Classici"},"content":{"rendered":"<div class=\"wpb-content-wrapper\"><p>[vc_row equal_height=&#8221;yes&#8221; content_placement=&#8221;middle&#8221;][vc_column width=&#8221;1\/4&#8243; css=&#8221;.vc_custom_1610106215999{padding-bottom: 20px !important;}&#8221;][vc_single_image image=&#8221;5688&#8243; img_size=&#8221;full&#8221;][\/vc_column][vc_column width=&#8221;1\/4&#8243; css=&#8221;.vc_custom_1610106228659{padding-bottom: 20px !important;}&#8221;][vc_single_image image=&#8221;5689&#8243; img_size=&#8221;full&#8221;][\/vc_column][vc_column width=&#8221;1\/2&#8243;][vc_column_text]<\/p>\n<div class=\"product-page-feature-icons-container\"><img loading=\"lazy\" decoding=\"async\" class=\"product-page-feature-icon\" role=\"img\" src=\"https:\/\/nologo.cc\/wp-content\/uploads\/2023\/11\/perfect-fit.svg\" alt=\"\" width=\"300\" height=\"300\"><br \/>\n<img loading=\"lazy\" decoding=\"async\" class=\"product-page-feature-icon\" role=\"img\" src=\"https:\/\/nologo.cc\/wp-content\/uploads\/2023\/11\/moisture-wicking.svg\" alt=\"\" width=\"300\" height=\"300\"><br \/>\n<img loading=\"lazy\" decoding=\"async\" class=\"product-page-feature-icon\" role=\"img\" src=\"https:\/\/nologo.cc\/wp-content\/uploads\/2023\/11\/light-weight.svg\" alt=\"\" width=\"300\" height=\"300\"><br \/>\n<img loading=\"lazy\" decoding=\"async\" class=\"product-page-feature-icon\" role=\"img\" src=\"https:\/\/nologo.cc\/wp-content\/uploads\/2023\/11\/fast-drying.svg\" alt=\"\" width=\"300\" height=\"300\"><br \/>\n<img loading=\"lazy\" decoding=\"async\" class=\"product-page-feature-icon\" role=\"img\" src=\"https:\/\/nologo.cc\/wp-content\/uploads\/2023\/11\/efficient-cooling.svg\" alt=\"\" width=\"300\" height=\"300\"><\/div>\n<p>[\/vc_column_text][\/vc_column][\/vc_row][vc_row css=&#8221;.vc_custom_1704119418494{padding-top: 32px !important;}&#8221;][vc_column][vc_column_text css=&#8221;&#8221;]<\/p>\n<h2>Calzini da ciclismo bianchi classici: l&#8217;essenza dello stile ciclistico<\/h2>\n<p>Ecco i nostri calzini bianchi classici pi\u00f9 venduti, un classico senza tempo che si abbina perfettamente a qualsiasi outfit, scarpa o bicicletta. Progettati sia per lo stile che per la funzionalit\u00e0, questi eleganti calzini bianchi sono i preferiti dai ciclisti di tutto il mondo. Non solo emanano un senso di raffinatezza, ma migliorano anche la tua visibilit\u00e0 sulla strada, assicurandoti di distinguerti e rimanere al sicuro. Il bianco non assorbe il calore tanto quanto i colori pi\u00f9 scuri, il che pu\u00f2 essere una caratteristica utile durante le lunghe pedalate estive. Scelti dai migliori atleti di varie discipline, questi semplici calzini bianchi sono universalmente lusinghieri, adatti a tutte le carnagioni, corporature e scelte di kit. Il loro colore versatile si abbina senza sforzo a qualsiasi tipo e tonalit\u00e0 di calzature, rendendoli una scelta affidabile ed elegante per ogni ciclista. Scopri altri <a href=\"\">consigli degli esperti sulla selezione dei calzini da ciclismo ideali<\/a> e migliora la tua esperienza di guida. Acquista ora e abbraccia il fascino duraturo dei prodotti nologo.[\/vc_column_text][\/vc_column][\/vc_row][vc_row css=&#8221;.vc_custom_1704119418494{padding-top: 32px !important;}&#8221;][vc_column width=&#8221;1\/3&#8243;][vc_single_image image=&#8221;6237&#8243; img_size=&#8221;full&#8221; alignment=&#8221;center&#8221;][\/vc_column][vc_column width=&#8221;1\/3&#8243;][vc_single_image image=&#8221;6229&#8243; img_size=&#8221;full&#8221; alignment=&#8221;center&#8221;][\/vc_column][vc_column width=&#8221;1\/3&#8243;][vc_single_image image=&#8221;6225&#8243; img_size=&#8221;full&#8221; alignment=&#8221;center&#8221;][\/vc_column][\/vc_row][vc_row css=&#8221;.vc_custom_1704119418494{padding-top: 32px !important;}&#8221;][vc_column][vc_column_text css=&#8221;&#8221;]<\/p>\n<h2>Come aiutiamo i tuoi piedi a godere del massimo comfort con i nostri esclusivi calzini da ciclismo completamente bianchi?<\/h2>\n<p>Quando si tratta di mantenere i piedi in ottima forma durante gli allenamenti o le attivit\u00e0 quotidiane, \u00e8 importante investire nei calzini giusti. I calzini nologo sono progettati per il massimo comfort, consentendoti di concentrarti sulle tue prestazioni senza distrazioni. Che tu stia cercando calzini bianchi da ciclismo da uomo o da donna, la taglia e la vestibilit\u00e0 giuste sono fondamentali per garantire la cura dei piedi e l&#8217;efficienza durante la pedalata. I calzini nologo sono disponibili in un&#8217;ampia gamma di opzioni di taglie per soddisfare le esigenze uniche di tutti.   <\/p>\n<h2>Calzini da ciclismo bianchi progettati per traspirabilit\u00e0, assorbimento dell&#8217;umidit\u00e0 e prestazioni di lunga durata<\/h2>\n<p>Il tessuto traspirante PROLEN\u00aeYARN all&#8217;avanguardia \u00e8 essenziale per garantire un flusso d&#8217;aria adeguato e regolare la temperatura, prevenendo piedi sudati e surriscaldati. Le propriet\u00e0 traspiranti del tessuto mantengono i piedi asciutti e prevengono le vesciche. Anche la durata \u00e8 fondamentale, poich\u00e9 vorrai calzini che possano resistere a lavaggi frequenti e allenamenti intensi senza consumarsi. I nostri clienti affermano che nologo \u00e8 il marchio da scegliere se desideri calzini da ciclismo bianchi resistenti che rimangano bianchi anche dopo un uso intensivo e molti cicli di lavaggio. Nel complesso, i nostri calzini sono stati progettati e realizzati nell&#8217;UE per soddisfare tutti i requisiti con i massimi livelli di qualit\u00e0, consentendoti di stare comodo e concentrato sul raggiungimento dei tuoi obiettivi di fitness e di goderti le tue avventure in bici senza distrazioni legate ai piedi.[\/vc_column_text][\/vc_column][\/vc_row][vc_row css=&#8221;.vc_custom_1704119418494{padding-top: 32px !important;}&#8221;][vc_column][vc_single_image image=&#8221;6241&#8243; img_size=&#8221;full&#8221; alignment=&#8221;center&#8221;][\/vc_column][\/vc_row][vc_row css=&#8221;.vc_custom_1704119418494{padding-top: 32px !important;}&#8221;][vc_column][vc_column_text css=&#8221;&#8221;]<\/p>\n<h2>Entra in un futuro sostenibile con i nostri calzini riciclabili ed ecologici<\/h2>\n<p>I nostri calzini riciclabili eco-compatibili stanno aprendo la strada a un futuro verde. I prodotti nologo sono realizzati con materiali interamente riciclabili di altissima qualit\u00e0, utilizzando principalmente filati realizzati con la sostenibilit\u00e0 come obiettivo principale. I nostri clienti non solo possono godere di calzini eticamente validi, ma possono anche restituirli una volta usurati. I calzini usati vengono quindi sottoposti a un processo di riciclaggio specializzato, pronti per essere intrecciati in nuovi paia. Tutto ci\u00f2 fa parte del nostro impegno per il riciclaggio e la promozione della moda sostenibile.    <\/p>\n<h2>Suggerimenti dagli esperti di calzini<\/h2>\n<p>Da indossare con: praticamente qualsiasi tonalit\u00e0 di abbigliamento. Il bianco \u00e8 un colore versatile e pu\u00f2 essere abbinato a qualsiasi kit.<br \/>\n Prova a lavare solo con i bianchi per mantenere quel colore bianco perfetto. La resistenza all&#8217;assorbimento dell&#8217;umidit\u00e0 del nostro filato gli consente di resistere a numerosi lavaggi, quindi puoi lavarli frequentemente per mantenerli in perfette condizioni senza alcuna preoccupazione.[\/vc_column_text][\/vc_column][\/vc_row][vc_row css=&#8221;.vc_custom_1703627606748{padding-top: 32px !important;}&#8221;][vc_column][vc_column_text]<\/p>\n<h2>Attributi dei calzini da ciclismo bianchi classici nologo:<\/h2>\n<p>[\/vc_column_text][vc_empty_space][\/vc_column][\/vc_row][vc_row][vc_column width=&#8221;1\/2&#8243; css=&#8221;.vc_custom_1610106215999{padding-bottom: 20px !important;}&#8221;][vc_column_text]<\/p>\n<h3>colore:<\/h3>\n<p>bianco + nero <strong>senza<\/strong> logo sulle dita dei piedi <\/p>\n<h3>dimensioni:<\/h3>\n<p>36-38, 39-41, 42-44, 45-47\n            <div class=\"nm-lightbox\" data-mfp-type=\"image\" data-mfp-src=\"https:\/\/nologo.cc\/wp-content\/uploads\/2026\/02\/1x1.png\"><a href=\"#\"><\/a>\n            <\/div>\n<h3>lunghezza polpaccio:<\/h3>\n<p>36-38: 23 +\/- 1,5cm 39-41: 25 +\/- 1,5cm 42-44: 27 +\/- 1,5cm 45-47: 29 +\/- 1,5cm<\/p>\n<p>misurato dal pavimento verso l&#8217;alto[\/vc_column_text][\/vc_column][vc_column width=&#8221;1\/2&#8243; css=&#8221;.vc_custom_1610106228659{padding-bottom: 20px !important;}&#8221;][vc_column_text]<\/p>\n<h3>i calzini sono fatti di:<\/h3>\n<p>97% Polipropilene 3% Elastan<\/p>\n<p><a href=\"https:\/\/nologo.cc\/it\/i-migliori-tessuti-per-calze-da-ciclismo\/\">Per saperne di pi\u00f9<\/a><\/p>\n<h3>altre istruzioni:<\/h3>\n<p>Lavare in lavatrice a 30\u00b0C, Non asciugare in asciugatrice, Non stirare, Non candeggiare, Non lavare a secco[\/vc_column_text][\/vc_column][\/vc_row][vc_row equal_height=&#8221;yes&#8221; content_placement=&#8221;middle&#8221; el_class=&#8221;displaynone&#8221;][vc_column][vc_row_inner content_placement=&#8221;middle&#8221; css=&#8221;.vc_custom_1708282480444{padding-top: 36px !important;padding-bottom: 36px !important;background-color: #ffffff !important;}&#8221; el_id=&#8221;classic-size&#8221;][vc_column_inner width=&#8221;1\/6&#8243;][vc_empty_space][vc_single_image image=&#8221;5336&#8243; img_size=&#8221;full&#8221; alignment=&#8221;center&#8221;][vc_empty_space][\/vc_column_inner][vc_column_inner width=&#8221;5\/6&#8243;][vc_raw_html]PGRpdiBjbGFzcz0iZGl2VGFibGUiPgo8ZGl2IGNsYXNzPSJkaXZUYWJsZUhlYWRpbmciPgo8ZGl2IGNsYXNzPSJkaXZUYWJsZVJvdyI+CjxkaXYgY2xhc3M9ImRpdlRhYmxlSGVhZCI+IDwvZGl2Pgo8ZGl2IGNsYXNzPSJkaXZUYWJsZUhlYWQiPlRhZ2xpYSBYUzwvZGl2Pgo8ZGl2IGNsYXNzPSJkaXZUYWJsZUhlYWQiPlM8L2Rpdj4KPGRpdiBjbGFzcz0iZGl2VGFibGVIZWFkIj5NPC9kaXY+CjxkaXYgY2xhc3M9ImRpdlRhYmxlSGVhZCI+TDwvZGl2Pgo8L2Rpdj4KPC9kaXY+CjxkaXYgY2xhc3M9ImRpdlRhYmxlQm9keSI+CjxkaXYgY2xhc3M9ImRpdlRhYmxlUm93Ij4KPGRpdiBjbGFzcz0iZGl2VGFibGVDZWxsSGVhZCI+VW5pb25lIEV1cm9wZWE8L2Rpdj4KPGRpdiBjbGFzcz0iZGl2VGFibGVDZWxsIj4zNiAtIDM4PC9kaXY+CjxkaXYgY2xhc3M9ImRpdlRhYmxlQ2VsbCI+MzkgLSA0MTwvZGl2Pgo8ZGl2IGNsYXNzPSJkaXZUYWJsZUNlbGwiPjQyIC0gNDQ8L2Rpdj4KPGRpdiBjbGFzcz0iZGl2VGFibGVDZWxsIj40NSAtIDQ3PC9kaXY+CjwvZGl2Pgo8ZGl2IGNsYXNzPSJkaXZUYWJsZVJvdyI+CjxkaXYgY2xhc3M9ImRpdlRhYmxlQ2VsbEhlYWQiPkNNPC9kaXY+CjxkaXYgY2xhc3M9ImRpdlRhYmxlQ2VsbCI+MjMgLSAyNC41PC9kaXY+CjxkaXYgY2xhc3M9ImRpdlRhYmxlQ2VsbCI+MjUgLSAyNi41PC9kaXY+CjxkaXYgY2xhc3M9ImRpdlRhYmxlQ2VsbCI+MjcgLSAyOC41PC9kaXY+CjxkaXYgY2xhc3M9ImRpdlRhYmxlQ2VsbCI+MjkgLSAzMC41PC9kaXY+CjwvZGl2Pgo8ZGl2IGNsYXNzPSJkaXZUYWJsZVJvdyI+CjxkaXYgY2xhc3M9ImRpdlRhYmxlQ2VsbEhlYWQiPlJlZ25vIFVuaXRvPC9kaXY+CjxkaXYgY2xhc3M9ImRpdlRhYmxlQ2VsbCI+My41IC0gNS41PC9kaXY+CjxkaXYgY2xhc3M9ImRpdlRhYmxlQ2VsbCI+NiAtIDcuNTwvZGl2Pgo8ZGl2IGNsYXNzPSJkaXZUYWJsZUNlbGwiPjggLSA5LjU8L2Rpdj4KPGRpdiBjbGFzcz0iZGl2VGFibGVDZWxsIj4xMCAtIDExLjU8L2Rpdj4KPC9kaXY+CjxkaXYgY2xhc3M9ImRpdlRhYmxlUm93Ij4KPGRpdiBjbGFzcz0iZGl2VGFibGVDZWxsSGVhZCI+RG9ubmUgc3RhdHVuaXRlbnNpPC9kaXY+CjxkaXYgY2xhc3M9ImRpdlRhYmxlQ2VsbCI+NS41IC0gNy41PC9kaXY+CjxkaXYgY2xhc3M9ImRpdlRhYmxlQ2VsbCI+OCAtIDkuNTwvZGl2Pgo8ZGl2IGNsYXNzPSJkaXZUYWJsZUNlbGwiPjEwIC0gMTEuNTwvZGl2Pgo8ZGl2IGNsYXNzPSJkaXZUYWJsZUNlbGwiPjEyIC0gMTMuNTwvZGl2Pgo8L2Rpdj4KPGRpdiBjbGFzcz0iZGl2VGFibGVSb3ciPgo8ZGl2IGNsYXNzPSJkaXZUYWJsZUNlbGxIZWFkIj5VT01JTkkgREVHTEkgU1RBVEkgVU5JVEk8L2Rpdj4KPGRpdiBjbGFzcz0iZGl2VGFibGVDZWxsIj4zLjUgLSA1LjU8L2Rpdj4KPGRpdiBjbGFzcz0iZGl2VGFibGVDZWxsIj42IC0gNy41PC9kaXY+CjxkaXYgY2xhc3M9ImRpdlRhYmxlQ2VsbCI+OCAtIDkuNTwvZGl2Pgo8ZGl2IGNsYXNzPSJkaXZUYWJsZUNlbGwiPjEwIC0gMTEuNTwvZGl2Pgo8L2Rpdj4KPGRpdiBjbGFzcz0iZGl2VGFibGVSb3ciPgo8ZGl2IGNsYXNzPSJkaXZUYWJsZUNlbGxIZWFkIj5BTFRFWlpBPC9kaXY+CjxkaXYgY2xhc3M9ImRpdlRhYmxlQ2VsbCI+MjMgKy8tIDEsNWNtPC9kaXY+CjxkaXYgY2xhc3M9ImRpdlRhYmxlQ2VsbCI+MjUgKy8tIDEsNWNtPC9kaXY+CjxkaXYgY2xhc3M9ImRpdlRhYmxlQ2VsbCI+MjcgKy8tIDEsNWNtPC9kaXY+CjxkaXYgY2xhc3M9ImRpdlRhYmxlQ2VsbCI+MjkgKy8tIDEsNWNtPC9kaXY+CjwvZGl2Pgo8L2Rpdj4KPC9kaXY+[\/vc_raw_html][\/vc_column_inner][\/vc_row_inner][\/vc_column][\/vc_row]<\/p>\n<\/div>","protected":false},"excerpt":{"rendered":"<p>Ideali per climi caldi o caldissimi, i nostri calzini da ciclismo bianchi e traspiranti eccellono in traspirabilit\u00e0 e durata. La struttura in mesh nella parte superiore e il tessuto ad alta densit\u00e0 nel plantare assicurano prestazioni ottimali. Progettati con precisione per il comfort sulle lunghe distanze, i calzini classici nologo presentano cuciture piatte e utilizzano <a href=\"\/the-best-fabrics-for-cycling-socks\/\">filato di alta qualit\u00e0<\/a> che \u00e8 due volte pi\u00f9 leggero del cotone, migliorando la gestione dell&#8217;umidit\u00e0 per una pedalata deliziosamente fluida.  <\/p>\n<p class=\"reasons\">Motivi per acquistare:<\/p>\n<ul>\n<li>Progettato per la tua massima soddisfazione<\/li>\n<li>Ottima traspirabilit\u00e0 garantita dal tessuto pi\u00f9 pregiato<\/li>\n<li>Resistenza e longevit\u00e0 comprovate dai clienti<\/li>\n<li>Stile senza tempo &#8211; il bestseller di nologo<\/li>\n<\/ul>\n<p><img loading=\"lazy\" decoding=\"async\" class=\"alignnone wp-image-658 size-medium\" role=\"img\" src=\"https:\/\/nologo.cc\/wp-content\/uploads\/2023\/11\/Trustpilot-Excellent-Rating-ShortDesc.svg\" alt=\"\" width=\"300\" height=\"300\"><\/p>\n<p>Sei a met\u00e0 tra due taglie? Ti consigliamo di prendere una taglia in meno.<br \/>\n Consulta la <a class=\"nm-lightbox\" href=\"\">Guida alle taglie<\/a> . Valutato da clienti verificati: <\/p>\n","protected":false},"featured_media":5670,"comment_status":"open","ping_status":"closed","template":"","meta":[],"product_brand":[],"product_cat":[197],"product_tag":[],"class_list":{"0":"post-5654","1":"product","2":"type-product","3":"status-publish","4":"has-post-thumbnail","6":"product_cat-calzini-da-ciclismo-classici","8":"first","9":"instock","10":"taxable","11":"shipping-taxable","12":"purchasable","13":"product-type-variable"},"_links":{"self":[{"href":"https:\/\/nologo.cc\/it\/wp-json\/wp\/v2\/product\/5654","targetHints":{"allow":["GET"]}}],"collection":[{"href":"https:\/\/nologo.cc\/it\/wp-json\/wp\/v2\/product"}],"about":[{"href":"https:\/\/nologo.cc\/it\/wp-json\/wp\/v2\/types\/product"}],"replies":[{"embeddable":true,"href":"https:\/\/nologo.cc\/it\/wp-json\/wp\/v2\/comments?post=5654"}],"wp:featuredmedia":[{"embeddable":true,"href":"https:\/\/nologo.cc\/it\/wp-json\/wp\/v2\/media\/5670"}],"wp:attachment":[{"href":"https:\/\/nologo.cc\/it\/wp-json\/wp\/v2\/media?parent=5654"}],"wp:term":[{"taxonomy":"product_brand","embeddable":true,"href":"https:\/\/nologo.cc\/it\/wp-json\/wp\/v2\/product_brand?post=5654"},{"taxonomy":"product_cat","embeddable":true,"href":"https:\/\/nologo.cc\/it\/wp-json\/wp\/v2\/product_cat?post=5654"},{"taxonomy":"product_tag","embeddable":true,"href":"https:\/\/nologo.cc\/it\/wp-json\/wp\/v2\/product_tag?post=5654"}],"curies":[{"name":"wp","href":"https:\/\/api.w.org\/{rel}","templated":true}]}}