{"id":7074,"date":"2025-04-01T20:03:41","date_gmt":"2025-04-01T18:03:41","guid":{"rendered":"https:\/\/nologo.cc\/?post_type=product&#038;p=7074"},"modified":"2025-05-02T16:50:11","modified_gmt":"2025-05-02T14:50:11","slug":"calzini-da-ciclismo-giro-rosa-classici","status":"publish","type":"product","link":"https:\/\/nologo.cc\/it\/calzini-da-ciclismo\/calzini-da-ciclismo-classici\/calzini-da-ciclismo-giro-rosa-classici\/","title":{"rendered":"Calzini Da Ciclismo Giro Rosa Classici"},"content":{"rendered":"<div class=\"wpb-content-wrapper\"><p>[vc_row][vc_column][vc_column_text css=&#8221;&#8221;]<\/p>\n<h2>Caratteristiche dei calzini da ciclismo classici Giro rosa:<\/h2>\n<p>[\/vc_column_text][vc_empty_space][\/vc_column][\/vc_row][vc_row css=&#8221;.vc_custom_1706468394360{padding-bottom: 20px !important;}&#8221;][vc_column width=&#8221;1\/2&#8243;][vc_column_text css=&#8221;&#8221;]<\/p>\n<h5>colore:<\/h5>\n<p>giro rosa + bianco <strong>senza<\/strong> logo sulle dita<\/p>\n<h5>dimensioni:<\/h5>\n<p>36-38, 39-41, 42-44, 45-47 \n            <div class=\"nm-lightbox\" data-mfp-type=\"image\" data-mfp-src=\"https:\/\/nologo.cc\/wp-content\/uploads\/2026\/02\/1x1.png\"><a href=\"#\"><\/a>\n            <\/div>\n<h5>lunghezza polpaccio:<\/h5>\n<p>36-38: 23 +\/- 1,5cm<br \/>\n39-41: 25 +\/- 1,5cm<br \/>\n42-44: 27 +\/- 1,5cm<br \/>\n45-47: 29 +\/- 1,5cm<br \/>\nmisurato dal pavimento verso l&#8217;alto[\/vc_column_text][vc_empty_space][\/vc_column][vc_column width=&#8221;1\/2&#8243;][vc_column_text]<\/p>\n<h5>i calzini sono fatti di:<\/h5>\n<p>97% Polipropilene<br \/>\n3% Elastan<br \/>\n<a href=\"https:\/\/nologo.cc\/it\/i-migliori-tessuti-per-calze-da-ciclismo\/\">Per saperne di pi\u00f9<\/a><\/p>\n<h5>altre istruzioni:<\/h5>\n<p>Lavare in lavatrice a 30\u00b0C, Non asciugare in asciugatrice, Non stirare, Non candeggiare, Non lavare a secco[\/vc_column_text][vc_empty_space][\/vc_column][\/vc_row][vc_row equal_height=&#8221;yes&#8221; content_placement=&#8221;middle&#8221;][vc_column width=&#8221;1\/4&#8243; css=&#8221;.vc_custom_1610106215999{padding-bottom: 20px !important;}&#8221;][vc_single_image image=&#8221;5688&#8243; img_size=&#8221;full&#8221;][\/vc_column][vc_column width=&#8221;1\/4&#8243; css=&#8221;.vc_custom_1610106228659{padding-bottom: 20px !important;}&#8221;][vc_single_image image=&#8221;5689&#8243; img_size=&#8221;full&#8221;][\/vc_column][vc_column width=&#8221;1\/2&#8243;][vc_column_text]<\/p>\n<div class=\"product-page-feature-icons-container\"><img loading=\"lazy\" decoding=\"async\" class=\"product-page-feature-icon\" role=\"img\" src=\"https:\/\/nologo.cc\/wp-content\/uploads\/2023\/11\/perfect-fit.svg\" alt=\"\" width=\"300\" height=\"300\" \/><br \/>\n<img loading=\"lazy\" decoding=\"async\" class=\"product-page-feature-icon\" role=\"img\" src=\"https:\/\/nologo.cc\/wp-content\/uploads\/2023\/11\/moisture-wicking.svg\" alt=\"\" width=\"300\" height=\"300\" \/><br \/>\n<img loading=\"lazy\" decoding=\"async\" class=\"product-page-feature-icon\" role=\"img\" src=\"https:\/\/nologo.cc\/wp-content\/uploads\/2023\/11\/light-weight.svg\" alt=\"\" width=\"300\" height=\"300\" \/><br \/>\n<img loading=\"lazy\" decoding=\"async\" class=\"product-page-feature-icon\" role=\"img\" src=\"https:\/\/nologo.cc\/wp-content\/uploads\/2023\/11\/fast-drying.svg\" alt=\"\" width=\"300\" height=\"300\" \/><br \/>\n<img loading=\"lazy\" decoding=\"async\" class=\"product-page-feature-icon\" role=\"img\" src=\"https:\/\/nologo.cc\/wp-content\/uploads\/2023\/11\/efficient-cooling.svg\" alt=\"\" width=\"300\" height=\"300\" \/><\/div>\n<p>[\/vc_column_text][\/vc_column][\/vc_row][vc_row][vc_column][vc_empty_space][vc_column_text css=&#8221;&#8221;]<\/p>\n<h2>Calzini da ciclismo classici Giro rosa: tradizione agonistica iconica con stile moderno<\/h2>\n<p>Vivi lo spirito della gara ciclistica pi\u00f9 celebrata con i nostri calzini Giro Pink, dove la tradizione leggendaria incontra le prestazioni tecniche. Questa vibrante tonalit\u00e0 di rosa non \u00e8 solo un colore qualsiasi: \u00e8 un omaggio all&#8217;iconica maglia rosa, che ti collega immediatamente alle grandi tradizioni del ciclismo, mentre la nostra tecnologia premium PROLEN\u00aeYARN mantiene i tuoi piedi piacevolmente asciutti e comodi. Realizzati direttamente nell&#8217;UE con un occhio alla sostenibilit\u00e0, questi calzini sono leggeri, traspiranti e costruiti per durare per innumerevoli uscite e lavaggi. Vuoi aggiungere un tocco di regalit\u00e0 al tuo kit da ciclismo? Questi leggendari calzini rosa offrono uno stile iconico e prestazioni eccezionali.<\/p>\n<h2>Perch\u00e9 amerai questi calzini:<\/h2>\n<ul>\n<li><strong>Racing Heritage<\/strong> : indossa il colore leggendario che celebra il pi\u00f9 prestigioso grande giro del ciclismo<\/li>\n<li><strong>Distinzione accattivante<\/strong> : distinguiti nel gruppo con il rosa vibrante immediatamente riconoscibile<\/li>\n<li><strong>Comfort incredibile<\/strong> : struttura superiore in mesh e plantare ad alta densit\u00e0 per il perfetto equilibrio tra traspirabilit\u00e0 e supporto<\/li>\n<li><strong>Controllo dell&#8217;umidit\u00e0 superiore<\/strong> : la tecnologia avanzata PROLEN\u00aeYARN, due volte pi\u00f9 leggera del cotone, mantiene i tuoi piedi asciutti chilometro dopo chilometro<\/li>\n<li><strong>100% riciclabile<\/strong> : materiali ecocompatibili che ti fanno sentire bene quando li indossi<\/li>\n<\/ul>\n<h2><img loading=\"lazy\" decoding=\"async\" class=\"alignnone size-full wp-image-7100\" src=\"https:\/\/nologo.cc\/wp-content\/uploads\/2025\/04\/nologo-giro-pink-cycling-socks-7-scaled.jpg\" alt=\"Paio di calzini da ciclismo rosa classici Nologo Giro piegati, con elegante confezione nera con il marchio, posizionati su uno sfondo rosa per un'estetica minimalista.\" width=\"2560\" height=\"1707\" srcset=\"https:\/\/nologo.cc\/wp-content\/uploads\/2025\/04\/nologo-giro-pink-cycling-socks-7-scaled.jpg 2560w, https:\/\/nologo.cc\/wp-content\/uploads\/2025\/04\/nologo-giro-pink-cycling-socks-7-300x200.jpg 300w, https:\/\/nologo.cc\/wp-content\/uploads\/2025\/04\/nologo-giro-pink-cycling-socks-7-1024x683.jpg 1024w, https:\/\/nologo.cc\/wp-content\/uploads\/2025\/04\/nologo-giro-pink-cycling-socks-7-768x512.jpg 768w, https:\/\/nologo.cc\/wp-content\/uploads\/2025\/04\/nologo-giro-pink-cycling-socks-7-1536x1024.jpg 1536w, https:\/\/nologo.cc\/wp-content\/uploads\/2025\/04\/nologo-giro-pink-cycling-socks-7-2048x1365.jpg 2048w, https:\/\/nologo.cc\/wp-content\/uploads\/2025\/04\/nologo-giro-pink-cycling-socks-7-1600x1067.jpg 1600w\" sizes=\"auto, (max-width: 2560px) 100vw, 2560px\" \/><\/h2>\n<h2>Rosa: il colore che celebra la grande tradizione del ciclismo<\/h2>\n<p>Sapevi che il Rosa Giro \u00e8 forse il colore pi\u00f9 iconico nella storia del ciclismo professionistico? Dal 1931, il leader del Grande Giro d&#8217;Italia indossa la famosa maglia rosa, creando quasi un secolo di tradizione sportiva in questa tonalit\u00e0 distintiva. Pi\u00f9 di un semplice colore, rappresenta l&#8217;apice del ciclismo, un simbolo riconosciuto e rispettato dai ciclisti di tutto il mondo.<\/p>\n<p>Per i ciclisti che apprezzano la ricca tradizione ciclistica, i nostri calzini Giro Pink offrono il modo perfetto per entrare in contatto con la storia di questo sport, mantenendo al contempo il proprio stile distintivo. Questo rosa vivace ed energico crea un punto focale accattivante per il tuo kit, abbinandosi perfettamente a un abbigliamento da ciclismo neutro e dichiarando con sicurezza la tua passione per questo sport.<\/p>\n<h2>Progettato per il massimo comfort per tutto il giorno<\/h2>\n<p>Parliamo di cosa succede quando i tuoi piedi toccano i pedali. I nostri calzini sono caratterizzati da una struttura in mesh di precisione nella parte superiore per la massima traspirabilit\u00e0 e da un plantare ad alta densit\u00e0 dove serve pi\u00f9 supporto. Niente pi\u00f9 punti caldi, niente pi\u00f9 arricciamenti, niente pi\u00f9 distrazioni dalla tua pedalata.<\/p>\n<p>Il tessuto all&#8217;avanguardia PROLEN\u00aeYARN \u00e8 dove la magia si manifesta davvero. Questo materiale avanzato allontana attivamente l&#8217;umidit\u00e0 dalla pelle, regolando al contempo la temperatura, mantenendo i piedi comodi in un&#8217;ampia gamma di condizioni. E ecco un piccolo segreto per le calze: il nostro filato specializzato resiste effettivamente alla proliferazione di odori e batteri, quindi le tue calze (e i tuoi compagni di pedalata) ti ringrazieranno dopo quelle lunghe e sudate pedalate.<\/p>\n<p>Le cuciture piatte eliminano le fastidiose cuciture che sfregano contro le dita dei piedi, mentre la giusta quantit\u00e0 di elastan garantisce una calzata aderente e stabile che non scivola nelle scarpe durante la pedalata. Sono questi piccoli dettagli a fare la differenza nelle uscite pi\u00f9 lunghe.<\/p>\n<h2>Ciclismo sostenibile, un calzino alla volta<\/h2>\n<p>Ci teniamo molto a mantenere il nostro pianeta bello come le strade che percorriamo. Ecco perch\u00e9 i nostri calzini da ciclismo Giro Pink sono realizzati con materiali riciclabili al 100%. Quando li avrai finalmente consumati (ci vorr\u00e0 un bel po&#8217; di tempo, fidati), potrai restituirceli per il riciclo invece di gettarli in discarica.<\/p>\n<p>Tutti i calzini nologo sono realizzati nell&#8217;UE secondo pratiche di produzione etiche e processi di produzione ecocompatibili che utilizzano una quantit\u00e0 significativamente inferiore di acqua ed energia rispetto alla produzione convenzionale. La tintura specifica che utilizziamo per il nostro colore Giro Pink \u00e8 progettata per mantenere la sua tonalit\u00e0 vibrante anche dopo numerosi lavaggi, riducendo al minimo l&#8217;impatto ambientale.<\/p>\n<h2>Consigli professionali dagli esperti di calzini<\/h2>\n<p><strong>Abbinamento perfetto:<\/strong> questi calzini creano il massimo impatto con scarpe e pantaloncini da ciclismo neri. Per un classico look da professionista europeo, abbinali a un completo prevalentemente bianco o nero per lasciare che l&#8217;iconico rosa sia il tuo tocco distintivo. Preferisci un look pi\u00f9 coordinato? Cerca maglie da ciclismo con delicati dettagli rosa per completare il tuo look.<\/p>\n<p><strong>Stile Tradizione:<\/strong> Sebbene il Giro Pink celebri la tradizione ciclistica, \u00e8 straordinariamente versatile nei moderni guardaroba da ciclismo. La tonalit\u00e0 vibrante si abbina splendidamente ai colori neutri (nero, bianco, grigio), ma crea anche abbinamenti sorprendenti con blu navy, verde acqua e verdi pi\u00f9 scuri.<\/p>\n<p><strong>Istruzioni per la cura:<\/strong> Lavare in lavatrice a 30\u00b0C per preservare il suo rosa vibrante. Dopo centinaia di lavaggi di prova, possiamo confermare che mantengono il loro colore iconico in modo eccezionale. Il filato PROLEN\u00ae li rende pi\u00f9 resistenti allo sbiadimento rispetto ai materiali convenzionali.<\/p>\n<p><strong>Suggerimento per la taglia:<\/strong> se sei tra due taglie, ti consigliamo di scegliere una taglia in meno per una vestibilit\u00e0 pi\u00f9 comoda. Il tessuto offre la giusta quantit\u00e0 di elasticit\u00e0, mantenendo quella vestibilit\u00e0 aderente e performante che i ciclisti preferiscono.<\/p>\n<h2>Specifiche tecniche:<\/h2>\n<ul>\n<li><strong>Colore:<\/strong> Rosa Giro vibrante + nologo sulle dita dei piedi<\/li>\n<li><strong>Materiale:<\/strong> 97% polipropilene (PROLEN\u00aeYARN), 3% elastan per un&#8217;elasticit\u00e0 perfetta<\/li>\n<li><strong>Taglie disponibili:<\/strong> 36-38, 39-41, 42-44, 45-47<\/li>\n<li><strong>Lunghezza del polpaccio:<\/strong> varia da 23 cm a 29 cm (varia in base alla taglia, misurata dal pavimento)<\/li>\n<li><strong>Istruzioni per la cura:<\/strong> Lavare in lavatrice a 30\u00b0C, Non asciugare in asciugatrice, Non stirare, Non candeggiare, Non lavare a secco<\/li>\n<li><strong>Origine:<\/strong> Progettato e realizzato con orgoglio nell&#8217;UE<\/li>\n<\/ul>\n<p>Pronti a portare l&#8217;iconica tradizione delle corse al vostro kit da ciclismo? Aggiungete oggi stesso questi leggendari calzini da ciclismo Giro Pink alla vostra collezione e scoprite come questo celebre colore possa esaltare il vostro stile ciclistico, offrendo prestazioni eccezionali! [\/vc_column_text][\/vc_column][\/vc_row][vc_row equal_height=&#8221;yes&#8221; content_placement=&#8221;middle&#8221; el_class=&#8221;displaynone&#8221;][vc_column][vc_row_inner content_placement=&#8221;middle&#8221; css=&#8221;.vc_custom_1708282480444{padding-top: 36px !important;padding-bottom: 36px !important;background-color: #ffffff !important;}&#8221; el_id=&#8221;classic-size&#8221;][vc_column_inner width=&#8221;1\/6&#8243;][vc_empty_space][vc_single_image image=&#8221;5336&#8243; img_size=&#8221;full&#8221; alignment=&#8221;center&#8221;][vc_empty_space][\/vc_column_inner][vc_column_inner width=&#8221;5\/6&#8243;][vc_raw_html]PGRpdiBjbGFzcz0iZGl2VGFibGUiPgo8ZGl2IGNsYXNzPSJkaXZUYWJsZUhlYWRpbmciPgo8ZGl2IGNsYXNzPSJkaXZUYWJsZVJvdyI+CjxkaXYgY2xhc3M9ImRpdlRhYmxlSGVhZCI+IDwvZGl2Pgo8ZGl2IGNsYXNzPSJkaXZUYWJsZUhlYWQiPlRhZ2xpYSBYUzwvZGl2Pgo8ZGl2IGNsYXNzPSJkaXZUYWJsZUhlYWQiPlM8L2Rpdj4KPGRpdiBjbGFzcz0iZGl2VGFibGVIZWFkIj5NPC9kaXY+CjxkaXYgY2xhc3M9ImRpdlRhYmxlSGVhZCI+TDwvZGl2Pgo8L2Rpdj4KPC9kaXY+CjxkaXYgY2xhc3M9ImRpdlRhYmxlQm9keSI+CjxkaXYgY2xhc3M9ImRpdlRhYmxlUm93Ij4KPGRpdiBjbGFzcz0iZGl2VGFibGVDZWxsSGVhZCI+VW5pb25lIEV1cm9wZWE8L2Rpdj4KPGRpdiBjbGFzcz0iZGl2VGFibGVDZWxsIj4zNiAtIDM4PC9kaXY+CjxkaXYgY2xhc3M9ImRpdlRhYmxlQ2VsbCI+MzkgLSA0MTwvZGl2Pgo8ZGl2IGNsYXNzPSJkaXZUYWJsZUNlbGwiPjQyIC0gNDQ8L2Rpdj4KPGRpdiBjbGFzcz0iZGl2VGFibGVDZWxsIj40NSAtIDQ3PC9kaXY+CjwvZGl2Pgo8ZGl2IGNsYXNzPSJkaXZUYWJsZVJvdyI+CjxkaXYgY2xhc3M9ImRpdlRhYmxlQ2VsbEhlYWQiPkNNPC9kaXY+CjxkaXYgY2xhc3M9ImRpdlRhYmxlQ2VsbCI+MjMgLSAyNC41PC9kaXY+CjxkaXYgY2xhc3M9ImRpdlRhYmxlQ2VsbCI+MjUgLSAyNi41PC9kaXY+CjxkaXYgY2xhc3M9ImRpdlRhYmxlQ2VsbCI+MjcgLSAyOC41PC9kaXY+CjxkaXYgY2xhc3M9ImRpdlRhYmxlQ2VsbCI+MjkgLSAzMC41PC9kaXY+CjwvZGl2Pgo8ZGl2IGNsYXNzPSJkaXZUYWJsZVJvdyI+CjxkaXYgY2xhc3M9ImRpdlRhYmxlQ2VsbEhlYWQiPlJlZ25vIFVuaXRvPC9kaXY+CjxkaXYgY2xhc3M9ImRpdlRhYmxlQ2VsbCI+My41IC0gNS41PC9kaXY+CjxkaXYgY2xhc3M9ImRpdlRhYmxlQ2VsbCI+NiAtIDcuNTwvZGl2Pgo8ZGl2IGNsYXNzPSJkaXZUYWJsZUNlbGwiPjggLSA5LjU8L2Rpdj4KPGRpdiBjbGFzcz0iZGl2VGFibGVDZWxsIj4xMCAtIDExLjU8L2Rpdj4KPC9kaXY+CjxkaXYgY2xhc3M9ImRpdlRhYmxlUm93Ij4KPGRpdiBjbGFzcz0iZGl2VGFibGVDZWxsSGVhZCI+RG9ubmUgc3RhdHVuaXRlbnNpPC9kaXY+CjxkaXYgY2xhc3M9ImRpdlRhYmxlQ2VsbCI+NS41IC0gNy41PC9kaXY+CjxkaXYgY2xhc3M9ImRpdlRhYmxlQ2VsbCI+OCAtIDkuNTwvZGl2Pgo8ZGl2IGNsYXNzPSJkaXZUYWJsZUNlbGwiPjEwIC0gMTEuNTwvZGl2Pgo8ZGl2IGNsYXNzPSJkaXZUYWJsZUNlbGwiPjEyIC0gMTMuNTwvZGl2Pgo8L2Rpdj4KPGRpdiBjbGFzcz0iZGl2VGFibGVSb3ciPgo8ZGl2IGNsYXNzPSJkaXZUYWJsZUNlbGxIZWFkIj5VT01JTkkgREVHTEkgU1RBVEkgVU5JVEk8L2Rpdj4KPGRpdiBjbGFzcz0iZGl2VGFibGVDZWxsIj4zLjUgLSA1LjU8L2Rpdj4KPGRpdiBjbGFzcz0iZGl2VGFibGVDZWxsIj42IC0gNy41PC9kaXY+CjxkaXYgY2xhc3M9ImRpdlRhYmxlQ2VsbCI+OCAtIDkuNTwvZGl2Pgo8ZGl2IGNsYXNzPSJkaXZUYWJsZUNlbGwiPjEwIC0gMTEuNTwvZGl2Pgo8L2Rpdj4KPGRpdiBjbGFzcz0iZGl2VGFibGVSb3ciPgo8ZGl2IGNsYXNzPSJkaXZUYWJsZUNlbGxIZWFkIj5BTFRFWlpBPC9kaXY+CjxkaXYgY2xhc3M9ImRpdlRhYmxlQ2VsbCI+MjMgKy8tIDEsNWNtPC9kaXY+CjxkaXYgY2xhc3M9ImRpdlRhYmxlQ2VsbCI+MjUgKy8tIDEsNWNtPC9kaXY+CjxkaXYgY2xhc3M9ImRpdlRhYmxlQ2VsbCI+MjcgKy8tIDEsNWNtPC9kaXY+CjxkaXYgY2xhc3M9ImRpdlRhYmxlQ2VsbCI+MjkgKy8tIDEsNWNtPC9kaXY+CjwvZGl2Pgo8L2Rpdj4KPC9kaXY+[\/vc_raw_html][\/vc_column_inner][\/vc_row_inner][\/vc_column][\/vc_row]<\/p>\n<\/div>","protected":false},"excerpt":{"rendered":"<p>Ideali per climi caldi e torridi, i nostri calzini da ciclismo rosa eccellono in traspirabilit\u00e0 e resistenza. La struttura in mesh sulla parte superiore e il tessuto ad alta densit\u00e0 sul plantare garantiscono prestazioni ottimali. Progettati con precisione per il comfort sulle lunghe distanze, i calzini classici Nologo presentano cuciture piatte e utilizzano <a href=\"\/the-best-fabrics-for-cycling-socks\/\">il filato PROLEN di alta qualit\u00e0<\/a> , due volte pi\u00f9 leggero del cotone, che migliora la gestione dell&#8217;umidit\u00e0 per una pedalata piacevolmente fluida.<\/p>\n<p class=\"reasons\">Motivi per acquistare:<\/p>\n<ul>\n<li>Progettato per la tua massima soddisfazione<\/li>\n<li>Ottima traspirabilit\u00e0 garantita dal tessuto pi\u00f9 pregiato<\/li>\n<li>Resistenza e longevit\u00e0 comprovate dai clienti<\/li>\n<li>Stile senza tempo &#8211; il design minimale di nologo<\/li>\n<\/ul>\n<p><img loading=\"lazy\" decoding=\"async\" class=\"alignnone wp-image-658 size-medium\" role=\"img\" src=\"https:\/\/nologo.cc\/wp-content\/uploads\/2023\/11\/Trustpilot-Excellent-Rating-ShortDesc.svg\" alt=\"\" width=\"300\" height=\"300\" \/><\/p>\n<p>Sei a met\u00e0 tra due taglie? Ti consigliamo di prendere una taglia in meno.<br \/>\nConsulta la <a class=\"nm-lightbox\" href=\"#classic-size\">Guida alle taglie<\/a> .<\/p>\n<p>Valutato da clienti verificati:<\/p>\n","protected":false},"featured_media":7087,"comment_status":"open","ping_status":"closed","template":"","meta":[],"product_brand":[],"product_cat":[197],"product_tag":[],"class_list":{"0":"post-7074","1":"product","2":"type-product","3":"status-publish","4":"has-post-thumbnail","6":"product_cat-calzini-da-ciclismo-classici","8":"first","9":"instock","10":"taxable","11":"shipping-taxable","12":"purchasable","13":"product-type-variable"},"_links":{"self":[{"href":"https:\/\/nologo.cc\/it\/wp-json\/wp\/v2\/product\/7074","targetHints":{"allow":["GET"]}}],"collection":[{"href":"https:\/\/nologo.cc\/it\/wp-json\/wp\/v2\/product"}],"about":[{"href":"https:\/\/nologo.cc\/it\/wp-json\/wp\/v2\/types\/product"}],"replies":[{"embeddable":true,"href":"https:\/\/nologo.cc\/it\/wp-json\/wp\/v2\/comments?post=7074"}],"wp:featuredmedia":[{"embeddable":true,"href":"https:\/\/nologo.cc\/it\/wp-json\/wp\/v2\/media\/7087"}],"wp:attachment":[{"href":"https:\/\/nologo.cc\/it\/wp-json\/wp\/v2\/media?parent=7074"}],"wp:term":[{"taxonomy":"product_brand","embeddable":true,"href":"https:\/\/nologo.cc\/it\/wp-json\/wp\/v2\/product_brand?post=7074"},{"taxonomy":"product_cat","embeddable":true,"href":"https:\/\/nologo.cc\/it\/wp-json\/wp\/v2\/product_cat?post=7074"},{"taxonomy":"product_tag","embeddable":true,"href":"https:\/\/nologo.cc\/it\/wp-json\/wp\/v2\/product_tag?post=7074"}],"curies":[{"name":"wp","href":"https:\/\/api.w.org\/{rel}","templated":true}]}}