{"id":8393,"date":"2026-04-14T20:39:35","date_gmt":"2026-04-14T18:39:35","guid":{"rendered":"https:\/\/nologo.cc\/?post_type=product&#038;p=8393"},"modified":"2026-04-24T10:00:12","modified_gmt":"2026-04-24T08:00:12","slug":"calzini-da-ciclismo-bianchi-classici-copy","status":"publish","type":"product","link":"https:\/\/nologo.cc\/it\/calzini-da-ciclismo\/calzini-da-ciclismo-classici\/calzini-da-ciclismo-bianchi-classici-copy\/","title":{"rendered":"Calzini da ciclismo classici lunghi bianchi"},"content":{"rendered":"<div class=\"wpb-content-wrapper\"><p>[vc_row equal_height=&#8221;yes&#8221; content_placement=&#8221;middle&#8221;][vc_column width=&#8221;1\/4&#8243; css=&#8221;.vc_custom_1610106215999{padding-bottom: 20px !important;}&#8221;][vc_single_image image=&#8221;5688&#8243; img_size=&#8221;full&#8221;][\/vc_column][vc_column width=&#8221;1\/4&#8243; css=&#8221;.vc_custom_1610106228659{padding-bottom: 20px !important;}&#8221;][vc_single_image image=&#8221;5689&#8243; img_size=&#8221;full&#8221;][\/vc_column][vc_column width=&#8221;1\/2&#8243;][vc_column_text]<\/p>\n<div class=\"product-page-feature-icons-container\"><img decoding=\"async\" class=\"product-page-feature-icon\" role=\"img\" src=\"https:\/\/nologo.cc\/wp-content\/uploads\/2023\/11\/perfect-fit.svg\" alt=\"\" width=\"300\" height=\"300\"><br \/>\n<img decoding=\"async\" class=\"product-page-feature-icon\" role=\"img\" src=\"https:\/\/nologo.cc\/wp-content\/uploads\/2023\/11\/moisture-wicking.svg\" alt=\"\" width=\"300\" height=\"300\"><br \/>\n<img decoding=\"async\" class=\"product-page-feature-icon\" role=\"img\" src=\"https:\/\/nologo.cc\/wp-content\/uploads\/2023\/11\/light-weight.svg\" alt=\"\" width=\"300\" height=\"300\"><br \/>\n<img decoding=\"async\" class=\"product-page-feature-icon\" role=\"img\" src=\"https:\/\/nologo.cc\/wp-content\/uploads\/2023\/11\/fast-drying.svg\" alt=\"\" width=\"300\" height=\"300\"><br \/>\n<img decoding=\"async\" class=\"product-page-feature-icon\" role=\"img\" src=\"https:\/\/nologo.cc\/wp-content\/uploads\/2023\/11\/efficient-cooling.svg\" alt=\"\" width=\"300\" height=\"300\"><\/div>\n<p>[\/vc_column_text][\/vc_column][\/vc_row][vc_row css=&#8221;.vc_custom_1704119418494{padding-top: 32px !important;}&#8221;][vc_column][vc_column_text css=&#8221;&#8221;]<\/p>\n<h2 data-heading=\"Classic Long White Cycling Socks - Taller Racing Design, Clean Road Aestethic\">Calzini da ciclismo classici lunghi bianchi &#8211; Design racing pi\u00f9 alto, estetica pulita da strada<\/h2>\n<p>Le calze Long White Classics sono pensate per ogni ciclista che ama lo stile minimalista. Questo modello mantiene la base collaudata del nostro classico bianco e aggiunge un bordo di +3 cm per una silhouette da strada moderna. Il risultato \u00e8 un paio di calze da ciclismo bianche che risultano comode fin dal primo utilizzo, con un profilo pi\u00f9 definito sulla gamba.  <\/p>\n<h3 data-heading=\"Benefits that matter on the bike\">Vantaggi importanti quando si va in bicicletta<\/h3>\n<ul>\n<li>Calze da ciclismo realizzate a partire dalla nostra collaudata base bianca classica, ora con un bordo pi\u00f9 alto per un look professionale pi\u00f9 pulito.<\/li>\n<li>Gli inserti in rete traspirante favoriscono la circolazione dell&#8217;aria e aiutano a gestire il sudore durante le uscite estive.<\/li>\n<li>La trama pi\u00f9 fitta nella zona del piede e intorno alla punta offre una struttura ottimale dove la pressione \u00e8 maggiore.<\/li>\n<li>Il leggero filato PROLEN\u00aeYARN favorisce il comfort e la rapida traspirazione anche durante sforzi ripetuti.<\/li>\n<li>La vestibilit\u00e0 elasticizzata e stabile aiuta la calza a rimanere in posizione, permettendoti di concentrarti su ogni pedalata e su ogni watt.<\/li>\n<\/ul>\n<h3 data-heading=\"Pure Color And Timeless Style\">Colore puro e stile senza tempo<\/h3>\n<p>Il bianco classico \u00e8 associato a chiarezza, disciplina e uno stato d&#8217;animo pronto per la gara. Un calzino bianco brillante dona un tocco preciso e pulito ed \u00e8 spesso presente nello stile professionale moderno, come si vede anche nelle divise del Tour de France, dove i ciclisti professionisti prediligono la semplicit\u00e0 nei dettagli. <\/p>\n<p>Per la pianificazione quotidiana dell&#8217;abbigliamento, questi calzini sono la scelta ideale quando si desidera la massima flessibilit\u00e0. Abbinali a pantaloncini neri e maglie neutre per un look intramontabile, oppure usali per creare un contrasto vivace con tonalit\u00e0 pi\u00f9 scure. Sono eleganti senza essere appariscenti e si adattano perfettamente anche a percorsi di allenamento misti che includono brevi tratti in sterrato.[\/vc_column_text][\/vc_column][\/vc_row][vc_row css=&#8221;.vc_custom_1704119418494{padding-top: 32px !important;}&#8221;][vc_column width=&#8221;2\/3&#8243;][vc_single_image image=&#8221;8501&#8243; img_size=&#8221;full&#8221; alignment=&#8221;center&#8221;][\/vc_column][vc_column width=&#8221;1\/3&#8243;][vc_single_image image=&#8221;6225&#8243; img_size=&#8221;full&#8221; alignment=&#8221;center&#8221;][\/vc_column][\/vc_row][vc_row css=&#8221;.vc_custom_1704119418494{padding-top: 32px !important;}&#8221;][vc_column][vc_column_text css=&#8221;&#8221;]<\/p>\n<h3>Prestazioni, comfort e la migliore tecnologia<\/h3>\n<p>Queste calze sono progettate per offrire comfort pratico, non per attirare l&#8217;attenzione. La struttura in mesh della parte superiore favorisce la traspirabilit\u00e0, mentre la maglia pi\u00f9 fitta della parte inferiore assicura un contatto stabile all&#8217;interno della scarpa. Questa combinazione garantisce supporto traspirante in caso di caldo e una sensazione di sicurezza durante la corsa.  <\/p>\n<p>Realizzato con il filato PROLEN\u00aeYARN, il tessuto favorisce la gestione e il controllo dell&#8217;umidit\u00e0 durante gli allenamenti regolari. Il basso assorbimento aiuta a mantenere i piedi leggeri man mano che lo sforzo aumenta, e la rapida asciugatura aiuta a mantenere i piedi asciutti tra una sessione e l&#8217;altra. Rispetto a molte opzioni pi\u00f9 spesse per la stagione calda, comprese alcune miscele di lana, la sensazione rimane leggera e diretta.  <\/p>\n<p>Il design con +3 cm aggiunge un sottile effetto aerodinamico, rendendo pi\u00f9 fluida la transizione dalla scarpa alla parte inferiore della gamba. \u00c8 studiato per essere della lunghezza ideale per i ciclisti che prediligono le proporzioni ispirate alle corse attuali, senza rinunciare al comfort classico. <\/p>\n<h3 data-heading=\"Durability and production\">durabilit\u00e0 e produzione<\/h3>\n<p>Long White Classics \u00e8 prodotto nell&#8217;UE con materiali europei, con una lavorazione ripetibile e i pi\u00f9 elevati standard qualitativi. Ogni modello \u00e8 progettato per l&#8217;uso quotidiano e questa costruzione garantisce traspirabilit\u00e0 e durata anche con un utilizzo frequente. <\/p>\n<p>I punti di contatto rinforzati garantiscono una lunga durata, mentre il filato aiuta a mantenere il bianco uniforme anche con lavaggi frequenti. Con una normale manutenzione, colore e forma rimangono inalterati lavaggio dopo lavaggio. nologo prosegue inoltre il suo programma di riciclo e i suoi impegni per la riduzione degli imballaggi in plastica.[\/vc_column_text][\/vc_column][\/vc_row][vc_row css=&#8221;.vc_custom_1704119418494{padding-top: 32px !important;}&#8221;][vc_column][vc_single_image image=&#8221;6241&#8243; img_size=&#8221;full&#8221; alignment=&#8221;center&#8221;][\/vc_column][\/vc_row][vc_row css=&#8221;.vc_custom_1704119418494{padding-top: 32px !important;}&#8221;][vc_column][vc_column_text css=&#8221;&#8221;]<\/p>\n<h3 data-heading=\"Practical tips: styling, care, and sizing\">Consigli pratici: stile, cura e taglie<\/h3>\n<p>Scegli prima la tua taglia abituale; se sei indeciso tra due taglie, scegli quella pi\u00f9 piccola per una vestibilit\u00e0 pi\u00f9 aderente e aerodinamica. Per mantenere puliti i calzini bianchi, lavali a 30\u00b0C con colori chiari subito dopo averli usati. Evita l&#8217;asciugatura in asciugatrice, la candeggina, la stiratura e il lavaggio a secco.  <\/p>\n<p>Se pedali spesso, alterna pi\u00f9 paia di calze per mantenerle fresche tra una sessione e l&#8217;altra. Questo modello \u00e8 unisex ed \u00e8 pensato per i ciclisti su strada che desiderano una delle migliori opzioni di calze.[\/vc_column_text][\/vc_column][\/vc_row][vc_row equal_height=&#8221;yes&#8221; content_placement=&#8221;middle&#8221; el_class=&#8221;displaynone&#8221;][vc_column][vc_row_inner content_placement=&#8221;middle&#8221; css=&#8221;.vc_custom_1708282480444{padding-top: 36px !important;padding-bottom: 36px !important;background-color: #ffffff !important;}&#8221; el_id=&#8221;classic-size&#8221;][vc_column_inner width=&#8221;1\/6&#8243;][vc_empty_space][vc_single_image image=&#8221;5336&#8243; img_size=&#8221;full&#8221; alignment=&#8221;center&#8221;][vc_empty_space][\/vc_column_inner][vc_column_inner width=&#8221;5\/6&#8243;][vc_raw_html css=&#8221;&#8221;]PGRpdiBjbGFzcz0iZGl2VGFibGUiPgo8ZGl2IGNsYXNzPSJkaXZUYWJsZUhlYWRpbmciPgo8ZGl2IGNsYXNzPSJkaXZUYWJsZVJvdyI+CjxkaXYgY2xhc3M9ImRpdlRhYmxlSGVhZCI+IDwvZGl2Pgo8ZGl2IGNsYXNzPSJkaXZUYWJsZUhlYWQiPlRhZ2xpYSBYUzwvZGl2Pgo8ZGl2IGNsYXNzPSJkaXZUYWJsZUhlYWQiPlM8L2Rpdj4KPGRpdiBjbGFzcz0iZGl2VGFibGVIZWFkIj5NPC9kaXY+CjxkaXYgY2xhc3M9ImRpdlRhYmxlSGVhZCI+TDwvZGl2Pgo8L2Rpdj4KPC9kaXY+CjxkaXYgY2xhc3M9ImRpdlRhYmxlQm9keSI+CjxkaXYgY2xhc3M9ImRpdlRhYmxlUm93Ij4KPGRpdiBjbGFzcz0iZGl2VGFibGVDZWxsSGVhZCI+VW5pb25lIEV1cm9wZWE8L2Rpdj4KPGRpdiBjbGFzcz0iZGl2VGFibGVDZWxsIj4zNiAtIDM4PC9kaXY+CjxkaXYgY2xhc3M9ImRpdlRhYmxlQ2VsbCI+MzkgLSA0MTwvZGl2Pgo8ZGl2IGNsYXNzPSJkaXZUYWJsZUNlbGwiPjQyIC0gNDQ8L2Rpdj4KPGRpdiBjbGFzcz0iZGl2VGFibGVDZWxsIj40NSAtIDQ3PC9kaXY+CjwvZGl2Pgo8ZGl2IGNsYXNzPSJkaXZUYWJsZVJvdyI+CjxkaXYgY2xhc3M9ImRpdlRhYmxlQ2VsbEhlYWQiPkNNPC9kaXY+CjxkaXYgY2xhc3M9ImRpdlRhYmxlQ2VsbCI+MjMgLSAyNC41PC9kaXY+CjxkaXYgY2xhc3M9ImRpdlRhYmxlQ2VsbCI+MjUgLSAyNi41PC9kaXY+CjxkaXYgY2xhc3M9ImRpdlRhYmxlQ2VsbCI+MjcgLSAyOC41PC9kaXY+CjxkaXYgY2xhc3M9ImRpdlRhYmxlQ2VsbCI+MjkgLSAzMC41PC9kaXY+CjwvZGl2Pgo8ZGl2IGNsYXNzPSJkaXZUYWJsZVJvdyI+CjxkaXYgY2xhc3M9ImRpdlRhYmxlQ2VsbEhlYWQiPlJlZ25vIFVuaXRvPC9kaXY+CjxkaXYgY2xhc3M9ImRpdlRhYmxlQ2VsbCI+My41IC0gNS41PC9kaXY+CjxkaXYgY2xhc3M9ImRpdlRhYmxlQ2VsbCI+NiAtIDcuNTwvZGl2Pgo8ZGl2IGNsYXNzPSJkaXZUYWJsZUNlbGwiPjggLSA5LjU8L2Rpdj4KPGRpdiBjbGFzcz0iZGl2VGFibGVDZWxsIj4xMCAtIDExLjU8L2Rpdj4KPC9kaXY+CjxkaXYgY2xhc3M9ImRpdlRhYmxlUm93Ij4KPGRpdiBjbGFzcz0iZGl2VGFibGVDZWxsSGVhZCI+RG9ubmUgc3RhdHVuaXRlbnNpPC9kaXY+CjxkaXYgY2xhc3M9ImRpdlRhYmxlQ2VsbCI+NS41IC0gNy41PC9kaXY+CjxkaXYgY2xhc3M9ImRpdlRhYmxlQ2VsbCI+OCAtIDkuNTwvZGl2Pgo8ZGl2IGNsYXNzPSJkaXZUYWJsZUNlbGwiPjEwIC0gMTEuNTwvZGl2Pgo8ZGl2IGNsYXNzPSJkaXZUYWJsZUNlbGwiPjEyIC0gMTMuNTwvZGl2Pgo8L2Rpdj4KPGRpdiBjbGFzcz0iZGl2VGFibGVSb3ciPgo8ZGl2IGNsYXNzPSJkaXZUYWJsZUNlbGxIZWFkIj5VT01JTkkgU1RBVFVOSVRFTlNJPC9kaXY+CjxkaXYgY2xhc3M9ImRpdlRhYmxlQ2VsbCI+My41IC0gNS41PC9kaXY+CjxkaXYgY2xhc3M9ImRpdlRhYmxlQ2VsbCI+NiAtIDcuNTwvZGl2Pgo8ZGl2IGNsYXNzPSJkaXZUYWJsZUNlbGwiPjggLSA5LjU8L2Rpdj4KPGRpdiBjbGFzcz0iZGl2VGFibGVDZWxsIj4xMCAtIDExLjU8L2Rpdj4KPC9kaXY+CjxkaXYgY2xhc3M9ImRpdlRhYmxlUm93Ij4KPGRpdiBjbGFzcz0iZGl2VGFibGVDZWxsSGVhZCI+QUxURVpaQTwvZGl2Pgo8ZGl2IGNsYXNzPSJkaXZUYWJsZUNlbGwiPjI2ICsvLSAxLDUgY208L2Rpdj4KPGRpdiBjbGFzcz0iZGl2VGFibGVDZWxsIj4yOCArLy0gMSw1IGNtPC9kaXY+CjxkaXYgY2xhc3M9ImRpdlRhYmxlQ2VsbCI+MzAgKy8tIDEsNSBjbTwvZGl2Pgo8ZGl2IGNsYXNzPSJkaXZUYWJsZUNlbGwiPjMyICsvLSAxLDUgY208L2Rpdj4KPC9kaXY+CjwvZGl2Pgo8L2Rpdj4=[\/vc_raw_html][\/vc_column_inner][\/vc_row_inner][\/vc_column][\/vc_row]<\/p>\n<\/div>","protected":false},"excerpt":{"rendered":"<p>Calze lunghe bianche da ciclismo per chi desidera la vestibilit\u00e0 del nostro classico modello bianco con un bordo pi\u00f9 alto. Queste calze bianche sono realizzate con una struttura in mesh traspirante e filato PROLEN\u00aeYARN leggero per un&#8217;ottima gestione dell&#8217;umidit\u00e0 nelle giornate calde. Una finitura di alta qualit\u00e0 che valorizza ogni outfit, sia in bici che fuori.  <\/p>\n<p>Motivi per acquistare:<\/p>\n<ul>\n<li>Le classiche scarpe bianche pi\u00f9 vendute, pi\u00f9 alte di 3 cm.<\/li>\n<li>Tessuto a rete traspirante per il massimo comfort nelle giornate calde.<\/li>\n<li>Filato PROLEN\u00ae leggero per il controllo dell&#8217;umidit\u00e0.<\/li>\n<li>Stile pulito e bianco, facile da abbinare.<\/li>\n<\/ul>\n<p><img decoding=\"async\" class=\"alignnone wp-image-658 size-medium\" role=\"img\" src=\"https:\/\/nologo.cc\/wp-content\/uploads\/2023\/11\/Trustpilot-Excellent-Rating-ShortDesc.svg\" alt=\"\" width=\"300\" height=\"300\"><\/p>\n<p>Sei tra due taglie? Ti consigliamo di scegliere una taglia in meno.<br \/>\n Consulta la <a class=\"nm-lightbox\" href=\"#classic-size\">Guida alle taglie<\/a> . <\/p>\n<p>Valutato da clienti verificati:<\/p>\n","protected":false},"featured_media":5670,"comment_status":"open","ping_status":"closed","template":"","meta":[],"product_brand":[],"product_cat":[197],"product_tag":[211],"class_list":{"0":"post-8393","1":"product","2":"type-product","3":"status-publish","4":"has-post-thumbnail","6":"product_cat-calzini-da-ciclismo-classici","7":"product_tag-bianco","9":"first","10":"instock","11":"taxable","12":"shipping-taxable","13":"purchasable","14":"product-type-variable"},"_links":{"self":[{"href":"https:\/\/nologo.cc\/it\/wp-json\/wp\/v2\/product\/8393","targetHints":{"allow":["GET"]}}],"collection":[{"href":"https:\/\/nologo.cc\/it\/wp-json\/wp\/v2\/product"}],"about":[{"href":"https:\/\/nologo.cc\/it\/wp-json\/wp\/v2\/types\/product"}],"replies":[{"embeddable":true,"href":"https:\/\/nologo.cc\/it\/wp-json\/wp\/v2\/comments?post=8393"}],"wp:featuredmedia":[{"embeddable":true,"href":"https:\/\/nologo.cc\/it\/wp-json\/wp\/v2\/media\/5670"}],"wp:attachment":[{"href":"https:\/\/nologo.cc\/it\/wp-json\/wp\/v2\/media?parent=8393"}],"wp:term":[{"taxonomy":"product_brand","embeddable":true,"href":"https:\/\/nologo.cc\/it\/wp-json\/wp\/v2\/product_brand?post=8393"},{"taxonomy":"product_cat","embeddable":true,"href":"https:\/\/nologo.cc\/it\/wp-json\/wp\/v2\/product_cat?post=8393"},{"taxonomy":"product_tag","embeddable":true,"href":"https:\/\/nologo.cc\/it\/wp-json\/wp\/v2\/product_tag?post=8393"}],"curies":[{"name":"wp","href":"https:\/\/api.w.org\/{rel}","templated":true}]}}