{"id":1906,"date":"2023-11-14T18:49:45","date_gmt":"2023-11-14T17:49:45","guid":{"rendered":"https:\/\/nologo.wordpress.rzeszow.pl\/verzend-informatie\/"},"modified":"2025-01-11T17:44:53","modified_gmt":"2025-01-11T16:44:53","slug":"verzend-informatie","status":"publish","type":"page","link":"https:\/\/nologo.cc\/nl\/verzend-informatie\/","title":{"rendered":"Verzend informatie"},"content":{"rendered":"<div class=\"wpb-content-wrapper\"><p>[vc_row type=&#8221;boxed&#8221;][vc_column][vc_empty_space height=&#8221;48px&#8221;][vc_column_text]<\/p>\n<h1>Verzend informatie<\/h1>\n<p>[\/vc_column_text][vc_empty_space height=&#8221;48px&#8221;][\/vc_column][\/vc_row][vc_row type=&#8221;boxed&#8221;][vc_column][vc_column_text]<strong>Momenteel verzenden wij naar:<\/strong><br \/>\n Wereldwijde verzending mogelijk. Eventuele uitsluitingen worden weergegeven op de afrekenpagina.<\/p>\n<p>Als er tijdens het afrekenen geen verzendmethode wordt weergegeven voor een bepaald adres, betekent dit dat we de goederen op dit moment helaas niet naar u kunnen verzenden.[\/vc_column_text][vc_empty_space]\r\n\t\t\t<div class=\"nm_btn_align_center\">\r\n\t\t\t\t<a href=\"https:\/\/nologo.cc\/order-tracking\/\" class=\"nm_btn nm_btn_md nm_btn_filled_rounded\" title=\"Shipment Tracking\">\r\n\t\t\t\t\t<span class=\"nm_btn_title\">Verzending volgen<\/span>\r\n\t\t\t\t\t<span class=\"nm_btn_bg\" style=\"background-color:#3a3a3a;\"><\/span>\r\n\t\t\t\t<\/a>\r\n\t\t\t<\/div>[\/vc_column][\/vc_row][vc_row type=&#8221;boxed&#8221;][vc_column][vc_empty_space][vc_separator title=&#8221;Shipping Methods&#8221; title_tag=&#8221;h2&#8243;][vc_empty_space][vc_column_text]Vanaf maart 2020 voeren wij de verzending uit op twee manieren:<\/p>\n<ol>\n<li><strong>UPS koeriersdienst<\/strong> &#8211; volledig traceerbare, geregistreerde koeriersdienst met geschatte levertijd voor elk pakket afzonderlijk<\/li>\n<li><strong>Internationale prioriteitspostservice<\/strong> &#8211; volledig traceerbare, aangetekende postservice.<\/li>\n<\/ol>\n<p>Alle zendingen worden geregistreerd, dus het is mogelijk om de status ervan te controleren via websites die mailtracking aanbieden.[\/vc_column_text][\/vc_column][\/vc_row][vc_row type=&#8221;boxed&#8221;][vc_column][vc_empty_space][vc_separator title=&#8221;Free Shipping&#8221; title_tag=&#8221;h2&#8243;][vc_empty_space][vc_column_text]Wij bieden gratis verzending onder de volgende voorwaarden:<\/p>\n<ul>\n<li><strong>Wereldwijd:<\/strong> gratis verzending met International Mail voor bestellingen van meer dan \u20ac 80<\/li>\n<li><strong>Noord-Amerika + India:<\/strong> Gratis verzending met UPS Expedited bij bestellingen van meer dan \u20ac 100<\/li>\n<li><strong>Japan + Taiwan:<\/strong> Gratis verzending met UPS Expedited bij bestellingen van meer dan \u20ac 150<\/li>\n<li><strong>Alle locaties:<\/strong> Opties worden weergegeven op de afrekenpagina wanneer het afleveradres wordt opgegeven.<\/li>\n<\/ul>\n<p>[\/vc_column_text][\/vc_column][\/vc_row][vc_row type=&#8221;boxed&#8221;][vc_column][vc_empty_space][vc_separator title=&#8221;Pricing&#8221; title_tag=&#8221;h2&#8243;][vc_empty_space][vc_column_text]<strong>UPS-koerierslevering<\/strong> &#8211; de prijs wordt berekend op het afrekenniveau, afhankelijk van het opgegeven afleveradres, ongeacht het aantal artikelen dat u bestelt.<br \/>\n<strong>International Mail<\/strong> &#8211; vast tarief van \u20ac 7, ongeacht hoeveel artikelen u bestelt.<br \/>\nHoud er rekening mee dat zelfs zulke kleine zendingen onderworpen kunnen zijn aan douaneafhandeling.<br \/>\nEventuele extra kosten in verband met de douanerechten volgens de wetgeving van uw land blijven voor rekening van de koper.[\/vc_column_text][\/vc_column][\/vc_row][vc_row type=&#8221;boxed&#8221;][vc_column][vc_empty_space][vc_separator title=&#8221;Delivery time&#8221; title_tag=&#8221;h2&#8243;][vc_empty_space][vc_column_text]<strong>Internationale post<\/strong><\/p>\n<ul>\n<li>in de landen van zone A (Europa inclusief Cyprus, heel Rusland en Isra\u00ebl) tot de vijfde werkdag na de dag van terbeschikkingstelling (D + 5),<\/li>\n<li>in de landen van zone B (Noord-Amerika, Afrika), C (Zuid-Amerika, Midden-Amerika en Azi\u00eb), D (Australi\u00eb en Oceani\u00eb) tot de tiende werkdag na de dag van terpostbezorging (D + 10).<\/li>\n<\/ul>\n<p>Verzendingen die na 13.00 uur worden ingediend, worden behandeld als de volgende dag.<br \/>\nDe opgegeven leveringstermijnen zijn geschatte data, bepaald op basis van de geaccepteerde leveringsnorm, die in het geval van zone A, B, C en D 85% bedraagt.<\/p>\n<p><strong>UPS<\/strong><\/p>\n<p>Alle gebieden: 2-7 werkdagen.[\/vc_column_text][\/vc_column][\/vc_row]<\/p>\n<\/div>","protected":false},"excerpt":{"rendered":"<p>[vc_row type=&#8221;boxed&#8221;][vc_column][vc_empty_space height=&#8221;48px&#8221;][vc_column_text] Verzend informatie [\/vc_column_text][vc_empty_space height=&#8221;48px&#8221;][\/vc_column][\/vc_row][vc_row type=&#8221;boxed&#8221;][vc_column][vc_column_text]Momenteel verzenden wij naar: Wereldwijde verzending mogelijk. Eventuele uitsluitingen worden weergegeven op de afrekenpagina. Als er tijdens het afrekenen geen verzendmethode wordt weergegeven voor een bepaald adres, betekent dit dat we de goederen op dit moment helaas niet naar u kunnen verzenden.[\/vc_column_text][vc_empty_space][\/vc_column][\/vc_row][vc_row type=&#8221;boxed&#8221;][vc_column][vc_empty_space][vc_separator title=&#8221;Shipping Methods&#8221; title_tag=&#8221;h2&#8243;][vc_empty_space][vc_column_text]Vanaf maart 2020 &hellip;<\/p>\n","protected":false},"author":1,"featured_media":0,"parent":0,"menu_order":0,"comment_status":"closed","ping_status":"closed","template":"","meta":{"footnotes":""},"class_list":["post-1906","page","type-page","status-publish","hentry"],"_links":{"self":[{"href":"https:\/\/nologo.cc\/nl\/wp-json\/wp\/v2\/pages\/1906","targetHints":{"allow":["GET"]}}],"collection":[{"href":"https:\/\/nologo.cc\/nl\/wp-json\/wp\/v2\/pages"}],"about":[{"href":"https:\/\/nologo.cc\/nl\/wp-json\/wp\/v2\/types\/page"}],"author":[{"embeddable":true,"href":"https:\/\/nologo.cc\/nl\/wp-json\/wp\/v2\/users\/1"}],"replies":[{"embeddable":true,"href":"https:\/\/nologo.cc\/nl\/wp-json\/wp\/v2\/comments?post=1906"}],"version-history":[{"count":0,"href":"https:\/\/nologo.cc\/nl\/wp-json\/wp\/v2\/pages\/1906\/revisions"}],"wp:attachment":[{"href":"https:\/\/nologo.cc\/nl\/wp-json\/wp\/v2\/media?parent=1906"}],"curies":[{"name":"wp","href":"https:\/\/api.w.org\/{rel}","templated":true}]}}